{"id":53526,"date":"2019-06-14T20:05:37","date_gmt":"2019-06-14T18:05:37","guid":{"rendered":"https:\/\/wordpress-237795-1094026.cloudwaysapps.com\/?page_id=53526"},"modified":"2020-08-29T17:54:35","modified_gmt":"2020-08-29T15:54:35","slug":"privacy-policy","status":"publish","type":"page","link":"https:\/\/nefertiti-eg.com\/de\/privacy-policy\/","title":{"rendered":"Datenschutzbestimmungen"},"content":{"rendered":"<ol>\n<li style=\"font-weight: 400;\"><span style=\"font-weight: 400;\">Allgemeine Information<\/span><span style=\"font-weight: 400;\"><br \/>\n<\/span><span style=\"font-weight: 400;\"><br \/>\n<\/span><span style=\"font-weight: 400;\">Wir verpflichten uns, Ihre Privatsph\u00e4re zu sch\u00fctzen. Wir sch\u00e4tzen das Vertrauen, das Sie uns durch die Bereitstellung Ihrer pers\u00f6nlichen Daten entgegenbringen, und verpflichten uns, alle angemessenen Vorkehrungen zu treffen, um Ihre pers\u00f6nlichen Daten vor Missbrauch zu sch\u00fctzen und gew\u00e4hrleisten der Sicherheit durch Einhaltung aller geltenden Datenschutzgesetze und -bestimmungen in \u00c4gypten in der jeweils g\u00fcltigen Fassung. Wir \u00fcberpr\u00fcfen diese Datenschutzrichtlinie regelm\u00e4\u00dfig und k\u00f6nnen sie von Zeit zu Zeit \u00fcberarbeiten. Bitte lesen Sie weiter, um weitere Informationen dar\u00fcber zu erhalten, wie wir Ihre pers\u00f6nlichen Daten sammeln, verwenden, \u00fcbertragen und speichern.<\/span><span style=\"font-weight: 400;\"><br \/>\n<\/span><span style=\"font-weight: 400;\">\u00a0<\/span><\/li>\n<li style=\"font-weight: 400;\"><span style=\"font-weight: 400;\">Bereitstellung Ihrer pers\u00f6nlichen Daten<\/span><span style=\"font-weight: 400;\"><br \/>\n<\/span><span style=\"font-weight: 400;\"><br \/>\n<\/span><span style=\"font-weight: 400;\">M\u00f6glicherweise werden Sie aufgefordert, uns Ihre pers\u00f6nlichen Daten beim Kauf unserer Produkte oder bei der Nutzung unserer Dienste oder unserer Website mitzuteilen. Sie sind nicht verpflichtet, die von uns angeforderten pers\u00f6nlichen Daten anzugeben, aber wir k\u00f6nnen Ihnen m\u00f6glicherweise unsere Produkte oder Dienstleistungen nicht zur Verf\u00fcgung stellen, oder Sie k\u00f6nnen sich ohne diese Informationen m\u00f6glicherweise nicht auf unserer Website anmelden. <\/span><span style=\"font-weight: 400;\"><br \/>\n<\/span><span style=\"font-weight: 400;\">\u00a0<\/span><\/li>\n<li style=\"font-weight: 400;\"><span style=\"font-weight: 400;\">Die Arten von personenbezogenen Daten, die wir sammeln<\/span><span style=\"font-weight: 400;\"><br \/>\n<\/span><span style=\"font-weight: 400;\"><br \/>\n<\/span><span style=\"font-weight: 400;\">Die Arten von personenbezogenen Daten, die wir sammeln, k\u00f6nnen Folgendes umfassen:<\/span><span style=\"font-weight: 400;\"><br \/>\n<\/span><span style=\"font-weight: 400;\">(a) Ihren Namen, Ihre Telefonnummer, Ihre E-Mail-Adresse, Ihre Privat-, Post-, Rechnungs- oder Lieferadresse, Ihre Zahlungs- und Kreditkarteninformationen sowie andere personenbezogene Daten, die Sie uns freiwillig zur Verf\u00fcgung stellen; und<\/span><span style=\"font-weight: 400;\"><br \/>\n<\/span><span style=\"font-weight: 400;\">(b) IP-Adresse, geografische Standortdaten in Echtzeit, Browsereinstellungen, Browser Datens\u00e4tze und andere Internet-Anmeldeinformationen Ihres Computers oder Mobilger\u00e4ts.<\/span><span style=\"font-weight: 400;\"><br \/>\n<\/span><span style=\"font-weight: 400;\">\u00a0<\/span><\/li>\n<li style=\"font-weight: 400;\"><span style=\"font-weight: 400;\">Zwecke der Sammlung<\/span><span style=\"font-weight: 400;\"><br \/>\n<\/span><span style=\"font-weight: 400;\"><br \/>\n<\/span><span style=\"font-weight: 400;\">Ihre pers\u00f6nlichen Daten k\u00f6nnen f\u00fcr einen oder mehrere der folgenden Zwecke verwendet werden (\u201cZwecke\u201d):<\/span><span style=\"font-weight: 400;\"><br \/>\n<\/span><span style=\"font-weight: 400;\">(a) Kommunikation mit Ihnen;<\/span><span style=\"font-weight: 400;\"><br \/>\n<\/span><span style=\"font-weight: 400;\">(b) \u00dcberpr\u00fcfung Ihrer Identit\u00e4t und aller Konten, die Sie bei uns haben;<\/span><span style=\"font-weight: 400;\"><br \/>\n<\/span><span style=\"font-weight: 400;\">(c) Verwaltung von Mitgliedschaft oder anderen Marketing-, Werbe- oder Unternehmensprogrammen, an denen Sie teilnehmen;<\/span><span style=\"font-weight: 400;\"><br \/>\n<\/span><span style=\"font-weight: 400;\">(d) Bearbeitung Ihrer Bestellungen f\u00fcr Produkte und Dienstleistungen, die Sie bei uns aufgeben (einschlie\u00dflich der Pflege Ihres Einkaufswagens auf unserer Website, Abrechnung und Zahlungen);<\/span><span style=\"font-weight: 400;\"><br \/>\n<\/span><span style=\"font-weight: 400;\">(e) Bearbeitung und Beantwortung Ihrer Anfragen, Vorschl\u00e4ge oder Beschwerden;<\/span><span style=\"font-weight: 400;\"><br \/>\n<\/span><span style=\"font-weight: 400;\">(f) Entwicklung neuer Produkte und Dienstleistungen;<\/span><span style=\"font-weight: 400;\"><br \/>\n<\/span><span style=\"font-weight: 400;\">(g) Durchf\u00fchrung von Kundenumfragen;<\/span><span style=\"font-weight: 400;\"><br \/>\n<\/span><span style=\"font-weight: 400;\">(h) Sie erhalten Tipps zur K\u00f6rperpflege;<\/span><span style=\"font-weight: 400;\"><br \/>\n<\/span><span style=\"font-weight: 400;\">(i) Durchf\u00fchrung von Daten-, Forschungs-, Statistik- und Verhaltensanalysen, um Sie besser zu verstehen und unsere Dienstleistungen und Produkte zu verbessern;<\/span><span style=\"font-weight: 400;\"><br \/>\n<\/span><span style=\"font-weight: 400;\">(j) Anpassen unserer Website und ihrer Inhalte an Ihre speziellen Vorlieben;<\/span><span style=\"font-weight: 400;\"><br \/>\n<\/span><span style=\"font-weight: 400;\">(k) mit Ihrer Zustimmung Direktmarketing-Aktivit\u00e4ten durchf\u00fchren; und<\/span><span style=\"font-weight: 400;\"><br \/>\n<\/span><span style=\"font-weight: 400;\">(l) alle anderen Zwecke, die in direktem Zusammenhang mit einem der oben genannten Zwecke stehen.<\/span><span style=\"font-weight: 400;\"><br \/>\n<\/span><span style=\"font-weight: 400;\">\u00a0<\/span><\/li>\n<li style=\"font-weight: 400;\"><span style=\"font-weight: 400;\">\u00dcbermittlung personenbezogener Daten<\/span><span style=\"font-weight: 400;\"><br \/>\n<\/span><span style=\"font-weight: 400;\"><br \/>\n<\/span><span style=\"font-weight: 400;\">Wir k\u00f6nnen Ihre personenbezogenen Daten auch an andere Personen weitergeben oder weitergeben, wenn wir der Ansicht sind, dass eine solche Offenlegung oder \u00dcbertragung aus rechtlichen oder beh\u00f6rdlichen Gr\u00fcnden erforderlich ist oder wenn es erforderlich ist, unsere Interessen zu sch\u00fctzen (wie gesetzlich zul\u00e4ssig).<\/span><span style=\"font-weight: 400;\"><br \/>\n<\/span><span style=\"font-weight: 400;\">\u00a0<\/span><\/li>\n<li style=\"font-weight: 400;\"><span style=\"font-weight: 400;\">Aufbewahrung personenbezogener Daten<\/span><span style=\"font-weight: 400;\"><br \/>\n<\/span><span style=\"font-weight: 400;\"><br \/>\n<\/span><span style=\"font-weight: 400;\">Wir werden Ihre personenbezogenen Daten so lange aufbewahren, wie dies zur Erf\u00fcllung der Zwecke, f\u00fcr die die personenbezogenen Daten verwendet werden sollen, erforderlich ist, und alle von uns gespeicherten personenbezogenen Daten l\u00f6schen, sobald dies nach vern\u00fcnftigem Ermessen m\u00f6glich, vorbehaltlich oder anderweitig erforderlich ist oder gesetzlich erlaubt.<\/span><span style=\"font-weight: 400;\"><br \/>\n<\/span><span style=\"font-weight: 400;\">\u00a0<\/span><\/li>\n<li style=\"font-weight: 400;\"><span style=\"font-weight: 400;\">Direktmarketing<\/span><span style=\"font-weight: 400;\"><br \/>\n<\/span><span style=\"font-weight: 400;\"><br \/>\n<\/span><span style=\"font-weight: 400;\">Wir beabsichtigen, Ihre pers\u00f6nlichen Daten f\u00fcr Direktmarketing, einschlie\u00dflich:<\/span><span style=\"font-weight: 400;\"><br \/>\n<\/span><span style=\"font-weight: 400;\">(a) Vermarktung unserer Produkte und Dienstleistungen, Aktivit\u00e4ten, Wettbewerbe, Werbeangebote (Vorteile und Privilegien), Sonderangebote und sonstige Informationen, die wir f\u00fcr relevant halten, oder Versand kostenloser Produktmuster;<\/span><span style=\"font-weight: 400;\"><br \/>\n<\/span><span style=\"font-weight: 400;\">(b) Vermarktung von Produkten und Dienstleistungen, Aktivit\u00e4ten, Wettbewerben, Werbeangeboten (Vorteile und Privilegien) und Sonderveranstaltungen unserer Lieferanten, Gesch\u00e4ftspartner oder Drittanbieter; und<\/span><span style=\"font-weight: 400;\"><br \/>\n<\/span><span style=\"font-weight: 400;\">(c) Durchf\u00fchrung von Forschung und Bewertung.<\/span><span style=\"font-weight: 400;\"><br \/>\n<\/span><span style=\"font-weight: 400;\"><br \/>\n<\/span><span style=\"font-weight: 400;\">Solche Marketingaktivit\u00e4ten k\u00f6nnen Ihnen auf verschiedene Weise in \u00dcbereinstimmung mit den von Ihnen zur Verf\u00fcgung gestellten personenbezogenen Daten bereitgestellt werden, einschlie\u00dflich Werbung, Post, Telefonanruf, E-Mail, Text oder Nachrichten auf Ihren Mobilger\u00e4ten.<\/span><span style=\"font-weight: 400;\"><br \/>\n<\/span><span style=\"font-weight: 400;\"><br \/>\n<\/span><span style=\"font-weight: 400;\">Wir werden Ihre personenbezogenen Daten nicht f\u00fcr Direktmarketing-Aktivit\u00e4ten verwenden, es sei denn, wir haben Ihre Zustimmung erhalten (einschlie\u00dflich eines Hinweises auf keine Einw\u00e4nde). Sie k\u00f6nnen den Erhalt von Informationen in Bezug auf die Direktmarketing-Aktivit\u00e4ten teilweise oder vollst\u00e4ndig ablehnen, indem Sie gegebenenfalls Ihre Pr\u00e4ferenz angeben oder uns auffordern, Ihre Pr\u00e4ferenz (ohne Geb\u00fchren) zu \u00e4ndern, indem Sie sich jederzeit an unseren Kundendienstmitarbeiter wenden.<\/span><span style=\"font-weight: 400;\"><br \/>\n<\/span><span style=\"font-weight: 400;\">\u00a0<\/span><\/li>\n<li style=\"font-weight: 400;\"><span style=\"font-weight: 400;\">Schutz von Informationen<\/span><span style=\"font-weight: 400;\"><br \/>\n<\/span><span style=\"font-weight: 400;\"><br \/>\n<\/span><span style=\"font-weight: 400;\">Um Ihre pers\u00f6nlichen Daten w\u00e4hrend der Nutzung unserer Website zu sch\u00fctzen, verwenden wir eine ausgefeilte Verschl\u00fcsselungstechnologie und gesicherte Server, um Ihre pers\u00f6nlichen Daten zu sch\u00fctzen. Alle Ihre Bestellinformationen werden w\u00e4hrend der \u00dcbertragung durch die Secure Sockets-Schicht gesch\u00fctzt, die die von Ihnen eingegebenen Informationen so verschl\u00fcsselt, dass sie w\u00e4hrend der \u00dcbertragung nicht gelesen werden k\u00f6nnen. Weitere Sicherheitsma\u00dfnahmen umfassen die Beschr\u00e4nkung des Zugriffs auf personenbezogene Daten auf Mitarbeiter, die die Daten verwenden m\u00fcssen und die f\u00fcr den ordnungsgem\u00e4\u00dfen Umgang mit diesen Daten und die Wahrung der Vertraulichkeit geschult wurden. Es wird kein unbefugter Zugriff gew\u00e4hrt.<\/span><span style=\"font-weight: 400;\"><br \/>\n<\/span><span style=\"font-weight: 400;\">\u00a0<\/span><\/li>\n<li style=\"font-weight: 400;\"><span style=\"font-weight: 400;\">Cookies<\/span><span style=\"font-weight: 400;\"><br \/>\n<\/span><span style=\"font-weight: 400;\"><br \/>\n<\/span><span style=\"font-weight: 400;\">Wir verwenden Cookies, um automatisch Informationen \u00fcber Sie zu sammeln, wenn Sie unsere Website besuchen (z. B. den Typ des von Ihnen verwendeten Internetbrowsers und Betriebssystems sowie den Domainnamen Ihres Internetdienstanbieters). Cookies sind kleine Informationen, die Ihr Webbrowser auf Ihrem Computer speichert, wenn Sie eine Website besuchen. Unsere Cookies identifizieren Ihren Computer f\u00fcr uns und erm\u00f6glichen es uns, Ihr Einkaufserlebnis zu personalisieren und Sie bei Ihrer R\u00fcckkehr zu erkennen. Aus diesen Cookies gesammelte Informationen k\u00f6nnen f\u00fcr die Zwecke verwendet werden.<\/span><span style=\"font-weight: 400;\"><br \/>\n<\/span><span style=\"font-weight: 400;\"><br \/>\n<\/span><span style=\"font-weight: 400;\">Die meisten Browser akzeptieren Cookies automatisch. Sie k\u00f6nnen Cookies auf Ihrem Computer deaktivieren, indem Sie die Einstellungen Ihres Browsers \u00e4ndern. Wenn Sie Cookies deaktivieren, k\u00f6nnen Sie m\u00f6glicherweise nicht alle auf unserer Website angebotenen Funktionen und Dienste nutzen.<\/span><span style=\"font-weight: 400;\"><br \/>\n<\/span><span style=\"font-weight: 400;\">\u00a0<\/span><\/li>\n<li style=\"font-weight: 400;\"><span style=\"font-weight: 400;\">Websites Dritter<\/span><span style=\"font-weight: 400;\"><br \/>\n<\/span><span style=\"font-weight: 400;\"><br \/>\n<\/span><span style=\"font-weight: 400;\">Diese Datenschutzrichtlinie gilt nur f\u00fcr uns und unsere Website, nicht jedoch f\u00fcr andere Dritter (einschlie\u00dflich der von ihnen unterhaltenen Websites). Wenn Sie auf Links und \/ oder Werbebanner klicken, die Sie zu Websites Dritter oder zu Websites von mit uns verbundenen Unternehmen f\u00fchren, unterliegen Sie den Datenschutzrichtlinien dieser Parteien. W\u00e4hrend wir den Schutz der Privatsph\u00e4re im Internet unterst\u00fctzen, \u00fcbernehmen wir keine Verantwortung f\u00fcr Ma\u00dfnahmen Dritter au\u00dferhalb unserer Webdomain.<\/span><span style=\"font-weight: 400;\"><br \/>\n<\/span><span style=\"font-weight: 400;\">\u00a0<\/span><\/li>\n<li style=\"font-weight: 400;\"><span style=\"font-weight: 400;\">Zugangs- und Korrekturrechte<\/span><span style=\"font-weight: 400;\"><br \/>\n<\/span><span style=\"font-weight: 400;\"><br \/>\n<\/span><span style=\"font-weight: 400;\">Sie haben das Recht, den Zugriff auf und die Korrektur Ihrer von uns \u00fcber Sie gespeicherten personenbezogenen Daten zu beantragen. Wenn Sie auf Ihre pers\u00f6nlichen Daten zugreifen oder diese korrigieren m\u00f6chten, wenden Sie sich bitte an unseren Kundendienstmitarbeiter. Wir werden Ihre Identit\u00e4t \u00fcberpr\u00fcfen, bevor wir Ihre Anfrage bearbeiten. F\u00fcr die Beantwortung dieser Anfrage wird m\u00f6glicherweise eine angemessene Verwaltungsgeb\u00fchr erhoben.<\/span><span style=\"font-weight: 400;\"><br \/>\n<\/span><span style=\"font-weight: 400;\">\u00a0<\/span><\/li>\n<\/ol>\n<p><b>\u00c4nderungen der Datenschutzerkl\u00e4rung<\/b><\/p>\n<p><span style=\"font-weight: 400;\">Wir k\u00f6nnen diese Datenschutzrichtlinie von Zeit zu Zeit \u00e4ndern, indem wir die aktualisierte Version der Datenschutzrichtlinie auf unserer Website (www.nefertiti-eg.com) ver\u00f6ffentlichen. Wir empfehlen Ihnen, regelm\u00e4\u00dfig zu besuchen, um \u00fcber unsere aktuellste Version auf dem Laufenden zu bleiben.<\/span><\/p>\n<div id=\"gtx-trans\" style=\"position: absolute; left: 377px; top: 74.4375px;\">\n<div class=\"gtx-trans-icon\"><\/div>\n<\/div>\n","protected":false},"excerpt":{"rendered":"<p>Allgemeine Information Wir verpflichten uns, Ihre Privatsph\u00e4re zu sch\u00fctzen. Wir sch\u00e4tzen das Vertrauen, das Sie uns durch die Bereitstellung Ihrer pers\u00f6nlichen Daten entgegenbringen, und verpflichten uns, alle angemessenen Vorkehrungen zu treffen, um Ihre pers\u00f6nlichen Daten vor Missbrauch zu sch\u00fctzen und gew\u00e4hrleisten der Sicherheit durch Einhaltung aller geltenden Datenschutzgesetze und -bestimmungen in \u00c4gypten in der jeweils [&hellip;]<\/p>\n","protected":false},"author":5,"featured_media":0,"parent":0,"menu_order":0,"comment_status":"closed","ping_status":"closed","template":"","meta":{"footnotes":""},"class_list":["post-53526","page","type-page","status-publish","hentry"],"_links":{"self":[{"href":"https:\/\/nefertiti-eg.com\/de\/wp-json\/wp\/v2\/pages\/53526","targetHints":{"allow":["GET"]}}],"collection":[{"href":"https:\/\/nefertiti-eg.com\/de\/wp-json\/wp\/v2\/pages"}],"about":[{"href":"https:\/\/nefertiti-eg.com\/de\/wp-json\/wp\/v2\/types\/page"}],"author":[{"embeddable":true,"href":"https:\/\/nefertiti-eg.com\/de\/wp-json\/wp\/v2\/users\/5"}],"replies":[{"embeddable":true,"href":"https:\/\/nefertiti-eg.com\/de\/wp-json\/wp\/v2\/comments?post=53526"}],"version-history":[{"count":0,"href":"https:\/\/nefertiti-eg.com\/de\/wp-json\/wp\/v2\/pages\/53526\/revisions"}],"wp:attachment":[{"href":"https:\/\/nefertiti-eg.com\/de\/wp-json\/wp\/v2\/media?parent=53526"}],"curies":[{"name":"wp","href":"https:\/\/api.w.org\/{rel}","templated":true}]}}