{"id":53528,"date":"2019-06-14T20:13:41","date_gmt":"2019-06-14T18:13:41","guid":{"rendered":"https:\/\/wordpress-237795-1094026.cloudwaysapps.com\/?page_id=53528"},"modified":"2020-08-29T17:50:37","modified_gmt":"2020-08-29T15:50:37","slug":"terms-and-conditions","status":"publish","type":"page","link":"https:\/\/nefertiti-eg.com\/de\/terms-and-conditions\/","title":{"rendered":"Gesch\u00e4ftsbedingungen"},"content":{"rendered":"\t\t<div data-elementor-type=\"wp-page\" data-elementor-id=\"53528\" class=\"elementor elementor-53528 elementor-66310\">\n\t\t\t\t\t\t<section class=\"elementor-section elementor-top-section elementor-element elementor-element-31c8b4c elementor-section-boxed elementor-section-height-default elementor-section-height-default\" data-id=\"31c8b4c\" data-element_type=\"section\" data-e-type=\"section\">\n\t\t\t\t\t\t<div class=\"elementor-container elementor-column-gap-default\">\n\t\t\t\t\t<div class=\"elementor-column elementor-col-100 elementor-top-column elementor-element elementor-element-4fd4132\" data-id=\"4fd4132\" data-element_type=\"column\" data-e-type=\"column\">\n\t\t\t<div class=\"elementor-widget-wrap elementor-element-populated\">\n\t\t\t\t\t\t<div class=\"elementor-element elementor-element-ed941d2 elementor-widget elementor-widget-text-editor\" data-id=\"ed941d2\" data-element_type=\"widget\" data-e-type=\"widget\" data-widget_type=\"text-editor.default\">\n\t\t\t\t<div class=\"elementor-widget-container\">\n\t\t\t\t\t\t\t\t\t<p><b>Allgemeine Gesch\u00e4ftsbedingungen f\u00fcr Online-Zahlungen<\/b><\/p><p><span style=\"font-weight: 400;\">Dieses Online-Zahlungssystem wird von Nefertiti f\u00fcr nat\u00fcrliche \u00d6le und Kr\u00e4uter und deren Drittanbietern Bereitgestellt.\u00a0 Alle Zahlungen an die Firma Nefertiti nat\u00fcrliche \u00d6le und Kr\u00e4uter \u00fcber die Online-Kreditkartenfunktion unterliegen den folgenden Allgemeinen Gesch\u00e4ftsbedingungen.<\/span><\/p><p><b>Allgemeine Gesch\u00e4ftsbedingungen:<\/b><\/p><p><span style=\"font-weight: 400;\">Bitte lesen Sie diese Allgemeinen Gesch\u00e4ftsbedingungen f\u00fcr Online-Zahlungen sorgf\u00e4ltig durch, bevor Sie die Online-Zahlungsfunktion nutzen. Durch die Nutzung der Online-Zahlungsfunktion (\u201eServices\u201c) auf dieser Website erkl\u00e4ren Sie sich mit diesen Online-Zahlungsbedingungen\u00a0 f\u00fcr\u00a0 Rechnungen\u00a0 von\u00a0 Nefertiti nat\u00fcrliche \u00d6le und Kr\u00e4uter,\u00a0 gem\u00e4\u00df \u00e4gyptischem Recht in \u00c4gypten &#8211; Rotes Meer &#8211; Hurghada , Handelsregisternummer 29204 Hurghada, einverstanden.<\/span><\/p><p><span style=\"font-weight: 400;\">Sollten Sie diese Allgemeinen Gesch\u00e4ftsbedingungen f\u00fcr Online-Zahlungen nicht akzeptieren, verwenden Sie diese Funktion nicht.<\/span><\/p><p><span style=\"font-weight: 400;\">Nefertiti nat\u00fcrliche \u00d6le und Kr\u00e4uter akzeptiert <\/span><b>folgende Bank Karten:<\/b><\/p><ul><li style=\"font-weight: 400;\"><span style=\"font-weight: 400;\">Mastercard<\/span><\/li><li style=\"font-weight: 400;\"><span style=\"font-weight: 400;\">Visa<\/span><\/li><\/ul><p><b>Sie garantieren, dass:<\/b><\/p><ol><li style=\"font-weight: 400;\"><span style=\"font-weight: 400;\">Sie sind mindestens 18 Jahre alt.<\/span><\/li><li style=\"font-weight: 400;\"><span style=\"font-weight: 400;\">Sie sind befugt, die Allgemeinen Gesch\u00e4ftsbedingungen f\u00fcr Online-Zahlungen rechtsg\u00fcltig zu akzeptieren und k\u00f6nnen und werden Ihren Verpflichtungen in Bezug auf diese Allgemeinen Gesch\u00e4ftsbedingungen f\u00fcr Online-Zahlungen nachkommen.<\/span><\/li><li style=\"font-weight: 400;\"><span style=\"font-weight: 400;\">Die\u00a0 im Zusammenhang mit den Services verwendete Kreditkarte ist\u00a0 auf Ihren Namen ausgestellt oder Sie sind offiziell zur Verwendung der Kreditkarte berechtigt.<\/span><\/li><li style=\"font-weight: 400;\"><span style=\"font-weight: 400;\">Sie zahlen dem Kreditkartenunternehmen alle Geb\u00fchren, die bei der Nutzung der Dienste anfallen.<\/span><\/li><li style=\"font-weight: 400;\"><span style=\"font-weight: 400;\">Die von Ihnen angegebenen Informationen sind wahrheitsgem\u00e4\u00df und richtig.<\/span><\/li><\/ol><p><span style=\"font-weight: 400;\">Wenn Sie das Online-Zahlungsformularausf\u00fcllen, wird Ihr Guthaben jeweils in US-Dollar, EUR oder GBP von Ihrer Kreditkarte belastet, je nachdem, welche Zahlungsw\u00e4hrung Sie auf der Website ausw\u00e4hlen. Alle Zahlungen werden\u00a0 Nefertiti nat\u00fcrliche \u00d6le und Kr\u00e4uter gutgeschrieben.\u00a0 Aufgrund der Art und Weise, wie Transaktionen von externen Banken abgewickelt werden, kann es zu Verz\u00f6gerungen von 1-3 Tagen bei der Aktualisierung\u00a0 der Registrierung Ihrer Zahlung an Nefertiti\u00a0 kommen.<\/span><\/p><p><b>Zu Ihrer Sicherheit:<\/b><\/p><ol><li style=\"font-weight: 400;\"><span style=\"font-weight: 400;\">Ihre Kreditkartenzahlungen sind sicher.<\/span><\/li><li style=\"font-weight: 400;\"><span style=\"font-weight: 400;\">Zahlungen werden direkt von der AAIB (Arab African International Bank) mithilfe der Secure Socket Layer (SSL) \u2013Technologie abgewickelt.<\/span><\/li><li style=\"font-weight: 400;\"><span style=\"font-weight: 400;\">Kreditkartennummern werden bei der \u00dcbertragung \u00fcber das Internet mit einem hohen Ma\u00df an Verschl\u00fcsselung gesch\u00fctzt.<\/span><\/li><li style=\"font-weight: 400;\"><span style=\"font-weight: 400;\">Nefertiti f\u00fcr nat\u00fcrliche \u00d6le und Kr\u00e4uter speichert in keiner Weise Ihre Kreditkartendaten.<\/span><\/li><li style=\"font-weight: 400;\"><span style=\"font-weight: 400;\">Nefertiti f\u00fcr nat\u00fcrliche \u00d6le und Kr\u00e4uter hat keinen Zugriff auf Ihre Kreditkartendaten.<\/span><\/li><\/ol><p><b>Best\u00e4tigung:<\/b><\/p><ol><li style=\"font-weight: 400;\"><span style=\"font-weight: 400;\">Bei Erfolg Ihrer Zahlung best\u00e4tigt Ihr Kreditkartenanbieter, dass die Zahlung abgeschlossen wurde.<\/span><\/li><li style=\"font-weight: 400;\"><span style=\"font-weight: 400;\">Wenn dies nicht gelingt, werden Sie dar\u00fcber informiert, dass Ihre Zahlung fehlgeschlagen ist. Nefertiti\u00a0 f\u00fcr nat\u00fcrliche \u00d6le und Kr\u00e4uter wird nicht dar\u00fcber informiert, warum eine Zahlung fehlgeschlagen ist. Wenden Sie sich daher an Ihren Kreditkartenanbieter, um weitere Informationen zu erhalten.<\/span><\/li><li style=\"font-weight: 400;\"><span style=\"font-weight: 400;\">Wenn Ihre Zahlung fehlschl\u00e4gt, vereinbaren Sie bitte umgehend eine alternative Zahlungsmethode, um die kontinuierliche Nutzung von Nefertiti f\u00fcr nat\u00fcrliche \u00d6le und Kr\u00e4uter sowie f\u00fcr Internetressourcen zu gew\u00e4hrleisten. In diesem Fall kontaktieren Sie uns so schnell wie m\u00f6glich per E-Mail unter info@nefertiti-eg.com oder telefonisch unter +2 010 98 00 0767.<\/span><\/li><li style=\"font-weight: 400;\"><span style=\"font-weight: 400;\">In beiden F\u00e4llen (d. H. Erfolg oder Misserfolg) wird das Ergebnis Ihrer Transaktion auf dem Bildschirm an Sie weitergeleitet. Im Falle einer fehlgeschlagenen Transaktion m\u00fcssen Sie sich jedoch, wie bereits erw\u00e4hnt, an Ihren Kreditkartenanbieter wenden, um weitere Informationen zu erhalten.<\/span><\/li><li style=\"font-weight: 400;\"><span style=\"font-weight: 400;\">Nefertiti\u00a0 f\u00fcr nat\u00fcrliche \u00d6le und Kr\u00e4uter best\u00e4tigt Ihre Zahlungsinformationen per E-Mail.<\/span><\/li><\/ol><p><span style=\"font-weight: 400;\">Zus\u00e4tzliche Bankgeb\u00fchren k\u00f6nnen aufgrund der Bearbeitungsgeb\u00fchren der Bank erhoben werden. Jede \u00c4nderung der urspr\u00fcnglichen Bestellung unterliegt der Verf\u00fcgbarkeit.\u00a0 Wenn die vollst\u00e4ndige Zahlung eingegangen ist und Ihre Bestellung ausgestellt wurde, fallen\u00a0 keine Verwaltungsgeb\u00fchren an<\/span><\/p><p><span style=\"font-weight: 400;\">Nefertiti f\u00fcr \u00d6le und Kr\u00e4uter verwendet in Ihrer Website Cookies.<\/span><\/p><p><span style=\"font-weight: 400;\">Mit der Nutzung der Website Nefertiti f\u00fcr nat\u00fcrliche \u00d6le und Kr\u00e4uter, erkl\u00e4ren Sie sich mit der Verwendung von Cookies einverstanden.<\/span><\/p><p><span style=\"font-weight: 400;\">Durch die Nutzung von Nefertiti f\u00fcr nat\u00fcrliche \u00d6le und Kr\u00e4uter als Online-Kreditkartenanbieter akzeptieren Sie und stimmen zu, dass Ihre personenbezogenen Daten dem Dienstanbieter nur zum Zwecke des Angebots und der Verwaltung der Online-Zahlung zur Verf\u00fcgung gestellt werden. Wir respektieren die Privatsph\u00e4re jeder Person, die unsere Website besucht.\u00a0 Auf den Websites von Nefertiti f\u00fcr nat\u00fcrliche \u00d6le und Kr\u00e4uter sind Sicherheitsma\u00dfnahmen zum Schutz vor Verlust, Missbrauch und \u00c4nderung der von uns kontrollierten Informationen vorhanden.\u00a0 Alle Informationen, die Sie auf den Formularen f\u00fcr Kreditkartenzahlungen angeben, werden gem\u00e4\u00df den Datenschutzbestimmungen von Nefertiti f\u00fcr nat\u00fcrliche \u00d6le und Kr\u00e4uter behandelt. Sie finden unsere Datenschutzbestimmungen in der Fu\u00dfzeile unserer Website<\/span><a href=\"https:\/\/nefertiti-eg.com\/\"> <span style=\"font-weight: 400;\">https:\/\/nefertiti-eg.com\/de<\/span><\/a><span style=\"font-weight: 400;\">.<\/span><\/p><p><span style=\"font-weight: 400;\">Wenn Sie die Online-Zahlungsfunktion (\u201eServices\u201c) auf dieser Website nutzen, stimmen Sie den Allgemeinen Gesch\u00e4ftsbedingungen f\u00fcr Online-Zahlungen vollst\u00e4ndig zu. Bei Zahlungen mit Kreditkarte haben Sie alle Allgemeinen Gesch\u00e4ftsbedingungen f\u00fcr Online-Zahlungen gelesen und akzeptiert und sind damit einverstanden, diese einzuhalten .<\/span><\/p><p><span style=\"font-weight: 400;\">Nefertiti f\u00fcr nat\u00fcrliche \u00d6le und Kr\u00e4uter kann diese Allgemeinen Gesch\u00e4ftsbedingungen f\u00fcr Online-Zahlungen von Zeit zu Zeit aktualisieren. \u00c4nderungen werden sofort wirksam, sobald sie hier ver\u00f6ffentlicht werden. Bitte stellen Sie sicher, dass Sie \u00fcber die aktuellen Allgemeinen Gesch\u00e4ftsbedingungen f\u00fcr Online-Zahlungen informiert sind.<\/span><\/p><p><span style=\"font-weight: 400;\">F\u00fcr jede Transaktion gelten die spezifischen Gesch\u00e4ftsbedingungen f\u00fcr Online-Zahlungen, die zum Zeitpunkt der Transaktion g\u00fcltig waren. Bei Fragen oder Bedenken wenden Sie sich bitte per E-Mail an customer-care@nefertiti-eg.com oder telefonisch unter +2 010 98 00 0767 an unseren Kundenservice.<\/span><\/p><p><span style=\"font-weight: 400;\">Diese Allgemeinen Gesch\u00e4ftsbedingungen f\u00fcr Online-Zahlungen unterliegen den Gesetzen \u00c4gyptens.<\/span><\/p><p><b>Wichtiger Sicherheitshinweis:<\/b><span style=\"font-weight: 400;\"> \u00dcbertragen Sie niemals Kreditkarteninformationen per E-Mail.<\/span><\/p><p><span style=\"font-weight: 400;\">Nefertiti f\u00fcr nat\u00fcrliche \u00d6le und Kr\u00e4uter<\/span><\/p>\t\t\t\t\t\t\t\t<\/div>\n\t\t\t\t<\/div>\n\t\t\t\t\t<\/div>\n\t\t<\/div>\n\t\t\t\t\t<\/div>\n\t\t<\/section>\n\t\t\t\t<\/div>\n\t\t","protected":false},"excerpt":{"rendered":"<p>Allgemeine Gesch\u00e4ftsbedingungen f\u00fcr Online-Zahlungen Dieses Online-Zahlungssystem wird von Nefertiti f\u00fcr nat\u00fcrliche \u00d6le und Kr\u00e4uter und deren Drittanbietern Bereitgestellt.\u00a0 Alle Zahlungen an die Firma Nefertiti nat\u00fcrliche \u00d6le und Kr\u00e4uter \u00fcber die Online-Kreditkartenfunktion unterliegen den folgenden Allgemeinen Gesch\u00e4ftsbedingungen. Allgemeine Gesch\u00e4ftsbedingungen: Bitte lesen Sie diese Allgemeinen Gesch\u00e4ftsbedingungen f\u00fcr Online-Zahlungen sorgf\u00e4ltig durch, bevor Sie die Online-Zahlungsfunktion nutzen. Durch die [&hellip;]<\/p>\n","protected":false},"author":5,"featured_media":0,"parent":0,"menu_order":0,"comment_status":"closed","ping_status":"closed","template":"","meta":{"footnotes":""},"class_list":["post-53528","page","type-page","status-publish","hentry"],"_links":{"self":[{"href":"https:\/\/nefertiti-eg.com\/de\/wp-json\/wp\/v2\/pages\/53528","targetHints":{"allow":["GET"]}}],"collection":[{"href":"https:\/\/nefertiti-eg.com\/de\/wp-json\/wp\/v2\/pages"}],"about":[{"href":"https:\/\/nefertiti-eg.com\/de\/wp-json\/wp\/v2\/types\/page"}],"author":[{"embeddable":true,"href":"https:\/\/nefertiti-eg.com\/de\/wp-json\/wp\/v2\/users\/5"}],"replies":[{"embeddable":true,"href":"https:\/\/nefertiti-eg.com\/de\/wp-json\/wp\/v2\/comments?post=53528"}],"version-history":[{"count":0,"href":"https:\/\/nefertiti-eg.com\/de\/wp-json\/wp\/v2\/pages\/53528\/revisions"}],"wp:attachment":[{"href":"https:\/\/nefertiti-eg.com\/de\/wp-json\/wp\/v2\/media?parent=53528"}],"curies":[{"name":"wp","href":"https:\/\/api.w.org\/{rel}","templated":true}]}}