{"id":58114,"date":"2019-11-21T18:40:28","date_gmt":"2019-11-21T16:40:28","guid":{"rendered":"https:\/\/wordpress-237795-1094026.cloudwaysapps.com\/stornierungsbedingungen\/"},"modified":"2020-08-29T17:57:11","modified_gmt":"2020-08-29T15:57:11","slug":"cancelation-policy","status":"publish","type":"page","link":"https:\/\/nefertiti-eg.com\/de\/cancelation-policy\/","title":{"rendered":"Stornierungsbedingungen"},"content":{"rendered":"<p><span style=\"font-weight: 400;\">Falls wir eine Stornierung Benachrichtigung erhalten und die Bestellung noch nicht von uns versendet wurde, werden wir die Bestellung stornieren und den gesamten Betrag zur\u00fcckerstatten. Bereits versendete Bestellungen werden nicht storniert.<\/span><\/p>\n<p><span style=\"font-weight: 400;\">Unter bestimmten Umst\u00e4nden ist es uns eventuell nicht m\u00f6glich, eine Bestellung anzunehmen, und wir sind m\u00f6glicherweise gezwungen, diese zu stornieren. Wir behalten uns das Recht vor, Bestellungen nach eigenem Ermessen aus irgendeinem Grund abzulehnen oder zu stornieren. Einige Situationen, die dazu f\u00fchren k\u00f6nnen, dass Ihre Bestellung storniert wird, k\u00f6nnen Folgendes umfassen:<\/span><\/p>\n<p><span style=\"font-weight: 400;\">\u2013 Mengenbeschr\u00e4nkungen zum Kauf,<\/span><\/p>\n<p><span style=\"font-weight: 400;\">\u2013 Ungenauigkeiten oder Fehler in Produkt- oder Preisinformationen,<\/span><\/p>\n<p><span style=\"font-weight: 400;\">\u2013 Probleme, die von unserer Abteilung f\u00fcr Kredit- und Betrugsvermeidung festgestellt wurden.<\/span><\/p>\n<p><span style=\"font-weight: 400;\">Wir k\u00f6nnen auch zus\u00e4tzliche \u00dcberpr\u00fcfungen oder Informationen anfordern, bevor wir eine Bestellung annehmen und bearbeiten. Unsere Kundenbetreuung wird Sie kontaktieren, wenn Ihre Bestellung ganz oder teilweise storniert wird oder wenn wir zus\u00e4tzliche Informationen ben\u00f6tigen, um Ihre Bestellung anzunehmen.<\/span><\/p>\n<p><span style=\"font-weight: 400;\">Wenn Ihre Bestellung storniert wird, nachdem Ihre Kreditkarte \/ Debitkarte bereits belastet wurde, wird der belastete Betrag Ihrem Kartenkonto gutgeschrieben. Der Kunde verpflichtet sich, die von uns getroffene Entscheidung nicht zu bestreiten und unsere Entscheidung \u00fcber die Stornierung zu akzeptieren.<\/span><\/p>\n<h3><b>VERSAND <\/b><b>&amp;<\/b><b> LIEFERBEDINGUNGEN<\/b><\/h3>\n<ul>\n<li style=\"font-weight: 400;\"><span style=\"font-weight: 400;\">Nefertiti f\u00fcr nat\u00fcrliche \u00d6le und Kr\u00e4uter, versendet und liefert seine Produkte in fast alle Teile der Welt.\u00a0<\/span><\/li>\n<li style=\"font-weight: 400;\"><span style=\"font-weight: 400;\">Alle Prepaid-Bestellungen werden innerhalb von 3-4 Tagen nach Zahlungseingang versendet. Es wird sichergestellt, dass frische Produkte versendet werden.<\/span><\/li>\n<li style=\"font-weight: 400;\"><span style=\"font-weight: 400;\">Wir versenden an allen Tagen au\u00dfer Freitag und Nationalfeiertagen.<\/span><\/li>\n<li style=\"font-weight: 400;\"><span style=\"font-weight: 400;\">Nichtverf\u00fcgbarkeit bei Lieferung: unsere Lieferpartner werden versuchen, das Paket dreimal zu liefern, bevor es in unser Lager zur\u00fcckgeschickt wird. Wir empfehlen, dass Sie die vollst\u00e4ndige Adresse zusammen mit einer Handynummer in der Lieferadresse angeben, um eine schnellere Lieferung zu gew\u00e4hrleisten.<\/span><\/li>\n<\/ul>\n<h3><b>Versandkosten &amp; Zeiten<\/b><\/h3>\n<ul>\n<li style=\"font-weight: 400;\"><span style=\"font-weight: 400;\">F\u00fcr alle bedienten Bereiche betr\u00e4gt die Lieferzeit ca. 5-9 Arbeitstage, sobald wir den Versand bearbeitet haben.\u00a0<\/span><\/li>\n<\/ul>\n<h3><b>ZAHLUNGSBEDINGUNGEN<\/b><\/h3>\n<p><span style=\"font-weight: 400;\">Ihr Warenkorb wird von PayPal gehostet und gesichert. Sie k\u00f6nnen f\u00fcr Ihre Eink\u00e4ufe bezahlen:<\/span><\/p>\n<ul>\n<li style=\"font-weight: 400;\"><span style=\"font-weight: 400;\">Mit Kreditkarte, ohne ein PayPal-Konto besitzen zu m\u00fcssen.<\/span><\/li>\n<\/ul>\n<p><span style=\"font-weight: 400;\">Das PayPal-Zahlungsmodul sch\u00fctzt Ihre Kreditkarteninformationen mithilfe der besten auf dem Markt verf\u00fcgbaren Systeme zur Sicherheit und Verhinderung von Betrug. Wenn Sie PayPal verwenden, werden Ihre Finanzinformationen niemals an den H\u00e4ndler weitergegeben.<\/span><\/p>\n<ul>\n<li style=\"font-weight: 400;\"><span style=\"font-weight: 400;\">Verwenden Sie Ihr PayPal-Konto. Die Transaktion wird in Ihrem Konto angezeigt.<\/span><\/li>\n<\/ul>\n<p><span style=\"font-weight: 400;\">Wenn Sie weder eine Kreditkarte noch ein PayPal-Konto besitzen, k\u00f6nnen Sie Ihre Bestellkosten per Bank\u00fcberweisung bezahlen. In diesem Fall tr\u00e4gt der Kunde die \u00dcberweisungsgeb\u00fchr.<\/span><\/p>\n<div id=\"gtx-trans\" style=\"position: absolute; left: 72px; top: 501.906px;\">\n<div class=\"gtx-trans-icon\"><\/div>\n<\/div>\n","protected":false},"excerpt":{"rendered":"<p>Falls wir eine Stornierung Benachrichtigung erhalten und die Bestellung noch nicht von uns versendet wurde, werden wir die Bestellung stornieren und den gesamten Betrag zur\u00fcckerstatten. Bereits versendete Bestellungen werden nicht storniert. Unter bestimmten Umst\u00e4nden ist es uns eventuell nicht m\u00f6glich, eine Bestellung anzunehmen, und wir sind m\u00f6glicherweise gezwungen, diese zu stornieren. Wir behalten uns das [&hellip;]<\/p>\n","protected":false},"author":5,"featured_media":0,"parent":0,"menu_order":0,"comment_status":"closed","ping_status":"closed","template":"","meta":{"footnotes":""},"class_list":["post-58114","page","type-page","status-publish","hentry"],"_links":{"self":[{"href":"https:\/\/nefertiti-eg.com\/de\/wp-json\/wp\/v2\/pages\/58114","targetHints":{"allow":["GET"]}}],"collection":[{"href":"https:\/\/nefertiti-eg.com\/de\/wp-json\/wp\/v2\/pages"}],"about":[{"href":"https:\/\/nefertiti-eg.com\/de\/wp-json\/wp\/v2\/types\/page"}],"author":[{"embeddable":true,"href":"https:\/\/nefertiti-eg.com\/de\/wp-json\/wp\/v2\/users\/5"}],"replies":[{"embeddable":true,"href":"https:\/\/nefertiti-eg.com\/de\/wp-json\/wp\/v2\/comments?post=58114"}],"version-history":[{"count":0,"href":"https:\/\/nefertiti-eg.com\/de\/wp-json\/wp\/v2\/pages\/58114\/revisions"}],"wp:attachment":[{"href":"https:\/\/nefertiti-eg.com\/de\/wp-json\/wp\/v2\/media?parent=58114"}],"curies":[{"name":"wp","href":"https:\/\/api.w.org\/{rel}","templated":true}]}}