{"id":63611,"date":"2020-06-05T03:30:51","date_gmt":"2020-06-05T01:30:51","guid":{"rendered":"https:\/\/nefertiti-eg.com\/?page_id=63611"},"modified":"2020-06-05T20:28:39","modified_gmt":"2020-06-05T18:28:39","slug":"birthday-discount-gift","status":"publish","type":"page","link":"https:\/\/nefertiti-eg.com\/de\/promos\/birthday-discount-gift\/","title":{"rendered":"Geburtstag Rabatt Aktion"},"content":{"rendered":"\t\t<div data-elementor-type=\"wp-page\" data-elementor-id=\"63611\" class=\"elementor elementor-63611\">\n\t\t\t\t\t\t<section class=\"elementor-section elementor-top-section elementor-element elementor-element-964b654 elementor-section-stretched elementor-section-full_width elementor-section-height-default elementor-section-height-default\" data-id=\"964b654\" data-element_type=\"section\" data-e-type=\"section\" data-settings=\"{&quot;stretch_section&quot;:&quot;section-stretched&quot;}\">\n\t\t\t\t\t\t<div class=\"elementor-container elementor-column-gap-default\">\n\t\t\t\t\t<div class=\"elementor-column elementor-col-100 elementor-top-column elementor-element elementor-element-1fc3264\" data-id=\"1fc3264\" data-element_type=\"column\" data-e-type=\"column\">\n\t\t\t<div class=\"elementor-widget-wrap elementor-element-populated\">\n\t\t\t\t\t\t<div class=\"elementor-element elementor-element-d4f1f4b elementor-widget elementor-widget-image\" data-id=\"d4f1f4b\" data-element_type=\"widget\" data-e-type=\"widget\" data-widget_type=\"image.default\">\n\t\t\t\t<div class=\"elementor-widget-container\">\n\t\t\t\t\t\t\t\t\t\t\t\t\t\t\t<img fetchpriority=\"high\" decoding=\"async\" width=\"1536\" height=\"560\" src=\"https:\/\/nefertiti-eg.com\/wp-content\/uploads\/2020\/06\/Nefertiti_Birthday_Discount_Website-Design_Ge.jpg\" class=\"attachment-1536x1536 size-1536x1536 wp-image-63615\" alt=\"\" srcset=\"https:\/\/nefertiti-eg.com\/wp-content\/uploads\/2020\/06\/Nefertiti_Birthday_Discount_Website-Design_Ge.jpg 1536w, https:\/\/nefertiti-eg.com\/wp-content\/uploads\/2020\/06\/Nefertiti_Birthday_Discount_Website-Design_Ge-130x47.jpg 130w, https:\/\/nefertiti-eg.com\/wp-content\/uploads\/2020\/06\/Nefertiti_Birthday_Discount_Website-Design_Ge-700x255.jpg 700w, https:\/\/nefertiti-eg.com\/wp-content\/uploads\/2020\/06\/Nefertiti_Birthday_Discount_Website-Design_Ge-300x109.jpg 300w, https:\/\/nefertiti-eg.com\/wp-content\/uploads\/2020\/06\/Nefertiti_Birthday_Discount_Website-Design_Ge-1024x373.jpg 1024w, https:\/\/nefertiti-eg.com\/wp-content\/uploads\/2020\/06\/Nefertiti_Birthday_Discount_Website-Design_Ge-768x280.jpg 768w, https:\/\/nefertiti-eg.com\/wp-content\/uploads\/2020\/06\/Nefertiti_Birthday_Discount_Website-Design_Ge-600x219.jpg 600w, https:\/\/nefertiti-eg.com\/wp-content\/uploads\/2020\/06\/Nefertiti_Birthday_Discount_Website-Design_Ge-150x55.jpg 150w\" sizes=\"(max-width: 1536px) 100vw, 1536px\" title=\"\">\t\t\t\t\t\t\t\t\t\t\t\t\t\t\t<\/div>\n\t\t\t\t<\/div>\n\t\t\t\t\t<\/div>\n\t\t<\/div>\n\t\t\t\t\t<\/div>\n\t\t<\/section>\n\t\t\t\t<section class=\"elementor-section elementor-top-section elementor-element elementor-element-6ff2697 elementor-section-boxed elementor-section-height-default elementor-section-height-default\" data-id=\"6ff2697\" data-element_type=\"section\" data-e-type=\"section\">\n\t\t\t\t\t\t<div class=\"elementor-container elementor-column-gap-default\">\n\t\t\t\t\t<div class=\"elementor-column elementor-col-100 elementor-top-column elementor-element elementor-element-0580932\" data-id=\"0580932\" data-element_type=\"column\" data-e-type=\"column\">\n\t\t\t<div class=\"elementor-widget-wrap elementor-element-populated\">\n\t\t\t\t\t\t<div class=\"elementor-element elementor-element-1b5e98f elementor-widget elementor-widget-heading\" data-id=\"1b5e98f\" data-element_type=\"widget\" data-e-type=\"widget\" data-widget_type=\"heading.default\">\n\t\t\t\t<div class=\"elementor-widget-container\">\n\t\t\t\t\t<h1 class=\"elementor-heading-title elementor-size-default\">Geburtstag Rabatt Aktion<\/h1>\t\t\t\t<\/div>\n\t\t\t\t<\/div>\n\t\t\t\t<div class=\"elementor-element elementor-element-631fde1 elementor-widget elementor-widget-text-editor\" data-id=\"631fde1\" data-element_type=\"widget\" data-e-type=\"widget\" data-widget_type=\"text-editor.default\">\n\t\t\t\t<div class=\"elementor-widget-container\">\n\t\t\t\t\t\t\t\t\t<p style=\"text-align: center;\">Was gibt es Sch\u00f6neres als Ihren Geburtstag mit dem, was Sie am meisten lieben zu feiern: Nat\u00fcrlichkeit und Sch\u00f6nheit! Als Geburtstagsgeschenk gew\u00e4hren wir Ihnen einen Sonderrabatt von 25 % auf unser gesamtes Sortiment. Teilen Sie uns Ihr Geburtsdatum mit und wir senden Ihnen den Rabatt Coupon, sobald sich der besondere Tag n\u00e4hert. Der Rabatt gilt f\u00fcr 2 Wochen ab 1 Woche vor dem Geburtsdatum.<\/p><p style=\"text-align: center;\">* Angebot gilt nur f\u00fcr unseren Online-Shop und ist nicht mit anderen Sonderaktionen kombinierbar.<\/p>\t\t\t\t\t\t\t\t<\/div>\n\t\t\t\t<\/div>\n\t\t\t\t\t<\/div>\n\t\t<\/div>\n\t\t\t\t\t<\/div>\n\t\t<\/section>\n\t\t\t\t<section class=\"elementor-section elementor-top-section elementor-element elementor-element-669f9ab elementor-section-boxed elementor-section-height-default elementor-section-height-default\" data-id=\"669f9ab\" data-element_type=\"section\" data-e-type=\"section\">\n\t\t\t\t\t\t<div class=\"elementor-container elementor-column-gap-default\">\n\t\t\t\t\t<div class=\"elementor-column elementor-col-100 elementor-top-column elementor-element elementor-element-afd3fb8\" data-id=\"afd3fb8\" data-element_type=\"column\" data-e-type=\"column\">\n\t\t\t<div class=\"elementor-widget-wrap elementor-element-populated\">\n\t\t\t\t\t\t<div class=\"elementor-element elementor-element-8e26d68 elementor-widget elementor-widget-video\" data-id=\"8e26d68\" data-element_type=\"widget\" data-e-type=\"widget\" data-settings=\"{&quot;youtube_url&quot;:&quot;https:\\\/\\\/www.youtube.com\\\/watch?v=wiFLl8E6u8c&amp;feature=youtu.be&quot;,&quot;video_type&quot;:&quot;youtube&quot;,&quot;controls&quot;:&quot;yes&quot;}\" data-widget_type=\"video.default\">\n\t\t\t\t<div class=\"elementor-widget-container\">\n\t\t\t\t\t\t\t<div class=\"elementor-wrapper elementor-open-inline\">\n\t\t\t<div class=\"elementor-video\"><\/div>\t\t<\/div>\n\t\t\t\t\t\t<\/div>\n\t\t\t\t<\/div>\n\t\t\t\t\t<\/div>\n\t\t<\/div>\n\t\t\t\t\t<\/div>\n\t\t<\/section>\n\t\t\t\t<section class=\"elementor-section elementor-top-section elementor-element elementor-element-f72ab56 elementor-section-boxed elementor-section-height-default elementor-section-height-default\" data-id=\"f72ab56\" data-element_type=\"section\" data-e-type=\"section\">\n\t\t\t\t\t\t<div class=\"elementor-container elementor-column-gap-default\">\n\t\t\t\t\t<div class=\"elementor-column elementor-col-100 elementor-top-column elementor-element elementor-element-417c256\" data-id=\"417c256\" data-element_type=\"column\" data-e-type=\"column\">\n\t\t\t<div class=\"elementor-widget-wrap elementor-element-populated\">\n\t\t\t\t\t\t<div class=\"elementor-element elementor-element-6fcd83b elementor-widget elementor-widget-text-editor\" data-id=\"6fcd83b\" data-element_type=\"widget\" data-e-type=\"widget\" data-widget_type=\"text-editor.default\">\n\t\t\t\t<div class=\"elementor-widget-container\">\n\t\t\t\t\t\t\t\t\t<p style=\"text-align: center;\"><strong>Bitte ausf\u00fcllen um Dein Geburtstagsgeschenk zu erhalten<\/strong><\/p>\t\t\t\t\t\t\t\t<\/div>\n\t\t\t\t<\/div>\n\t\t\t\t<div class=\"elementor-element elementor-element-6a74a8f elementor-widget elementor-widget-html\" data-id=\"6a74a8f\" data-element_type=\"widget\" data-e-type=\"widget\" data-widget_type=\"html.default\">\n\t\t\t\t<div class=\"elementor-widget-container\">\n\t\t\t\t\t<!-- Begin Mailchimp Signup Form -->\r\n<link href=\"\/\/cdn-images.mailchimp.com\/embedcode\/classic-10_7.css\" rel=\"stylesheet\" type=\"text\/css\">\r\n<style type=\"text\/css\">\r\n\t#mc_embed_signup{background:#fff; clear:left; font:14px Helvetica,Arial,sans-serif; }\r\n\t\/* Add your own Mailchimp form style overrides in your site stylesheet or in this style block.\r\n\t   We recommend moving this block and the preceding CSS link to the HEAD of your HTML file. *\/\r\n<\/style>\r\n<div id=\"mc_embed_signup\">\r\n<form action=\"https:\/\/nefertiti-eg.us17.list-manage.com\/subscribe\/post?u=e46fa3da3cd56c18fad57d240&amp;id=c34de37b56\" method=\"post\" id=\"mc-embedded-subscribe-form\" name=\"mc-embedded-subscribe-form\" class=\"validate\" target=\"_blank\" novalidate>\r\n    <div id=\"mc_embed_signup_scroll\">\r\n\t\r\n<div class=\"indicates-required\"><span class=\"asterisk\">*<\/span> indicates required<\/div>\r\n<div class=\"mc-field-group\">\r\n\t<label for=\"mce-EMAIL\">E-Mail-Addresse  <span class=\"asterisk\">*<\/span>\r\n<\/label>\r\n\t<input type=\"email\" value=\"\" name=\"EMAIL\" class=\"required email\" id=\"mce-EMAIL\">\r\n<\/div>\r\n<div class=\"mc-field-group\">\r\n\t<label for=\"mce-FNAME\">Vorname  <span class=\"asterisk\">*<\/span>\r\n<\/label>\r\n\t<input type=\"text\" value=\"\" name=\"FNAME\" class=\"required\" id=\"mce-FNAME\">\r\n<\/div>\r\n<div class=\"mc-field-group\">\r\n\t<label for=\"mce-LNAME\">Nachname <\/label>\r\n\t<input type=\"text\" value=\"\" name=\"LNAME\" class=\"\" id=\"mce-LNAME\">\r\n<\/div>\r\n<div class=\"mc-field-group size1of2\">\r\n\t<label for=\"mce-MMERGE3-month\">Geburtstag  <span class=\"asterisk\">*<\/span>\r\n<\/label>\r\n\t<div class=\"datefield\">\r\n\t\t<span class=\"subfield dayfield\"><input class=\"birthday required\" type=\"text\" pattern=\"[0-9]*\" value=\"\" placeholder=\"DD\" size=\"2\" maxlength=\"2\" name=\"MMERGE3[day]\" id=\"mce-MMERGE3-day\"><\/span> \/ \r\n        <span class=\"subfield monthfield\"><input class=\"birthday required\" type=\"text\" pattern=\"[0-9]*\" value=\"\" placeholder=\"MM\" size=\"2\" maxlength=\"2\" name=\"MMERGE3[month]\" id=\"mce-MMERGE3-month\"><\/span> \r\n\t\t<span class=\"small-meta nowrap\">( dd \/ mm )<\/span>\r\n\t<\/div>\r\n<\/div>\t<div id=\"mce-responses\" class=\"clear\">\r\n\t\t<div class=\"response\" id=\"mce-error-response\" style=\"display:none\"><\/div>\r\n\t\t<div class=\"response\" id=\"mce-success-response\" style=\"display:none\"><\/div>\r\n\t<\/div>    <!-- real people should not fill this in and expect good things - do not remove this or risk form bot signups-->\r\n    <div style=\"position: absolute; left: -5000px;\" aria-hidden=\"true\"><input type=\"text\" name=\"b_e46fa3da3cd56c18fad57d240_c34de37b56\" tabindex=\"-1\" value=\"\"><\/div>\r\n    <div class=\"clear\"><input type=\"submit\" value=\"Abonnierene\" name=\"subscribe\" id=\"mc-embedded-subscribe\" class=\"button\"><\/div>\r\n    <\/div>\r\n<\/form>\r\n<\/div>\r\n\r\n<!--End mc_embed_signup-->\t\t\t\t<\/div>\n\t\t\t\t<\/div>\n\t\t\t\t\t<\/div>\n\t\t<\/div>\n\t\t\t\t\t<\/div>\n\t\t<\/section>\n\t\t\t\t<\/div>\n\t\t","protected":false},"excerpt":{"rendered":"<p>Geburtstag Rabatt Aktion Was gibt es Sch\u00f6neres als Ihren Geburtstag mit dem, was Sie am meisten lieben zu feiern: Nat\u00fcrlichkeit und Sch\u00f6nheit! Als Geburtstagsgeschenk gew\u00e4hren wir Ihnen einen Sonderrabatt von 25 % auf unser gesamtes Sortiment. Teilen Sie uns Ihr Geburtsdatum mit und wir senden Ihnen den Rabatt Coupon, sobald sich der besondere Tag n\u00e4hert. [&hellip;]<\/p>\n","protected":false},"author":5,"featured_media":0,"parent":63671,"menu_order":0,"comment_status":"closed","ping_status":"closed","template":"template-fullwidth-no-heading.php","meta":{"footnotes":""},"class_list":["post-63611","page","type-page","status-publish","hentry"],"_links":{"self":[{"href":"https:\/\/nefertiti-eg.com\/de\/wp-json\/wp\/v2\/pages\/63611","targetHints":{"allow":["GET"]}}],"collection":[{"href":"https:\/\/nefertiti-eg.com\/de\/wp-json\/wp\/v2\/pages"}],"about":[{"href":"https:\/\/nefertiti-eg.com\/de\/wp-json\/wp\/v2\/types\/page"}],"author":[{"embeddable":true,"href":"https:\/\/nefertiti-eg.com\/de\/wp-json\/wp\/v2\/users\/5"}],"replies":[{"embeddable":true,"href":"https:\/\/nefertiti-eg.com\/de\/wp-json\/wp\/v2\/comments?post=63611"}],"version-history":[{"count":0,"href":"https:\/\/nefertiti-eg.com\/de\/wp-json\/wp\/v2\/pages\/63611\/revisions"}],"up":[{"embeddable":true,"href":"https:\/\/nefertiti-eg.com\/de\/wp-json\/wp\/v2\/pages\/63671"}],"wp:attachment":[{"href":"https:\/\/nefertiti-eg.com\/de\/wp-json\/wp\/v2\/media?parent=63611"}],"curies":[{"name":"wp","href":"https:\/\/api.w.org\/{rel}","templated":true}]}}