{"id":63747,"date":"2020-06-05T22:30:05","date_gmt":"2020-06-05T20:30:05","guid":{"rendered":"https:\/\/nefertiti-eg.com\/promos\/be-fresh\/"},"modified":"2020-06-23T11:53:28","modified_gmt":"2020-06-23T09:53:28","slug":"be-fresh","status":"publish","type":"page","link":"https:\/\/nefertiti-eg.com\/de\/promos\/be-fresh\/","title":{"rendered":"Be Fresh"},"content":{"rendered":"\t\t<div data-elementor-type=\"wp-page\" data-elementor-id=\"63747\" class=\"elementor elementor-63747 elementor-63730\">\n\t\t\t\t\t\t<section class=\"elementor-section elementor-top-section elementor-element elementor-element-964b654 elementor-section-stretched elementor-section-full_width elementor-section-height-default elementor-section-height-default\" data-id=\"964b654\" data-element_type=\"section\" data-e-type=\"section\" data-settings=\"{&quot;stretch_section&quot;:&quot;section-stretched&quot;}\">\n\t\t\t\t\t\t<div class=\"elementor-container elementor-column-gap-no\">\n\t\t\t\t\t<div class=\"elementor-column elementor-col-100 elementor-top-column elementor-element elementor-element-1fc3264\" data-id=\"1fc3264\" data-element_type=\"column\" data-e-type=\"column\">\n\t\t\t<div class=\"elementor-widget-wrap elementor-element-populated\">\n\t\t\t\t\t\t<div class=\"elementor-element elementor-element-d4f1f4b elementor-widget elementor-widget-image\" data-id=\"d4f1f4b\" data-element_type=\"widget\" data-e-type=\"widget\" data-widget_type=\"image.default\">\n\t\t\t\t<div class=\"elementor-widget-container\">\n\t\t\t\t\t\t\t\t\t\t\t\t\t\t\t<img fetchpriority=\"high\" decoding=\"async\" width=\"1200\" height=\"628\" src=\"https:\/\/nefertiti-eg.com\/wp-content\/uploads\/2020\/06\/Nefertiti_Be_Fresh_Sale_fb_En.jpg\" class=\"attachment-1536x1536 size-1536x1536 wp-image-63736\" alt=\"\" srcset=\"https:\/\/nefertiti-eg.com\/wp-content\/uploads\/2020\/06\/Nefertiti_Be_Fresh_Sale_fb_En.jpg 1200w, https:\/\/nefertiti-eg.com\/wp-content\/uploads\/2020\/06\/Nefertiti_Be_Fresh_Sale_fb_En-130x68.jpg 130w, https:\/\/nefertiti-eg.com\/wp-content\/uploads\/2020\/06\/Nefertiti_Be_Fresh_Sale_fb_En-700x366.jpg 700w, https:\/\/nefertiti-eg.com\/wp-content\/uploads\/2020\/06\/Nefertiti_Be_Fresh_Sale_fb_En-300x157.jpg 300w, https:\/\/nefertiti-eg.com\/wp-content\/uploads\/2020\/06\/Nefertiti_Be_Fresh_Sale_fb_En-1024x536.jpg 1024w, https:\/\/nefertiti-eg.com\/wp-content\/uploads\/2020\/06\/Nefertiti_Be_Fresh_Sale_fb_En-768x402.jpg 768w, https:\/\/nefertiti-eg.com\/wp-content\/uploads\/2020\/06\/Nefertiti_Be_Fresh_Sale_fb_En-600x314.jpg 600w, https:\/\/nefertiti-eg.com\/wp-content\/uploads\/2020\/06\/Nefertiti_Be_Fresh_Sale_fb_En-150x79.jpg 150w\" sizes=\"(max-width: 1200px) 100vw, 1200px\" title=\"\">\t\t\t\t\t\t\t\t\t\t\t\t\t\t\t<\/div>\n\t\t\t\t<\/div>\n\t\t\t\t\t<\/div>\n\t\t<\/div>\n\t\t\t\t\t<\/div>\n\t\t<\/section>\n\t\t\t\t<section class=\"elementor-section elementor-top-section elementor-element elementor-element-6ff2697 elementor-section-boxed elementor-section-height-default elementor-section-height-default\" data-id=\"6ff2697\" data-element_type=\"section\" data-e-type=\"section\">\n\t\t\t\t\t\t<div class=\"elementor-container elementor-column-gap-default\">\n\t\t\t\t\t<div class=\"elementor-column elementor-col-100 elementor-top-column elementor-element elementor-element-0580932\" data-id=\"0580932\" data-element_type=\"column\" data-e-type=\"column\">\n\t\t\t<div class=\"elementor-widget-wrap elementor-element-populated\">\n\t\t\t\t\t\t<div class=\"elementor-element elementor-element-76c7e7d elementor-widget elementor-widget-spacer\" data-id=\"76c7e7d\" data-element_type=\"widget\" data-e-type=\"widget\" data-widget_type=\"spacer.default\">\n\t\t\t\t<div class=\"elementor-widget-container\">\n\t\t\t\t\t\t\t<div class=\"elementor-spacer\">\n\t\t\t<div class=\"elementor-spacer-inner\"><\/div>\n\t\t<\/div>\n\t\t\t\t\t\t<\/div>\n\t\t\t\t<\/div>\n\t\t\t\t<div class=\"elementor-element elementor-element-1b5e98f elementor-widget elementor-widget-heading\" data-id=\"1b5e98f\" data-element_type=\"widget\" data-e-type=\"widget\" data-widget_type=\"heading.default\">\n\t\t\t\t<div class=\"elementor-widget-container\">\n\t\t\t\t\t<h1 class=\"elementor-heading-title elementor-size-default\">Be Fresh<\/h1>\t\t\t\t<\/div>\n\t\t\t\t<\/div>\n\t\t\t\t<div class=\"elementor-element elementor-element-631fde1 elementor-widget elementor-widget-text-editor\" data-id=\"631fde1\" data-element_type=\"widget\" data-e-type=\"widget\" data-widget_type=\"text-editor.default\">\n\t\t\t\t<div class=\"elementor-widget-container\">\n\t\t\t\t\t\t\t\t\t<p style=\"text-align: center;\">Sommerfrische mit Ihren Lieblings\u00f6len!<br \/>40% Rabatt auf 1 Liter \u00d6l+Geschenk Zitronengras Tee+versandkostenfrei weltweit ab \u00c4gypten.<\/p><p style=\"text-align: center;\"><span style=\"font-size: 14px;\">Verf\u00fcgbare \u00d6le:\u00a0<\/span><a style=\"font-size: 14px; background-color: #ffffff;\" href=\"https:\/\/nefertiti-eg.com\/de\/shop\/natural-oils\/black-seed-oil\/\" target=\"_blank\" rel=\"noopener\">Schwarzk\u00fcmmel\u00f6l<\/a><span style=\"font-size: 14px;\">,\u00a0<\/span><a style=\"font-size: 14px; background-color: #ffffff;\" href=\"https:\/\/nefertiti-eg.com\/de\/shop\/essential-oils\/jojoba-oil\/\" target=\"_blank\" rel=\"noopener\">Jojoba\u00f6l<\/a><span style=\"font-size: 14px;\">,\u00a0<\/span><a style=\"font-size: 14px; background-color: #ffffff;\" href=\"https:\/\/nefertiti-eg.com\/de\/shop\/natural-oils\/helba-fenugreek-oil\/\" target=\"_blank\" rel=\"noopener\">Helba\u00f6l<\/a><span style=\"font-size: 14px;\">,\u00a0<\/span><a style=\"font-size: 14px; background-color: #ffffff;\" href=\"https:\/\/nefertiti-eg.com\/de\/shop\/natural-oils\/rucola-seed-oil\/\" target=\"_blank\" rel=\"noopener\">Rucola-Samen\u00f6l<\/a><span style=\"font-size: 14px;\">,\u00a0<\/span><a style=\"font-size: 14px; background-color: #ffffff;\" href=\"https:\/\/nefertiti-eg.com\/de\/shop\/natural-oils\/walnut-oil\/\" target=\"_blank\" rel=\"noopener\">Walnuss\u00f6l<\/a><span style=\"font-size: 14px;\">,\u00a0<\/span><a style=\"font-size: 14px; background-color: #ffffff;\" href=\"https:\/\/nefertiti-eg.com\/de\/shop\/natural-oils\/pumpkin-seed-oil\/\" target=\"_blank\" rel=\"noopener\">K\u00fcrbiskern\u00f6l<\/a><span style=\"font-size: 14px;\">\u00a0und\u00a0<\/span><a style=\"font-size: 14px; background-color: #ffffff;\" href=\"https:\/\/nefertiti-eg.com\/de\/shop\/natural-oils\/carrot-seed-oil-1\/\" target=\"_blank\" rel=\"noopener\">Karottensamen\u00f6l<\/a><span style=\"font-size: 14px;\">.<\/span><span style=\"font-size: 14px;\">\u00a0<\/span><\/p><p style=\"text-align: center;\"><span style=\"font-size: 14px;\">Bestellen\u00a0Sie jetzt:<br \/><\/span><a style=\"font-size: 14px; background-color: #ffffff;\" href=\"https:\/\/nefertiti-eg.com\/de\/shop\" target=\"_blank\" rel=\"noopener\">https:\/\/nefertiti-eg.com\/de\/shop<\/a><\/p><p style=\"text-align: center;\">GENIESSEN SIE IHRE LIEBLINGS\u00d6LE JETZT!<\/p><p style=\"text-align: center;\">Das Angebot gilt im Juni 2020!<br \/>*Das Angebot gilt nur f\u00fcr\u00a0<a href=\"https:\/\/nefertiti-eg.com\/de\/shop\" target=\"_blank\" rel=\"noopener\">Online Shop<\/a><span style=\"font-size: 14px;\">\u00a0Bestellungen!<br \/>**Das\u00a0<\/span><a href=\"https:\/\/nefertiti-eg.com\/de\/promos\" target=\"_blank\" rel=\"noopener\">Angebot<\/a><span style=\"font-size: 14px;\">\u00a0ist nicht mit anderen Rabattaktionen kombinierbar!<\/span><\/p>\t\t\t\t\t\t\t\t<\/div>\n\t\t\t\t<\/div>\n\t\t\t\t\t<\/div>\n\t\t<\/div>\n\t\t\t\t\t<\/div>\n\t\t<\/section>\n\t\t\t\t<\/div>\n\t\t","protected":false},"excerpt":{"rendered":"<p>Be Fresh Sommerfrische mit Ihren Lieblings\u00f6len!40% Rabatt auf 1 Liter \u00d6l+Geschenk Zitronengras Tee+versandkostenfrei weltweit ab \u00c4gypten. Verf\u00fcgbare \u00d6le:\u00a0Schwarzk\u00fcmmel\u00f6l,\u00a0Jojoba\u00f6l,\u00a0Helba\u00f6l,\u00a0Rucola-Samen\u00f6l,\u00a0Walnuss\u00f6l,\u00a0K\u00fcrbiskern\u00f6l\u00a0und\u00a0Karottensamen\u00f6l.\u00a0 Bestellen\u00a0Sie jetzt:https:\/\/nefertiti-eg.com\/de\/shop GENIESSEN SIE IHRE LIEBLINGS\u00d6LE JETZT! Das Angebot gilt im Juni 2020!*Das Angebot gilt nur f\u00fcr\u00a0Online Shop\u00a0Bestellungen!**Das\u00a0Angebot\u00a0ist nicht mit anderen Rabattaktionen kombinierbar!<\/p>\n","protected":false},"author":5,"featured_media":0,"parent":63671,"menu_order":0,"comment_status":"closed","ping_status":"closed","template":"template-fullwidth-no-heading.php","meta":{"footnotes":""},"class_list":["post-63747","page","type-page","status-publish","hentry"],"_links":{"self":[{"href":"https:\/\/nefertiti-eg.com\/de\/wp-json\/wp\/v2\/pages\/63747","targetHints":{"allow":["GET"]}}],"collection":[{"href":"https:\/\/nefertiti-eg.com\/de\/wp-json\/wp\/v2\/pages"}],"about":[{"href":"https:\/\/nefertiti-eg.com\/de\/wp-json\/wp\/v2\/types\/page"}],"author":[{"embeddable":true,"href":"https:\/\/nefertiti-eg.com\/de\/wp-json\/wp\/v2\/users\/5"}],"replies":[{"embeddable":true,"href":"https:\/\/nefertiti-eg.com\/de\/wp-json\/wp\/v2\/comments?post=63747"}],"version-history":[{"count":0,"href":"https:\/\/nefertiti-eg.com\/de\/wp-json\/wp\/v2\/pages\/63747\/revisions"}],"up":[{"embeddable":true,"href":"https:\/\/nefertiti-eg.com\/de\/wp-json\/wp\/v2\/pages\/63671"}],"wp:attachment":[{"href":"https:\/\/nefertiti-eg.com\/de\/wp-json\/wp\/v2\/media?parent=63747"}],"curies":[{"name":"wp","href":"https:\/\/api.w.org\/{rel}","templated":true}]}}