{"id":63909,"date":"2020-06-13T00:50:21","date_gmt":"2020-06-12T22:50:21","guid":{"rendered":"https:\/\/nefertiti-eg.com\/promos\/je-mehr-desto-besser-aktion\/"},"modified":"2020-06-23T11:47:52","modified_gmt":"2020-06-23T09:47:52","slug":"more-the-merrier-promo","status":"publish","type":"page","link":"https:\/\/nefertiti-eg.com\/de\/promos\/more-the-merrier-promo\/","title":{"rendered":"Je mehr desto besser &#8211; Aktion"},"content":{"rendered":"\t\t<div data-elementor-type=\"wp-page\" data-elementor-id=\"63909\" class=\"elementor elementor-63909\">\n\t\t\t\t\t\t<section class=\"elementor-section elementor-top-section elementor-element elementor-element-964b654 elementor-section-stretched elementor-section-full_width elementor-section-height-default elementor-section-height-default\" data-id=\"964b654\" data-element_type=\"section\" data-e-type=\"section\" data-settings=\"{&quot;stretch_section&quot;:&quot;section-stretched&quot;}\">\n\t\t\t\t\t\t<div class=\"elementor-container elementor-column-gap-no\">\n\t\t\t\t\t<div class=\"elementor-column elementor-col-100 elementor-top-column elementor-element elementor-element-1fc3264\" data-id=\"1fc3264\" data-element_type=\"column\" data-e-type=\"column\">\n\t\t\t<div class=\"elementor-widget-wrap elementor-element-populated\">\n\t\t\t\t\t\t<div class=\"elementor-element elementor-element-d4f1f4b elementor-widget elementor-widget-image\" data-id=\"d4f1f4b\" data-element_type=\"widget\" data-e-type=\"widget\" data-widget_type=\"image.default\">\n\t\t\t\t<div class=\"elementor-widget-container\">\n\t\t\t\t\t\t\t\t\t\t\t\t\t\t\t<img fetchpriority=\"high\" decoding=\"async\" width=\"1536\" height=\"560\" src=\"https:\/\/nefertiti-eg.com\/wp-content\/uploads\/2020\/06\/Nefertiti_Black-Seed_1Litre125ml_Campain_Website_Ge-1.jpg\" class=\"attachment-1536x1536 size-1536x1536 wp-image-64305\" alt=\"40% Discount Nefertiti oil plus 125ml bottle and free shipping worldwide\" srcset=\"https:\/\/nefertiti-eg.com\/wp-content\/uploads\/2020\/06\/Nefertiti_Black-Seed_1Litre125ml_Campain_Website_Ge-1.jpg 1536w, https:\/\/nefertiti-eg.com\/wp-content\/uploads\/2020\/06\/Nefertiti_Black-Seed_1Litre125ml_Campain_Website_Ge-1-130x47.jpg 130w, https:\/\/nefertiti-eg.com\/wp-content\/uploads\/2020\/06\/Nefertiti_Black-Seed_1Litre125ml_Campain_Website_Ge-1-700x255.jpg 700w, https:\/\/nefertiti-eg.com\/wp-content\/uploads\/2020\/06\/Nefertiti_Black-Seed_1Litre125ml_Campain_Website_Ge-1-300x109.jpg 300w, https:\/\/nefertiti-eg.com\/wp-content\/uploads\/2020\/06\/Nefertiti_Black-Seed_1Litre125ml_Campain_Website_Ge-1-1024x373.jpg 1024w, https:\/\/nefertiti-eg.com\/wp-content\/uploads\/2020\/06\/Nefertiti_Black-Seed_1Litre125ml_Campain_Website_Ge-1-768x280.jpg 768w, https:\/\/nefertiti-eg.com\/wp-content\/uploads\/2020\/06\/Nefertiti_Black-Seed_1Litre125ml_Campain_Website_Ge-1-600x219.jpg 600w, https:\/\/nefertiti-eg.com\/wp-content\/uploads\/2020\/06\/Nefertiti_Black-Seed_1Litre125ml_Campain_Website_Ge-1-150x55.jpg 150w\" sizes=\"(max-width: 1536px) 100vw, 1536px\" title=\"\">\t\t\t\t\t\t\t\t\t\t\t\t\t\t\t<\/div>\n\t\t\t\t<\/div>\n\t\t\t\t\t<\/div>\n\t\t<\/div>\n\t\t\t\t\t<\/div>\n\t\t<\/section>\n\t\t\t\t<section class=\"elementor-section elementor-top-section elementor-element elementor-element-6ff2697 elementor-section-boxed elementor-section-height-default elementor-section-height-default\" data-id=\"6ff2697\" data-element_type=\"section\" data-e-type=\"section\">\n\t\t\t\t\t\t<div class=\"elementor-container elementor-column-gap-default\">\n\t\t\t\t\t<div class=\"elementor-column elementor-col-100 elementor-top-column elementor-element elementor-element-0580932\" data-id=\"0580932\" data-element_type=\"column\" data-e-type=\"column\">\n\t\t\t<div class=\"elementor-widget-wrap elementor-element-populated\">\n\t\t\t\t\t\t<div class=\"elementor-element elementor-element-76c7e7d elementor-widget elementor-widget-spacer\" data-id=\"76c7e7d\" data-element_type=\"widget\" data-e-type=\"widget\" data-widget_type=\"spacer.default\">\n\t\t\t\t<div class=\"elementor-widget-container\">\n\t\t\t\t\t\t\t<div class=\"elementor-spacer\">\n\t\t\t<div class=\"elementor-spacer-inner\"><\/div>\n\t\t<\/div>\n\t\t\t\t\t\t<\/div>\n\t\t\t\t<\/div>\n\t\t\t\t<div class=\"elementor-element elementor-element-1b5e98f elementor-widget elementor-widget-heading\" data-id=\"1b5e98f\" data-element_type=\"widget\" data-e-type=\"widget\" data-widget_type=\"heading.default\">\n\t\t\t\t<div class=\"elementor-widget-container\">\n\t\t\t\t\t<h1 class=\"elementor-heading-title elementor-size-default\">Je mehr desto besser<\/h1>\t\t\t\t<\/div>\n\t\t\t\t<\/div>\n\t\t\t\t<div class=\"elementor-element elementor-element-631fde1 elementor-widget elementor-widget-text-editor\" data-id=\"631fde1\" data-element_type=\"widget\" data-e-type=\"widget\" data-widget_type=\"text-editor.default\">\n\t\t\t\t<div class=\"elementor-widget-container\">\n\t\t\t\t\t\t\t\t\t<p style=\"text-align: center;\"><span style=\"font-size: 14px;\">Genie\u00dfen Sie den Sommer mit unserem 40% Rabatt auf 1 Liter \u00d6l + 125 ml Flasche Geschenk + kostenloser Versand weltweit aus \u00c4gypten.&nbsp;<br>Dieses Angebot gilt f\u00fcr alle nat\u00fcrlichen und \/ oder \u00e4therischen \u00d6le unserer 1000-ml-Abf\u00fcllung.<\/span><\/p>\n<p style=\"text-align: center;\">Verf\u00fcgbare \u00d6le:&nbsp;<a href=\"https:\/\/nefertiti-eg.com\/de\/shop\/natural-oils\/black-seed-oil\/\" target=\"_blank\" rel=\"noopener\">Schwarzk\u00fcmmel\u00f6l<\/a>,&nbsp;<a href=\"https:\/\/nefertiti-eg.com\/de\/shop\/essential-oils\/jojoba-oil\/\" target=\"_blank\" rel=\"noopener\">Jojoba\u00f6l<\/a>,&nbsp;<a href=\"https:\/\/nefertiti-eg.com\/de\/shop\/natural-oils\/helba-fenugreek-oil\/\" target=\"_blank\" rel=\"noopener\">Helba\u00f6l<\/a>,&nbsp;<a href=\"https:\/\/nefertiti-eg.com\/de\/shop\/natural-oils\/rucola-seed-oil\/\" target=\"_blank\" rel=\"noopener\">Rucola-Samen\u00f6l<\/a>,&nbsp;<a href=\"https:\/\/nefertiti-eg.com\/de\/shop\/natural-oils\/walnut-oil\/\" target=\"_blank\" rel=\"noopener\">Walnuss\u00f6l<\/a>,&nbsp;<a href=\"https:\/\/nefertiti-eg.com\/de\/shop\/natural-oils\/pumpkin-seed-oil\/\" target=\"_blank\" rel=\"noopener\">K\u00fcrbiskern\u00f6l<\/a>&nbsp;und&nbsp;<a href=\"https:\/\/nefertiti-eg.com\/de\/shop\/natural-oils\/carrot-seed-oil-1\/\" target=\"_blank\" rel=\"noopener\">Karottensamen\u00f6l<\/a>.<span style=\"font-size: 14px;\">&nbsp;<\/span><\/p>\n<p style=\"text-align: center;\"><span style=\"font-size: 14px;\">Bestellen&nbsp;Sie jetzt:<br>&nbsp;<\/span><a style=\"font-size: 14px; background-color: #ffffff;\" href=\"https:\/\/nefertiti-eg.com\/de\/shop\" target=\"_blank\" rel=\"noopener\">https:\/\/nefertiti-eg.com\/de\/shop<\/a><\/p>\n<p style=\"text-align: center;\">GENIESSEN SIE IHRE LIEBLINGS\u00d6LE JETZT!<\/p>\n<p style=\"text-align: center;\">Das Angebot gilt im Juni 2020!<br>\n*Das Angebot gilt nur f\u00fcr&nbsp;<a href=\"https:\/\/nefertiti-eg.com\/de\/shop\" target=\"_blank\" rel=\"noopener\">Online Shop<\/a><span style=\"font-size: 14px;\">&nbsp;Bestellungen!<br>**Das&nbsp;<\/span><a href=\"https:\/\/nefertiti-eg.com\/de\/promos\" target=\"_blank\" rel=\"noopener\">Angebot<\/a><span style=\"font-size: 14px;\">&nbsp;ist nicht mit anderen Rabattaktionen kombinierbar!<\/span><\/p>\t\t\t\t\t\t\t\t<\/div>\n\t\t\t\t<\/div>\n\t\t\t\t\t<\/div>\n\t\t<\/div>\n\t\t\t\t\t<\/div>\n\t\t<\/section>\n\t\t\t\t<\/div>\n\t\t","protected":false},"excerpt":{"rendered":"<p>Je mehr desto besser Genie\u00dfen Sie den Sommer mit unserem 40% Rabatt auf 1 Liter \u00d6l + 125 ml Flasche Geschenk + kostenloser Versand weltweit aus \u00c4gypten.&nbsp;Dieses Angebot gilt f\u00fcr alle nat\u00fcrlichen und \/ oder \u00e4therischen \u00d6le unserer 1000-ml-Abf\u00fcllung. Verf\u00fcgbare \u00d6le:&nbsp;Schwarzk\u00fcmmel\u00f6l,&nbsp;Jojoba\u00f6l,&nbsp;Helba\u00f6l,&nbsp;Rucola-Samen\u00f6l,&nbsp;Walnuss\u00f6l,&nbsp;K\u00fcrbiskern\u00f6l&nbsp;und&nbsp;Karottensamen\u00f6l.&nbsp; Bestellen&nbsp;Sie jetzt:&nbsp;https:\/\/nefertiti-eg.com\/de\/shop GENIESSEN SIE IHRE LIEBLINGS\u00d6LE JETZT! Das Angebot gilt im Juni 2020! *Das [&hellip;]<\/p>\n","protected":false},"author":5,"featured_media":0,"parent":63671,"menu_order":0,"comment_status":"closed","ping_status":"closed","template":"template-fullwidth-no-heading.php","meta":{"footnotes":""},"class_list":["post-63909","page","type-page","status-publish","hentry"],"_links":{"self":[{"href":"https:\/\/nefertiti-eg.com\/de\/wp-json\/wp\/v2\/pages\/63909","targetHints":{"allow":["GET"]}}],"collection":[{"href":"https:\/\/nefertiti-eg.com\/de\/wp-json\/wp\/v2\/pages"}],"about":[{"href":"https:\/\/nefertiti-eg.com\/de\/wp-json\/wp\/v2\/types\/page"}],"author":[{"embeddable":true,"href":"https:\/\/nefertiti-eg.com\/de\/wp-json\/wp\/v2\/users\/5"}],"replies":[{"embeddable":true,"href":"https:\/\/nefertiti-eg.com\/de\/wp-json\/wp\/v2\/comments?post=63909"}],"version-history":[{"count":0,"href":"https:\/\/nefertiti-eg.com\/de\/wp-json\/wp\/v2\/pages\/63909\/revisions"}],"up":[{"embeddable":true,"href":"https:\/\/nefertiti-eg.com\/de\/wp-json\/wp\/v2\/pages\/63671"}],"wp:attachment":[{"href":"https:\/\/nefertiti-eg.com\/de\/wp-json\/wp\/v2\/media?parent=63909"}],"curies":[{"name":"wp","href":"https:\/\/api.w.org\/{rel}","templated":true}]}}