{"id":64239,"date":"2020-06-21T01:25:08","date_gmt":"2020-06-20T23:25:08","guid":{"rendered":"https:\/\/nefertiti-eg.com\/promos\/legende-des-orients-aktion\/"},"modified":"2020-09-12T18:57:11","modified_gmt":"2020-09-12T16:57:11","slug":"legend-of-the-east-promo","status":"publish","type":"page","link":"https:\/\/nefertiti-eg.com\/de\/promos\/legend-of-the-east-promo\/","title":{"rendered":"Legende des Orients &#8211; Aktion"},"content":{"rendered":"\t\t<div data-elementor-type=\"wp-page\" data-elementor-id=\"64239\" class=\"elementor elementor-64239\">\n\t\t\t\t\t\t<section class=\"elementor-section elementor-top-section elementor-element elementor-element-964b654 elementor-section-stretched elementor-section-full_width elementor-section-height-default elementor-section-height-default\" data-id=\"964b654\" data-element_type=\"section\" data-e-type=\"section\" data-settings=\"{&quot;stretch_section&quot;:&quot;section-stretched&quot;}\">\n\t\t\t\t\t\t<div class=\"elementor-container elementor-column-gap-no\">\n\t\t\t\t\t<div class=\"elementor-column elementor-col-100 elementor-top-column elementor-element elementor-element-1fc3264\" data-id=\"1fc3264\" data-element_type=\"column\" data-e-type=\"column\">\n\t\t\t<div class=\"elementor-widget-wrap elementor-element-populated\">\n\t\t\t\t\t\t<div class=\"elementor-element elementor-element-d4f1f4b elementor-widget elementor-widget-image\" data-id=\"d4f1f4b\" data-element_type=\"widget\" data-e-type=\"widget\" data-widget_type=\"image.default\">\n\t\t\t\t<div class=\"elementor-widget-container\">\n\t\t\t\t\t\t\t\t\t\t\t\t\t\t\t<img fetchpriority=\"high\" decoding=\"async\" width=\"1536\" height=\"560\" src=\"https:\/\/nefertiti-eg.com\/wp-content\/uploads\/2020\/06\/Nefertiti_Black-Seed_Legend-of-The-East_Website_Ge.jpg\" class=\"attachment-1536x1536 size-1536x1536 wp-image-64291\" alt=\"Nofretete 1000 ml Schwarzk\u00fcmmel\u00f6l + 300 ml + nat\u00fcrliche Schwarzk\u00fcmmelseife\" srcset=\"https:\/\/nefertiti-eg.com\/wp-content\/uploads\/2020\/06\/Nefertiti_Black-Seed_Legend-of-The-East_Website_Ge.jpg 1536w, https:\/\/nefertiti-eg.com\/wp-content\/uploads\/2020\/06\/Nefertiti_Black-Seed_Legend-of-The-East_Website_Ge-130x47.jpg 130w, https:\/\/nefertiti-eg.com\/wp-content\/uploads\/2020\/06\/Nefertiti_Black-Seed_Legend-of-The-East_Website_Ge-700x255.jpg 700w, https:\/\/nefertiti-eg.com\/wp-content\/uploads\/2020\/06\/Nefertiti_Black-Seed_Legend-of-The-East_Website_Ge-300x109.jpg 300w, https:\/\/nefertiti-eg.com\/wp-content\/uploads\/2020\/06\/Nefertiti_Black-Seed_Legend-of-The-East_Website_Ge-1024x373.jpg 1024w, https:\/\/nefertiti-eg.com\/wp-content\/uploads\/2020\/06\/Nefertiti_Black-Seed_Legend-of-The-East_Website_Ge-768x280.jpg 768w, https:\/\/nefertiti-eg.com\/wp-content\/uploads\/2020\/06\/Nefertiti_Black-Seed_Legend-of-The-East_Website_Ge-600x219.jpg 600w, https:\/\/nefertiti-eg.com\/wp-content\/uploads\/2020\/06\/Nefertiti_Black-Seed_Legend-of-The-East_Website_Ge-150x55.jpg 150w\" sizes=\"(max-width: 1536px) 100vw, 1536px\" title=\"\">\t\t\t\t\t\t\t\t\t\t\t\t\t\t\t<\/div>\n\t\t\t\t<\/div>\n\t\t\t\t\t<\/div>\n\t\t<\/div>\n\t\t\t\t\t<\/div>\n\t\t<\/section>\n\t\t\t\t<section class=\"elementor-section elementor-top-section elementor-element elementor-element-6ff2697 elementor-section-boxed elementor-section-height-default elementor-section-height-default\" data-id=\"6ff2697\" data-element_type=\"section\" data-e-type=\"section\">\n\t\t\t\t\t\t<div class=\"elementor-container elementor-column-gap-default\">\n\t\t\t\t\t<div class=\"elementor-column elementor-col-100 elementor-top-column elementor-element elementor-element-0580932\" data-id=\"0580932\" data-element_type=\"column\" data-e-type=\"column\">\n\t\t\t<div class=\"elementor-widget-wrap elementor-element-populated\">\n\t\t\t\t\t\t<div class=\"elementor-element elementor-element-76c7e7d elementor-widget elementor-widget-spacer\" data-id=\"76c7e7d\" data-element_type=\"widget\" data-e-type=\"widget\" data-widget_type=\"spacer.default\">\n\t\t\t\t<div class=\"elementor-widget-container\">\n\t\t\t\t\t\t\t<div class=\"elementor-spacer\">\n\t\t\t<div class=\"elementor-spacer-inner\"><\/div>\n\t\t<\/div>\n\t\t\t\t\t\t<\/div>\n\t\t\t\t<\/div>\n\t\t\t\t<div class=\"elementor-element elementor-element-1b5e98f elementor-widget elementor-widget-heading\" data-id=\"1b5e98f\" data-element_type=\"widget\" data-e-type=\"widget\" data-widget_type=\"heading.default\">\n\t\t\t\t<div class=\"elementor-widget-container\">\n\t\t\t\t\t<h1 class=\"elementor-heading-title elementor-size-default\">Legende des Orients<\/h1>\t\t\t\t<\/div>\n\t\t\t\t<\/div>\n\t\t\t\t<div class=\"elementor-element elementor-element-631fde1 elementor-widget elementor-widget-text-editor\" data-id=\"631fde1\" data-element_type=\"widget\" data-e-type=\"widget\" data-widget_type=\"text-editor.default\">\n\t\t\t\t<div class=\"elementor-widget-container\">\n\t\t\t\t\t\t\t\t\t<p style=\"text-align: center;\">Big Sale 57%!\n<span style=\"font-size: 14px;\">Bestellen Sie 1000 ml Schwarzk\u00fcmmel\u00f6l + 300 ml Flasche Schwarzk\u00fcmmel\u00f6l, f\u00fcr nur 97 $ + Gratisgeschenk: nat\u00fcrliche Schwarzk\u00fcmmelseife.\nWeltweit kostenloser Versand aus \u00c4gypten. Die Werbung ist begrenzt.<\/span><\/p>\n<p style=\"text-align: center;\"><span style=\"font-size: 14px;\">Beeilen Sie sich, um eine Bestellung aufzugeben!\n<a href=\"https:\/\/nefertiti-eg.com\/de\/shop\/natural-oils\/black-seed-oil\/\">https:\/\/nefertiti-eg.com\/de\/shop\/natural-oils\/black-seed-oil\/<\/a><\/span><\/p>\n<p style=\"text-align: center;\"><span style=\"font-size: 14px;\">GENIESSEN SIE JETZT IHRE LIEBLINGS\u00d6LE!<\/span><\/p>\n<p style=\"text-align: center;\"><span style=\"font-size: 14px;\">Diesel Aktion ist g\u00fcltig von Monat Juni bis einschlie\u00dflich Juli 2020.<\/span><span style=\"font-size: 14px;\">\n*Angebot g\u00fcltig nur f\u00fcr unseren <\/span><a style=\"font-size: 14px; background-color: #ffffff;\" href=\"https:\/\/nefertiti-eg.com\/de\/shop\/\">Online-Shop<\/a><span style=\"font-size: 14px;\">.<\/span><span style=\"font-size: 14px;\">\n**<a href=\"https:\/\/nefertiti-eg.com\/de\/promos\/\">Angebote<\/a> und <a href=\"https:\/\/nefertiti-eg.com\/de\/Shop\/offers\/\">Rabatte<\/a> sind nicht kombinierbar<\/span><\/p>\t\t\t\t\t\t\t\t<\/div>\n\t\t\t\t<\/div>\n\t\t\t\t\t<\/div>\n\t\t<\/div>\n\t\t\t\t\t<\/div>\n\t\t<\/section>\n\t\t\t\t<\/div>\n\t\t","protected":false},"excerpt":{"rendered":"<p>Legende des Orients Big Sale 57%! Bestellen Sie 1000 ml Schwarzk\u00fcmmel\u00f6l + 300 ml Flasche Schwarzk\u00fcmmel\u00f6l, f\u00fcr nur 97 $ + Gratisgeschenk: nat\u00fcrliche Schwarzk\u00fcmmelseife. Weltweit kostenloser Versand aus \u00c4gypten. Die Werbung ist begrenzt. Beeilen Sie sich, um eine Bestellung aufzugeben! https:\/\/nefertiti-eg.com\/de\/shop\/natural-oils\/black-seed-oil\/ GENIESSEN SIE JETZT IHRE LIEBLINGS\u00d6LE! Diesel Aktion ist g\u00fcltig von Monat Juni bis einschlie\u00dflich [&hellip;]<\/p>\n","protected":false},"author":5,"featured_media":0,"parent":63671,"menu_order":0,"comment_status":"closed","ping_status":"closed","template":"template-fullwidth-no-heading.php","meta":{"footnotes":""},"class_list":["post-64239","page","type-page","status-publish","hentry"],"_links":{"self":[{"href":"https:\/\/nefertiti-eg.com\/de\/wp-json\/wp\/v2\/pages\/64239","targetHints":{"allow":["GET"]}}],"collection":[{"href":"https:\/\/nefertiti-eg.com\/de\/wp-json\/wp\/v2\/pages"}],"about":[{"href":"https:\/\/nefertiti-eg.com\/de\/wp-json\/wp\/v2\/types\/page"}],"author":[{"embeddable":true,"href":"https:\/\/nefertiti-eg.com\/de\/wp-json\/wp\/v2\/users\/5"}],"replies":[{"embeddable":true,"href":"https:\/\/nefertiti-eg.com\/de\/wp-json\/wp\/v2\/comments?post=64239"}],"version-history":[{"count":0,"href":"https:\/\/nefertiti-eg.com\/de\/wp-json\/wp\/v2\/pages\/64239\/revisions"}],"up":[{"embeddable":true,"href":"https:\/\/nefertiti-eg.com\/de\/wp-json\/wp\/v2\/pages\/63671"}],"wp:attachment":[{"href":"https:\/\/nefertiti-eg.com\/de\/wp-json\/wp\/v2\/media?parent=64239"}],"curies":[{"name":"wp","href":"https:\/\/api.w.org\/{rel}","templated":true}]}}