{"id":259019,"date":"2022-09-24T14:41:32","date_gmt":"2022-09-24T12:41:32","guid":{"rendered":"https:\/\/nefertiti-eg.com\/shop\/unkategorisiert\/habibi-oil\/"},"modified":"2023-06-03T15:57:43","modified_gmt":"2023-06-03T12:57:43","slug":"habibi-oil","status":"publish","type":"product","link":"https:\/\/nefertiti-eg.com\/de\/shop\/aroma-oils\/habibi-oil\/","title":{"rendered":"Habibi"},"content":{"rendered":"<h3><b>Anwendung &amp; Wirkung<\/b><\/h3>\n<p><b><i>Kopfnoten<\/i><\/b><b>:<\/b><span style=\"font-weight: 400;\"> Jasmin, Safran<\/span><\/p>\n<p><b><i>Herznoten:<\/i><\/b><span style=\"font-weight: 400;\"> Amberholz, Ambra<\/span><\/p>\n<p><b><i>Basisnoten:<\/i><\/b><span style=\"font-weight: 400;\"> Tannen-Harz, Zeder<\/span><\/p>\n<p><span style=\"font-weight: 400;\"><br \/>\n<\/span><b>Kopfnote:<\/b><span style=\"font-weight: 400;\"> Beim Auftragen streichelt Jasmin sanft die Haut, sorgf\u00e4ltig gew\u00fcrzt durch den warmen, butter-artigen Safran, der auf der Haut schmilzt. Es ist berauschend, exotisch, erotisch&#8230;<\/span><\/p>\n<p><b>Herznote:<\/b><span style=\"font-weight: 400;\"> Sofort offenbart sich die leicht moschusartige, s\u00fc\u00dfe Ausstrahlung von Amberholz, gemildert durch das zuckerhaltige Ambergris mit einer Nuance von verbrannter Zuckerwatte. So lecker, dass es fast essbar ist. Reine Dekadenz.<\/span><\/p>\n<p><b>Basisnote:<\/b><span style=\"font-weight: 400;\"> Fast sofort zeigen sich die holzigen Basisnoten, die dem Duft eine leichte holzige Erdigkeit verleihen und ihn erden, w\u00e4hrend die Kopfnoten weiter strahlen und es dem Duft des Parf\u00fcms erm\u00f6glichen, sich in seiner vollen Pracht zu entfalten. Es ist warm und doch k\u00fchl, belebend und doch beruhigend, raffiniert und doch verspielt, einladend und doch geheimnisvoll.<\/span><\/p>\n<p><span style=\"font-weight: 400;\">Habibi ist ein Mysterium, dessen Noten so gut vermischt sind, dass es unm\u00f6glich ist, sie voneinander zu unterscheiden, da sie die perfekte Note eines Parf\u00fcms ausstrahlen. Unauff\u00e4llig genug, um es t\u00e4glich zu tragen, aber so besonders, dass Sie es f\u00fcr besondere Anl\u00e4sse aufbewahren m\u00f6chten. Der Duft f\u00fcr alle Gelegenheiten und alle Jahreszeiten. Es hat den unverwechselbaren Duft von Klasse und Raffinesse, kombiniert mit roher Sinnlichkeit und koketter Verspieltheit. Es ist ein R\u00e4tsel. Verspr\u00fchen Sie Geheimnisse und lassen Sie andere in Ihrem Bann ziehen.<\/span><\/p>\n<h3><b>Anwendung von Nefertiti-Aromamischungen<\/b><\/h3>\n<p><span style=\"font-weight: 400;\">Parf\u00fcmherstellung mit Aroma\u00f6lmischungen<\/span><\/p>\n<p><span style=\"font-weight: 400;\">Unsere Nefertiti Aroma-Mischungen bieten die beste Grundlage f\u00fcr die Herstellung Ihres eigenen, ma\u00dfgeschneiderten Parf\u00fcms.<\/span><\/p>\n<p><span style=\"font-weight: 400;\">Mischen Sie das Nefertiti-Aroma\u00f6l Ihrer Wahl mit 96 % Alkohol im Verh\u00e4ltnis 1:1, um Ihr Lieblingsparf\u00fcm zu kreieren.<\/span><\/p>\n<p><span style=\"font-weight: 400;\">Wenn Sie Ihren Lieblingsduft in reiner Form verwenden, tragen Sie ihn nur in kleinen Mengen auf. Nur ein kleiner Tropfen reicht aus, um ihn \u00e4u\u00dferlich mit dem Finger aufzutragen, beispielsweise hinter dem Ohr einreiben.<\/span><\/p>\n<p><span style=\"font-weight: 400;\">Tragen Sie Aromamischungen niemals unverd\u00fcnnt auf Kleidung auf, da das reine \u00d6l Flecken verursachen kann!<\/span><\/p>\n<h3><b>Andere Anwendungen<\/b><\/h3>\n<p><b><i>Aromatherapie mit Aroma Blend:<\/i><\/b><span style=\"font-weight: 400;\"> Geben Sie ein paar Tropfen der Aroma Blend in einen Diffusor.<\/span><\/p>\n<p><b><i>Raumerfrischung mit Aroma Blend:<\/i><\/b><span style=\"font-weight: 400;\"> Aroma\u00f6lmischung 1:2 (1) mit destilliertem Wasser (2) mischen.<\/span><\/p>\n<p><b><i>Badezusatz mit Aroma Blend:<\/i><\/b><span style=\"font-weight: 400;\"> Umh\u00fcllen Sie sich ganz mit Ihrem Lieblingsduft! Geben Sie ein paar Tropfen der Aromamischung Ihrer Wahl in Ihr Badewasser.<\/span><\/p>\n<h3><b>Wussten Sie?<\/b><\/h3>\n<p><span style=\"font-weight: 400;\">\u00c4gypten ist der Hauptlieferant von Aroma\u00f6len f\u00fcr alle bekannten Parf\u00fcm Marken weltweit.<\/span><\/p>\n<p><span style=\"font-weight: 400;\">Nefertiti-Aromamischungen werden aus den Essenzen von Blumen und Kr\u00e4utern gewonnen, die unter dem Einfluss der \u00e4gyptischen Sonne in unserem landwirtschaftlichen Gebiet in Fayum wachsen. Diese Aroma\u00f6le werden durch Kaltpressung oder Destillation der Ernte in unserer eigenen Fabrik in Fayum, \u00c4gypten, gewonnen und dort abgef\u00fcllt. <\/span><span style=\"font-weight: 400;\"><br \/>\n<\/span><span style=\"font-weight: 400;\">Unsere landwirtschaftlichen Produkte sind daher von 100 % h\u00f6chster Qualit\u00e4t und bilden die gesunde Basis f\u00fcr ein hervorragendes Endprodukt.\u00a0<\/span><\/p>\n<p><span style=\"font-weight: 400;\">Nefertiti-Aromamischungen eignen sich zur Verwendung in der Aromatherapie und zur Herstellung feiner Parfums.<\/span><\/p>\n","protected":false},"excerpt":{"rendered":"<p><b>Duftnote:<\/b><span style=\"font-weight: 400;\"> Frisch blumig und holzig<\/span><\/p>\n<p><span style=\"font-weight: 400;\">Habibi ist nicht nur ein Duft, es ist ein olfaktorisches Meisterwerk. Es geht nicht um die Noten, sondern um die Facetten, die sich so m\u00fchelos verbinden und den Tr\u00e4ger in eine Wolke der Sinnlichkeit einh\u00fcllen. Eine Liebkosung des Ozeans, luftige Blumen und ein wogender Wald verbinden sich mit zeitloser Eleganz mit einem zeitgen\u00f6ssischen Touch. Komplex und einzigartig und doch t\u00e4uschend einfach, einmal getragen und nie vergessen.<\/span><\/p>\n","protected":false},"featured_media":275399,"comment_status":"open","ping_status":"closed","template":"","meta":[],"product_brand":[],"product_cat":[170],"product_tag":[],"class_list":{"0":"post-259019","1":"product","2":"type-product","3":"status-publish","4":"has-post-thumbnail","6":"product_cat-aroma-oils","7":"pa_bottle-size-1000-ml-de-2","8":"pa_bottle-size-125-ml-de","9":"pa_bottle-size-250-ml","10":"pa_bottle-size-50-ml","11":"pa_bottle-size-500-ml","13":"first","14":"instock","15":"sale","16":"shipping-taxable","17":"purchasable","18":"product-type-variable","19":"has-default-attributes"},"_links":{"self":[{"href":"https:\/\/nefertiti-eg.com\/de\/wp-json\/wp\/v2\/product\/259019","targetHints":{"allow":["GET"]}}],"collection":[{"href":"https:\/\/nefertiti-eg.com\/de\/wp-json\/wp\/v2\/product"}],"about":[{"href":"https:\/\/nefertiti-eg.com\/de\/wp-json\/wp\/v2\/types\/product"}],"replies":[{"embeddable":true,"href":"https:\/\/nefertiti-eg.com\/de\/wp-json\/wp\/v2\/comments?post=259019"}],"wp:featuredmedia":[{"embeddable":true,"href":"https:\/\/nefertiti-eg.com\/de\/wp-json\/wp\/v2\/media\/275399"}],"wp:attachment":[{"href":"https:\/\/nefertiti-eg.com\/de\/wp-json\/wp\/v2\/media?parent=259019"}],"wp:term":[{"taxonomy":"product_brand","embeddable":true,"href":"https:\/\/nefertiti-eg.com\/de\/wp-json\/wp\/v2\/product_brand?post=259019"},{"taxonomy":"product_cat","embeddable":true,"href":"https:\/\/nefertiti-eg.com\/de\/wp-json\/wp\/v2\/product_cat?post=259019"},{"taxonomy":"product_tag","embeddable":true,"href":"https:\/\/nefertiti-eg.com\/de\/wp-json\/wp\/v2\/product_tag?post=259019"}],"curies":[{"name":"wp","href":"https:\/\/api.w.org\/{rel}","templated":true}]}}