{"id":53581,"date":"2019-05-25T21:59:41","date_gmt":"2019-05-25T19:59:41","guid":{"rendered":"https:\/\/wordpress-237795-1094026.cloudwaysapps.com\/shop\/unkategorisiert\/castor-seeds-oil\/"},"modified":"2021-07-05T12:46:49","modified_gmt":"2021-07-05T10:46:49","slug":"castor-seeds-oil","status":"publish","type":"product","link":"https:\/\/nefertiti-eg.com\/de\/shop\/natural-hair-care-de\/castor-seeds-oil\/","title":{"rendered":"Rizinus\u00f6l"},"content":{"rendered":"<h3><b>Verwendung von Rizinus\u00f6l<\/b><\/h3>\n<p><span style=\"font-weight: 400;\">Reines Rizinus\u00f6l kann als Abf\u00fchrmittel zur Darmreinigung verwendet werden (1-2 Essl\u00f6ffel, der Effekt tritt nach 2 bis 6<\/span><span style=\"font-weight: 400;\"> Stunden auf) und wird h\u00e4ufig zur Vorreinigung vor der Operation oder Darmuntersuchung verwendet. Es hilft bei Verstopfung (nicht empfohlen bei chronischer Verstopfung), Enterokolitis und entz\u00fcndetem Dickdarm.<\/span><span style=\"font-weight: 400;\"><br \/>\n<\/span><span style=\"font-weight: 400;\">In die Haut eingerieben und absorbiert, beseitigt Rizinus\u00f6l Gelenkschmerzen und stellt die Beweglichkeit wieder her. Kompressen mit Rizinus\u00f6l helfen bei einer Vielzahl von <\/span><span style=\"font-weight: 400;\">Beschwerden <\/span><span style=\"font-weight: 400;\">(Steifheit, R\u00fcckenverletzungen, Gelenkerkrankungen, Wirbels\u00e4ulendeformit\u00e4t). Rizinus<\/span><span style=\"font-weight: 400;\">\u00f6l eignet sich hervorragend zum Aufweichen de<\/span><span style=\"font-weight: 400;\">r durch Psoriasis entstandenen Hornhaut.<\/span><\/p>\n<h3><b>Rizinus\u00f6l &#8211; Eigenschaften<\/b><\/h3>\n<p><span style=\"font-weight: 400;\">\u00c4u\u00dferlich wird Rizinus\u00f6l zur Behandlung von Zervixerosion, H\u00e4morrhoiden und Analfissuren eingesetzt. Aufgrun<\/span><span style=\"font-weight: 400;\">d seiner leicht w\u00e4rmenden Eige<\/span><span style=\"font-weight: 400;\">nschaften wird Rizinus\u00f6l zur komplexen Behandlung von Gelenken (reduziert Gelenkschwellungen) und Blutgef\u00e4\u00dferkrankungen eingesetzt. Rizinus\u00f6l zieht tief und gut in die Haut ein und lindert so Gelenkschmerzen, stellt die Flexibilit\u00e4t wieder her und verbessert die Bewegungsqualit\u00e4t. Kaltgepresstes n<\/span><span style=\"font-weight: 400;\">at\u00fcrliches Rizinus\u00f6l wird auch zur Behandlung <\/span><span style=\"font-weight: 400;\">verschiedenen Krankheiten (Muskelsteifheit, R\u00fcckenverletzungen, Gelenkerkrankungen, Wirbels\u00e4ulendeformit\u00e4ten) verwendet.<\/span><\/p>\n<h3><b>Rizinus\u00f6l <\/b><b>f\u00fcr Darmrei<\/b><b>nigung<\/b><\/h3>\n<p><span style=\"font-weight: 400;\">Nat\u00fcrliches Rizinus\u00f6l ist als Abf\u00fchrmittel wirksam und wirkt direkt auf den D\u00fcnndarm, der manchmal auch in der Medizin vor einer inneren Operation verwendet wird, da es den Darm schnell und effektiv reinigt.<\/span><\/p>\n<h3><b>Reines Rizinus\u00f6l f\u00fcr die Haut<\/b><\/h3>\n<p><span style=\"font-weight: 400;\">Rizinus\u00f6l eignet sich hervorragend zum Erweichen der gesch\u00e4digten <\/span><span style=\"font-weight: 400;\">Hornhaut <\/span><span style=\"font-weight: 400;\">und zur Pflege der Haut von Beinen, Kn<\/span><span style=\"font-weight: 400;\">ien und Ellbogen, oder Haut, die von Psoriasis betroffen ist.<\/span><span style=\"font-weight: 400;\"> F\u00fcr die Gesundheit der Haut wird die lokale Anwendung von Rizinus\u00f6l empfohlen, die bei verschiedenen Hautstellen n\u00fctzlich ist Erkrankungen: Keratose, Dermatose, Heilung kleiner Wunden, Akne, Ringwurm, Warzen und andere Hautinfektionen sowie Talg Zysten. Die in Rizinus\u00f6l enthaltene Rizinols\u00e4ure verbessert die Hautabsorption anderer n\u00fctzlicher Inhaltsstoffe. Rizinus\u00f6l hilft bei der Behandlung von eitriger Akne und Hautinfektionen und verhindert die Bildung von Narben.<\/span><\/p>\n<h3><b>Reines Rizinus\u00f6l f\u00fcr die Haare<\/b><\/h3>\n<p><span style=\"font-weight: 400;\">Rizinus\u00f6l hat viele heilende und anregende Eigenschaften, die es als ausgezeichnete Wahl f\u00fcr die Pflege von sch\u00f6nem und gesundem Haar definieren, auch Augenbrauen und Wimpern n\u00e4hren und deren Wachstum stimulieren. Haarmasken mit Rizinus\u00f6l machen das Haar weich und gl\u00e4nzend, verhindern Haarausfall, stellen die Haarstruktur wieder her, stimulieren das Haarwachstum und beugen vorzeitigem grauem Haar vor.<\/span><\/p>\n","protected":false},"excerpt":{"rendered":"<p><b>Marke: <\/b><span style=\"font-weight: 400;\">Nefertiti for natural oils and herbs<br \/>\n<\/span><b>Herkunftsland: <\/b><span style=\"font-weight: 400;\">\u00c4gypten<br \/>\n<\/span><b>Botanischer Name<\/b><span style=\"font-weight: 400;\">: Ricinus Communis L.<\/span><span style=\"font-weight: 400;\"><br \/>\n<\/span><b>Familie<\/b><span style=\"font-weight: 400;\">: Wolfsmilchgew\u00e4chse, Euphorbiacae<\/span><span style=\"font-weight: 400;\"><br \/>\n<\/span><b>INCI<\/b><span style=\"font-weight: 400;\">: <\/span><span style=\"font-weight: 400;\">Ricinus communis Samen\u00f6l<\/span><span style=\"font-weight: 400;\"><br \/>\n<\/span><b>Synonyme<\/b><span style=\"font-weight: 400;\">: Rizinus, \u062e\u0631\u0648\u0639 Castor, \u043a\u043b\u0435\u0449\u0435\u0432\u0438\u043d\u0430, \u0440\u0438\u0446\u0438\u043d\u0430, rotellea, \u84d6\u9ebb<\/span><span style=\"font-weight: 400;\"><br \/>\n<\/span><b>Verwendete Teile<\/b><span style=\"font-weight: 400;\">: Bohnen<\/span><span style=\"font-weight: 400;\"><br \/>\n<\/span><b>Extraktionsmethode<\/b><span style=\"font-weight: 400;\">: kaltgepresst<\/span><span style=\"font-weight: 400;\"><br \/>\n<\/span><b>Duft<\/b><span style=\"font-weight: 400;\">: Deutlicher Geschmack und Geruch<\/span><span style=\"font-weight: 400;\"><br \/>\n<\/span><b>Aussehen<\/b><span style=\"font-weight: 400;\">: hellgelb<\/span><span style=\"font-weight: 400;\"><br \/>\n<\/span><b>Physikalischer Zustand<\/b><span style=\"font-weight: 400;\">: Fl\u00fcssigkeit<\/span><span style=\"font-weight: 400;\"><br \/>\n<\/span><b>Nat\u00fcrlich<\/b><span style=\"font-weight: 400;\">: ja<\/span><span style=\"font-weight: 400;\"><br \/>\n<\/span><b>Reinheit<\/b><span style=\"font-weight: 400;\">: 100 % rein<\/span><span style=\"font-weight: 400;\"><br \/>\n<\/span><b>Zertifikate: <\/b><span style=\"font-weight: 400;\">ISO, COA &amp; MSDS<\/span><span style=\"font-weight: 400;\"><br \/>\n<\/span><b>Inhaltsstoffe<\/b><span style=\"font-weight: 400;\">: Ricinol-, Linol-, Palmitin- und Stearin \u00d6l, Arachin-, Eisosen- und Alpha Linolens\u00e4ure<\/span><span style=\"font-weight: 400;\"><br \/>\n<\/span><b>Versand: <\/b><span style=\"font-weight: 400;\">Berechnet an der Kasse<\/span><\/p>\n","protected":false},"featured_media":55190,"comment_status":"open","ping_status":"closed","template":"","meta":[],"product_brand":[],"product_cat":[686,185],"product_tag":[],"class_list":{"0":"post-53581","1":"product","2":"type-product","3":"status-publish","4":"has-post-thumbnail","6":"product_cat-natural-hair-care-de","7":"product_cat-natural-oils","8":"pa_bottle-size-200-ml-de-2","9":"pa_bottle-size-300-ml-de","10":"pa_bottle-size-500-ml","12":"first","13":"outofstock","14":"shipping-taxable","15":"purchasable","16":"product-type-variable","17":"has-default-attributes"},"_links":{"self":[{"href":"https:\/\/nefertiti-eg.com\/de\/wp-json\/wp\/v2\/product\/53581","targetHints":{"allow":["GET"]}}],"collection":[{"href":"https:\/\/nefertiti-eg.com\/de\/wp-json\/wp\/v2\/product"}],"about":[{"href":"https:\/\/nefertiti-eg.com\/de\/wp-json\/wp\/v2\/types\/product"}],"replies":[{"embeddable":true,"href":"https:\/\/nefertiti-eg.com\/de\/wp-json\/wp\/v2\/comments?post=53581"}],"wp:featuredmedia":[{"embeddable":true,"href":"https:\/\/nefertiti-eg.com\/de\/wp-json\/wp\/v2\/media\/55190"}],"wp:attachment":[{"href":"https:\/\/nefertiti-eg.com\/de\/wp-json\/wp\/v2\/media?parent=53581"}],"wp:term":[{"taxonomy":"product_brand","embeddable":true,"href":"https:\/\/nefertiti-eg.com\/de\/wp-json\/wp\/v2\/product_brand?post=53581"},{"taxonomy":"product_cat","embeddable":true,"href":"https:\/\/nefertiti-eg.com\/de\/wp-json\/wp\/v2\/product_cat?post=53581"},{"taxonomy":"product_tag","embeddable":true,"href":"https:\/\/nefertiti-eg.com\/de\/wp-json\/wp\/v2\/product_tag?post=53581"}],"curies":[{"name":"wp","href":"https:\/\/api.w.org\/{rel}","templated":true}]}}