{"id":53709,"date":"2015-06-24T16:31:14","date_gmt":"2015-06-24T14:31:14","guid":{"rendered":"https:\/\/wordpress-237795-1094026.cloudwaysapps.com\/shop\/unkategorisiert\/lupine-oil\/"},"modified":"2023-01-09T15:53:30","modified_gmt":"2023-01-09T13:53:30","slug":"lupine-oil","status":"publish","type":"product","link":"https:\/\/nefertiti-eg.com\/de\/shop\/essential-oils\/lupine-oil\/","title":{"rendered":"Lupinen\u00f6l"},"content":{"rendered":"<h3><b>Vorteile von Lupine Samen\u00f6l\u00a0<\/b><\/h3>\n<p><span style=\"font-weight: 400;\">Die vorteilhaften Eigenschaften von Lupine Samen\u00f6l beruhen auf dem hohen Gehalt an leicht verdaulichen Proteinen, Eisen, Peptiden, Vitaminen A, PP, E. Lupine Samen\u00f6l ist ein starkes Antioxidans, dass die Immunprozesse im K\u00f6rper aktivieren kann. Es kann die Entwicklung von b\u00f6sartigen Tumoren verhindern und stoppen und es lindert Entz\u00fcndungen.<\/span><\/p>\n<h3><b>Eigenschaften und Verwendung von \u00e4therischen Lupine Samen\u00f6l<\/b><\/h3>\n<p><span style=\"font-weight: 400;\">Verschiedene Studien zeigen die Wirksamkeit von \u00e4therischem Lupine Samen\u00f6l bei kosmetischen Anwendungen. <\/span><span style=\"font-weight: 400;\">Als Hauptwirkstoff wird Lupine Samen\u00f6l in vielen Kosmetikmischungen verwendet, als Antioxidationsmittel, Anti-Aging, Hautschutzprodukte gegen die sch\u00e4dlichen Wirkungen freier Radikale sowie UV-Schutzprodukte.<\/span><\/p>\n<h3><b>Lupine Samen\u00f6l f\u00fcr das Gesicht<\/b><\/h3>\n<p><span style=\"font-weight: 400;\">Das unverd\u00fcnnte nat\u00fcrliche Lupine Samen\u00f6l hellt die Haut auf und hilft auch, Sommersprossen und Altersflecken zu entfernen. Lupine Samen\u00f6l wird als Nachtmaske f\u00fcr Gesicht, Hals, Dekollet\u00e9 und H\u00e4nde empfohlen. Wenn Lupine Samen\u00f6l zu gleichen Teilen mit Jojoba\u00f6l oder nat\u00fcrlichem Mandel\u00f6l gemischt wird, lindert es gereizte Haut, gl\u00e4ttet Falten und spendet Feuchtigkeit.<\/span><\/p>\n<p><span style=\"font-weight: 400;\">Lupine Samen\u00f6l ist eine wirksame Anti-Aging-Hautpflege, die eine starke gl\u00e4ttende und straffende Wirkung auf vorhandene Falten hat. Es hat antioxidative Eigenschaften und hilft, die Jugendlichkeit und Elastizit\u00e4t der Haut zu erhalten. Das \u00d6l macht den Hautton gesund und wird sogar verwendet, um die Hautfarbe zu verbessern und seine ungesunde Mattheit loszuwerden. Bei regelm\u00e4\u00dfiger Anwendung von Lupine Samen\u00f6l wird die Haut samtig und matt, insbesondere bei fettigem Hauttyp. Auch f\u00fcr trockene Hauttypen geeignet, hat es keine trocknende Wirkung, sondern mattiert nur.<\/span><\/p>\n<h3><b>Lupine Samen\u00f6l f\u00fcr die Haut<\/b><\/h3>\n<p><span style=\"font-weight: 400;\">Lupine Samen\u00f6l f\u00f6rdert die schnelle Heilung von Schnitten und Wunden, lindert Entz\u00fcndungen der Haut, hilft bei der Entfernung von Akne-Spuren, gleicht die Hautoberfl\u00e4che aus und verhindert deren Austrocknung. Nach der Verwendung von Lupine Samen\u00f6l ist die Haut mit Wirkstoffen ges\u00e4ttigt, perfekt mit Feuchtigkeit versorgt und vor sch\u00e4dlichen \u00e4u\u00dferen Faktoren und aggressiven Elementen gesch\u00fctzt.<\/span><\/p>\n<h3><b>\u00c4therisches Lupine Samen\u00f6l f\u00fcr das Haar<\/b><\/h3>\n<p><span style=\"font-weight: 400;\">Nat\u00fcrliches Lupine Samen\u00f6l enth\u00e4lt alle essentiellen N\u00e4hrstoffe, um ein gesundes Haarwachstum zu stimulieren. Lupine Samen\u00f6l verbessert die Durchblutung und den Stoffwechsel in den Zellen der Haarfollikel, beschleunigt die Erneuerung lebenswichtiger Funktionen und startet den Regenerationsprozess. Gleichzeitig weist es feuchtigkeitsspendende, pflegende und entz\u00fcndungshemmende Eigenschaften auf, beugt Trockenheit vor, unterst\u00fctzt die normale Funktion der Haarfollikel und verj\u00fcngt die Kopfhaut. Das \u00d6l stimuliert das Haarwachstum, reduziert den Haarausfall und erh\u00f6ht die Dicke des Haaransatzes erheblich. Das Haar wird \u00fcber seine gesamte L\u00e4nge wiederhergestellt und handlicher, volumin\u00f6ser und gl\u00e4nzender.<\/span><\/p>\n","protected":false},"excerpt":{"rendered":"<p><b>Marke<\/b><span style=\"font-weight: 400;\">: Nefertiti for natural Oils and herbs<\/span><span style=\"font-weight: 400;\"><br \/>\n<\/span><b>Herkunftsland<\/b><span style=\"font-weight: 400;\">: Mittelmeerraum, Andengebirge, \u00c4gypten<\/span><span style=\"font-weight: 400;\"><br \/>\n<\/span><b>Botanischer Name<\/b><span style=\"font-weight: 400;\">: Lupinus albus L.<\/span><span style=\"font-weight: 400;\"><br \/>\n<\/span><b>Familie<\/b><span style=\"font-weight: 400;\">: Fabaceae<\/span><span style=\"font-weight: 400;\"><br \/>\n<\/span><b>INCI<\/b><span style=\"font-weight: 400;\">: Lupinus Albus Samen\u00f6l<\/span><span style=\"font-weight: 400;\"><br \/>\n<\/span><b>Algemeine Namen<\/b><span style=\"font-weight: 400;\">: Tarwi, Chocho, Lupinus mutabilis, Lupinus jaimehintoniana, Bluebonnets, Qu\u00e4kerhauben, \u0627\u0644\u062a\u0631\u0645\u0633<\/span><span style=\"font-weight: 400;\"><br \/>\n<\/span><b>Verwendete Teile<\/b><span style=\"font-weight: 400;\">: Samen<\/span><span style=\"font-weight: 400;\"><br \/>\n<\/span><b>Extraktionsmethode<\/b><span style=\"font-weight: 400;\">: kaltgepresst<\/span><span style=\"font-weight: 400;\"><br \/>\n<\/span><b>Duft<\/b><span style=\"font-weight: 400;\">: Schwach erdig<\/span><span style=\"font-weight: 400;\"><br \/>\n<\/span><b>Aussehen<\/b><span style=\"font-weight: 400;\">: Gelblich-golden<\/span><span style=\"font-weight: 400;\"><br \/>\n<\/span><b>Physikalischer Zustand<\/b><span style=\"font-weight: 400;\">: Fl\u00fcssigkeit<\/span><span style=\"font-weight: 400;\"><br \/>\n<\/span><b>Nat\u00fcrlich<\/b><span style=\"font-weight: 400;\">: Ja<\/span><span style=\"font-weight: 400;\"><br \/>\n<\/span><b>Reinheit<\/b><span style=\"font-weight: 400;\">: 100 % rein<\/span><span style=\"font-weight: 400;\"><br \/>\n<\/span><b>Zertifiziert<\/b><span style=\"font-weight: 400;\">: ISO, COA &amp; MSDS<\/span><span style=\"font-weight: 400;\"><br \/>\n<\/span><b>Versand<\/b><span style=\"font-weight: 400;\">: Wird an der Kasse berechnet<\/span><\/p>\n","protected":false},"featured_media":274981,"comment_status":"open","ping_status":"closed","template":"","meta":[],"product_brand":[],"product_cat":[173,1123],"product_tag":[],"class_list":{"0":"post-53709","1":"product","2":"type-product","3":"status-publish","4":"has-post-thumbnail","6":"product_cat-essential-oils","7":"product_cat-natural-skin-care-de","8":"pa_bottle-size-11-1000-ml-de","9":"pa_bottle-size-11-500-ml-de","10":"pa_bottle-size-1000-ml-de-2","11":"pa_bottle-size-125-ml-de","12":"pa_bottle-size-500-ml","13":"pa_bottle-size-60-ml","15":"first","16":"instock","17":"sale","18":"shipping-taxable","19":"purchasable","20":"product-type-variable","21":"has-default-attributes"},"_links":{"self":[{"href":"https:\/\/nefertiti-eg.com\/de\/wp-json\/wp\/v2\/product\/53709","targetHints":{"allow":["GET"]}}],"collection":[{"href":"https:\/\/nefertiti-eg.com\/de\/wp-json\/wp\/v2\/product"}],"about":[{"href":"https:\/\/nefertiti-eg.com\/de\/wp-json\/wp\/v2\/types\/product"}],"replies":[{"embeddable":true,"href":"https:\/\/nefertiti-eg.com\/de\/wp-json\/wp\/v2\/comments?post=53709"}],"wp:featuredmedia":[{"embeddable":true,"href":"https:\/\/nefertiti-eg.com\/de\/wp-json\/wp\/v2\/media\/274981"}],"wp:attachment":[{"href":"https:\/\/nefertiti-eg.com\/de\/wp-json\/wp\/v2\/media?parent=53709"}],"wp:term":[{"taxonomy":"product_brand","embeddable":true,"href":"https:\/\/nefertiti-eg.com\/de\/wp-json\/wp\/v2\/product_brand?post=53709"},{"taxonomy":"product_cat","embeddable":true,"href":"https:\/\/nefertiti-eg.com\/de\/wp-json\/wp\/v2\/product_cat?post=53709"},{"taxonomy":"product_tag","embeddable":true,"href":"https:\/\/nefertiti-eg.com\/de\/wp-json\/wp\/v2\/product_tag?post=53709"}],"curies":[{"name":"wp","href":"https:\/\/api.w.org\/{rel}","templated":true}]}}