{"id":53721,"date":"2019-05-24T21:25:22","date_gmt":"2019-05-24T19:25:22","guid":{"rendered":"https:\/\/wordpress-237795-1094026.cloudwaysapps.com\/shop\/unkategorisiert\/rucola-seed-oil\/"},"modified":"2023-01-09T15:54:05","modified_gmt":"2023-01-09T13:54:05","slug":"rucola-seed-oil","status":"publish","type":"product","link":"https:\/\/nefertiti-eg.com\/de\/shop\/natural-health-care-de\/rucola-seed-oil\/","title":{"rendered":"Rucolasamen\u00f6l"},"content":{"rendered":"<h3><b>Nat\u00fcrliches Rucola-Samen\u00f6l f\u00fcr M\u00e4nner<\/b><\/h3>\n<p><span style=\"font-weight: 400;\">Ein alt\u00e4gyptisches Mittel zur Steigerung der m\u00e4nnlichen Potenz, das in unserer Zeit erfolgreich zur Vorbeugung und Behandlung von erektiler Dysfunktion eingesetzt wird. Erh\u00f6ht die m\u00e4nnliche Potenz, erh\u00f6ht und verl\u00e4ngert die Empfindlichkeit und Empfindungen im intimen Leben, h\u00e4lt den m\u00e4nnlichen K\u00f6rper energiereich und in guter Form.<\/span><\/p>\n<h3><b>Rucola-Samen\u00f6l &#8211; Zusammensetzung<\/b><\/h3>\n<p><span style=\"font-weight: 400;\">Nat\u00fcrliches kaltgepresstes Rucola-Samen\u00f6l enth\u00e4lt Carotinoide (Pro-Vitamine der Gruppe A), Retinol, Ascorbins\u00e4ure, Vitamine der Gruppen B, E, K, PP, Natrium, Eisen, Kupfer, Mangan, Kalium, Calcium, Fluor, Selen, Zink, Magnesium, Fetts\u00e4uren, Antioxidantien.<\/span><\/p>\n<h3><b>Nat\u00fcrliches Rucola-Samen\u00f6l f\u00fcr Bewegungsfreiheit<\/b><\/h3>\n<p><span style=\"font-weight: 400;\">Rucola-Samen\u00f6l ist reich an Kalium. Es hilft, das Gleichgewicht der Gelenkfl\u00fcssigkeit zu normalisieren, verbessert die Beweglichkeit der Gelenke und hilft, das Knorpelgewebe wiederherzustellen und zu st\u00e4rken.<\/span><\/p>\n<h3><b>Nat\u00fcrliches Rucola-Samen\u00f6l: Nutzen f\u00fcr die Gesundheit<\/b><\/h3>\n<p><span style=\"font-weight: 400;\">Der in nat\u00fcrlichem Rucola-Samen\u00f6l enthaltene Vitamin B-Komplex st\u00e4rkt das Nervensystem und erh\u00e4lt den Muskeltonus. Ein ausgewogenes Spektrum an Spurenelementen verbessert den Salzstoffwechsel und den Fl\u00fcssigkeitshaushalt, verlangsamt somit die Ansammlung von Salzen im K\u00f6rper und senkt den Gehalt an schlechtem Cholesterin, f\u00f6rdert die Beseitigung von Toxinen, verbessert den Zustand von Haut, Haaren, N\u00e4geln und aktiviert alle Arten des Stoffwechsels &#8211; Wassersalz, Lipid, Kohlenhydrate. Aufgrund des Gehalts an Jod und Flavonoiden st\u00e4rkt es die W\u00e4nde der Blutgef\u00e4\u00dfe und wird h\u00e4ufig bei ven\u00f6ser Insuffizienz und hohem Blutdruck eingesetzt. Erh\u00f6ht den H\u00e4moglobin Spiegel im Blut, was zur Vorbeugung von An\u00e4mie hilfreich ist.<\/span><\/p>\n<h3><b>Nat\u00fcrliches Rucola-Same<\/b><b>n\u00f6l und Stoffwechsel<\/b><\/h3>\n<p><span style=\"font-weight: 400;\">Rucola-Samen\u00f6l f\u00f6rdert den Gewichtsverlust und wird in verschiedenen Di\u00e4tprogrammen verwendet. Die positive Wirkung auf den Stoffwechsel f\u00f6rdert die Verdauung und beseitigt sanft die Darmverstopfung. Nat\u00fcrliches Rucola-Samen\u00f6l enth\u00e4lt auch Jod und wird zur Vorbeugung von Schilddr\u00fcsenerkrankungen eingesetzt.<\/span><\/p>\n<h3><b>Nat\u00fcrliches Rucola-Samen\u00f6l f\u00fcr das Haar<\/b><\/h3>\n<p><span style=\"font-weight: 400;\">Rucola-Samen\u00f6l ist ein ausgezeichnetes Mittel gegen Haarausfall. Bei regelm\u00e4\u00dfiger Anwendung st\u00e4rkt und pflegt es die Haarfollikel. Dar\u00fcber hinaus beseitigt es spr\u00f6des Haar, spendet Feuchtigkeit und macht es elastisch. F\u00fcr beste Ergebnisse wird die interne und externe Verwendung von Rucola-Samen\u00f6l empfohlen.<\/span><\/p>\n<h3><b>Nat\u00fcrliches Rucola-Samen\u00f6l w\u00e4hrend der Schwangerschaft<\/b><\/h3>\n<p><span style=\"font-weight: 400;\">Das \u00d6l ist aufgrund der hohen Konzentration an Wasser und fettl\u00f6slichen Vitaminen, Kalzium und Eisen f\u00fcr schwangere und stillende M\u00fctter n\u00fctzlich. Es hilft, den K\u00f6rper einer Frau w\u00e4hrend einer Zeit hormonellen Stresses mit allen notwendigen Phyto-N\u00e4hrstoffen zu s\u00e4ttigen und aktiviert die Prozesse der Synthese von Muttermilch.<\/span><\/p>\n","protected":false},"excerpt":{"rendered":"<p><strong>Marke:<\/strong> Nefertiti for natural oils and herbs<b><br \/>\n<\/b><span style=\"font-weight: 400;\"><strong>Herkunftsland:<\/strong> \u00c4gypten<\/span><b><br \/>\n<\/b><b>Botanischer Name:<\/b><span style=\"font-weight: 400;\"> Eruca Sativa<\/span><span style=\"font-weight: 400;\"><br \/>\n<\/span><b>Familie<\/b><span style=\"font-weight: 400;\">: Brassicaceae<\/span><span style=\"font-weight: 400;\"><br \/>\n<\/span><b>INCI<\/b><span style=\"font-weight: 400;\">: Eruca Sativa (Rucola Samen) \u00d6l<\/span><b><br \/>\n<\/b><b>Synonyme<\/b><span style=\"font-weight: 400;\">: Rucola, \u062c\u0631\u062c\u064a\u0631, Rukola, \u0420\u0443\u043a\u043a\u043e\u043b\u0430, \u0420\u0443\u043a\u043e\u043b\u0430, \u9c81\u79d1\u62c9<\/span><span style=\"font-weight: 400;\"><br \/>\n<\/span><b>Verwendete Teile<\/b><span style=\"font-weight: 400;\">: Samen<\/span><span style=\"font-weight: 400;\"><br \/>\n<\/span><b>Extraktionsmethode<\/b><span style=\"font-weight: 400;\">: Kaltgepresst<\/span><span style=\"font-weight: 400;\"><br \/>\n<\/span><b>Duft<\/b><span style=\"font-weight: 400;\">: leicht erdig<\/span><span style=\"font-weight: 400;\"><br \/>\n<\/span><b>Aussehen<\/b><span style=\"font-weight: 400;\">: hellgelb bis gr\u00fcn<\/span><span style=\"font-weight: 400;\"><br \/>\n<\/span><b>Physikalischer Zustand<\/b><span style=\"font-weight: 400;\">: Fl\u00fcssigkeit<\/span><span style=\"font-weight: 400;\"><br \/>\n<\/span><b>Nat\u00fcrlich<\/b><span style=\"font-weight: 400;\">: Ja<\/span><span style=\"font-weight: 400;\"><br \/>\n<\/span><b>Reinheit<\/b><span style=\"font-weight: 400;\">: 100 % rein<\/span><span style=\"font-weight: 400;\"><br \/>\n<\/span><b>Zertifikate: <\/b><span style=\"font-weight: 400;\">ISO, COA &amp; MSDS<\/span><span style=\"font-weight: 400;\"><br \/>\n<\/span><b>Komposition:<\/b><span style=\"font-weight: 400;\"> Vitamine A, B, E und K. Mineralien: Kalzium, Eisen, Zink, Kalium und Phosphor<\/span><\/p>\n","protected":false},"featured_media":275158,"comment_status":"open","ping_status":"closed","template":"","meta":[],"product_brand":[],"product_cat":[688,686,185],"product_tag":[],"class_list":{"0":"post-53721","1":"product","2":"type-product","3":"status-publish","4":"has-post-thumbnail","6":"product_cat-natural-health-care-de","7":"product_cat-natural-hair-care-de","8":"product_cat-natural-oils","9":"pa_bottle-size-11-1000-ml-de","10":"pa_bottle-size-11-300-ml-de","11":"pa_bottle-size-11-500-ml-de","12":"pa_bottle-size-1000-ml-de-2","13":"pa_bottle-size-125-ml-de","14":"pa_bottle-size-200-ml-de-2","15":"pa_bottle-size-300-ml-de","16":"pa_bottle-size-500-ml","18":"first","19":"instock","20":"sale","21":"shipping-taxable","22":"purchasable","23":"product-type-variable","24":"has-default-attributes"},"_links":{"self":[{"href":"https:\/\/nefertiti-eg.com\/de\/wp-json\/wp\/v2\/product\/53721","targetHints":{"allow":["GET"]}}],"collection":[{"href":"https:\/\/nefertiti-eg.com\/de\/wp-json\/wp\/v2\/product"}],"about":[{"href":"https:\/\/nefertiti-eg.com\/de\/wp-json\/wp\/v2\/types\/product"}],"replies":[{"embeddable":true,"href":"https:\/\/nefertiti-eg.com\/de\/wp-json\/wp\/v2\/comments?post=53721"}],"wp:featuredmedia":[{"embeddable":true,"href":"https:\/\/nefertiti-eg.com\/de\/wp-json\/wp\/v2\/media\/275158"}],"wp:attachment":[{"href":"https:\/\/nefertiti-eg.com\/de\/wp-json\/wp\/v2\/media?parent=53721"}],"wp:term":[{"taxonomy":"product_brand","embeddable":true,"href":"https:\/\/nefertiti-eg.com\/de\/wp-json\/wp\/v2\/product_brand?post=53721"},{"taxonomy":"product_cat","embeddable":true,"href":"https:\/\/nefertiti-eg.com\/de\/wp-json\/wp\/v2\/product_cat?post=53721"},{"taxonomy":"product_tag","embeddable":true,"href":"https:\/\/nefertiti-eg.com\/de\/wp-json\/wp\/v2\/product_tag?post=53721"}],"curies":[{"name":"wp","href":"https:\/\/api.w.org\/{rel}","templated":true}]}}