{"id":53725,"date":"2015-06-15T00:32:29","date_gmt":"2015-06-14T22:32:29","guid":{"rendered":"https:\/\/wordpress-237795-1094026.cloudwaysapps.com\/shop\/unkategorisiert\/argan-oil\/"},"modified":"2023-01-09T15:56:58","modified_gmt":"2023-01-09T13:56:58","slug":"argan-oil","status":"publish","type":"product","link":"https:\/\/nefertiti-eg.com\/de\/shop\/essential-oils\/argan-oil\/","title":{"rendered":"Argan\u00f6l"},"content":{"rendered":"<h3><b>Nat\u00fcrliches Argan\u00f6l f\u00fcr die Haut<\/b><\/h3>\n<p><span style=\"font-weight: 400;\">Argan\u00f6l hilft bei der Behandlung von Hautinfektionen und bei der Beseitigung von Akne. Eine der wichtigsten heilenden Eigenschaften von Argan\u00f6l ist das Vorhandensein einer gro\u00dfen Menge an antioxidativen Vitaminen A und E, gesunden <\/span><span style=\"font-weight: 400;\">Omega-6 und -9<\/span><span style=\"font-weight: 400;\">, Fetts\u00e4uren und Linols\u00e4ure. Bei \u00e4u\u00dferlicher Anwendung verbessert Argan\u00f6l die Durchblutung und die Mikrozirkulation des Blutes in der subkutanen Schicht, wodurch die Haut jung, gesund und sch\u00f6n bleibt. Wirkt entz\u00fcndungshemmend, aktiviert die Granulation und Epithelisierung Prozesse und beschleunigt die Heilung von Hautl\u00e4sionen.<\/span><\/p>\n<h3><b>Vorteile von nat\u00fcrlichem Argan\u00f6l<\/b><\/h3>\n<p><span style=\"font-weight: 400;\">Argan\u00f6l enth\u00e4lt eine gro\u00dfe Menge an Vitamin E (dreimal so viel wie Oliven\u00f6l), Carotinoiden (Vitamin A), \u00d6l- und Linols\u00e4ure (Omega-6 und -9). Argan\u00f6l hat auch einen hohen Anteil an n\u00fctzlichen Fetts\u00e4uren: Palmitins\u00e4ure<\/span><span style=\"font-weight: 400;\"> (13-16 %, Stearins\u00e4ure 6-8 %), <\/span><span style=\"font-weight: 400;\">Ferulas\u00e4ure, Polyphenole, Phytosterole, Triterpenalkohole. Squalen, ein starkes nat\u00fcrliches Antioxidans, das in Argan\u00f6l enthalten ist, sch\u00fctzt die Haut vor den sch\u00e4dlichen Auswirkungen der Umwelt.<\/span><\/p>\n<h3><b>Nat\u00fcrliches Argan\u00f6l f\u00fcr die Gesundheit der Haut<\/b><\/h3>\n<p><span style=\"font-weight: 400;\">Nat\u00fcrliches Argan\u00f6l wirkt entz\u00fcndungshemmend und wird bei der komplexen Behandlung vieler Hauterkrankungen und -zust\u00e4nde dringend empfohlen. Die Verwendung von unverd\u00fcnntem nat\u00fcrlichem Argan\u00f6l in Form einer Maske f\u00fcr die Haut wird im Rahmen der komplexen Behandlung dermatologischer Erkrankungen (Pilzdermatitis, Psoriasis, atopische Dermatitis, trockenes Ekzem, Akne) empfohlen. Nat\u00fcrliches Argan\u00f6l beschleunigt den Prozess der nat\u00fcrlichen Hautregeneration, stimuliert die Prozesse der Granulation und Epithelisierung gesch\u00e4digter Haut. Argan\u00f6l hat auch antibakterielle und entz\u00fcndungshemmende Eigenschaften.<\/span><\/p>\n<h3><b>Nat\u00fcrliches Argan\u00f6l f\u00fcr jugendliche Haut<\/b><\/h3>\n<p><span style=\"font-weight: 400;\">Argan\u00f6l zieht leicht und schnell in die Haut ein, ohne dass es klebrig und \u00f6lig bleibt. Erweicht, pflegt, erfrischt und befeuchtet die Haut und verhindert, dass sie austrocknet und abbl\u00e4ttert. Stellt das Lipid Gleichgewicht der Haut wieder her, erh\u00f6ht die Festigkeit und Elastizit\u00e4t der Haut, gleicht ihre Oberfl\u00e4che aus, gl\u00e4ttet feine Falten und stimuliert die nat\u00fcrliche Produktion von Kollagen und Elastin. Verhindert vorzeitiges Altern der Haut und das fr\u00fche Auftreten von Altersfalten und Altersflecken.<\/span><\/p>\n<h3><b>Argan\u00f6l zur Massage<\/b><\/h3>\n<p><span style=\"font-weight: 400;\">Die in nat\u00fcrlichem Argan\u00f6l enthaltenen Bestandteile verbessern die Lymphdrainage, die Durchblutung und die Mikrozirkulation im subkutanen Fett. Argan\u00f6l wird als Hauptbestandteil in Massagemischungen (einschlie\u00dflich Anti-Cellulite-Massage\u00f6l) verwendet.<\/span><\/p>\n<h3><b>Nat\u00fcrliches Argan\u00f6l f\u00fcr das Haar\u00a0<\/b><\/h3>\n<p><span style=\"font-weight: 400;\">Argan\u00f6l ist ein wirksames nat\u00fcrliches Heilmittel gegen besch\u00e4digte, spr\u00f6de und gespaltene Enden. Argan\u00f6l stellt die Struktur gesch\u00e4digten Haares wieder her, verleiht ihm einen nat\u00fcrlichen, gesunden Glanz, Weichheit und Seidigkeit und sch\u00fctzt das Haar vor den sch\u00e4dlichen Auswirkungen von Umweltfaktoren und Chemikalien. Argan\u00f6l wird im Rahmen einer umfassenden Behandlung von Alopezie, fettigen Schuppen und Seborrhoe eingesetzt.<\/span><\/p>\n<h3><b>Argan\u00f6l f\u00fcr N\u00e4gel<\/b><\/h3>\n<p><span style=\"font-weight: 400;\">Die Verwendung von Argan\u00f6l an den H\u00e4nden hilft, spr\u00f6de N\u00e4gel zu st\u00e4rken. Sie sollten regelm\u00e4\u00dfig Argan\u00f6l auf Ihre N\u00e4gel und Nagelhaut auftragen, um sie zu st\u00e4rken.<\/span><\/p>\n<h3><b>Nat\u00fcrliches Argan\u00f6l f\u00fcr Bart<\/b><\/h3>\n<p><span style=\"font-weight: 400;\">Argan\u00f6l enth\u00e4lt unges\u00e4ttigte Fetts\u00e4uren (Omega-6 und Omega-9) und eine hohe Dosis Vitamin E. Dies spendet der Haut ausreichend Feuchtigkeit, verleiht ihr Elastizit\u00e4t und reguliert die Talgdr\u00fcsen. Sch\u00fctzt den Bart vor Sonnensch\u00e4den sowie vor Glanz und verbessert die Qualit\u00e4t des Bartes.<\/span><\/p>\n<h3><b>Argan\u00f6l zum Br\u00e4unen<\/b><\/h3>\n<p><span style=\"font-weight: 400;\">Argan\u00f6l auf einer Seite sch\u00fctzt die Haut vor Sonnenbrand. Andererseits k\u00f6nnen Sie mit Argan\u00f6l viel schneller eine sch\u00f6ne Bronzebr\u00e4une erzielen als mit anderen Produkten. Die Haut f\u00e4rbt sich nicht rosa, wird nicht ger\u00f6tet, sondern f\u00e4rbt sich sofort braun. Das \u00d6l ist auch nach dem Sonnenbad n\u00fctzlich, da es die Haut beruhigt, befeuchtet und weich macht.<\/span><\/p>\n","protected":false},"excerpt":{"rendered":"<p><b>Marke<\/b><span style=\"font-weight: 400;\">: Nefertiti for natural Oils and herbs<\/span><span style=\"font-weight: 400;\"><br \/>\n<\/span><b>Herkunftsland<\/b><span style=\"font-weight: 400;\">: Marokko<\/span><span style=\"font-weight: 400;\"><br \/>\n<\/span><b>Botanischer Name<\/b><span style=\"font-weight: 400;\">: Argania spinosa L.<\/span><span style=\"font-weight: 400;\"><br \/>\n<\/span><b>Familie<\/b><span style=\"font-weight: 400;\">: Sapotaceae<\/span><span style=\"font-weight: 400;\"><br \/>\n<\/span><b>INCI<\/b><span style=\"font-weight: 400;\">: Argania Spinosa Kern\u00f6l<\/span><span style=\"font-weight: 400;\"><br \/>\n<\/span><b>Algemeine Namen<\/b><span style=\"font-weight: 400;\">: Amygdala L., aus dem Griechischen \u1f00\u03bc\u03c5\u03b3\u03b4\u03b1\u03bb\u03ae (Amygdal\u0113) (vgl. Amygdala), Katalanische Ametlla, Franz\u00f6sische Amande, Mandel oder Knackmandel (Deutsch), Mandorlo (Italienisch f\u00fcr den Baum), Mandorla (Italienisch f\u00fcr die Frucht), Am\u00eandoa (Portugiesisch) und Almendra (Spanisch)<\/span><span style=\"font-weight: 400;\"><br \/>\n<\/span><b>Verwendete Teile<\/b><span style=\"font-weight: 400;\">: Kernel<\/span><span style=\"font-weight: 400;\"><br \/>\n<\/span><b>Extraktionsmethode<\/b><span style=\"font-weight: 400;\">: kaltgepresst<\/span><span style=\"font-weight: 400;\"><br \/>\n<\/span><b>Duft<\/b><span style=\"font-weight: 400;\">: sehr leicht nussig<\/span><span style=\"font-weight: 400;\"><br \/>\n<\/span><b>Aussehen<\/b><span style=\"font-weight: 400;\">: klares Gelb<\/span><span style=\"font-weight: 400;\"><br \/>\n<\/span><b>Physikalischer Zustand<\/b><span style=\"font-weight: 400;\">: Fl\u00fcssigkeit<\/span><span style=\"font-weight: 400;\"><br \/>\n<\/span><b>Nat\u00fcrlich<\/b><span style=\"font-weight: 400;\">: Ja<\/span><span style=\"font-weight: 400;\"><br \/>\n<\/span><b>Reinheit<\/b><span style=\"font-weight: 400;\">: 100 % rein<\/span><span style=\"font-weight: 400;\"><br \/>\n<\/span><b>Zertifiziert<\/b><span style=\"font-weight: 400;\">: ISO, COA &amp; MSDS<\/span><span style=\"font-weight: 400;\"><br \/>\n<\/span><b>Versand<\/b><span style=\"font-weight: 400;\">: Wird an der Kasse berechnet<\/span><span style=\"font-weight: 400;\"><br \/>\n<\/span><\/p>\n","protected":false},"featured_media":276186,"comment_status":"open","ping_status":"closed","template":"","meta":[],"product_brand":[],"product_cat":[173,182,1123,686],"product_tag":[],"class_list":{"0":"post-53725","1":"product","2":"type-product","3":"status-publish","4":"has-post-thumbnail","6":"product_cat-essential-oils","7":"product_cat-cosmetics","8":"product_cat-natural-skin-care-de","9":"product_cat-natural-hair-care-de","10":"pa_bottle-size-125-ml-de","11":"pa_bottle-size-30-ml","12":"pa_bottle-size-60-ml","14":"first","15":"instock","16":"sale","17":"shipping-taxable","18":"purchasable","19":"product-type-variable","20":"has-default-attributes"},"_links":{"self":[{"href":"https:\/\/nefertiti-eg.com\/de\/wp-json\/wp\/v2\/product\/53725","targetHints":{"allow":["GET"]}}],"collection":[{"href":"https:\/\/nefertiti-eg.com\/de\/wp-json\/wp\/v2\/product"}],"about":[{"href":"https:\/\/nefertiti-eg.com\/de\/wp-json\/wp\/v2\/types\/product"}],"replies":[{"embeddable":true,"href":"https:\/\/nefertiti-eg.com\/de\/wp-json\/wp\/v2\/comments?post=53725"}],"wp:featuredmedia":[{"embeddable":true,"href":"https:\/\/nefertiti-eg.com\/de\/wp-json\/wp\/v2\/media\/276186"}],"wp:attachment":[{"href":"https:\/\/nefertiti-eg.com\/de\/wp-json\/wp\/v2\/media?parent=53725"}],"wp:term":[{"taxonomy":"product_brand","embeddable":true,"href":"https:\/\/nefertiti-eg.com\/de\/wp-json\/wp\/v2\/product_brand?post=53725"},{"taxonomy":"product_cat","embeddable":true,"href":"https:\/\/nefertiti-eg.com\/de\/wp-json\/wp\/v2\/product_cat?post=53725"},{"taxonomy":"product_tag","embeddable":true,"href":"https:\/\/nefertiti-eg.com\/de\/wp-json\/wp\/v2\/product_tag?post=53725"}],"curies":[{"name":"wp","href":"https:\/\/api.w.org\/{rel}","templated":true}]}}