{"id":53731,"date":"2015-06-08T16:57:20","date_gmt":"2015-06-08T14:57:20","guid":{"rendered":"https:\/\/wordpress-237795-1094026.cloudwaysapps.com\/shop\/unkategorisiert\/pumpkin-seed-oil\/"},"modified":"2023-01-21T13:49:59","modified_gmt":"2023-01-21T11:49:59","slug":"pumpkin-seed-oil","status":"publish","type":"product","link":"https:\/\/nefertiti-eg.com\/de\/shop\/natural-health-care-de\/pumpkin-seed-oil\/","title":{"rendered":"K\u00fcrbiskern\u00f6l"},"content":{"rendered":"<h3><b>Nat\u00fcrliches K\u00fcrbiskern\u00f6l<\/b><\/h3>\n<p><span style=\"font-weight: 400;\">Nachdem Sie sich f\u00fcr einen gesunden Lebensstil entschieden haben, sollten Sie zuerst nach nat\u00fcrlich gepresstem K\u00fcrbiskern\u00f6l suchen. Durch den regelm\u00e4\u00dfigen Verzehr von K\u00fcrbiskern\u00f6l, das eine hervorragende Quelle f\u00fcr wirksame Antibiotika und Antioxidantien darstellt, k\u00f6nnen Menschen jeden Alters ihre Immunit\u00e4t st\u00e4rken und ihren K\u00f6rper zuverl\u00e4ssig vor infekti\u00f6sen, allergischen und onkologischen Erkrankungen sch\u00fctzen. K\u00fcrbiskern\u00f6l hat eine starke antioxidative Eigenschaft, die den K\u00f6rper allgemein st\u00e4rkt, die Immunit\u00e4t erh\u00f6ht und den Stoffwechsel beschleunigt, den Darm normalisiert und den S\u00e4uregehalt des Magens verringert. Entfernt Giftstoffe und reduziert Schwellungen.<br \/>\n<\/span><span style=\"font-weight: 400;\">Hauptanwendungen: Zirrhose, Fettabbau, alkoholische Lebersch\u00e4digung, Hepatitis, Cholezystitis, Fettleibigkeit, Gallenweg dyskinesie, Sodbrennen, akute und chronische Gastritis, Magen- und Zw\u00f6lffingerdarmgeschw\u00fcr, Kolitis, Enterokolitis, Stomatitis, Parodontitis, Prostataadenom, vermindert die sexuelle Potenz bei M\u00e4nnern, H\u00e4morrhoiden, Verstopfung, Bl\u00e4hungen, W\u00fcrmer und Cholelithiasis.<\/span><\/p>\n<h3><b>Nat\u00fcrliches K\u00fcrbiskern\u00f6l f\u00fcr die Nieren<\/b><\/h3>\n<p><span style=\"font-weight: 400;\">Die N\u00e4hrstoffe des nat\u00fcrlichen K\u00fcrbiskern\u00f6ls beeinflussen Nierensteine. Die Wirkstoffe in K\u00fcrbiskern\u00f6l verhindern wirksam die Steinbildung und erh\u00f6hen den Gehalt an Verbindungen, die Sand freisetzen, und hemmen auch die Bildung von Nierensteinen. Nat\u00fcrliches K\u00fcrbiskern\u00f6l kann bei verschiedenen Nierenproblemen sowie bei Harnwegerkrankungen helfen.<\/span><\/p>\n<h3><b>K\u00fcrbiskern\u00f6l &#8211; Nat\u00fcrliche Apotheke<\/b><\/h3>\n<p><span style=\"font-weight: 400;\">Nat\u00fcrliches kaltgepresstes K\u00fcrbiskern\u00f6l hat eine perfekt ausgewogene Zusammensetzung mehrfach unges\u00e4ttigter Fetts\u00e4uren: Myristikum, Palmitins\u00e4ure, Palmitoleins\u00e4ure, Stearins\u00e4ure, \u00d6ls\u00e4ure, Linols\u00e4ure, Linolens\u00e4ure, Arachins\u00e4ure, Gadols\u00e4ure und Behen, die Sie in solchen Mengen nicht in anderen \u00d6len finden &#8211; nur in nat\u00fcrliche \u00d6l K\u00fcrbiskerne. Dieses \u00d6l ist extrem reich an Vitaminen und N\u00e4hrstoffen: A, E, B1, B2, B6, C, K, P, PP, Zink, Phospholipide, Tocopherol, Flavonoide und Carotinoide, Magnesium, Eisen, Selen, Zink und <\/span><span style=\"font-weight: 400;\">Omega-3, 6 und 9.<\/span><\/p>\n<h3><b>K\u00fcrbiskern\u00f6l <\/b><b>Anti-Helmintisc<\/b><b>he Eigenschaften<\/b><\/h3>\n<p><span style=\"font-weight: 400;\">Nat\u00fcrliches K\u00fcrbiskern\u00f6l ist bekannt f\u00fcr eine beeindruckende Menge an Cucurbitin. Diese Substanz l\u00e4hmt Helminthen (Parasiten). Danach haben sie keine M\u00f6glichkeit mehr, sich an den W\u00e4nden des Darms oder der Gallenblase festzusetzen. K\u00fcrbiskern\u00f6l verhindert auch deren Vermehrung.<\/span><\/p>\n<h3><b>K\u00fcrbiskern\u00f6l f\u00fcr M\u00e4nner<\/b><\/h3>\n<p><span style=\"font-weight: 400;\">K\u00fcrbiskern\u00f6l enth\u00e4lt einen einzigartigen <\/span><span style=\"font-weight: 400;\">Substanz komp<\/span><span style=\"font-weight: 400;\">lex mit harntreibenden, bakteriziden, entz\u00fcndungshemmenden, tumorhemmenden und Androgenen Eigenschaften. Es wirkt sich g\u00fcnstig auf die Funktion der Prostata aus, verbessert die erektile Funktion und normalisiert den Prozess der Spermatogenese, sch\u00fctzt das Gewebe und die Blutgef\u00e4\u00dfe der Urogenital Organe vor der Entwicklung entz\u00fcndlicher Prozesse. Daher wird K\u00fcrbiskern\u00f6l h\u00e4ufig zur Vorbeugung und komplexen Behandlung von Prostatitis, Prostataadenom, erektiler Dysfunktion und Erkrankungen der Blase und der Harnr\u00f6hre verwendet.<\/span><\/p>\n<h3><b>K\u00fcrbiskern\u00f6l f\u00fcr Frauen<\/b><\/h3>\n<p><span style=\"font-weight: 400;\">Aufgrund des hohen Gehalts an Substanzen, die zur Aufrechterhaltung eines normalen Hormonhaushalts im weiblichen K\u00f6rper beitragen, sowie des Vorhandenseins von Bestandteilen mit wundheilenden und entz\u00fcndungshemmenden Eigenschaften in der Zusammensetzung wird K\u00fcrbiskern\u00f6l f\u00fcr gyn\u00e4kologische Erkrankungen wie z. B.<\/span><span style=\"font-weight: 400;\"> Vaginitis<\/span><span style=\"font-weight: 400;\">, Zervix Erosion, Endozervizitis usw. Proteine, die in K\u00fcrbiskern\u00f6l, Estern, Vitaminen K, B6 und B9, Magnesium, Zink, Eisen, Kalzium, Phosphor und anderen Mineralien enthalten sind, sind f\u00fcr die vollst\u00e4ndige Entwicklung des menschlichen Embryos und die erfolgreiche Bildung des K\u00f6rpers eines wachsenden Kindes.<\/span><\/p>\n","protected":false},"excerpt":{"rendered":"<p><b>Marke: <\/b><span style=\"font-weight: 400;\">Nefertiti for natural oils and herbs<br \/>\n<\/span><b>Versand: <\/b><span style=\"font-weight: 400;\">Berechnet an der Kasse<br \/>\n<\/span><b>Herkunftsland: <\/b><span style=\"font-weight: 400;\">\u00c4gypten<br \/>\n<\/span><b>Botanischer Name<\/b><span style=\"font-weight: 400;\">: Cucurbita pepita<\/span><span style=\"font-weight: 400;\"><br \/>\n<\/span><b>Familie<\/b><span style=\"font-weight: 400;\">: Cucurbits K\u00fcrbis Familie<\/span><span style=\"font-weight: 400;\"><br \/>\n<\/span><b>INCI<\/b><span style=\"font-weight: 400;\">: <\/span><span style=\"font-weight: 400;\">Cucurbita Pepo (K\u00fcrbis) Samen\u00f6l<\/span><span style=\"font-weight: 400;\"><br \/>\n<\/span><b>Synonyme<\/b><span style=\"font-weight: 400;\">: Pumpkin, \u0627\u0644\u0642\u0631\u0639, K\u00fcrbiskern, \u0422\u044b\u043a\u0432\u0430, \u0433\u0430\u0440\u0431\u0443\u0437\u0430, potiron, zucca, \u5357\u74dc<\/span><span style=\"font-weight: 400;\"><br \/>\n<\/span><b>Verwendete Teile<\/b><span style=\"font-weight: 400;\">: Samen<\/span><span style=\"font-weight: 400;\"><br \/>\n<\/span><b>Extraktionsmethode<\/b><span style=\"font-weight: 400;\">: kaltgepresst<\/span><span style=\"font-weight: 400;\"><br \/>\n<\/span><b>Duft<\/b><span style=\"font-weight: 400;\">: nussig, leicht s\u00fc\u00df<\/span><span style=\"font-weight: 400;\"><br \/>\n<\/span><b>Aussehen<\/b><span style=\"font-weight: 400;\">: dunkelgr\u00fcn bis dunkelrot<\/span><span style=\"font-weight: 400;\"><br \/>\n<\/span><b>Physikalischer Zustand<\/b><span style=\"font-weight: 400;\">: Fl\u00fcssigkeit<\/span><span style=\"font-weight: 400;\"><br \/>\n<\/span><b>Nat\u00fcrlich<\/b><span style=\"font-weight: 400;\">: ja<\/span><span style=\"font-weight: 400;\"><br \/>\n<\/span><b>Reinheit<\/b><span style=\"font-weight: 400;\">: 100 % rein<\/span><span style=\"font-weight: 400;\"><br \/>\n<\/span><b>Zertifikate: <\/b><span style=\"font-weight: 400;\">ISO, COA &amp; MSDS<br \/>\n<b>Komposition:<\/b> Vitamine A, B1, B2 und C. Mineralien: Eisen, Fluor, Jod, Kalium, Kalzium, Kupfer, Magnesium, Schwefel und Zink, sowie Niacin, Pyroxin, Biotin, Panthotens\u00e4ure, Delta-7 Setrin, Beta Silorsterol<\/span><span style=\"font-weight: 400;\"><br \/>\n<\/span><\/p>\n","protected":false},"featured_media":275113,"comment_status":"open","ping_status":"closed","template":"","meta":[],"product_brand":[],"product_cat":[688,185],"product_tag":[],"class_list":{"0":"post-53731","1":"product","2":"type-product","3":"status-publish","4":"has-post-thumbnail","6":"product_cat-natural-health-care-de","7":"product_cat-natural-oils","8":"pa_bottle-size-11-1000-ml-de","9":"pa_bottle-size-11-300-ml-de","10":"pa_bottle-size-11-500-ml-de","11":"pa_bottle-size-1000-ml-de-2","12":"pa_bottle-size-125-ml-de","13":"pa_bottle-size-200-ml-de-2","14":"pa_bottle-size-300-ml-de","15":"pa_bottle-size-500-ml","17":"first","18":"instock","19":"sale","20":"shipping-taxable","21":"purchasable","22":"product-type-variable","23":"has-default-attributes"},"_links":{"self":[{"href":"https:\/\/nefertiti-eg.com\/de\/wp-json\/wp\/v2\/product\/53731","targetHints":{"allow":["GET"]}}],"collection":[{"href":"https:\/\/nefertiti-eg.com\/de\/wp-json\/wp\/v2\/product"}],"about":[{"href":"https:\/\/nefertiti-eg.com\/de\/wp-json\/wp\/v2\/types\/product"}],"replies":[{"embeddable":true,"href":"https:\/\/nefertiti-eg.com\/de\/wp-json\/wp\/v2\/comments?post=53731"}],"wp:featuredmedia":[{"embeddable":true,"href":"https:\/\/nefertiti-eg.com\/de\/wp-json\/wp\/v2\/media\/275113"}],"wp:attachment":[{"href":"https:\/\/nefertiti-eg.com\/de\/wp-json\/wp\/v2\/media?parent=53731"}],"wp:term":[{"taxonomy":"product_brand","embeddable":true,"href":"https:\/\/nefertiti-eg.com\/de\/wp-json\/wp\/v2\/product_brand?post=53731"},{"taxonomy":"product_cat","embeddable":true,"href":"https:\/\/nefertiti-eg.com\/de\/wp-json\/wp\/v2\/product_cat?post=53731"},{"taxonomy":"product_tag","embeddable":true,"href":"https:\/\/nefertiti-eg.com\/de\/wp-json\/wp\/v2\/product_tag?post=53731"}],"curies":[{"name":"wp","href":"https:\/\/api.w.org\/{rel}","templated":true}]}}