{"id":53735,"date":"2015-05-29T15:40:51","date_gmt":"2015-05-29T13:40:51","guid":{"rendered":"https:\/\/wordpress-237795-1094026.cloudwaysapps.com\/shop\/unkategorisiert\/jojoba-oil\/"},"modified":"2025-05-20T18:57:01","modified_gmt":"2025-05-20T15:57:01","slug":"jojoba-oil","status":"publish","type":"product","link":"https:\/\/nefertiti-eg.com\/de\/shop\/essential-oils\/jojoba-oil\/","title":{"rendered":"Jojoba\u00f6l"},"content":{"rendered":"<h3><b>Vorteilhafte Eigenschaften von nat\u00fcrlichem Jojoba\u00f6l<\/b><\/h3>\n<p><span style=\"font-weight: 400;\">Kaltgepresstes Jojoba\u00f6l (Simmondsia Chinensis) enth\u00e4lt viele biologische und mineralische Substanzen, die f\u00fcr sch\u00f6ne und gepflegte Haut und Haare notwendig sind. Nat\u00fcrliches Jojoba\u00f6l beseitigt die sch\u00e4dlichen Auswirkungen des Umwelteinflusses und verlangsamt den Alterungsprozess der Haut. Es dringt tief und perfekt ein und spendet der Haut von Gesicht und K\u00f6rper Feuchtigkeit, Nahrung und Schutz. Es enth\u00e4lt eine hohe Konzentration an Vitamin A und E. Daher ist Jojoba\u00f6l ein ausgezeichnetes Antioxidans, das den Prozess der Zellregeneration stimuliert und der Haut ein jugendliches Aussehen verleiht.<\/span><\/p>\n<h3><b>Jojoba\u00f6l f\u00fcr die Haut<\/b><\/h3>\n<p><span style=\"font-weight: 400;\">Mit zunehmendem Alter nimmt die Menge an Kollagenfasern in der menschlichen Haut ab, die Haut verblasst und verliert allm\u00e4hlich ihre Elastizit\u00e4t und Festigkeit. Mit einer gro\u00dfen Menge an Proteinen, die die Festigkeit und Elastizit\u00e4t des Bindegewebes beeinflussen, stellt kaltgepresstes Jojoba\u00f6l den nat\u00fcrlichen Prozess der Kollagenproduktion wieder her. Im Allgemeinen befeuchtet und pflegt es die Haut gut, einschlie\u00dflich der Haut der Augenlider, und verbessert und gleicht den Teint aus, wodurch eine nat\u00fcrliche Ausstrahlung entsteht. Jojoba\u00f6l kann Reizungen nach dem Rasieren oder Wachsen lindern und trockene, rissige Lippen beruhigen. Jojoba\u00f6l verhindert das Auftreten von Dehnungsstreifen und beseitigt schnell Cellulite, wodurch die Haut elastischer und straffer wird.<\/span><\/p>\n<h3><b>Nat\u00fcrliches Jojoba\u00f6l gegen Falten<\/b><\/h3>\n<p><span style=\"font-weight: 400;\">Wissenschaftler haben nachgewiesen, dass nat\u00fcrliches Jojoba\u00f6l im Gegensatz zu anderen kosmetischen \u00d6len die h\u00f6chste Durchl\u00e4ssigkeit f\u00fcr die tieferen Hautschichten aufweist. Aufgrund dieser Eigenschaften wird nat\u00fcrliches Jojoba\u00f6l als \u201efl\u00fcssiges Wachs\u201c bezeichnet. Die strukturellen Merkmale von Jojoba\u00f6l beeinflussen den Stoffwechsel, f\u00f6rdern die Regeneration der Hautzellen und verlangsamen offensichtlich den Alterungsprozess der Haut. Bei regelm\u00e4\u00dfiger Anwendung gl\u00e4ttet nat\u00fcrliches Jojoba\u00f6l Alters- und Ausdruckslinien und verhindert die Bildung neuer Falten.<\/span><\/p>\n<h3><b>Nat\u00fcrlicher Jojoba\u00f6l &#8211; Lichtschutzfaktor<\/b><\/h3>\n<p><span style=\"font-weight: 400;\">Jojoba\u00f6l ist ein nat\u00fcrlicher Schutz gegen ultraviolette Strahlung. Nat\u00fcrliches Jojoba\u00f6l hat eine nat\u00fcrliche (Faktor 4) Abwehr gegen UV-Strahlen, die dazu beitragt, die Aufnahme von Vitamin D zu optimieren, die Haut vor sch\u00e4dlichen Auswirkungen von UV-Strahlen zu sch\u00fctzen und eine gleichm\u00e4\u00dfige und sch\u00f6ne Br\u00e4une zu gew\u00e4hrleisten.<\/span><\/p>\n<h3><b>Nat\u00fcrliches Jojoba\u00f6l gegen Akne<\/b><\/h3>\n<p><span style=\"font-weight: 400;\">Nat\u00fcrliches Jojoba\u00f6l hat antimikrobielle und antimykotische Eigenschaften. Es ist aufgrund seiner ausgewogenen Zusammensetzung f\u00fcr alle Hauttypen geeignet und wird f\u00fcr alle Altersgruppen empfohlen. Nat\u00fcrliches Jojoba\u00f6l verstopft die Poren der Haut nicht, l\u00e4sst sie atmen und hinterl\u00e4sst nie eine fettige Schicht. Dies verhindert die Ansammlung von nat\u00fcrlichem Talg in den Poren und lindert daher erfolgreich Akne.<\/span><\/p>\n<h3><b>Nat\u00fcrliches Jojoba\u00f6l zur Massage<\/b><\/h3>\n<p><span style=\"font-weight: 400;\">Jojoba\u00f6l wird als das sanfteste nat\u00fcrliche Massage\u00f6l eingestuft. Es pflegt die Haut tief und achtet auf ihre Elastizit\u00e4t. Ihre Haut ist sofort weich, glatt und fest.<\/span><\/p>\n<h3><b>Jojoba\u00f6l f\u00fcr die Haarpflege<\/b><\/h3>\n<p><span style=\"font-weight: 400;\">Verwenden Sie nat\u00fcrliches Jojoba\u00f6l als Haarmaske, um schwaches und strapaziertes Haar zu befeuchten, erweichen und pflegen. Trockenes und stumpfes Haar erh\u00e4lt Elastizit\u00e4t, Weichheit und gesunden Glanz, es verhindert das Spalten der Haarspitzen. Jojoba\u00f6l wirkt Wunder bei fettigem Haar, da es den Fettstoffwechsel reguliert und ausgleicht. Nat\u00fcrliches Jojoba\u00f6l ist auch bakterizid und lindert Kopfhautreizungen. Jojoba\u00f6l verleiht dem Haar ein sch\u00f6nes Aussehen, macht es stark, elastisch und gl\u00e4nzend. Sie k\u00f6nnen Jojoba\u00f6l in seiner reinen Form verwenden und es allen Kosmetika f\u00fcr Gesicht, K\u00f6rper und Haare (Creme, Lotion, Shampoo) hinzuf\u00fcgen. Dies erh\u00f6ht die Aktivit\u00e4t von Kosmetika.<\/span><\/p>\n","protected":false},"excerpt":{"rendered":"<p><b>Marke<\/b><span style=\"font-weight: 400;\">: Nefertiti for natural Oils and herbs<\/span><span style=\"font-weight: 400;\"><br \/>\n<\/span><b>Herkunftsland<\/b><span style=\"font-weight: 400;\">: \u00c4gypten, S\u00fcdamerika<\/span><span style=\"font-weight: 400;\"><br \/>\n<\/span><b>Botanischer Name<\/b><span style=\"font-weight: 400;\">: Simmondsia chinensis<\/span><span style=\"font-weight: 400;\"><br \/>\n<\/span><b>Familie<\/b><span style=\"font-weight: 400;\">: Simmondsiaceae<\/span><span style=\"font-weight: 400;\"><br \/>\n<\/span><b>INCI<\/b><span style=\"font-weight: 400;\">: Simmondsia Chinensis Samen\u00f6l<\/span><span style=\"font-weight: 400;\"><br \/>\n<\/span><b>Algemeine Namen<\/b><span style=\"font-weight: 400;\">: Goat Nuss, Deer Nuss, Pignut, Wild Hasel, Chinin Nuss, Kaffeeberry und Gray Box Bush<\/span><span style=\"font-weight: 400;\"><br \/>\n<\/span><b>Verwendete Teile<\/b><span style=\"font-weight: 400;\">: Bohnen<\/span><span style=\"font-weight: 400;\"><br \/>\n<\/span><b>Extraktionsmethode<\/b><span style=\"font-weight: 400;\">: kaltgepresst<\/span><span style=\"font-weight: 400;\"><br \/>\n<\/span><b>Duft<\/b><span style=\"font-weight: 400;\">: geruchlos<\/span><span style=\"font-weight: 400;\"><br \/>\n<\/span><b>Aussehen<\/b><span style=\"font-weight: 400;\">: Sonnig-gelb<\/span><span style=\"font-weight: 400;\"><br \/>\n<\/span><b>Physikalischer Zustand<\/b><span style=\"font-weight: 400;\">: Fl\u00fcssig bis Wachsartig<\/span><span style=\"font-weight: 400;\"><br \/>\n<\/span><b>Nat\u00fcrlich<\/b><span style=\"font-weight: 400;\">: Ja<\/span><span style=\"font-weight: 400;\"><br \/>\n<\/span><b>Reinheit<\/b><span style=\"font-weight: 400;\">: 100 % rein<\/span><span style=\"font-weight: 400;\"><br \/>\n<\/span><b>Zertifiziert<\/b><span style=\"font-weight: 400;\">: ISO, COA &amp; MSDS<\/span><span style=\"font-weight: 400;\"><br \/>\n<\/span><b>Versand<\/b><span style=\"font-weight: 400;\">: Wird an der Kasse berechnet<\/span><span style=\"font-weight: 400;\"><br \/>\n<\/span><\/p>\n","protected":false},"featured_media":274862,"comment_status":"open","ping_status":"closed","template":"","meta":[],"product_brand":[],"product_cat":[173,182,1123,686],"product_tag":[],"class_list":{"0":"post-53735","1":"product","2":"type-product","3":"status-publish","4":"has-post-thumbnail","6":"product_cat-essential-oils","7":"product_cat-cosmetics","8":"product_cat-natural-skin-care-de","9":"product_cat-natural-hair-care-de","10":"pa_bottle-size-11-1000-ml-de","11":"pa_bottle-size-11-300-ml-de","12":"pa_bottle-size-11-500-ml-de","13":"pa_bottle-size-1000-ml-de-2","14":"pa_bottle-size-125-ml-de","15":"pa_bottle-size-200-ml-de-2","16":"pa_bottle-size-300-ml-de","17":"pa_bottle-size-500-ml","18":"pa_bottle-size-60-ml","20":"first","21":"instock","22":"sale","23":"shipping-taxable","24":"purchasable","25":"product-type-variable","26":"has-default-attributes"},"_links":{"self":[{"href":"https:\/\/nefertiti-eg.com\/de\/wp-json\/wp\/v2\/product\/53735","targetHints":{"allow":["GET"]}}],"collection":[{"href":"https:\/\/nefertiti-eg.com\/de\/wp-json\/wp\/v2\/product"}],"about":[{"href":"https:\/\/nefertiti-eg.com\/de\/wp-json\/wp\/v2\/types\/product"}],"replies":[{"embeddable":true,"href":"https:\/\/nefertiti-eg.com\/de\/wp-json\/wp\/v2\/comments?post=53735"}],"wp:featuredmedia":[{"embeddable":true,"href":"https:\/\/nefertiti-eg.com\/de\/wp-json\/wp\/v2\/media\/274862"}],"wp:attachment":[{"href":"https:\/\/nefertiti-eg.com\/de\/wp-json\/wp\/v2\/media?parent=53735"}],"wp:term":[{"taxonomy":"product_brand","embeddable":true,"href":"https:\/\/nefertiti-eg.com\/de\/wp-json\/wp\/v2\/product_brand?post=53735"},{"taxonomy":"product_cat","embeddable":true,"href":"https:\/\/nefertiti-eg.com\/de\/wp-json\/wp\/v2\/product_cat?post=53735"},{"taxonomy":"product_tag","embeddable":true,"href":"https:\/\/nefertiti-eg.com\/de\/wp-json\/wp\/v2\/product_tag?post=53735"}],"curies":[{"name":"wp","href":"https:\/\/api.w.org\/{rel}","templated":true}]}}