{"id":53739,"date":"2015-05-29T15:38:31","date_gmt":"2015-05-29T13:38:31","guid":{"rendered":"https:\/\/wordpress-237795-1094026.cloudwaysapps.com\/shop\/unkategorisiert\/black-seed-oil\/"},"modified":"2025-06-10T21:42:57","modified_gmt":"2025-06-10T18:42:57","slug":"black-seed-oil","status":"publish","type":"product","link":"https:\/\/nefertiti-eg.com\/de\/shop\/natural-health-care-de\/black-seed-oil\/","title":{"rendered":"Schwarzk\u00fcmmel\u00f6l"},"content":{"rendered":"<h3><b>Eigenschaften von reinem Schwarzk\u00fcmmel\u00f6l<\/b><\/h3>\n<p><span style=\"font-weight: 400;\">Schwarzk\u00fcmmel\u00f6l ist ein starker Immunmodulator. Die Zusammensetzung von Schwarzk\u00fcmmel\u00f6l ist beeindruckend, es enth\u00e4lt die Vitamine A, B, C, E sowie Kalzium, Phosphor, Zink, Eisen, Magnesium, Mangan, Flavonoide, \u00e4therische \u00d6le, essentielle Aminos\u00e4uren, <\/span><span style=\"font-weight: 400;\">Omega-3, 6, 9<\/span><span style=\"font-weight: 400;\">. Eine seiner wichtigsten Eigenschaften ist seine F\u00e4higkeit, Krebs zu bek\u00e4mpfen, da es die Proliferation (d. H. Reproduktion) von Krebszellen verlangsamt. Nat\u00fcrliches Schwarzk\u00fcmmel\u00f6l wird auch f\u00fcr Krankheiten wie Hepatitis, Zirrhose, Erkrankungen des Magens und des Zw\u00f6lffingerdarms verwendet; Rheuma; Erkrankungen des Bewegungsapparates; Herz-Kreislauf-Erkrankungen, Nieren- und Blasenerkrankungen, Bronchitis, Asthma bronchiale, Erk\u00e4ltungen, Sinusitis und Allergien jeglicher Art. Es verbessert auch signifikant die Verdauung und die Darmmotilit\u00e4t. Dar\u00fcber hinaus hat dieses \u00d6l antibakterielle, antimykotische und antivirale Eigenschaften und hilft bei der Behandlung von Hautkrankheiten.<\/span><\/p>\n<h3><b>Nat\u00fcrliches Schwarzk\u00fcmmel\u00f6l gegen Diabetes<\/b><\/h3>\n<p><span style=\"font-weight: 400;\">Schwarzk\u00fcmmel\u00f6l ist das st\u00e4rkste nat\u00fcrliche Heilmittel zur Senkung des Cholesterinspiegels im Blut.<\/span><span style=\"font-weight: 400;\"> Aufgrund seiner <\/span><span style=\"font-weight: 400;\">Blutzuckersenkenden <\/span><span style=\"font-weight: 400;\">Eigenschaften kann es daher als nat\u00fcrliches Heilmittel gegen Diabetes (Typ 1 und 2) eingesetzt werden.<\/span><\/p>\n<h3><b>Reines Schwarzk\u00fcmmel\u00f6l f\u00fcr die Gesundheit<\/b><\/h3>\n<p><span style=\"font-weight: 400;\">Nat\u00fcrliches Schwarzk\u00fcmmel\u00f6l hat die F\u00e4higkeit, Nierensteine zu zerdr\u00fccken und Sand sanft aus der Blase zu entfernen. S<\/span><span style=\"font-weight: 400;\">chwarzk\u00fcmmel\u00f6l stellt auch das Immunsystem wieder her und wird bei Krankheiten wie Sinusitis, trockenem Husten, Asthma, asthmatischer Bronchitis, Erk\u00e4ltungen, Mandelentz\u00fcndung usw. eingesetzt.<\/span><span style=\"font-weight: 400;\"> Dieses \u00d6l verbessert die m\u00e4nnliche Sexualfunktion, wird bei Empf\u00e4ngnisproblemen eingesetzt und beugt Prostata Dysfunktionen vor. Es wird auch empfohlen, dieses \u00d6l bei hohem Blutdruck zu verwenden<\/span><\/p>\n<h3><b>Nat\u00fcrliches Schwarzk\u00fcmmel\u00f6l als Antioxidans<\/b><\/h3>\n<p><span style=\"font-weight: 400;\">Wissenschaftliche Studien haben die F\u00e4higkeit von nat\u00fcrlichem Schwarzk\u00fcmmel\u00f6l nachgewiesen, den K\u00f6rper vollst\u00e4ndig von sch\u00e4dlichen Substanzen zu reinigen, die nach dem Verdauungsprozess im K\u00f6rper zur\u00fcckbleiben, und vor sch\u00e4dlichen Umwelteinfl\u00fcssen zu sch\u00fctzen. Die Wirkung dieses kaltgepressten Produkts wird durch Erh\u00f6hen der Anzahl von Natural Killer T (NKT) Zellen erreicht. Wissenschaftler vergleichen die Kraft von Schwarzk\u00fcmmel\u00f6l mit den 5 st\u00e4rksten Antibiotika, aber im Gegensatz zu Antibiotika hat es im Allgemeinen keine Nebenwirkungen auf den K\u00f6rper.<\/span><\/p>\n<h3><b>Reines Schwarzk\u00fcmmel\u00f6l f\u00fcr die Haut<\/b><\/h3>\n<p><span style=\"font-weight: 400;\">Nat\u00fcrliches Schwarzk\u00fcmmel\u00f6l eignet sich hervorragend zur Behandlung von Ekzemen, Psoriasis, Neurodermitis, verschiedenen Hautkrankheiten, Pilzinfektionen und jeder Art von Allergie. Wirkt effektiv gegen Akne und ist ein starkes Wundheilmittel. Es bereichert die Haut auch mit nat\u00fcrlichen N\u00e4hrstoffen und Vitaminen.<\/span><\/p>\n<h3><b>Nat\u00fcrliches Schwarzk\u00fcmmel\u00f6l gegen Psoriasis<\/b><\/h3>\n<p>Psoriasis ist eine prim\u00e4re Hauterkrankung, die durch eine abnormale Immunantwort verursacht wird. Nat\u00fcrliches Schwarzk\u00fcmmel\u00f6l reguliert die Aktivit\u00e4t von Immunzellen und verbessert die F\u00e4higkeit des K\u00f6rpers, die abnormale Proliferation von Hautzellen zu reduzieren.<\/p>\n<h3><b>Nat\u00fcrliches Schwarzk\u00fcmmel\u00f6l <\/b><b>f\u00fcr Haarpflege<\/b><\/h3>\n<p><span style=\"font-weight: 400;\">Schwarzk\u00fcmmel\u00f6l ist zu einer Sensation in der Haarpflege geworden. Seine Verwendung tr\u00e4gt zum schnellen Wachstum der Haare und zur St\u00e4rkung der Haarfollikel bei. <\/span><span style=\"font-weight: 400;\">Durch die regelm\u00e4\u00dfige Verwendung dieses \u00d6ls wird das Haar kr\u00e4ftiger, es kommt nicht mehr zu Schuppenbildung und juckender Kopfhaut.<\/span><\/p>\n<p><em><span style=\"color: #ff0000;\"><b>Gegenanzeigen<\/b><\/span><\/em><span style=\"font-weight: 400;\"><em><span style=\"color: #ff0000;\">:<\/span><\/em> Vermeiden Sie den internen Verzehr w\u00e4hrend der Schwangerschaft. <\/span><span style=\"font-weight: 400;\">Die Verwendung von Schwarzk\u00fcmmel\u00f6l wird bei Personen mit Organtransplantationen nicht empfohlen.<\/span><\/p>\n","protected":false},"excerpt":{"rendered":"<p><b>Marke: <\/b><span style=\"font-weight: 400;\">Nefertiti for natural oils and herbs<br \/>\n<\/span><b>Herkunftsland: <\/b><span style=\"font-weight: 400;\">\u00c4gypten<br \/>\n<\/span><span style=\"font-size: 12pt;\"><span style=\"font-family: arial, helvetica, sans-serif;\"><span style=\"font-weight: 400;\"><b>Botanischer Name:<\/b> Nigella sativa<br \/>\n<b>Familie:<\/b> Ranunculaceae<br \/>\n<b>INCI<\/b>: Nigella Sativa Samen\u00f6l (Schwarzk\u00fcmmel)<br \/>\n<\/span><b>Synonyme: <\/b><span style=\"font-weight: 400;\">Black Seeds, \u062d\u0628\u0629 \u0627\u0644\u0628\u0631\u0643\u0629, Schwarzk\u00fcmmel, \u0447\u0435\u0440\u043d\u043e\u0433\u043e \u0442\u043c\u0438\u043d\u0430, \u0447\u043e\u0440\u043d\u043e\u0433\u043e \u043a\u043c\u0438\u043d\u0443, Cumin noir, Cumino nero, \u9ed1\u5b5c\u7136 <\/span><span style=\"font-weight: 400;\"><br \/>\n<\/span><b>Verwendete Teile:<\/b><span style=\"font-weight: 400;\"> Samen<\/span><span style=\"font-weight: 400;\"><br \/>\n<\/span><b>Extraktionsmethode:<\/b><span style=\"font-weight: 400;\"> kaltgepresst<\/span><span style=\"font-weight: 400;\"><br \/>\n<\/span><b>Duft:<\/b><span style=\"font-weight: 400;\"> mittel, charakteristisch w\u00fcrzig, unverkennbar f\u00fcr schwarze Samen<\/span><span style=\"font-weight: 400;\"><br \/>\n<\/span><b>Aussehen:<\/b><span style=\"font-weight: 400;\"> Hellgelb bis Bernstein<\/span><span style=\"font-weight: 400;\"><br \/>\n<\/span><b>Physikalischer Zustand:<\/b><span style=\"font-weight: 400;\"> Fl\u00fcssigkeit<\/span><span style=\"font-weight: 400;\"><br \/>\n<\/span><b>Nat\u00fcrlich:<\/b><span style=\"font-weight: 400;\"> ja<\/span><span style=\"font-weight: 400;\"><br \/>\n<\/span><b>Reinheit: <\/b><span style=\"font-weight: 400;\">100 % rein<\/span><b><br \/>\n<\/b><b>Zertifikate: <\/b><span style=\"font-weight: 400;\">ISO, COA &amp; MSDS<br \/>\n<b>Komposition:<\/b> Vitamine C, B1, B2, B6, Fols\u00e4ure, Biotin, Beta-Carotin. Mineralstoffe: Magnesium, Selen, Zink. Aminos\u00e4uren: Valin, Lysin, Phenylalanin, Tyrosin, Arginin, Glycin, Serin, Asparagin, \u00e4therische \u00d6le<br \/>\n<b>Versand: <\/b>Berechnet an der Kasse <\/span><br \/>\n<\/span><\/span><\/p>\n","protected":false},"featured_media":274451,"comment_status":"open","ping_status":"closed","template":"","meta":[],"product_brand":[],"product_cat":[688,185],"product_tag":[],"class_list":{"0":"post-53739","1":"product","2":"type-product","3":"status-publish","4":"has-post-thumbnail","6":"product_cat-natural-health-care-de","7":"product_cat-natural-oils","8":"pa_bottle-size-11-1000-ml-de","9":"pa_bottle-size-11-300-ml-de","10":"pa_bottle-size-11-500-ml-de","11":"pa_bottle-size-1000-ml-de-2","12":"pa_bottle-size-125-ml-de","13":"pa_bottle-size-200-ml-de-2","14":"pa_bottle-size-300-ml-de","15":"pa_bottle-size-500-ml","17":"first","18":"instock","19":"sale","20":"shipping-taxable","21":"purchasable","22":"product-type-variable","23":"has-default-attributes"},"_links":{"self":[{"href":"https:\/\/nefertiti-eg.com\/de\/wp-json\/wp\/v2\/product\/53739","targetHints":{"allow":["GET"]}}],"collection":[{"href":"https:\/\/nefertiti-eg.com\/de\/wp-json\/wp\/v2\/product"}],"about":[{"href":"https:\/\/nefertiti-eg.com\/de\/wp-json\/wp\/v2\/types\/product"}],"replies":[{"embeddable":true,"href":"https:\/\/nefertiti-eg.com\/de\/wp-json\/wp\/v2\/comments?post=53739"}],"wp:featuredmedia":[{"embeddable":true,"href":"https:\/\/nefertiti-eg.com\/de\/wp-json\/wp\/v2\/media\/274451"}],"wp:attachment":[{"href":"https:\/\/nefertiti-eg.com\/de\/wp-json\/wp\/v2\/media?parent=53739"}],"wp:term":[{"taxonomy":"product_brand","embeddable":true,"href":"https:\/\/nefertiti-eg.com\/de\/wp-json\/wp\/v2\/product_brand?post=53739"},{"taxonomy":"product_cat","embeddable":true,"href":"https:\/\/nefertiti-eg.com\/de\/wp-json\/wp\/v2\/product_cat?post=53739"},{"taxonomy":"product_tag","embeddable":true,"href":"https:\/\/nefertiti-eg.com\/de\/wp-json\/wp\/v2\/product_tag?post=53739"}],"curies":[{"name":"wp","href":"https:\/\/api.w.org\/{rel}","templated":true}]}}