{"id":53743,"date":"2015-05-29T15:33:00","date_gmt":"2015-05-29T13:33:00","guid":{"rendered":"https:\/\/wordpress-237795-1094026.cloudwaysapps.com\/shop\/unkategorisiert\/olive-oil\/"},"modified":"2024-12-10T16:47:39","modified_gmt":"2024-12-10T14:47:39","slug":"olive-oil","status":"publish","type":"product","link":"https:\/\/nefertiti-eg.com\/de\/shop\/natural-health-care-de\/olive-oil\/","title":{"rendered":"Oliven\u00f6l"},"content":{"rendered":"<h3><b>Nat\u00fcrliches Oliven\u00f6l Vorteile<\/b><\/h3>\n<p><span style=\"font-weight: 400;\">Nat\u00fcrliches Oliven\u00f6l ist bekannt und wird in fast allen K\u00fcchen der Welt verwendet. <\/span><span style=\"font-weight: 400;\">Oliven\u00f6l enth\u00e4lt mehr Antioxidantien als jedes andere \u00d6l<\/span><span style=\"font-weight: 400;\"> und sch\u00fctzt vor verschiedenen Krebsart<\/span><span style=\"font-weight: 400;\">en, z. B. be<\/span><span style=\"font-weight: 400;\">i Brust-, Prostata, Endometriom und Verdauungstrakt Krebs.<\/span><\/p>\n<h3><b>Nat\u00fcrliches Oliven\u00f6l heilenden Eigenschaften<\/b><\/h3>\n<p><span style=\"font-weight: 400;\">Regelm\u00e4\u00dfiger Verzehr von nat\u00fcrlichem Oliven\u00f6l senkt den Cholesterinspiegel und hilft, sowohl den systolischen (Maximum) als auch den diastolischen (Minimum) Blutdruck zu regulieren. Empfohlen f\u00fcr Diabetiker als ideales Nahrungsmittel und tr\u00e4gt zur Verbesserung der Blutzuckerkontrolle b<\/span><span style=\"font-weight: 400;\">ei. Oliven\u00f6l wir<\/span><span style=\"font-weight: 400;\">d zur komplexen Behandlung von Osteoporose verwen<\/span><span style=\"font-weight: 400;\">det da es die Calciumaufnahme erh\u00f6ht und die Knochenmineralisierung und -verkalkung hemmt.<\/span><\/p>\n<h3><b>Eigenschaften und Zusammensetzung von nat\u00fcrlichem Oliven\u00f6l<\/b><\/h3>\n<p><span style=\"font-weight: 400;\">Oliven\u00f6<\/span><span style=\"font-weight: 400;\">l extra ist reich an mehrfach unges\u00e4ttigten S\u00e4uren und Polyphenolen. Nat\u00fcrliches Oliven\u00f6l ist erheblich mit einfach unges\u00e4ttigten Fetten, haupts\u00e4chlich \u00d6ls\u00e4ure, angereichert, was dazu beitragen kann, das Brustkrebsrisiko zu senken. Dar\u00fcber hinaus enth\u00e4lt reines Oliven\u00f6l eine gro\u00dfe Menge wertvoller Antioxidantien, die in anderen \u00d6len nicht enthalten sind und als die wirksamsten Antioxidantien be<\/span><span style=\"font-weight: 400;\">kannt sind. Die <\/span><span style=\"font-weight: 400;\">Zusammensetzung von ges\u00e4ttigten und unges\u00e4ttigten Fetts\u00e4uren garantiert eine hervorragende Wirkung bei der Vorbeugung von Herz-Kreislauf-Erkrankungen.<\/span><\/p>\n<h3><b>Oliven\u00f6l in <\/b><b>Kosmetika<\/b><\/h3>\n<p><span style=\"font-weight: 400;\">Nat\u00fcrliches Oliven\u00f6l ist eines der beliebtes<\/span><span style=\"font-weight: 400;\">ten \u00d6le in<\/span><span style=\"font-weight: 400;\"> der Kosmetikindustr<\/span><span style=\"font-weight: 400;\">ie und ein weit verbreiteter Bestandteil in Mischungen nat\u00fcrlicher \u00d6le f\u00fcr die Haut- und Haarpflege.<\/span><span style=\"font-weight: 400;\"> Oliven\u00f6l ist eine ausgezeichnete Zutat f\u00fcr Cremes, Shampoos, Lotionen sowie Gesichts- und K\u00f6rperreiniger. Sehr oft wird Oliven\u00f6l zur Herstellung von Naturseifen verwendet. Nat\u00fcrliches Oliven\u00f6l ist reich an Vitamin A und E, die f\u00fcr eine jugendlichere Haut sorgen. D<\/span><span style=\"font-weight: 400;\">ie Ern\u00e4h<\/span><span style=\"font-weight: 400;\">rung mit Oliven\u00f6l macht die Haut von Gesicht, Hals, Dekollet\u00e9 und den ganzen K\u00f6rper glatt und seidig. Die einzigartige Zusammensetzung von Oliven\u00f6l verstopft die Hautporen nicht und speichert ausreichend Feuchtigkeit in den Hautzellen.<\/span><\/p>\n<h3><b>Oliven\u00f6l zum Kochen<\/b><\/h3>\n<p><span style=\"font-weight: 400;\">Nat\u00fcrliches Oliven\u00f6l ist ein Grundnahrungsmittel in der Mittelmeer-Di\u00e4t. Es wird zu Aufschnitt hinzugef\u00fcgt, ist auch eine gro\u00dfartige Erg\u00e4nzung zu Salaten und wird in Eint\u00f6pfen, Nudeln und Reis verwendet. Aus raffiniertem Oliven\u00f6l kann hausgemachte Mayonnaise hergestellt werden (kein charakteristisches Aroma). Oliven\u00f6l eignet sich auch zum Braten und kann auf hohe Temperaturen (bis zu 200\u00b0 C) erhitzt werden.<\/span><\/p>\n<h3><b>Nat\u00fcrliches Oliven\u00f6l f\u00fcr das Haar<\/b><\/h3>\n<p><span style=\"font-weight: 400;\">Oliven\u00f6l eignet sich nicht nur f\u00fcr die K\u00fcche. Seine Verwendung wirkt sich positiv auf Ihr Haar aus, st\u00e4rkt es, verleiht ihm einen gesunden Glanz, reduziert das Spalten der Haarspitzen und beugt Haarausfall vor.<\/span><\/p>\n<h3><b>Nat\u00fcrliches Oliven\u00f6l f\u00fcr die Haut<\/b><\/h3>\n<p><span style=\"font-weight: 400;\">Oliven\u00f6l kann verwendet werden, um Ihr Gesicht zu reinigen. Dank Oliven\u00f6l k\u00f6nnen Sie Ihr Gesicht effektiv von wasserfesten Kosmetika und \u00fcbersch\u00fcssigem Talg reinigen und sogar Ihre Hautporen reinigen.<\/span><\/p>\n","protected":false},"excerpt":{"rendered":"<p><b>Marke: <\/b><span style=\"font-weight: 400;\">Nefertiti for natural oils and herbs<br \/>\n<\/span><b>Versand: <\/b><span style=\"font-weight: 400;\">Berechnet an der Kasse<br \/>\n<\/span><b>Herkunftsland: <\/b><span style=\"font-weight: 400;\">\u00c4gypten<br \/>\n<\/span><b>Botanischer Name<\/b><span style=\"font-weight: 400;\">: Olea europaea<\/span><span style=\"font-weight: 400;\"><br \/>\n<\/span><b>Familie<\/b><span style=\"font-weight: 400;\">: Oleaceae<\/span><span style=\"font-weight: 400;\"><br \/>\n<\/span><b>INCI<\/b><span style=\"font-weight: 400;\">: Olea europaea (Oliven-) Frucht\u00f6l<\/span><span style=\"font-weight: 400;\"><br \/>\n<\/span><b>Synonyme<\/b><span style=\"font-weight: 400;\">: Olive, \u0632\u064a\u062a\u0648\u0646 , \u043e\u043b\u0438\u0432\u043a\u043e\u0432\u044b\u0439, \u041e\u043b\u0438\u0432\u043a\u043e\u0432\u0430, Oliva, \u6a44\u6984<\/span><span style=\"font-weight: 400;\"><br \/>\n<\/span><b>Verwendete Teile<\/b><span style=\"font-weight: 400;\">: Fruchte<\/span><span style=\"font-weight: 400;\"><br \/>\n<\/span><b>Extraktionsmethode<\/b><span style=\"font-weight: 400;\">: kaltgepresst<\/span><span style=\"font-weight: 400;\"><br \/>\n<\/span><b>Duft<\/b><span style=\"font-weight: 400;\">: leicht bitter und w\u00fcrzig<\/span><span style=\"font-weight: 400;\"><br \/>\n<\/span><b>Aussehen<\/b><span style=\"font-weight: 400;\">: erdiges Gelb<\/span><span style=\"font-weight: 400;\"><br \/>\n<\/span><b>Physikalischer Zustand<\/b><span style=\"font-weight: 400;\">: Fl\u00fcssigkeit<\/span><span style=\"font-weight: 400;\"><br \/>\n<\/span><b>Nat\u00fcrlich<\/b><span style=\"font-weight: 400;\">: ja<\/span><span style=\"font-weight: 400;\"><br \/>\n<\/span><b>Reinheit<\/b><span style=\"font-weight: 400;\">: 100 % rein<\/span><span style=\"font-weight: 400;\"><br \/>\n<\/span><b>Zertifikate: <\/b><span style=\"font-weight: 400;\">ISO, COA &amp; MSDS<\/span><span style=\"font-weight: 400;\"><br \/>\n<b>Inhaltsstoffe<\/b>: mehrfach unges\u00e4ttigte Fetts\u00e4uren, Polyphenole, Antioxidantie<br \/>\n<\/span><\/p>\n","protected":false},"featured_media":283952,"comment_status":"open","ping_status":"closed","template":"","meta":[],"product_brand":[],"product_cat":[688,686,185],"product_tag":[],"class_list":{"0":"post-53743","1":"product","2":"type-product","3":"status-publish","4":"has-post-thumbnail","6":"product_cat-natural-health-care-de","7":"product_cat-natural-hair-care-de","8":"product_cat-natural-oils","9":"pa_bottle-size-300-ml-de","10":"pa_bottle-size-500-ml","12":"first","13":"outofstock","14":"shipping-taxable","15":"purchasable","16":"product-type-variable","17":"has-default-attributes"},"_links":{"self":[{"href":"https:\/\/nefertiti-eg.com\/de\/wp-json\/wp\/v2\/product\/53743","targetHints":{"allow":["GET"]}}],"collection":[{"href":"https:\/\/nefertiti-eg.com\/de\/wp-json\/wp\/v2\/product"}],"about":[{"href":"https:\/\/nefertiti-eg.com\/de\/wp-json\/wp\/v2\/types\/product"}],"replies":[{"embeddable":true,"href":"https:\/\/nefertiti-eg.com\/de\/wp-json\/wp\/v2\/comments?post=53743"}],"wp:featuredmedia":[{"embeddable":true,"href":"https:\/\/nefertiti-eg.com\/de\/wp-json\/wp\/v2\/media\/283952"}],"wp:attachment":[{"href":"https:\/\/nefertiti-eg.com\/de\/wp-json\/wp\/v2\/media?parent=53743"}],"wp:term":[{"taxonomy":"product_brand","embeddable":true,"href":"https:\/\/nefertiti-eg.com\/de\/wp-json\/wp\/v2\/product_brand?post=53743"},{"taxonomy":"product_cat","embeddable":true,"href":"https:\/\/nefertiti-eg.com\/de\/wp-json\/wp\/v2\/product_cat?post=53743"},{"taxonomy":"product_tag","embeddable":true,"href":"https:\/\/nefertiti-eg.com\/de\/wp-json\/wp\/v2\/product_tag?post=53743"}],"curies":[{"name":"wp","href":"https:\/\/api.w.org\/{rel}","templated":true}]}}