{"id":53754,"date":"2015-06-24T16:27:51","date_gmt":"2015-06-24T14:27:51","guid":{"rendered":"https:\/\/wordpress-237795-1094026.cloudwaysapps.com\/shop\/unkategorisiert\/lemongrass-oil\/"},"modified":"2023-02-13T19:46:52","modified_gmt":"2023-02-13T17:46:52","slug":"lemongrass-oil","status":"publish","type":"product","link":"https:\/\/nefertiti-eg.com\/de\/shop\/essential-oils\/lemongrass-oil\/","title":{"rendered":"Zitronengras\u00f6l"},"content":{"rendered":"<h3><b>Vorteile von \u00e4therischem Zitronengras\u00f6l\u00a0<\/b><\/h3>\n<p><span style=\"font-weight: 400;\">Das \u00e4therische Zitronengras\u00f6l \u201estrafft\u201c das Nervensystem und wirkt sich positiv auf die Durchblutung und den Stoffwechsel aus. Zitronengras\u00f6l hilft bei der Behandlung verschiedener Erkrankungen der Atemwege und wird h\u00e4ufig in <\/span><span style=\"font-weight: 400;\">der Therapie von Vir<\/span><span style=\"font-weight: 400;\">en und Erk\u00e4ltungen eingesetzt. Nat\u00fcrliches Zitronengras\u00f6l ist wirksam bei der Behandlung von Erk\u00e4ltungen, Nasennebenh\u00f6hlenentz\u00fcndungen und anderen Atemwegserkrankungen. Das \u00e4therische Zitronengras\u00f6l lindert leicht Kopfschmerzen und Migr\u00e4ne und wirkt sich positiv auf Hypotonie, Schwindel und M\u00fcdigkeit aus.<\/span><\/p>\n<h3><b>\u00c4therisches Zitronengras\u00f6l gegen Akne<\/b><\/h3>\n<p><span style=\"font-weight: 400;\">Zitronengras\u00f6l ist eine ausgezeichnete nat\u00fcrliche Behandlung f\u00fcr fettige und por\u00f6se Haut &#8211; es<\/span><span style=\"font-weight: 400;\"> verengt und reinigt ver<\/span><span style=\"font-weight: 400;\">gr\u00f6\u00dferte Poren, beseitigt Akne und reduziert Hautinfektionen.<\/span><\/p>\n<h3><b>Zitronengras \u00e4therisches \u00d6l f\u00fcr die Haut<\/b><\/h3>\n<p><span style=\"font-weight: 400;\">Nat\u00fcrliches Zitronengras\u00f6l ist bekannt f\u00fcr seine antibakteriellen, antimykotischen und antiseptischen Eigenschaften und wird h\u00e4ufig zur Vorbeugung und Behandlung von Pilzinfektionen der Haut verwendet. Dieses \u00d6l stimuliert die Regeneration der Hautzellen, und st\u00e4rkt das Bindegewebe. Zitronengras\u00f6l wird h\u00e4ufig als Wirkstoff in kosmetischen Produkten f\u00fcr problematische Haut verwendet.<\/span><\/p>\n<h3><b>Zitronengras\u00f6l f\u00fcr die K\u00f6rperpflege<\/b><\/h3>\n<p><span style=\"font-weight: 400;\">Als nat\u00fcrliches Deodorant ist \u00e4therisches Zitronengras\u00f6l viel wirksamer als viele synthetische Deodorants, die eine starke Umweltbelastung haben und nur eine begrenzte Wirkung auf \u00fcberm\u00e4\u00dfiges Schwitzen haben. In verd\u00fcnnter Form wirkt Zitronengras\u00f6l als wirksames Deodorant ohne Nebenwirkungen auf der Haut. Das \u00e4therische Zitronengras\u00f6l normalisiert die Funktion der Schwei\u00dfdr\u00fcsen, entfernt und verhindert leicht unangenehme Ger\u00fcche, verhindert die Entwicklung von Bakterien und wird empfohlen, um \u00fcberm\u00e4\u00dfiges Schwitzen der F\u00fc\u00dfe zu regulieren.<\/span><\/p>\n<h3><b>Zitronengras \u00e4therisches \u00d6l f\u00fcr das Haar<\/b><\/h3>\n<p><span style=\"font-weight: 400;\">Das \u00e4therische Zitronengras\u00f6l wird als Maske f\u00fcr fettiges Haar verwendet, reduziert die Fettigkeit der Kopfhaut, <\/span><span style=\"font-weight: 400;\">pflegt das Haar von den Wurzeln bis zu den Enden.<\/span><\/p>\n<h3><b>Verwendung von \u00e4therischem Zitronengras\u00f6l<\/b><\/h3>\n<p><span style=\"font-weight: 400;\">Aufgrund seiner besonders starken Aktivit\u00e4t in Weichteilen wird nat\u00fcrliches Zitronengras\u00f6l h\u00e4ufig zur Behandlung von Cellulite verwendet. Nat\u00fcrliches Zitronengras\u00f6l h\u00e4lt seine Nische in der Aromatherapie und ist eines der wirksamsten \u00d6le zur Steigerung der Stimulation. In der Kosmetikindustrie wird nat\u00fcrliches Zitronengras\u00f6l am h\u00e4ufigsten mit Jojoba\u00f6l, Traubenkern\u00f6l oder Sandelholz \u00d6l gemischt und f\u00fcr die Pflege fettiger Haut empfohlen.<\/span><\/p>\n","protected":false},"excerpt":{"rendered":"<p><b>Marke<\/b><span style=\"font-weight: 400;\">: Nefertiti for natural Oils and herbs<\/span><span style=\"font-weight: 400;\"><br \/>\n<\/span><b>Herkunftsland<\/b><span style=\"font-weight: 400;\">: Kambodscha, Vietnam, Laos, Indien, Sri Lanka, Burma und Thailand. Westindisches Zitronengras (Cymbopogon citratus) stammt aus S\u00fcdasien und dem maritimen S\u00fcdostasien<\/span><span style=\"font-weight: 400;\"><br \/>\n<\/span><b>Botanischer Name<\/b><span style=\"font-weight: 400;\">: Cymbopogon Schoenanthus<\/span><span style=\"font-weight: 400;\"><br \/>\n<\/span><b>Familie<\/b><span style=\"font-weight: 400;\">: Poaceae<\/span><span style=\"font-weight: 400;\"><br \/>\n<\/span><b>INCI<\/b><span style=\"font-weight: 400;\">: Cymbopogon Schoenanthus Zitronengras\u00f6l<\/span><span style=\"font-weight: 400;\"><br \/>\n<\/span><b>Algemeine Namen<\/b><span style=\"font-weight: 400;\">: Zitronengras, Zitronengras, Stacheldrahtgras, Seidige K\u00f6pfe, Citronella-Gras, Cha de Dartigalongue, Fiebergras, Tanglad, Hierba Luisa oder Gavati Chahapati<\/span><span style=\"font-weight: 400;\"><br \/>\n<\/span><b>Verwendete Teile<\/b><span style=\"font-weight: 400;\">: Pflanzen<\/span><span style=\"font-weight: 400;\"><br \/>\n<\/span><b>Extraktionsmethode<\/b><span style=\"font-weight: 400;\">: Wasserdampfdestillation<\/span><span style=\"font-weight: 400;\"><br \/>\n<\/span><b>Duft<\/b><span style=\"font-weight: 400;\">: Frischer Zitronengeruch mit erdigen Untert\u00f6nen<\/span><span style=\"font-weight: 400;\"><br \/>\n<\/span><b>Aussehen<\/b><span style=\"font-weight: 400;\">: Dunkelgelb<\/span><span style=\"font-weight: 400;\"><br \/>\n<\/span><b>Physikalischer Zustand<\/b><span style=\"font-weight: 400;\">: Fl\u00fcssigkeit<\/span><span style=\"font-weight: 400;\"><br \/>\n<\/span><b>Nat\u00fcrlich<\/b><span style=\"font-weight: 400;\">: Ja<\/span><span style=\"font-weight: 400;\"><br \/>\n<\/span><b>Reinheit<\/b><span style=\"font-weight: 400;\">: 100 % rein<\/span><span style=\"font-weight: 400;\"><br \/>\n<\/span><b>Zertifiziert<\/b><span style=\"font-weight: 400;\">: ISO, COA &amp; MSDS<\/span><span style=\"font-weight: 400;\"><br \/>\n<\/span><b>Versand<\/b><span style=\"font-weight: 400;\">: Wird an der Kasse berechnet<\/span><\/p>\n","protected":false},"featured_media":274916,"comment_status":"open","ping_status":"closed","template":"","meta":[],"product_brand":[],"product_cat":[173],"product_tag":[],"class_list":{"0":"post-53754","1":"product","2":"type-product","3":"status-publish","4":"has-post-thumbnail","6":"product_cat-essential-oils","7":"pa_bottle-size-30-ml","8":"pa_bottle-size-60-ml","10":"first","11":"instock","12":"sale","13":"shipping-taxable","14":"purchasable","15":"product-type-variable","16":"has-default-attributes"},"_links":{"self":[{"href":"https:\/\/nefertiti-eg.com\/de\/wp-json\/wp\/v2\/product\/53754","targetHints":{"allow":["GET"]}}],"collection":[{"href":"https:\/\/nefertiti-eg.com\/de\/wp-json\/wp\/v2\/product"}],"about":[{"href":"https:\/\/nefertiti-eg.com\/de\/wp-json\/wp\/v2\/types\/product"}],"replies":[{"embeddable":true,"href":"https:\/\/nefertiti-eg.com\/de\/wp-json\/wp\/v2\/comments?post=53754"}],"wp:featuredmedia":[{"embeddable":true,"href":"https:\/\/nefertiti-eg.com\/de\/wp-json\/wp\/v2\/media\/274916"}],"wp:attachment":[{"href":"https:\/\/nefertiti-eg.com\/de\/wp-json\/wp\/v2\/media?parent=53754"}],"wp:term":[{"taxonomy":"product_brand","embeddable":true,"href":"https:\/\/nefertiti-eg.com\/de\/wp-json\/wp\/v2\/product_brand?post=53754"},{"taxonomy":"product_cat","embeddable":true,"href":"https:\/\/nefertiti-eg.com\/de\/wp-json\/wp\/v2\/product_cat?post=53754"},{"taxonomy":"product_tag","embeddable":true,"href":"https:\/\/nefertiti-eg.com\/de\/wp-json\/wp\/v2\/product_tag?post=53754"}],"curies":[{"name":"wp","href":"https:\/\/api.w.org\/{rel}","templated":true}]}}