{"id":53757,"date":"2019-05-30T20:22:39","date_gmt":"2019-05-30T18:22:39","guid":{"rendered":"https:\/\/wordpress-237795-1094026.cloudwaysapps.com\/shop\/unkategorisiert\/helba-fenugreek-oil\/"},"modified":"2023-01-09T15:54:02","modified_gmt":"2023-01-09T13:54:02","slug":"helba-fenugreek-oil","status":"publish","type":"product","link":"https:\/\/nefertiti-eg.com\/de\/shop\/natural-health-care-de\/helba-fenugreek-oil\/","title":{"rendered":"Bockshornklee \u00d6l (Helba)"},"content":{"rendered":"<h3><b>Vorteile von Bockshornklee-\u00d6l (Helba)<\/b><\/h3>\n<p><span style=\"font-weight: 400;\">N\u00fctzliche Eigenschaften und Anwendung von Bockshornklee-\u00d6l basieren auf seiner biochemischen Zusammensetzung: Vitamine A, C, E, Gruppe B, Fols\u00e4ure, ein Komplex von Makro- und Mikroelementen (Eisen, Selen, Kupfer, Magnesium, Kalium, Calcium, Zin<\/span><span style=\"font-weight: 400;\">k, Jod,<\/span><span style=\"font-weight: 400;\"> Fluor usw.), Phytosterole, essentielle Fetts\u00e4uren, Antioxidan<\/span><span style=\"font-weight: 400;\">tien und Lipi<\/span><span style=\"font-weight: 400;\">de. Bockshornklee (Trigonella foenum-graecum L.) ist eines der besten Heilmittel gegen Erk\u00e4ltungen und Lungenerkrankungen. Es wird bei Influenza, Bronchitis, Laryngitis, Sinusitis, Lungenentz\u00fcndung, Asthma bronchiale und anhaltendem chronischem Husten angewendet. Bockshornklee-\u00d6l reinigt Magen, Darm und Nieren von Giftstoffen, bedeckt sanft die besch\u00e4digten W\u00e4nde des Magens und Darms mit einem Schutzfilm. Bockshornklee-\u00d6l ist f\u00fcr Diabetiker unverzichtbar, weil es nat\u00fcrlich den Blutzucker senkt. <\/span><span style=\"font-weight: 400;\">Dieses \u00d6l wird bei An\u00e4mie und k\u00f6rperlicher Ersch\u00f6pfung empfohlen. Dar\u00fcber hinaus ist es eine hervorragende Unterst\u00fctzung f\u00fcr die Genesung nach einer Krankheit. Es hat starke entz\u00fcndungshemmende Eigenschaften.<\/span><\/p>\n<h3><b>Bockshornklee-\u00d6l f\u00fcr Frauen<\/b><\/h3>\n<p><span style=\"font-weight: 400;\">Moderne Forschungen haben best\u00e4tigt, dass Bockshornklee-\u00d6l ein hervorragendes Mittel <\/span><span style=\"font-weight: 400;\">gegen typisch weiblich<\/span><span style=\"font-weight: 400;\">e Beschwerden ist. Bockshornkleesamen enthalten Diosgenin, das in Struktur und Wirkung dem weiblichen Sexualhormon \u00d6strogen \u00e4hnlich ist.<\/span><span style=\"font-weight: 400;\"> Es stabilis<\/span><span style=\"font-weight: 400;\">iert den weiblichen Hormonspi<\/span><span style=\"font-weight: 400;\">egel, es ist<\/span><span style=\"font-weight: 400;\"> ein starkes Stimulans und tr\u00e4gt zur Normalisierung des Menstruationszyklus bei. Hilft bei Beschwerden w\u00e4hrend PMS und Wechseljahren, und lindert Schmerzen w\u00e4hrend der Menstruation. In den \u00f6stlichen L\u00e4ndern haben Frauen Bockshornklee-\u00d6l nach der Geburt verwendet und verwenden es immer noch, um einen ersch\u00f6pften K\u00f6rper wiederherzustellen und die Laktation zu erh\u00f6hen. Bockshornklee-\u00d6l wird bei Unfruchtbarkeit empfohlen, die durch weibliche hormonelle St\u00f6rungen verursacht wird, die Produktion von Phyto\u00f6strogenen aktiviert und Hormone stabilisiert. Erh\u00f6ht die Libido.<\/span><\/p>\n<h3><b>Bockshornklee-\u00d6l zur Brustvergr\u00f6\u00dferung<\/b><\/h3>\n<p><span style=\"font-weight: 400;\">In der Antike verwendeten Frauen im \u00f6stlichen Harem Bockshornklee-\u00d6l, um ihre K\u00f6rperform zu verbessern und zur Brustvergr\u00f6\u00dferung. Bockshornklee-\u00d6l ist derzeit die beliebteste nat\u00fcrliche Quelle f\u00fcr Brustvergr\u00f6\u00dferung, Straffung und Gesamtbild.<\/span><\/p>\n<h3><b>Bockshornklee-\u00d6l f\u00fcr die Wechseljahre<\/b><\/h3>\n<p><span style=\"font-weight: 400;\">Bockshornklee-\u00d6l <\/span><span style=\"font-weight: 400;\">ist in der Pr\u00e4-Menopause und in den Wechseljahren einfach unersetzlich. Es unterst\u00fctzt perfekt die Gesundheit von Frauen, erleichtert die \u00dcbergangszeit und beseitigt die Beschwerden w\u00e4hrend der Wechseljahre. Gut ausbalancierte weibliche Hormone erhalten die Stabilit\u00e4t des Nervensystems und verbessern das attraktive und gesunde Erscheinungsbild der weiblichen Haut. Weniger Beschwerden entlasten eine Frau von Stress und verbessern ihre Lebensqualit\u00e4t.<\/span><\/p>\n","protected":false},"excerpt":{"rendered":"<p><b>Marke: <\/b><span style=\"font-weight: 400;\">Nefertiti for natural oils and herbs<br \/>\n<\/span><b>Versand: <\/b><span style=\"font-weight: 400;\">Berechnet an der Kasse<br \/>\n<\/span><b>Herkunftsland: <\/b><span style=\"font-weight: 400;\">\u00c4gypten<br \/>\n<\/span><b>Botanischer Name: <\/b><span style=\"font-weight: 400;\">Trigonella foenum graecum<br \/>\n<\/span><b>Familie: <\/b><span style=\"font-weight: 400;\">Fabaceae<br \/>\n<\/span><span style=\"font-size: 12pt;\"><span style=\"font-weight: 400;\"><b>INCI<\/b>: Trigonella foenum graecum Samen\u00f6l<br \/>\n<\/span><\/span><span style=\"font-size: 12pt;\"><span style=\"font-weight: 400;\"><b>Synome:<\/b> Bockshornklee, \u0646\u0628\u0627\u062a \u0627\u0644\u062d\u0644\u0628\u0629, fenugreek, \u043f\u0430\u0436\u0438\u0442\u043d\u0438\u043a, \u043f\u0430\u0436\u0438\u0442\u043d\u0438\u043a, Fenugrec, fieno greco, \u80e1\u82a6 \u5df4<br \/>\n<b>Verwendete Teile:<\/b> Samen<br \/>\n<b>Extraktionsmethode:<\/b> wasserdampfdestillation<br \/>\n<b>Duft: <\/b>leicht nussig<br \/>\n<b>Aussehen:<\/b> gelblich-golden<br \/>\n<b>Physikalischer Zustand:<\/b> fl\u00fcssigkeit<br \/>\n<b>Nat\u00fcrlich:<\/b> ja<br \/>\n<b>Reinheit: <\/b>100 % rein<b><br \/>\n<\/b><b>Zertifikate: <\/b>ISO, COA &amp; MSDS<br \/>\n<b>Komposition:<\/b> Proteine, Lipide, Polysacharide, Steroidsaponine, Aminos\u00e4ure, Trigonellin<br \/>\n<\/span><\/span><\/p>\n","protected":false},"featured_media":274776,"comment_status":"open","ping_status":"closed","template":"","meta":[],"product_brand":[],"product_cat":[688,185],"product_tag":[],"class_list":{"0":"post-53757","1":"product","2":"type-product","3":"status-publish","4":"has-post-thumbnail","6":"product_cat-natural-health-care-de","7":"product_cat-natural-oils","8":"pa_bottle-size-11-1000-ml-de","9":"pa_bottle-size-11-300-ml-de","10":"pa_bottle-size-11-500-ml-de","11":"pa_bottle-size-1000-ml-de-2","12":"pa_bottle-size-125-ml-de","13":"pa_bottle-size-200-ml-de-2","14":"pa_bottle-size-300-ml-de","15":"pa_bottle-size-500-ml","16":"pa_bottle-size-60-ml","18":"first","19":"instock","20":"sale","21":"shipping-taxable","22":"purchasable","23":"product-type-variable","24":"has-default-attributes"},"_links":{"self":[{"href":"https:\/\/nefertiti-eg.com\/de\/wp-json\/wp\/v2\/product\/53757","targetHints":{"allow":["GET"]}}],"collection":[{"href":"https:\/\/nefertiti-eg.com\/de\/wp-json\/wp\/v2\/product"}],"about":[{"href":"https:\/\/nefertiti-eg.com\/de\/wp-json\/wp\/v2\/types\/product"}],"replies":[{"embeddable":true,"href":"https:\/\/nefertiti-eg.com\/de\/wp-json\/wp\/v2\/comments?post=53757"}],"wp:featuredmedia":[{"embeddable":true,"href":"https:\/\/nefertiti-eg.com\/de\/wp-json\/wp\/v2\/media\/274776"}],"wp:attachment":[{"href":"https:\/\/nefertiti-eg.com\/de\/wp-json\/wp\/v2\/media?parent=53757"}],"wp:term":[{"taxonomy":"product_brand","embeddable":true,"href":"https:\/\/nefertiti-eg.com\/de\/wp-json\/wp\/v2\/product_brand?post=53757"},{"taxonomy":"product_cat","embeddable":true,"href":"https:\/\/nefertiti-eg.com\/de\/wp-json\/wp\/v2\/product_cat?post=53757"},{"taxonomy":"product_tag","embeddable":true,"href":"https:\/\/nefertiti-eg.com\/de\/wp-json\/wp\/v2\/product_tag?post=53757"}],"curies":[{"name":"wp","href":"https:\/\/api.w.org\/{rel}","templated":true}]}}