{"id":53777,"date":"2015-06-25T16:16:38","date_gmt":"2015-06-25T14:16:38","guid":{"rendered":"https:\/\/wordpress-237795-1094026.cloudwaysapps.com\/shop\/unkategorisiert\/hair-food-oil\/"},"modified":"2023-01-09T15:57:03","modified_gmt":"2023-01-09T13:57:03","slug":"hair-food-oil","status":"publish","type":"product","link":"https:\/\/nefertiti-eg.com\/de\/shop\/cosmetics\/hair-food-oil\/","title":{"rendered":"Haarn\u00e4hrungs\u00f6l"},"content":{"rendered":"<h3><b>Vorteile der nat\u00fcrlichen Haarmischung<\/b><\/h3>\n<p><span style=\"font-weight: 400;\">Nat\u00fcrliche Haarmischung wird sehr sorgf\u00e4ltig und mit hochwertigen nat\u00fcrlichen \u00d6len formuliert. <\/span><span style=\"font-weight: 400;\">Die nat\u00fcrliche feuchtigkeitsspendende Wirkung erh\u00f6ht<\/span><span style=\"font-weight: 400;\"> die Aktivit\u00e4t der nat\u00fcrlichen Haar\u00f6lmischung, um gesch\u00e4digtes Haar tief zu n\u00e4hren und zu reparieren. Die Kr\u00e4uter-Haar\u00f6lmischung hat einen nat\u00fcrlichen Lichtschutzfaktor und kann verwendet werden, um Ihr Haar vor den sch\u00e4dlichen Auswirkungen von UV-Strahlung zu sch\u00fctzen.<\/span><\/p>\n<p><span style=\"font-weight: 400;\">Ein beeindruckender Cocktail sorgf\u00e4ltig ausgew\u00e4hlter Inhaltsstoffe zur Pflege und Behandlung des Haares mit allen notwendigen n\u00fctzlichen Inhaltsstoffen, zur dauerhaften Fixierung von Feuchtigkeit und Volumen des Haares sowie zur Bereitstellung der regenerierenden Inhaltsstoffe, die f\u00fcr die Gesundheit Ihres Haares unerl\u00e4sslich sind.<\/span><\/p>\n<h3><b>Nat\u00fcrliche \u00d6lmischung &#8211; Haarsp\u00fclung<\/b><\/h3>\n<p><span style=\"font-weight: 400;\">Diese nat\u00fcrliche Mischung aus Haar\u00f6len eignet sich hervorragend zur Tiefen pflege, zur St\u00e4rkung des Haares und f\u00fcr ein gepflegtes und gesundes Aussehen. Unsere Mischung aus nat\u00fcrlichen \u00d6len ist eine <\/span><span style=\"font-weight: 400;\">hochwirksames Feuchtigkeits\u00f6l <\/span><span style=\"font-weight: 400;\">f\u00fcr trockenes, spr\u00f6des und strapaziertes Haar. Die Mischung pflegt und befeuchtet das Haar und bildet eine Sch<\/span><span style=\"font-weight: 400;\">icht, um es vor aggressiven Umwelteinfl\u00fcssen zu sch\u00fctzen.<\/span><\/p>\n<h3><b>Nat\u00fcrliche \u00d6lmischung f\u00fcr die Haarpflege<\/b><\/h3>\n<p><span style=\"font-weight: 400;\">Die \u00d6lmischung hat eine hervorragende Wirkung auf das Haar, hat eine leichte Textur, <\/span><span style=\"font-weight: 400;\">kann perfekt ausgewaschen werden,<\/span><span style=\"font-weight: 400;\"> wird nicht fettig und belastet es nicht. Der \u00d6lkomplex beugt Haarausfall vor, st\u00e4rkt den Haarfollikel, beseitigt Schuppen, beugt Spr\u00f6digkeit und Trockenheit vor, bek\u00e4mpft Spliss und stellt die Struktur von gesch\u00e4digtem und gef\u00e4rbtem Haar wieder her.<\/span><\/p>\n<p><span style=\"font-weight: 400;\">Das \u00d6l kommt gut mit Pilzinfektionen und Hautreizungen zurecht und verhindert aufgrund seiner hohen biologischen Aktivit\u00e4t das Auftreten von grauem Haar. Diese \u00d6lmischung ist ein nat\u00fcrliches Stimulans f\u00fcr das Haarwachstum und kann verwendet werden, um maximale Haardichte und -l\u00e4nge zu erreichen. Bei regelm\u00e4\u00dfiger Anwendung der Mischung erh\u00e4lt das Haar Glanz, Weichheit und Seidigkeit, wird deutlich gest\u00e4rkt und dichter, glatter und elastischer.<\/span><\/p>\n<h3><b>Pflegende Eigenschaften der nat\u00fcrlichen Haarmischung<\/b><\/h3>\n<p><span style=\"font-weight: 400;\">Die nat\u00fcrliche Haar\u00f6lmischung enth\u00e4lt wichtige Vitamine wie Vitamin A, B, D und E. Sie enth\u00e4lt au\u00dferdem Protein, Aminos\u00e4uren, Eisen, Kupfer, Magnesium und Fols\u00e4ure. Dies sind die N\u00e4hrstoffe, die unsere Haar\u00f6lmischung zu einem idealen Produkt machen, das Sch\u00e4den vorbeugen und ein gesundes Haarwachstum f\u00f6rdern kann.<\/span><\/p>\n<h3><b>Wie man nat\u00fcrliche Haar\u00f6lmischung verwendet<\/b><\/h3>\n<p><span style=\"font-weight: 400;\">Massieren Sie die Kopfhaut mit einer kleinen Menge \u00d6l und verteilen Sie sie 30 Minuten vor dem Shampoonieren gleichm\u00e4\u00dfig \u00fcber die gesamte Haarl\u00e4nge.<\/span><\/p>\n","protected":false},"excerpt":{"rendered":"<p><b>Marke<\/b><span style=\"font-weight: 400;\">: Nefertiti for natural Oils and herbs<\/span><span style=\"font-weight: 400;\"><br \/>\n<\/span><b>Herkunftsland<\/b><span style=\"font-weight: 400;\">: \u00c4gypten<\/span><span style=\"font-weight: 400;\"><br \/>\n<\/span><b>Zusammensetzung: <\/b><span style=\"font-weight: 400;\">Schwarzk\u00fcmmel\u00f6l, Jojoba\u00f6l, Argan\u00f6l, Rucola \u00d6l, Rizinus\u00f6l, Weizenkeim\u00f6l, Kokos\u00f6l, \u00e4therische \u00d6le<\/span><span style=\"font-weight: 400;\"><br \/>\n<\/span><b>INCI<\/b><span style=\"font-weight: 400;\">: <\/span><span style=\"font-weight: 400;\">Nat\u00fcrliche \u00d6le zur Haarbehandlung<\/span><span style=\"font-weight: 400;\"><br \/>\n<\/span><b>Anwendung<\/b><span style=\"font-weight: 400;\">: <\/span><span style=\"font-weight: 400;\">Kosmetik; Haarpflege<\/span><span style=\"font-weight: 400;\"><br \/>\n<\/span><b>Duft<\/b><span style=\"font-weight: 400;\">: <\/span><span style=\"font-weight: 400;\">Erdige Kr\u00e4uter<\/span><span style=\"font-weight: 400;\"><br \/>\n<\/span><b>Aussehen<\/b><span style=\"font-weight: 400;\">: <\/span><span style=\"font-weight: 400;\">Dunkelgr\u00fcn bis braun<\/span><span style=\"font-weight: 400;\"><br \/>\n<\/span><b>Physikalischer Zustand<\/b><span style=\"font-weight: 400;\">: Fl\u00fcssigkeit<\/span><span style=\"font-weight: 400;\"><br \/>\n<\/span><b>Nat\u00fcrlich<\/b><span style=\"font-weight: 400;\">: Ja<\/span><span style=\"font-weight: 400;\"><br \/>\n<\/span><b>Reinheit<\/b><span style=\"font-weight: 400;\">: 100 % rein<\/span><span style=\"font-weight: 400;\"><br \/>\n<\/span><b>Zertifiziert<\/b><span style=\"font-weight: 400;\">: ISO, COA &amp; MSDS<\/span><span style=\"font-weight: 400;\"><br \/>\n<\/span><b>Versand<\/b><span style=\"font-weight: 400;\">: Wird an der Kasse berechnet<\/span><span style=\"font-weight: 400;\"><br \/>\n<\/span><\/p>\n","protected":false},"featured_media":288501,"comment_status":"open","ping_status":"closed","template":"","meta":[],"product_brand":[],"product_cat":[182],"product_tag":[],"class_list":{"0":"post-53777","1":"product","2":"type-product","3":"status-publish","4":"has-post-thumbnail","6":"product_cat-cosmetics","7":"pa_bottle-size-11-1000-ml-de","8":"pa_bottle-size-11-300-ml-de","9":"pa_bottle-size-11-500-ml-de","10":"pa_bottle-size-1000-ml-de-2","11":"pa_bottle-size-125-ml-de","12":"pa_bottle-size-200-ml-de-2","13":"pa_bottle-size-300-ml-de","14":"pa_bottle-size-500-ml","16":"first","17":"instock","18":"sale","19":"shipping-taxable","20":"purchasable","21":"product-type-variable","22":"has-default-attributes"},"_links":{"self":[{"href":"https:\/\/nefertiti-eg.com\/de\/wp-json\/wp\/v2\/product\/53777","targetHints":{"allow":["GET"]}}],"collection":[{"href":"https:\/\/nefertiti-eg.com\/de\/wp-json\/wp\/v2\/product"}],"about":[{"href":"https:\/\/nefertiti-eg.com\/de\/wp-json\/wp\/v2\/types\/product"}],"replies":[{"embeddable":true,"href":"https:\/\/nefertiti-eg.com\/de\/wp-json\/wp\/v2\/comments?post=53777"}],"wp:featuredmedia":[{"embeddable":true,"href":"https:\/\/nefertiti-eg.com\/de\/wp-json\/wp\/v2\/media\/288501"}],"wp:attachment":[{"href":"https:\/\/nefertiti-eg.com\/de\/wp-json\/wp\/v2\/media?parent=53777"}],"wp:term":[{"taxonomy":"product_brand","embeddable":true,"href":"https:\/\/nefertiti-eg.com\/de\/wp-json\/wp\/v2\/product_brand?post=53777"},{"taxonomy":"product_cat","embeddable":true,"href":"https:\/\/nefertiti-eg.com\/de\/wp-json\/wp\/v2\/product_cat?post=53777"},{"taxonomy":"product_tag","embeddable":true,"href":"https:\/\/nefertiti-eg.com\/de\/wp-json\/wp\/v2\/product_tag?post=53777"}],"curies":[{"name":"wp","href":"https:\/\/api.w.org\/{rel}","templated":true}]}}