{"id":53778,"date":"2015-06-25T16:15:25","date_gmt":"2015-06-25T14:15:25","guid":{"rendered":"https:\/\/wordpress-237795-1094026.cloudwaysapps.com\/shop\/unkategorisiert\/sun-tan-oil-blend\/"},"modified":"2023-01-09T15:56:38","modified_gmt":"2023-01-09T13:56:38","slug":"sun-tan-oil-blend","status":"publish","type":"product","link":"https:\/\/nefertiti-eg.com\/de\/shop\/cosmetics\/sun-tan-oil-blend\/","title":{"rendered":"Sonnenschutz\u00f6l"},"content":{"rendered":"<h3><b>Vorteile von nat\u00fcrlichem Br\u00e4unungs\u00f6l\u00a0<\/b><\/h3>\n<p><span style=\"font-weight: 400;\">Eine zarte \u00d6lmischung mit einem leichten Nussige Zitrus Unterton, der leicht einzieht. Unsere nat\u00fcrliche Mischung aus Br\u00e4unungs\u00f6len hat eine Ultra-feuchtigkeitsspendende und pflegende Formel, die das Brennen Ihrer Haut und Austrocknung verhindert und Ihre Haut vor UV-Sch\u00e4den sch\u00fctzt. Die nat\u00fcrliche Br\u00e4unungs\u00f6lmischung sch\u00fctzt auf nat\u00fcrliche Weise vor sch\u00e4dlichen UV-Strahlen und sch\u00fctzt die Haut vor Sonnenbrand. Nat\u00fcrliches Br\u00e4unungs\u00f6l erh\u00f6ht die Aufnahme von Vitamin D.<\/span><\/p>\n<h3><b>Nat\u00fcrliches Br\u00e4unungs\u00f6l &#8211; Hautvorteile<\/b><\/h3>\n<h3><span style=\"font-weight: 400;\">Dieses nat\u00fcrliche Br\u00e4unungs\u00f6l dringt tief in die Haut ein und beugt Hautalterung und Verbrennungen vor. Hervorragende Fl\u00fcssigkeitszufuhr und Ern\u00e4hrung sind f\u00fcr einen gesunden Br\u00e4unungsprozess am wichtigsten. Die Mischung aus Br\u00e4unungs\u00f6len f\u00f6rdert die schnellere Bildung und langfristige Aufrechterhaltung einer gleichm\u00e4\u00dfigen Br\u00e4une und hilft, trockene Haut und Hautalterung zu verhindern.<\/span><\/h3>\n<h3><b>Gesundes Br\u00e4unungs\u00f6l<\/b><\/h3>\n<p><span style=\"font-weight: 400;\">Dank Kr\u00e4uterextrakten und Vitaminen im Br\u00e4unungs\u00f6l wird die Haut umfassend gepflegt. Dank der einzigartigen Zusammensetzung nat\u00fcrlicher Br\u00e4unungs\u00f6le auf der Basis von Jojoba und S<\/span><span style=\"font-weight: 400;\">esam\u00f6l, Karottensamen \u00d6l, Man<\/span><span style=\"font-weight: 400;\">del\u00f6l und anderen \u00d6len wird Ihre Haut vollst\u00e4ndig mit den wichtigsten Fetts\u00e4uren, Vitaminen und Mikroelementen angereichert. Nat\u00fcrliches Br\u00e4unungs\u00f6l sch\u00fctzt die Haut wirksam, spendet Feuchtigkeit und pflegt, beugt vorzeitiger Hautalterung und Hautpigmentierung vor.<\/span><\/p>\n<h3><b>Wie man nat\u00fcrliches Br\u00e4unungs\u00f6l verwendet<\/b><\/h3>\n<p><span style=\"font-weight: 400;\">Es wird empfohlen, etwa alle zwei Stunden nat\u00fcrliches Br\u00e4unungs\u00f6l aufzutragen, wenn Sie direktem Sonnenlicht ausgesetzt sind, h\u00e4ufig baden oder viel schwitzen. Dank seiner antioxidativen Eigenschaften hilft Ihnen diese nat\u00fcrliche Mischung aus Br\u00e4unungs\u00f6len dabei, die Sonne zu genie\u00dfen &#8211; ohne Ihre Haut zu sch\u00e4digen und die Absorption von Vitamin D zu erh\u00f6hen.<\/span><\/p>\n","protected":false},"excerpt":{"rendered":"<p><b>Marke<\/b><span style=\"font-weight: 400;\">: Nefertiti for natural Oils and herbs<\/span><span style=\"font-weight: 400;\"><br \/>\n<\/span><b>Herkunftsland<\/b><span style=\"font-weight: 400;\">: \u00c4gypten<\/span><span style=\"font-weight: 400;\"><br \/>\n<\/span><b>Zusammensetzung<\/b><span style=\"font-weight: 400;\">: \u00e4therische \u00d6le aus Sesamsamen, Mandel, Jojoba, Argan, Patchouli<\/span><span style=\"font-weight: 400;\"><br \/>\n<\/span><b>INCI<\/b><span style=\"font-weight: 400;\">: \u00d6lmischung f\u00fcr gesunde Br\u00e4une<\/span><span style=\"font-weight: 400;\"><br \/>\n<\/span><b>Anwendung<\/b><span style=\"font-weight: 400;\">: Kosmetik; SPF 12<\/span><span style=\"font-weight: 400;\"><br \/>\n<\/span><b>Duft<\/b><span style=\"font-weight: 400;\">: Frische Zitrusbl\u00fcte<\/span><span style=\"font-weight: 400;\"><br \/>\n<\/span><b>Aussehen<\/b><span style=\"font-weight: 400;\">: Bernstein<\/span><span style=\"font-weight: 400;\"><br \/>\n<\/span><b>Physikalischer Zustand<\/b><span style=\"font-weight: 400;\">: Fl\u00fcssigkeit<\/span><span style=\"font-weight: 400;\"><br \/>\n<\/span><b>Nat\u00fcrlich<\/b><span style=\"font-weight: 400;\">: Ja<\/span><span style=\"font-weight: 400;\"><br \/>\n<\/span><b>Reinheit<\/b><span style=\"font-weight: 400;\">: 100 % rein<\/span><span style=\"font-weight: 400;\"><br \/>\n<\/span><b>Zertifiziert<\/b><span style=\"font-weight: 400;\">: ISO, COA &amp; MSDS<\/span><span style=\"font-weight: 400;\"><br \/>\n<\/span><b>Versand<\/b><span style=\"font-weight: 400;\">: Wird an der Kasse berechnet<\/span><b><br \/>\n<\/b><\/p>\n","protected":false},"featured_media":279577,"comment_status":"open","ping_status":"closed","template":"","meta":[],"product_brand":[],"product_cat":[182,1123],"product_tag":[],"class_list":{"0":"post-53778","1":"product","2":"type-product","3":"status-publish","4":"has-post-thumbnail","6":"product_cat-cosmetics","7":"product_cat-natural-skin-care-de","8":"pa_bottle-size-125-ml-de","10":"first","11":"instock","12":"sale","13":"shipping-taxable","14":"purchasable","15":"product-type-variable","16":"has-default-attributes"},"_links":{"self":[{"href":"https:\/\/nefertiti-eg.com\/de\/wp-json\/wp\/v2\/product\/53778","targetHints":{"allow":["GET"]}}],"collection":[{"href":"https:\/\/nefertiti-eg.com\/de\/wp-json\/wp\/v2\/product"}],"about":[{"href":"https:\/\/nefertiti-eg.com\/de\/wp-json\/wp\/v2\/types\/product"}],"replies":[{"embeddable":true,"href":"https:\/\/nefertiti-eg.com\/de\/wp-json\/wp\/v2\/comments?post=53778"}],"wp:featuredmedia":[{"embeddable":true,"href":"https:\/\/nefertiti-eg.com\/de\/wp-json\/wp\/v2\/media\/279577"}],"wp:attachment":[{"href":"https:\/\/nefertiti-eg.com\/de\/wp-json\/wp\/v2\/media?parent=53778"}],"wp:term":[{"taxonomy":"product_brand","embeddable":true,"href":"https:\/\/nefertiti-eg.com\/de\/wp-json\/wp\/v2\/product_brand?post=53778"},{"taxonomy":"product_cat","embeddable":true,"href":"https:\/\/nefertiti-eg.com\/de\/wp-json\/wp\/v2\/product_cat?post=53778"},{"taxonomy":"product_tag","embeddable":true,"href":"https:\/\/nefertiti-eg.com\/de\/wp-json\/wp\/v2\/product_tag?post=53778"}],"curies":[{"name":"wp","href":"https:\/\/api.w.org\/{rel}","templated":true}]}}