{"id":53781,"date":"2015-06-24T20:59:12","date_gmt":"2015-06-24T18:59:12","guid":{"rendered":"https:\/\/wordpress-237795-1094026.cloudwaysapps.com\/shop\/unkategorisiert\/aloe-vera-lotion\/"},"modified":"2025-10-07T04:12:04","modified_gmt":"2025-10-07T01:12:04","slug":"aloe-vera-lotion","status":"publish","type":"product","link":"https:\/\/nefertiti-eg.com\/de\/shop\/cosmetics\/aloe-vera-lotion\/","title":{"rendered":"Aloe Vera Lotion"},"content":{"rendered":"<h3><b>Hauptwirkstoffe und Produkteigenschaften von Aloe Vera<\/b><\/h3>\n<ul>\n<li><span style=\"font-weight: 400;\"> Aloe Vera enth\u00e4lt eine ausgewogene Gruppe von biologisch aktiven Substanzen.<\/span><\/li>\n<li><span style=\"font-weight: 400;\"> Organische S\u00e4uren halten die Haut jugendlich.<\/span><\/li>\n<li><span style=\"font-weight: 400;\"> Tannine sind mit antimikrobiellen Eigenschaften ausgestattet (notwendig bei der Behandlung von Akne).<\/span><\/li>\n<li><span style=\"font-weight: 400;\"> Pektin hilft, dehydrierte Haut mit Feuchtigkeit zu versorgen.<\/span><\/li>\n<li><span style=\"font-weight: 400;\"> Carotinoide sind wichtig f\u00fcr die Aufrechterhaltung eines nat\u00fcrlichen Teints.<\/span><\/li>\n<li><span style=\"font-weight: 400;\"> Allantoin hat eine doppelte Wirkung auf die Haut: es macht die oberste Schicht der Haut weich, f\u00f6rdert die Trennung abgestorbener Zellen und stimuliert die Geweberegeneration. Strafft die Poren und macht die Haut weich, einschlie\u00dflich rissiger oder verbr\u00fchter Haut.<\/span><\/li>\n<li><span style=\"font-weight: 400;\"> Vitaminkomplex (Vitamin A, C, E, Gruppe der Vitamine B), Fols\u00e4ure, Mineralien &#8211; Kalzium, Kalium, Natrium, Zink, Kupfer, Ch<\/span><span style=\"font-weight: 400;\">rom und Selen &#8211; <\/span><span style=\"font-weight: 400;\">n\u00e4hren die Zellen und legen eine Anti-Stress-Barriere frei. Aloe Vera ist ein erstklassiges Antioxidans, das den Oxidationsprozess in Zellen hemmt und deren Zerst\u00f6rung verlangsamt, wodurch die Hautalterung verlangsamt wird.<\/span><\/li>\n<li><span style=\"font-weight: 400;\"> Aloe Vera dringt viermal schneller als Wasser in die Haut ein, spendet Feuchtigkeit und verhindert Austrocknung, wodurch die optimale Feuchtigkeitsmenge in den Epidermisschichten erhalten bleibt.<\/span><\/li>\n<li><span style=\"font-weight: 400;\"> Sch\u00fctzt und stellt gleichzeitig die nat\u00fcrliche Hautbarriere wieder her, die aufgrund der verbesserten Durchblutung eine bessere Resistenz gegen negative \u00e4u\u00dfere Faktoren erzeugt. Aloe Vera zieht schnell ein, bildet aber gleichzeitig eine unsichtbare Barriere auf der Haut, die den ganzen Tag \u00fcber perfekt vor Wind und anderen \u00e4u\u00dferen Reizstoffen sch\u00fctzt.<\/span><\/li>\n<li><span style=\"font-weight: 400;\"> Geeignet f\u00fcr alle Hauttypen.<\/span><\/li>\n<li><span style=\"font-weight: 400;\"> Nach der ersten Anwendung sieht die Haut frischer aus, wenn sie einen Schub an Vitaminen, Antioxidantien und der notwendigen Feuchtigkeit erh\u00e4lt.<\/span><\/li>\n<\/ul>\n<h3><b>Aloe Vera Lotion auftragen<\/b><\/h3>\n<p><span style=\"font-weight: 400;\">Aloe Vera wirkt sich positiv auf die Epidermis aus: es desinfiziert, beruhigt, erweicht, befeuchtet, lindert Entz\u00fcndungen und Reizungen, R\u00f6tungen und Juckreiz, heilt kleinere Wunden und Kratzer. Hilft bei Verbrennungen, Schnitten und Insektenstichen. Dank seiner entz\u00fcndungshemmenden Eigenschaften reduziert Aloe Vera R\u00f6tungen durch UV-Strahlen, beschleunigt die Zellregeneration und bildet eine Schutzschicht, um die Feuchtigkeit in den Zellen zu halten &#8211; spendet Feuchtigkeit, die besonders von gesch\u00e4digter Haut ben\u00f6tigt wird.<\/span><\/p>\n<ul>\n<li><span style=\"font-weight: 400;\"> Bei trockener und empfindlicher Haut wird die Aloe Vera Lotion f\u00fcr die t\u00e4gliche Pflege morgens und abends empfohlen. F\u00fchlen Sie sich frei, es anstelle einer Tagescreme zu verwenden, da es sich wirklich gut an Kosmetika anpasst.<\/span><\/li>\n<li><span style=\"font-weight: 400;\"> Die morgendliche Behandlung mit Aloe Vera Lotion sch\u00fctzt vor irritierenden Umweltfaktoren. Die abendliche Pflege versorgt die tieferen Hautschichten mit Feuchtigkeit und N\u00e4hrstoffen.<\/span><\/li>\n<li><span style=\"font-weight: 400;\"> Bei normaler, fettiger und entz\u00fcndeter Haut, wird die Aloe Vera Lotion empfohlen, um vergr\u00f6\u00dferte Poren zu reinigen, Feuchtigkeit zu spenden, Reizungen zu lindern und die Haut von Mitessern und Akne zu reinigen.<\/span><\/li>\n<li><span style=\"font-weight: 400;\"> Aloe Vera bietet eine hervorragende Hau<\/span><span style=\"font-weight: 400;\">tpflege bei Verbrenn<\/span><span style=\"font-weight: 400;\">ungen. Bei Verbrennungen oder Sonnenbrand Aloe Vera Lotion auf die betroffenen Stellen auftragen &#8211; sie beruhigt, macht die Haut weich und wirkt k\u00fchlend. Es wird schnell Schmerz lindern und bereits am n\u00e4chsten Tag werden die Verbrennungen weniger sichtbar sein.<\/span><\/li>\n<li><span style=\"font-weight: 400;\"> Das Aloin ist bekannt f\u00fcr seine Sonnenschutz-Eigenschaften, die es geeignet machen, die Haut vor direkter Einwirkung von UV-Strahlen zu sch\u00fctzen. Ideal f\u00fcr den Einsatz vor und nach dem Sonnenbaden. Die t\u00e4gliche Anwendung von Aloe Vera erm\u00f6glicht Ihnen eine gleichm\u00e4\u00dfige Br\u00e4une.<\/span><\/li>\n<li><span style=\"font-weight: 400;\"> Nach jeder mechanischen oder chemischen Einwirkung, stellt die Aloe Vera Lotion schnell besch\u00e4digte Hautzellen wieder her, lindert Reizungen und erzeugt einen nat\u00fcrlichen Film, der vor erneuten Entz\u00fcndungen sch\u00fctzt. Daher ist die Aloe Vera Lotion perfekt zur Linderung von Hautreizungen nach Epilieren und Rasieren.<\/span><\/li>\n<li><span style=\"font-weight: 400;\"> Die Verwendung von medizinischen und Haushaltshandschuhen zerst\u00f6rt die Haut der H\u00e4nde und f\u00fchrt zu deren vorzeitiger Alterung. Durch das Auftragen der Aloe Vera Lotion bleiben Ihre H\u00e4nde lange sch\u00f6n.<\/span><\/li>\n<li><span style=\"font-weight: 400;\"> Aloe Vera eignet sich hervorragend als Feuchtigkeitscreme f\u00fcr K\u00f6rper und Gesicht. Tragen Sie es nach dem Duschen in einer d\u00fcnnen Schicht auf &#8211; die Lotion zieht sofort ein, ohne ein klebriges Gef\u00fchl zu hinterlassen, und macht die Haut sehr weich und samtig.<\/span><\/li>\n<li><span style=\"font-weight: 400;\"> Aloe Vera hilft, blaue Flecken schnell loszuwerden.<\/span><\/li>\n<\/ul>\n<h3><b>Aloe Vera Lotion: vielseitige Pflege f\u00fcr alle Hauttypen<\/b><\/h3>\n<ul>\n<li style=\"font-weight: 400;\" aria-level=\"1\"><span style=\"font-weight: 400;\">Trockene und normale Hauttypen &#8211; spendet Feuchtigkeit, macht die Haut weich und sch\u00fctzt sie;<\/span><\/li>\n<li style=\"font-weight: 400;\" aria-level=\"1\"><span style=\"font-weight: 400;\">Fettige, problematische Haut &#8211; reinigt, deodoriert;<\/span><\/li>\n<li style=\"font-weight: 400;\" aria-level=\"1\"><span style=\"font-weight: 400;\">Empfindliche Haut &#8211; beruhigt, baut Stress ab;<\/span><\/li>\n<li style=\"font-weight: 400;\" aria-level=\"1\"><span style=\"font-weight: 400;\">Alternde Haut &#8211; erh\u00f6ht die Elastizit\u00e4t durch ihre revitalisierende Wirkung;<\/span><\/li>\n<li style=\"font-weight: 400;\" aria-level=\"1\"><span style=\"font-weight: 400;\">Lindert Entz\u00fcndungen;<\/span><\/li>\n<li style=\"font-weight: 400;\" aria-level=\"1\"><span style=\"font-weight: 400;\">Reinigt die Haut von Akne, Mitessern, verhindert deren Auftreten.<\/span><\/li>\n<\/ul>\n","protected":false},"excerpt":{"rendered":"<p><b>Marke<\/b><span style=\"font-weight: 400;\">: Nefertiti for natural oils and herbs<\/span><b><br \/>\n<\/b><b>Herkunftsland<\/b><span style=\"font-weight: 400;\">: \u00c4gypten<\/span><span style=\"font-weight: 400;\"><br \/>\n<\/span><b>Zusammensetzung<\/b><span style=\"font-weight: 400;\">: <\/span><span style=\"font-weight: 400;\">\u00e4therische \u00d6le aus <\/span><span style=\"font-weight: 400;\">Eukalyptus, Majoran, Schwarzk\u00fcmmel, Fenchel, Sandelholz<\/span><span style=\"font-weight: 400;\"><br \/>\n<\/span><b>INCI<\/b><span style=\"font-weight: 400;\">: Schmerzlindernde \u00d6lmischung<\/span><span style=\"font-weight: 400;\"><br \/>\n<\/span><b>Anwendung<\/b><span style=\"font-weight: 400;\">: Schmerzmittel, entz\u00fcndungshemmend<\/span><span style=\"font-weight: 400;\"><br \/>\n<\/span><b>Duft<\/b><span style=\"font-weight: 400;\">: Frisches Holz mit Menthol-Obernote<\/span><span style=\"font-weight: 400;\"><br \/>\n<\/span><b>Aussehen<\/b><span style=\"font-weight: 400;\">: Erdiges Gr\u00fcn bis dunkles Bernstein<\/span><span style=\"font-weight: 400;\"><br \/>\n<\/span><b>Physikalischer Zustand<\/b><span style=\"font-weight: 400;\">: Fl\u00fcssigkeit<\/span><span style=\"font-weight: 400;\"><br \/>\n<\/span><b>Nat\u00fcrlich<\/b><span style=\"font-weight: 400;\">: Ja<\/span><span style=\"font-weight: 400;\"><br \/>\n<\/span><b>Reinheit<\/b><span style=\"font-weight: 400;\">: 100 % rein<\/span><span style=\"font-weight: 400;\"><br \/>\n<\/span><b>Zertifiziert<\/b><span style=\"font-weight: 400;\">: ISO, COA &amp; MSDS<\/span><span style=\"font-weight: 400;\"><br \/>\n<\/span><b>Versand<\/b><span style=\"font-weight: 400;\">: Wird an der Kasse berechnet<\/span><\/p>\n","protected":false},"featured_media":279532,"comment_status":"open","ping_status":"closed","template":"","meta":[],"product_brand":[],"product_cat":[182,1123],"product_tag":[],"class_list":{"0":"post-53781","1":"product","2":"type-product","3":"status-publish","4":"has-post-thumbnail","6":"product_cat-cosmetics","7":"product_cat-natural-skin-care-de","8":"pa_bottle-size-11-1000-ml-de","9":"pa_bottle-size-11-500-ml-de","10":"pa_bottle-size-1000-ml-de-2","11":"pa_bottle-size-125-ml-de","12":"pa_bottle-size-200-ml-de-2","13":"pa_bottle-size-300-ml-de","14":"pa_bottle-size-500-ml","16":"first","17":"instock","18":"sale","19":"shipping-taxable","20":"purchasable","21":"product-type-variable","22":"has-default-attributes"},"_links":{"self":[{"href":"https:\/\/nefertiti-eg.com\/de\/wp-json\/wp\/v2\/product\/53781","targetHints":{"allow":["GET"]}}],"collection":[{"href":"https:\/\/nefertiti-eg.com\/de\/wp-json\/wp\/v2\/product"}],"about":[{"href":"https:\/\/nefertiti-eg.com\/de\/wp-json\/wp\/v2\/types\/product"}],"replies":[{"embeddable":true,"href":"https:\/\/nefertiti-eg.com\/de\/wp-json\/wp\/v2\/comments?post=53781"}],"wp:featuredmedia":[{"embeddable":true,"href":"https:\/\/nefertiti-eg.com\/de\/wp-json\/wp\/v2\/media\/279532"}],"wp:attachment":[{"href":"https:\/\/nefertiti-eg.com\/de\/wp-json\/wp\/v2\/media?parent=53781"}],"wp:term":[{"taxonomy":"product_brand","embeddable":true,"href":"https:\/\/nefertiti-eg.com\/de\/wp-json\/wp\/v2\/product_brand?post=53781"},{"taxonomy":"product_cat","embeddable":true,"href":"https:\/\/nefertiti-eg.com\/de\/wp-json\/wp\/v2\/product_cat?post=53781"},{"taxonomy":"product_tag","embeddable":true,"href":"https:\/\/nefertiti-eg.com\/de\/wp-json\/wp\/v2\/product_tag?post=53781"}],"curies":[{"name":"wp","href":"https:\/\/api.w.org\/{rel}","templated":true}]}}