{"id":56472,"date":"2019-08-17T18:44:42","date_gmt":"2019-08-17T16:44:42","guid":{"rendered":"https:\/\/wordpress-237795-1094026.cloudwaysapps.com\/shop\/unkategorisiert\/amber\/"},"modified":"2021-07-27T16:17:15","modified_gmt":"2021-07-27T14:17:15","slug":"amber","status":"publish","type":"product","link":"https:\/\/nefertiti-eg.com\/de\/shop\/aroma-oils\/amber\/","title":{"rendered":"Bernstein\u00f6l"},"content":{"rendered":"<p><span style=\"font-weight: 400;\">Die griechische Mythologie erz\u00e4hlt die Geschichte von sieben Schwestern, die sich nach dem Tod ihres Bruders Phaeton in Trauerweiden verwandelten, als er mit dem Solarauto seines Vaters Helios abst\u00fcrzte. Seitdem vergie\u00dfen die Schwestern ihre ewigen Tr\u00e4nen, die sich in Bernstein tropfen verwandeln, sobald sie die Erde ber\u00fchren.<\/span><\/p>\n<h3><b>Herkunft und Eigenschaften des Bernstein\u00f6ls<\/b><\/h3>\n<p><span style=\"font-weight: 400;\">In Wirklichkeit ist Bernstein jedoch ein fossiles Harz aus der Kiefer Pinus Succinifera. Das im Laufe der Zeit versteinerte Harz wird Bernstein genannt. Die Hauptquelle f\u00fcr Bernstein ist der Ostseeraum. Traditionell war Bernstein in vielen Kulturen wegen seiner goldenen Farbe beliebt. Er ist weich und daher leicht zu Perlen, Anh\u00e4ngern oder Figuren zu verarbeiten. Es ist auch bekannt, dass es in der Antike als Zahlungsmittel verwendet wurde. Die vielen Bernstein t\u00f6ne k\u00f6nnen von goldbraun bis orange, gelb, rot, gr\u00fcn und sogar wei\u00df reichen.<\/span><\/p>\n<p><span style=\"font-weight: 400;\">Bernstein\u00f6l wird durch Hexandestillation aus dem fossilen Harz gewonnen. Kurz gesagt beinhaltet dieser Extraktionsprozess die Behandlung des Rohmaterials mit einem L\u00f6sungsmittel, wonach das \u00d6l durch Verdampfen und Kondensieren gewonnen wird. Dies verleiht dem tief goldfarbenen Bernstein\u00f6l seinen s\u00fc\u00dfen, manchmal leicht holzigen Duft mit einem zitrische Unterton.<\/span><\/p>\n<p><span style=\"font-weight: 400;\">Bernstein\u00f6l \u00e4hnelt in seiner Zusammensetzung und seinen Eigenschaften anderen \u00e4therischen \u00d6len, die aus Nadelb\u00e4umen gewonnen werden und haupts\u00e4chlich organische Verbindungen enthalten. Diese Verbindungen sind nat\u00fcrlich in fossilen Harzen vorhanden. Zu den Bestandteilen von Bernstein\u00f6l geh\u00f6ren Dutzende verschiedener Terpene, Terpenderivate und anderer Kohlenwasserstoffverbindungen wie Caparratrien, Derivate von Azulen, Aromadendren, Longipinen, Borneol, Kampfer, Isolongifolol, Thunbergol und Fenchol. Einige dieser fl\u00fcchtigen Verbindungen sind f\u00fcr die entz\u00fcndungshemmenden und antibakteriellen Wirkungen von Bernstein\u00f6l verantwortlich.<\/span><\/p>\n<p><span style=\"font-weight: 400;\">Da die Konzentration der Verbindungen in Bernstein\u00f6l betr\u00e4chtlich ist und sie einen hohen Grad an biologischer Aktivit\u00e4t aufweisen, wird dringend davon abgeraten, Bernstein\u00f6l direkt auf die Haut aufzutragen, sofern es nicht verd\u00fcnnt ist, und sollte nicht oral eingenommen werden.<\/span><\/p>\n<h3><b>Bernstein\u00f6l &amp; Vorteile<\/b><\/h3>\n<p><span style=\"font-weight: 400;\">Wie einige andere aus Harz gewonnene \u00e4therische \u00d6le wirkt Bernstein\u00f6l entz\u00fcndungshemmend und antiseptisch. Die heilenden Eigenschaften von Bernstein\u00f6l machen es zu einem idealen Produkt bei Kreislaufst\u00f6rungen, Erk\u00e4ltungen und Grippe, entz\u00fcndlichen Erkrankungen, geringem Sexualtrieb, Angstzust\u00e4nden, Stress, chronischen Schmerzen, M\u00fcdigkeit, kognitiver Langsamkeit, neurodegenerativen Erkrankungen, Arthritis und verschiedenen Herz-Kreislauf-Erkrankungen.<\/span><\/p>\n<p><span style=\"font-weight: 400;\">Das \u00e4therische \u00d6l aus Bernstein hat einige beeindruckende Vorteile. Um nur einige zu nennen: Es kann helfen, den Geist zu beruhigen, die Herzgesundheit zu sch\u00fctzen, die Libido zu stimulieren, Schmerzen zu beseitigen, Atemwegserkrankungen zu behandeln, Entz\u00fcndungen vorzubeugen, das Gehirn zu stimulieren und den K\u00f6rper zu entgiften. Bernstein\u00f6l hat eine restaurative Wirkung auf den gesamten K\u00f6rper und kann sogar zur Behandlung und Vorbeugung von Gelenkerkrankungen wie Arthritis und anderen rheumatischen Erkrankungen eingesetzt werden.<\/span><\/p>\n<h3><b>Bernstein\u00f6l f\u00fcr die Hautpflege<\/b><\/h3>\n<p><span style=\"font-weight: 400;\">Bernstein\u00f6l f\u00f6rdert die Heilung kleinerer Hautl\u00e4sionen wie Schnitte, Kratzer, Narben, Dehnungsstreifen, Verbrennungen und Akne. Die Wirkstoffe machen Bernstein\u00f6l f\u00fcr fettige und problematische Hauttypen geeignet, reduzieren die H\u00e4ufigkeit und Schwere von Akne und behandeln die Narben. Da Bernstein\u00f6l die Hautregeneration beschleunigt, kann es auch verwendet werden, um den Auswirkungen des Alterns entgegenzuwirken, indem reife Haut wiederhergestellt und die Hautfestigkeit und -elastizit\u00e4t verbessert wird.<\/span><\/p>\n<p><b>Bernstein\u00f6l zur Linderung von Schmerzen und Entz\u00fcndungen<br \/>\n<\/b><span style=\"font-weight: 400;\">Nur wenige \u00d6le sind so wirksam wie Bernstein\u00f6l, wenn es um Schmerzen, Entz\u00fcndungen und Kr\u00e4mpfe im K\u00f6rper geht. Traditionell wurde es als topisches Mittel verwendet, um Muskelkater zu lindern, Schmerzen zu beseitigen und Kr\u00e4mpfe in den Muskeln zu beruhigen. Es gibt Hinweise darauf, dass das Einatmen von Bernstein\u00f6l dazu beitr\u00e4gt, Entz\u00fcndungen in den Bronchien zu lindern, Infektionen der Atemwege zu beseitigen, den Hals und die Atemwege zu beruhigen und die Produktion von Schleim zu unterdr\u00fccken. Dies kann auch den Magen-Darm-Trakt positiv beeinflussen.<\/span><\/p>\n<h3><b>Bernstein\u00f6l &amp; Aromatherapie<\/b><\/h3>\n<p><span style=\"font-weight: 400;\">Der orientalisch-w\u00fcrzige Duft von Bernstein\u00f6l ist unter Gleichaltrigen vielleicht weniger bekannt, obwohl sein s\u00fc\u00dfes, harziges, innig warmes Aroma es zu einer bevorzugten Zutat in der Parf\u00fcm Industrie macht. Bernstein eignet sich aufgrund seines reichen, vollmundigen und lang anhaltenden Duftes in der Regel als Basisnote f\u00fcr Parfums. Die Noten in diesem Duft lassen sich am besten als balsamisch, Vanille-artig, moschusartig und warm w\u00fcrzig beschreiben.<\/span><\/p>\n<p><span style=\"font-weight: 400;\">Der lebendige Duft von Bernstein\u00f6l wirkt psychisch beruhigend und hilft, den Geist zu entspannen und Angstzust\u00e4nde zu reduzieren. Selbst f\u00fcr spirituelle Zwecke wird angenommen, dass es Meditationen vertieft, den Geist erleuchtet und das innere Sehen f\u00f6rdert. Das \u00e4therische Bernstein\u00f6l ist in der Aromatherapie f\u00fcr seine beruhigenden Eigenschaften zur Linderung von Stress, Angstzust\u00e4nden und Verspannungen bekannt. Es erf\u00fcllt eine unterst\u00fctzende Rolle bei der Linderung von Kr\u00e4mpfen, Katarrh, Schmerzen, asthmatischen Beschwerden und Infektionen. Bernstein\u00f6l wird auch als Zusatz in Aphrodisiakum Massage- und Haut\u00f6len verwendet.<\/span><\/p>\n<p><b>Bernstein\u00f6l senkt Stress und Angst<br \/>\n<\/b><span style=\"font-weight: 400;\">F\u00fcr viele ist Bernstein\u00f6l das am meisten bevorzugte \u00e4therische \u00d6l, um Stress und Angst abzubauen. Die nachgewiesene Verbindung zwischen dem limbischen System und unserem Geruchssinn besteht darin, dass das Einatmen von Bernstein\u00f6l, das Hinzuf\u00fcgen einiger Tropfen in das Badewasser oder das Mischen mit einem Tr\u00e4ger\u00f6l f\u00fcr eine wohltuende Massage eine gute M\u00f6glichkeit ist, K\u00f6rper und Geist zu beruhigen. Seine beruhigende Wirkung sorgt f\u00fcr einen erholsamen Schlaf und ein erfrischendes Gef\u00fchl am n\u00e4chsten Morgen.<\/span><\/p>\n<p><span style=\"font-weight: 400;\">Um nerv\u00f6se Spannungen abzubauen, ist es ausreichend, 2-3 Tropfen in der Aromalampe zu verdampfen. Sie k\u00f6nnen sie auch mit einem Tropfen Grapefruit \u00d6l mischen.<\/span><\/p>\n<p><b>Bernstein\u00f6l verbessert die Wahrnehmung<br \/>\n<\/b><span style=\"font-weight: 400;\">Es gibt bestimmte Antioxidationsmittel in \u00e4therischem Bernstein\u00f6l, die oxidativen Stress verhindern und die Wahrnehmung verbessern k\u00f6nnen. Dieses \u00d6l senkt nicht nur den Spiegel an Stresshormonen im K\u00f6rper, was den Geist kl\u00e4ren und die Konzentration verbessern kann, sondern es kann auch langfristige degenerative Erkrankungen verhindern.<\/span><\/p>\n<p><b>Bernstein\u00f6l zur Massage<br \/>\n<\/b><span style=\"font-weight: 400;\">Das Mischen von Bernstein\u00f6l mit einem Tr\u00e4ger\u00f6l wie Mandel-, Traubenkern- oder Jojoba\u00f6l kann zu den bevorzugten Ergebnissen f\u00fchren, sei es f\u00fcr eine belebende Massage mit entspannender oder st\u00e4rkender Wirkung oder zur gleichzeitigen Behandlung von Cellulite. Massage mit einer Bernstein\u00f6l Mischung hat eine w\u00e4rmende Wirkung auf die Haut und eine erholsame Wirkung auf den K\u00f6rper. Bernstein\u00f6l eignet sich auch zur Unterst\u00fctzung der Behandlung und Vorbeugung von Gelenkerkrankungen wie Arthritis und anderen rheumatischen Erkrankungen.<\/span><\/p>\n<p><b>Bernstein\u00f6l verbessert die Durchblutung<br \/>\n<\/b><span style=\"font-weight: 400;\">Trotz seiner entspannenden Wirkung hat Bernstein\u00f6l stimulierende Eigenschaften, die die Durchblutung steigern. Die Sauerstoffversorgung im ganzen K\u00f6rper verbessert sich, was zu h\u00f6heren Energieniveaus und einer besseren Organfunktion f\u00fchrt! Bernstein\u00f6l ist ideal geeignet, um die Durchblutung der Gliedma\u00dfen zu f\u00f6rdern und die Durchblutung zu verbessern, indem einfach das verd\u00fcnnte Bernstein\u00f6l auf die Haut gerieben wird.<\/span><\/p>\n<p><b>Bernstein\u00f6l erh\u00f6ht die Libido<br \/>\n<\/b><span style=\"font-weight: 400;\">Traditionell ist \u00e4therisches Bernstein\u00f6l als Aphrodisiakum bekannt und wird verwendet, um den m\u00e4nnlichen Sexualtrieb zu stimulieren. Das Verdampfen dieses verf\u00fchrerischen Aromas mittels einer Aromalampe oder eines Diffusors kann die Freisetzung von Hormonen stimulieren, was zu einem besseren Sexualtrieb, einer besseren Fruchtbarkeit und einer insgesamt besseren Fortpflanzungsfunktion f\u00fchrt.<\/span><\/p>\n<p><span style=\"font-weight: 400;\">F\u00fcr eine sinnliche Massage mischen Sie 3 Tropfen Bernstein\u00f6l mit einem Tropfen Magnolie, 3 Tropfen Bergamotte und ca. 50 ml. Jojoba\u00f6l. Einfach genie\u00dfen!<\/span><\/p>\n<h3><b>Sichere Verwendung von Bernstein\u00f6l<\/b><\/h3>\n<p><span style=\"font-weight: 400;\">Es wird dringend empfohlen, Bernstein\u00f6l nur in verd\u00fcnnter Form auf die Haut aufzutragen. Dieses \u00d6l ist nicht zum Verzehr bestimmt und Kontakt mit den Augen sollte vermieden werden. Das Einatmen von verdampftem Bernstein\u00f6l durch einen Verdampfer, einen Duftdiffusor oder auf ein Taschentuch birgt kein Risiko.<\/span><\/p>\n<p>&nbsp;<\/p>\n","protected":false},"excerpt":{"rendered":"<p>&nbsp;<\/p>\n<p><b>Marke<\/b><span style=\"font-weight: 400;\">: Nefertiti for natural oils and herbs<\/span><b><br \/>\n<\/b><b>Herkunftsland<\/b><span style=\"font-weight: 400;\">: Mittlerer Osten<\/span><b><br \/>\n<\/b><b>Botanischer Name: <\/b><span style=\"font-weight: 400;\">Liquidambar Styraciflua<\/span><span style=\"font-weight: 400;\"><br \/>\n<\/span><b>Familie<\/b><span style=\"font-weight: 400;\">: <\/span><span style=\"font-weight: 400;\">Styracaceae<\/span><span style=\"font-weight: 400;\"><br \/>\n<\/span><b>INCI<\/b><span style=\"font-weight: 400;\">: <\/span><span style=\"font-weight: 400;\">Liquidambar Styraciflua<\/span> <span style=\"font-weight: 400;\">Reines Aroma\u00f6l<\/span><span style=\"font-weight: 400;\"><br \/>\n<\/span><b>Verwendete Teile<\/b><span style=\"font-weight: 400;\">: Harz<\/span><span style=\"font-weight: 400;\"><br \/>\n<\/span><b>Extraktionsmethode<\/b><span style=\"font-weight: 400;\">: <\/span><span style=\"font-weight: 400;\">Hexandestillation<\/span><span style=\"font-weight: 400;\"><br \/>\n<\/span><b>Duft<\/b><span style=\"font-weight: 400;\">: harzig, warm und rauchig<\/span><span style=\"font-weight: 400;\"><br \/>\n<\/span><b>Aussehen<\/b><span style=\"font-weight: 400;\">: tiefes Gold<\/span><span style=\"font-weight: 400;\"><br \/>\n<\/span><b>Physikalischer Zustand<\/b><span style=\"font-weight: 400;\">: Fl\u00fcssigkeit<\/span><span style=\"font-weight: 400;\"><br \/>\n<\/span><b>Nat\u00fcrlich<\/b><span style=\"font-weight: 400;\">: Ja<\/span><span style=\"font-weight: 400;\"><br \/>\n<\/span><b>Reinheit<\/b><span style=\"font-weight: 400;\">: 100 % <\/span><span style=\"font-weight: 400;\">rein<\/span><span style=\"font-weight: 400;\"><br \/>\n<\/span><b>Zertifikate: \u00a0<span style=\"font-weight: 400;\">ISO &amp; MSDS<\/span><\/b><span style=\"font-weight: 400;\"><br \/>\n<\/span><b>Komposition:<span style=\"font-weight: 400;\">reines Aroma\u00f6l<\/span><span style=\"font-weight: 400;\">\u00a0<\/span><span style=\"font-weight: 400;\"><br \/>\n<\/span><\/b><b>Versand<\/b><span style=\"font-weight: 400;\">: Berechnet an der Kasse<\/span><\/p>\n","protected":false},"featured_media":275282,"comment_status":"open","ping_status":"closed","template":"","meta":[],"product_brand":[],"product_cat":[170],"product_tag":[],"class_list":{"0":"post-56472","1":"product","2":"type-product","3":"status-publish","4":"has-post-thumbnail","6":"product_cat-aroma-oils","7":"pa_bottle-size-125-ml-de","8":"pa_bottle-size-250-ml","9":"pa_bottle-size-50-ml","11":"first","12":"instock","13":"shipping-taxable","14":"purchasable","15":"product-type-variable","16":"has-default-attributes"},"_links":{"self":[{"href":"https:\/\/nefertiti-eg.com\/de\/wp-json\/wp\/v2\/product\/56472","targetHints":{"allow":["GET"]}}],"collection":[{"href":"https:\/\/nefertiti-eg.com\/de\/wp-json\/wp\/v2\/product"}],"about":[{"href":"https:\/\/nefertiti-eg.com\/de\/wp-json\/wp\/v2\/types\/product"}],"replies":[{"embeddable":true,"href":"https:\/\/nefertiti-eg.com\/de\/wp-json\/wp\/v2\/comments?post=56472"}],"wp:featuredmedia":[{"embeddable":true,"href":"https:\/\/nefertiti-eg.com\/de\/wp-json\/wp\/v2\/media\/275282"}],"wp:attachment":[{"href":"https:\/\/nefertiti-eg.com\/de\/wp-json\/wp\/v2\/media?parent=56472"}],"wp:term":[{"taxonomy":"product_brand","embeddable":true,"href":"https:\/\/nefertiti-eg.com\/de\/wp-json\/wp\/v2\/product_brand?post=56472"},{"taxonomy":"product_cat","embeddable":true,"href":"https:\/\/nefertiti-eg.com\/de\/wp-json\/wp\/v2\/product_cat?post=56472"},{"taxonomy":"product_tag","embeddable":true,"href":"https:\/\/nefertiti-eg.com\/de\/wp-json\/wp\/v2\/product_tag?post=56472"}],"curies":[{"name":"wp","href":"https:\/\/api.w.org\/{rel}","templated":true}]}}