{"id":56498,"date":"2019-08-23T19:36:27","date_gmt":"2019-08-23T17:36:27","guid":{"rendered":"https:\/\/wordpress-237795-1094026.cloudwaysapps.com\/shop\/unkategorisiert\/violet-oil\/"},"modified":"2021-07-27T16:17:06","modified_gmt":"2021-07-27T14:17:06","slug":"violet-oil","status":"publish","type":"product","link":"https:\/\/nefertiti-eg.com\/de\/shop\/aroma-oils\/violet-oil\/","title":{"rendered":"Veilchen\u00f6l"},"content":{"rendered":"<p><span style=\"font-weight: 400;\">Viola Odorata, auch bekannt als Sweet Violet, English Violet, Wood Violet und Garden Violet, hat ein s\u00fc\u00df beruhigendes, warmes, pudriges Blumenaroma, das Stress und Angst reduziert und Bescheidenheit, Wahrheit und Loyalit\u00e4t symbolisiert. Violett leitet sich vom altfranz\u00f6sischen Wort \u201eViolette\u201c ab, das selbst vom lateinischen Wort \u201eViola\u201c stammt und violette Blume bedeutet. Blumen der Viola Odorata sind ebenfalls essbar und werden zum Garnieren von Desserts und Salaten oder zum W\u00fcrzen von Sirupen und Lik\u00f6ren verwendet. Bl\u00e4tter k\u00f6nnen einem Salat hinzugef\u00fcgt werden, oder um eine Suppe oder So\u00dfe zu binden. Der Legende nach, verwendete St. Valentine Tinte aus Veilchen, um seine Liebesbriefe zu schreiben. Der violette Duft war besonders im sp\u00e4ten viktorianischen Zeitalter beliebt, und das \u00d6l ist eine \u201egr\u00fcne\u201c Note in der Palette der Aromen, eine wesentliche Note in der Welt der Parf\u00fcmerie. Veilchen sind die Geburtsblume des Februar.<\/span><\/p>\n<h3><b>Veilchen Ursprung &amp; Eigenschaften<\/b><span style=\"font-weight: 400;\">\u00a0<\/span><\/h3>\n<p><span style=\"font-weight: 400;\">Alle ungef\u00e4hr 500 Arten von Veilchen sollen therapeutische Eigenschaften haben. Aber der s\u00fc\u00dfeste Duft von allen ist der Viola Odorata oder Sweet Violet. Nach dem ersten Mal einatmen des Duftes direkt von der Blume fragen Sie sich vielleicht, ob Sie sich diesen g\u00f6ttlichen Duft eingebildet haben, da er beim zweiten Mal verschwunden zu sein scheint. Dies ist auf eine Chemikalie namens Ionin zur\u00fcckzuf\u00fchren, die sich in den Bl\u00fcten befindet und die Nase und Geruchssinn nach nur einem kurzen Schnupfen desensibilisiert.<\/span><\/p>\n<p><span style=\"font-weight: 400;\">Die Pflanze ist eine kleine, niedrig wachsende, winterharte Staude mit herzf\u00f6rmigen, pelzigen Bl\u00e4ttern, die gew\u00f6hnlich zarte blau-violette Bl\u00fcten mit f\u00fcnf ovalen Bl\u00fctenbl\u00e4ttern tr\u00e4gt, obwohl die Bl\u00fcten auch wei\u00df, lila oder rosa sein k\u00f6nnen. Es stammt aus Europa, Nordafrika und Westasien, obwohl der gr\u00f6\u00dfte Teil der Veilchen \u00d6l heute haupts\u00e4chlich in \u00c4gypten gef\u00f6rdert wird. Dieses \u00d6l wird seit dem fr\u00fchen 20. Jahrhundert In \u00c4gypten hergestellt &#8211; um es vor der starken \u00e4gyptischen Sonne zu sch\u00fctzen, wird das Veilchen neben Mais gepflanzt &#8211; das \u00d6l wird durch Wasserdampfdestillation aus den Bl\u00fcten und Bl\u00e4ttern gewonnen. <\/span><span style=\"font-weight: 400;\"><br \/>\n<\/span><span style=\"font-weight: 400;\">Es wird gesagt, dass Veilchen urspr\u00fcnglich von den alten Griechen im Jahr 500 v. Chr. Kultiviert wurden, die sie in der Zubereitung von Speisen, Wein, Liebestr\u00e4nken und Heilmittel verwendeten und sie auch zum Symbol Athens machten. Das Veilchen wurde von mittelalterlichen Kr\u00e4uterkennern wegen seiner heilenden Eigenschaften verwendet und von den alten Briten als Kosmetik, da es bei verschiedenen Hauterkrankungen helfen kann. Es ist in ayurvedischen Heilungsmethoden bekannt und wurde traditionell zur Behandlung von Keuchhusten und anderen Atemproblemen, Fieber, Halsschmerzen und Mandelentz\u00fcndung eingesetzt. Im antiken Griechenland wurde es als mittel gegen Kopfschmerzen und Schwindel verwendet, und ab dem 16. Jahrhundert war seine Verwendung als Schmerzmittel umfangreich, was nicht \u00fcberraschend ist, da es Salicyls\u00e4ure enth\u00e4lt, ein wichtiger Bestandteil in rezeptfreien Schmerzmitteln.<\/span><span style=\"font-weight: 400;\"><br \/>\n<\/span><\/p>\n<h3><span style=\"font-weight: 400;\"><br \/>\n<\/span><b>Veilchen <\/b><b>\u00d6l<\/b><b> &amp; Leistungen<\/b><\/h3>\n<p><span style=\"font-weight: 400;\">Veilchen hat eine Vielzahl von Anwendungen und Vorteilen &#8211; es ist erweichend, analgetisch, beruhigend, entz\u00fcndungshemmend, antioxidativ, antibakteriell, antimykotisch, schleiml\u00f6send, abschwellend, diaphoretisch, fiebersenkend und Insekten-absto\u00dfend. Veilchen \u00d6l sollte nicht direkt auf die Haut aufgetragen werden, sondern in einem Tr\u00e4ger\u00f6l wie Jojoba, Kokosnuss, Mandel oder Olive \u00d6l verd\u00fcnnt werden.<\/span><\/p>\n<p><b>F\u00f6rdert die Hautgesundheit<br \/>\n<\/b><span style=\"font-weight: 400;\">\u00c4therisches \u00d6l von Veilchen ist sehr mild und hautschonend. Seine beruhigenden, k\u00fchlenden und entz\u00fcndungshemmenden Eigenschaften sind bei der Behandlung einer Vielzahl von Hauterkrankungen hilfreich. Als Feuchtigkeitscreme und Weichmacher kann es helfen, Erkrankungen wie Ekzeme, Dermatitis, Rosacea und Psoriasis, Trockenheit, Juckreiz oder allgemeine R\u00f6tungen und Entz\u00fcndungen zu lindern. Bei Akne sorgen seine antibakteriellen und antimikrobiellen Eigenschaften daf\u00fcr, dass jede Hautinfektion verhindert und geheilt wird, und es werden vergr\u00f6\u00dferte Poren gestrafft. Es kann sogar das Auftreten von Besenreiser wirksam reduzieren. Da dieses \u00d6l die Durchblutung anregt, ist es ein n\u00fctzliches Instrument zur Behandlung und Vorbeugung von Cellulite und \u00d6demen, auch k\u00fchlt und lindert es Bluterg\u00fcsse. Aufgrund seiner beruhigenden und entspannenden Wirkung ist es sehr wirksam gegen stressbedingte Hauterkrankungen.<\/span><\/p>\n<p><b>Bietet Linderung der Atemwege<br \/>\n<\/b><span style=\"font-weight: 400;\">Veilchen \u00d6l kann sehr hilfreich sein, um Atemwegsbeschwerden im Zusammenhang mit Erk\u00e4ltung, Grippe, Sinusitis und Bronchitis, oder saisonalen Allergien wie Asthma und Heuschnupfen zu lindern und gleichzeitig die Schmerzen zu lindern. Als nat\u00fcrliches Expektorans und abschwellendes Mittel l\u00f6st es \u00fcbersch\u00fcssigen Schleim in den Atemwegen und in der Nase und hilft, ihn zu zerstreuen. Es kann Lungenentz\u00fcndungen reduzieren, damit das Atmen erleichtern und Symptome wie Husten reduzieren.<\/span><\/p>\n<p><b>Hilft bei Schlaflosigkeit<br \/>\n<\/b><span style=\"font-weight: 400;\">Guter Schlaf ist wichtig, um die Erhaltung lebenswichtiger Organe und die ordnungsgem\u00e4\u00dfe Funktion des K\u00f6rpersystems sicherzustellen, da der K\u00f6rper die konservierte Energie nutzt, um sich selbst zu reparieren und wieder aufzuladen. Ein erholsamer Schlaf erm\u00f6glicht es uns, k\u00f6rperlich und geistig in der Lage zu sein, unsere t\u00e4glichen Aufgaben zu erledigen. Durch den Abbau von Verspannungen und Stress sowie die F\u00f6rderung von Ruhe und Entspannung kann das Aroma von Veilchen \u00d6l zu einem ruhigen Schlaf beitragen und ist ein nat\u00fcrliches Heilmittel gegen Schlaflosigkeit oder Schlafst\u00f6rungen.<\/span><\/p>\n<p><b>F\u00fcr die F\u00fc\u00dfe<br \/>\n<\/b><span style=\"font-weight: 400;\">Die k\u00fchlenden, entz\u00fcndungshemmenden, antibakteriellen, pilzhemmenden, feuchtigkeitsspendenden und beruhigenden Eigenschaften von Veilchen \u00d6l k\u00f6nnen Wunder f\u00fcr die F\u00fc\u00dfe bewirken. M\u00fcde und schmerzende F\u00fc\u00dfe werden sofort beruhigt, und trockene, harte oder gesch\u00e4digte Haut wird mit Feuchtigkeit versorgt. Fu\u00dfpilz, Pilzinfektionen der N\u00e4gel, Schnitte und Sch\u00fcrfwunden werden gelindert und behandelt.<\/span><\/p>\n<p><b>Steigert die psychische Gesundheit<br \/>\n<\/b><span style=\"font-weight: 400;\">Mit seinen nat\u00fcrlichen beruhigenden und therapeutischen Eigenschaften kann Veilchen \u00d6l helfen, Stress, M\u00fcdigkeit, Angstzust\u00e4nde, Ersch\u00f6pfung und damit verbundene Kopfschmerzen, Migr\u00e4ne und steife H\u00e4lse im Zusammenhang mit Verspannungen zu lindern. Es f\u00f6rdert Ruhe, Beschaulichkeit und Entspannung und kann Ihre geistige Gesundheit f\u00f6rdern.<\/span><\/p>\n<p><b>Als starkes Aphrodisiakum<br \/>\n<\/b><span style=\"font-weight: 400;\">Sexuelle Dysfunktion k\u00f6nnen oft das Ergebnis von Stress sein. Veilchen Oil ist emotional erhebend und stimulierend f\u00fcr die Entspannung. Es kann helfen, die Libido zu steigern und alle durch Stress oder Angst verursachten Schwierigkeiten zu \u00fcberwinden.<\/span><\/p>\n<p><b>Insektenschutz<br \/>\n<\/b><span style=\"font-weight: 400;\">Es wurde berichtet, dass Veilchen \u00d6l ein signifikantes Abwehrmittel gegen die getesteten Insektenarten ist, einschlie\u00dflich Aedes aegypti (tr\u00e4gt Gelbfieber), Anopheles stephensi (tr\u00e4gt Malaria) und Culex quinquefasciatus-M\u00fccken (bekannt f\u00fcr seine n\u00e4chtliche Bei\u00dfgewohnheit). Es wurde gezeigt, dass dieses \u00d6l\u00a0 einen Schutz von bis zu 8 Stunden bietet.<\/span><\/p>\n<p><b>Verwendung von \u00e4therischem Veilchen \u00d6l<br \/>\n<\/b><span style=\"font-weight: 400;\">Erfahren Sie, wie Sie die Vorteile dieses erstaunlichen \u00d6ls nutzen k\u00f6nnen, indem Sie es entweder verdampfen oder topisch anwenden.<\/span><\/p>\n<p><b><i><\/i><\/b><b><i>Atemlinderung<\/i><\/b><span style=\"font-weight: 400;\">: Geben Sie ein paar Tropfen in Ihren Verdampfer oder Diffusor. F\u00fcgen Sie ein paar Tropfen zu einem warmen Bad hinzu und atmen Sie den Dampf ein. Genie\u00dfen Sie das Bad und beruhigen Sie K\u00f6rper und Geist. Geben Sie ein paar Tropfen in eine Sch\u00fcssel mit hei\u00dfem Wasser, legen Sie ein Handtuch dar\u00fcber und atmen Sie ein. Achten Sie dabei darauf, dass Ihr Gesicht nicht zu nahe am hei\u00dfen Dampf liegt.<\/span><\/p>\n<p><b><i>Schmerzlinderung<\/i><\/b><span style=\"font-weight: 400;\">: Geben Sie ein paar Tropfen \u00d6l in ein hei\u00dfes Bad und lassen Sie die analgetischen Eigenschaften Schmerzen lindern. F\u00fcgen Sie ein paar Tropfen zu einem Tr\u00e4ger\u00f6l (wie Jojoba, Kokosnuss, Mandel oder Olive) hinzu und massieren Sie es sanft in die betroffene Stelle ein. Geben Sie ein paar Tropfen in einen Verdampfer oder Diffusor, um Kopfschmerzen oder Migr\u00e4ne zu lindern.<\/span><\/p>\n<p><b><i>F\u00fcr die Hautpflege<\/i><\/b><span style=\"font-weight: 400;\">: Mit einem Tr\u00e4ger\u00f6l (wie Jojoba, Kokosnuss oder Mandel) verd\u00fcnnen und auf die betroffene Stelle auftragen. Sie k\u00f6nnen Ihrem normalen Hautpflegeprodukt auch ein paar Tropfen hinzuf\u00fcgen.<\/span><\/p>\n<p><b><i>F\u00fcr Libido<\/i><\/b><span style=\"font-weight: 400;\">: Geben Sie ein paar Tropfen in Ihren Verdampfer oder Diffusor.<\/span><\/p>\n<p><b><i>F\u00fcr F\u00fc\u00dfe<\/i><\/b><span style=\"font-weight: 400;\">: Geben Sie ein paar Tropfen in ein Tr\u00e4ger\u00f6l und massieren Sie es in die Fu\u00dfsohlen und die betroffenen Bereiche (Fersen, N\u00e4gel usw.). Geben Sie ein paar Tropfen in eine Sch\u00fcssel mit warmem Wasser und lassen Sie Ihre F\u00fc\u00dfe einweichen.<\/span><\/p>\n<h3><b>Violettes \u00d6l &amp; Aromatherapie<\/b><\/h3>\n<p><span style=\"font-weight: 400;\">Violettes \u00d6l wirkt extrem beruhigend und ausgleichend. Es beseitigt Stress, Nerven und geistige M\u00fcdigkeit. Es f\u00f6rdert Inspiration und Reflexion, und ist bekannt f\u00fcr die F\u00f6rderung von Frieden und Ruhe w\u00e4hrend der Meditation. Es soll im Umgang mit Trauer oder Verlust tr\u00f6stlich sein und die Akzeptanz von Ver\u00e4nderung und Unabh\u00e4ngigkeit f\u00f6rdern.<\/span><\/p>\n<h3><\/h3>\n","protected":false},"excerpt":{"rendered":"<p>&nbsp;<\/p>\n<p><b>Marke<\/b><span style=\"font-weight: 400;\">: Nefertiti for natural oils and herbs<\/span><b><br \/>\n<\/b><b>Herkunftsland<\/b><span style=\"font-weight: 400;\">: Mittlerer Osten<\/span><b><br \/>\n<\/b><b>Botanischer Name: <\/b><span style=\"font-weight: 400;\">Viola Odorata<\/span><span style=\"font-weight: 400;\"><br \/>\n<\/span><b>Familie<\/b><span style=\"font-weight: 400;\">: <\/span><span style=\"font-weight: 400;\">Violaceae<\/span><span style=\"font-weight: 400;\"><br \/>\n<\/span><b>INCI<\/b><span style=\"font-weight: 400;\">: <\/span><span style=\"font-weight: 400;\">Viola Odorata<\/span> <span style=\"font-weight: 400;\">Reines Aroma\u00f6l<\/span><span style=\"font-weight: 400;\"><br \/>\n<\/span><b>Verwendete Teile<\/b><span style=\"font-weight: 400;\">: Bl\u00fcten und Wurzeln<\/span><span style=\"font-weight: 400;\"><br \/>\n<\/span><b>Extraktionsmethode<\/b><span style=\"font-weight: 400;\">: <\/span><span style=\"font-weight: 400;\">Wasserdampfdestillation<\/span><span style=\"font-weight: 400;\"><br \/>\n<\/span><b>Duft<\/b><span style=\"font-weight: 400;\">: zart typisch blumig<\/span><span style=\"font-weight: 400;\"><br \/>\n<\/span><b>Aussehen<\/b><span style=\"font-weight: 400;\">: gr\u00fcnlich-braun<\/span><span style=\"font-weight: 400;\"><br \/>\n<\/span><b>Physikalischer Zustand<\/b><span style=\"font-weight: 400;\">: Fl\u00fcssigkeit<\/span><span style=\"font-weight: 400;\"><br \/>\n<\/span><b>Nat\u00fcrlich<\/b><span style=\"font-weight: 400;\">: Ja<\/span><span style=\"font-weight: 400;\"><br \/>\n<\/span><b>Reinheit<\/b><span style=\"font-weight: 400;\">: 100 % <\/span><span style=\"font-weight: 400;\">rein<\/span><span style=\"font-weight: 400;\"><br \/>\n<\/span><b>Zertifikate: <\/b><span style=\"font-weight: 400;\">ISO&amp; MSDS<\/span><span style=\"font-weight: 400;\"><br \/>\n<\/span><b>Komposition:<span style=\"font-weight: 400;\">reines Aroma\u00f6l<\/span><span style=\"font-weight: 400;\">\u00a0<\/span><span style=\"font-weight: 400;\"><br \/>\n<\/span><\/b><b>Versand<\/b><span style=\"font-weight: 400;\">: Berechnet an der Kasse<\/span><\/p>\n","protected":false},"featured_media":275655,"comment_status":"open","ping_status":"closed","template":"","meta":[],"product_brand":[],"product_cat":[170],"product_tag":[],"class_list":{"0":"post-56498","1":"product","2":"type-product","3":"status-publish","4":"has-post-thumbnail","6":"product_cat-aroma-oils","7":"pa_bottle-size-125-ml-de","8":"pa_bottle-size-250-ml","9":"pa_bottle-size-50-ml","11":"first","12":"instock","13":"sale","14":"shipping-taxable","15":"purchasable","16":"product-type-variable","17":"has-default-attributes"},"_links":{"self":[{"href":"https:\/\/nefertiti-eg.com\/de\/wp-json\/wp\/v2\/product\/56498","targetHints":{"allow":["GET"]}}],"collection":[{"href":"https:\/\/nefertiti-eg.com\/de\/wp-json\/wp\/v2\/product"}],"about":[{"href":"https:\/\/nefertiti-eg.com\/de\/wp-json\/wp\/v2\/types\/product"}],"replies":[{"embeddable":true,"href":"https:\/\/nefertiti-eg.com\/de\/wp-json\/wp\/v2\/comments?post=56498"}],"wp:featuredmedia":[{"embeddable":true,"href":"https:\/\/nefertiti-eg.com\/de\/wp-json\/wp\/v2\/media\/275655"}],"wp:attachment":[{"href":"https:\/\/nefertiti-eg.com\/de\/wp-json\/wp\/v2\/media?parent=56498"}],"wp:term":[{"taxonomy":"product_brand","embeddable":true,"href":"https:\/\/nefertiti-eg.com\/de\/wp-json\/wp\/v2\/product_brand?post=56498"},{"taxonomy":"product_cat","embeddable":true,"href":"https:\/\/nefertiti-eg.com\/de\/wp-json\/wp\/v2\/product_cat?post=56498"},{"taxonomy":"product_tag","embeddable":true,"href":"https:\/\/nefertiti-eg.com\/de\/wp-json\/wp\/v2\/product_tag?post=56498"}],"curies":[{"name":"wp","href":"https:\/\/api.w.org\/{rel}","templated":true}]}}