{"id":60444,"date":"2020-01-26T14:56:13","date_gmt":"2020-01-30T14:01:41","guid":{"rendered":"https:\/\/nefertiti-eg.com\/?post_type=product&#038;p=60444"},"modified":"2021-05-12T16:42:20","modified_gmt":"2021-05-12T14:42:20","slug":"skin-care-kit","status":"publish","type":"product","link":"https:\/\/nefertiti-eg.com\/de\/shop\/oil-kits\/skin-care-kit\/","title":{"rendered":"Hautpflege Set"},"content":{"rendered":"<p><span style=\"font-weight: 400;\">Unsere Haut ist die wichtigste Abwehr des K\u00f6rpers gegen \u00e4u\u00dfere Einfl\u00fcsse und Umwelteinfl\u00fcsse. Es sch\u00fctzt unseren gesamten K\u00f6rper einschlie\u00dflich unserer lebenswichtigen Organe vor der Aufnahme sch\u00e4dlicher Bakterien, Keime usw. Daher ist es absolut sinnvoll, die Haut in einem Top-Zustand zu halten! Zu diesem Zweck haben wir dieses exquisite Hautpflegeset zusammengestellt.<\/span><\/p>\n<ul>\n<li><span style=\"color: #ff6600;\"><b>Jojoba\u00f6l <\/b><\/span><span style=\"font-weight: 400;\">wirkt \u00e4hnlich wie das nat\u00fcrliche Talg der Haut und gleicht die Haut aus. Es ist eigentlich mehr Wachs als \u00d6l und kann tief in die Haut eindringen, um sie wiederherzustellen und Feuchtigkeit zu speichern. Jojoba\u00f6l ist mit hohen Konzentrationen an Vitamin A und E gef\u00fcllt und stimuliert die Zellregeneration, hellt die Haut auf und sch\u00fctzt sie mit ihrer nat\u00fcrlichen UV-Schutzf\u00e4higkeit vor der Sonne. Es verringert und sch\u00fctzt die Haut insgesamt vor Alterungseffekten. Jojoba\u00f6l ist perfekt f\u00fcr alle Hauttypen geeignet und sanft genug, um auf die empfindliche Stelle um die Augen aufgetragen zu werden. Es kann als Ganzk\u00f6rper-Feuchtigkeitscreme und Versiegelung verwendet werden.<\/span><\/li>\n<li><span style=\"color: #ff6600;\"><b>Aloe Vera Lotion<\/b><\/span><span style=\"font-weight: 400;\"> ist reich an Vitamin A, C, E, einigen Vitaminen der B-Gruppe, Fols\u00e4ure, Mineralien und einer ausgewogenen Gruppe biologisch aktiver Substanzen. Diese machen es zu einem hervorragenden Antioxidans, wodurch der Oxidationsprozess in den Zellen gehemmt, ihre sch\u00e4dliche Wirkung verringert und die Hautalterung verz\u00f6gert wird. Dies f\u00fchrt zu einer j\u00fcnger aussehenden Haut. Aloe Vera Lotion spendet Feuchtigkeit, um trockene, raue, schuppige, juckende Haut und leichte Hautirritationen zu behandeln und zu verhindern, und stimuliert die Geweberegeneration. Die Poren werden gestrafft und die Haut weicher, was ein jugendlicheres Aussehen erm\u00f6glicht. Aufgrund seiner extrem k\u00fchlenden und beruhigenden Eigenschaften bietet es sofortige Linderung bei Sonnenbrand oder Hautsch\u00e4den und f\u00f6rdert aktiv die Hautreparatur.<\/span><\/li>\n<li><span style=\"color: #ff6600;\"><b>Mandel\u00f6l <\/b><\/span><span style=\"font-weight: 400;\">wird seit Jahrhunderten von den Chinesen wegen seiner beruhigenden und weichmachenden Wirkung auf die Haut verwendet. Vollgepackt mit Vitamin A, E und anderen wichtigen N\u00e4hrstoffen ist es sanft f\u00fcr jeden Hauttyp, auch f\u00fcr die empfindlichste Haut. Dieser Weichmacher dringt tief in die Haut ein und stellt den nat\u00fcrlichen Schutzfilm der Haut wieder her. Er sch\u00fctzt Ihre Haut vor Sonnensch\u00e4den und vorzeitiger Hautalterung. Noch wichtiger ist, dass Mandel\u00f6l die nat\u00fcrliche Produktion von Kollagen und Elastin stimuliert, die Erneuerung der Hautzellen stimuliert und den \u00d6lgehalt der Haut durch Normalisierung der Talgdr\u00fcsen stabilisiert. Dieses \u00d6l eignet sich auch hervorragend zur Heilung von Narben und Dehnungsstreifen.<\/span><\/li>\n<li><span style=\"color: #ff6600;\"><b>Lupine \u00d6l <\/b><\/span><span style=\"font-weight: 400;\">bildet eine Schutzbarriere f\u00fcr die Haut, gl\u00e4ttet und strafft die Oberfl\u00e4che und h\u00e4lt die Feuchtigkeit zur\u00fcck. Die in diesem \u00d6l enthaltenen Penta und Hexapeptide tragen zur Erneuerung der \u00e4u\u00dferen Hautschicht bei und stimulieren die Produktion von Kollagen und Elastin. Daher unterst\u00fctzt es die Haut, ein jugendlicheres Aussehen zu erhalten. Lupine \u00d6l hellt die Haut auf und hilft, Altersflecken und Sommersprossen zu entfernen. Seine feuchtigkeitsspendenden, pflegenden und entz\u00fcndungshemmenden Eigenschaften f\u00f6rdern aktiv die Hautheilung.<\/span><\/li>\n<\/ul>\n","protected":false},"excerpt":{"rendered":"<div>\n<ul>\n<li style=\"list-style-type: none;\">\n<ul>\n<li><span style=\"font-size: 12pt;\"><strong>Jojoba\u00f6l <\/strong>\u00a0 \u00a0 \u00a0 \u00a0 \u00a0 \u00a0 \u00a0 \u00a0 \u00a0 \u00a0<span style=\"color: #ff6600;\"><strong>200ml\u00a0<\/strong><\/span><\/span><\/li>\n<li><span style=\"font-size: 12pt;\"><strong><b>Aloe Vera Lotion<\/b> <\/strong>\u00a0\u00a0<span style=\"color: #ff6600;\"><strong>200ml<\/strong><\/span><\/span><\/li>\n<li><strong><span style=\"font-size: 12pt;\"><b>Mandel\u00f6l<\/b>\u00a0 \u00a0 \u00a0 \u00a0 \u00a0 \u00a0 \u00a0 \u00a0 \u00a0 \u00a0<\/span><span style=\"font-size: 12pt; color: #ff6600;\">125ml\u00a0\u00a0<\/span><\/strong><\/li>\n<li><span style=\"font-size: 12pt;\"><b>Lupine \u00d6l<\/b>\u00a0 \u00a0 \u00a0 \u00a0 \u00a0 \u00a0 \u00a0 \u00a0 \u00a0 \u00a0<span style=\"color: #ff6600;\"><strong>125ml\u00a0\u00a0<\/strong><\/span><\/span><\/li>\n<\/ul>\n<\/li>\n<\/ul>\n<\/div>\n<p><span style=\"color: #ff6600;\"><strong style=\"font-size: 19.2px;\">\u00a0 \u00a0 \u00a0 \u00a0 + Kostenloser Versand<\/strong><\/span><\/p>\n","protected":false},"featured_media":291962,"comment_status":"open","ping_status":"closed","template":"","meta":[],"product_brand":[],"product_cat":[310],"product_tag":[],"class_list":{"0":"post-60444","1":"product","2":"type-product","3":"status-publish","4":"has-post-thumbnail","6":"product_cat-oil-kits","7":"product_shipping_class-free-shipping-de","9":"first","10":"instock","11":"sale","12":"shipping-taxable","13":"purchasable","14":"product-type-simple"},"_links":{"self":[{"href":"https:\/\/nefertiti-eg.com\/de\/wp-json\/wp\/v2\/product\/60444","targetHints":{"allow":["GET"]}}],"collection":[{"href":"https:\/\/nefertiti-eg.com\/de\/wp-json\/wp\/v2\/product"}],"about":[{"href":"https:\/\/nefertiti-eg.com\/de\/wp-json\/wp\/v2\/types\/product"}],"replies":[{"embeddable":true,"href":"https:\/\/nefertiti-eg.com\/de\/wp-json\/wp\/v2\/comments?post=60444"}],"wp:featuredmedia":[{"embeddable":true,"href":"https:\/\/nefertiti-eg.com\/de\/wp-json\/wp\/v2\/media\/291962"}],"wp:attachment":[{"href":"https:\/\/nefertiti-eg.com\/de\/wp-json\/wp\/v2\/media?parent=60444"}],"wp:term":[{"taxonomy":"product_brand","embeddable":true,"href":"https:\/\/nefertiti-eg.com\/de\/wp-json\/wp\/v2\/product_brand?post=60444"},{"taxonomy":"product_cat","embeddable":true,"href":"https:\/\/nefertiti-eg.com\/de\/wp-json\/wp\/v2\/product_cat?post=60444"},{"taxonomy":"product_tag","embeddable":true,"href":"https:\/\/nefertiti-eg.com\/de\/wp-json\/wp\/v2\/product_tag?post=60444"}],"curies":[{"name":"wp","href":"https:\/\/api.w.org\/{rel}","templated":true}]}}