{"id":60451,"date":"2019-09-07T17:36:02","date_gmt":"2020-01-30T15:54:18","guid":{"rendered":"https:\/\/nefertiti-eg.com\/?post_type=product&#038;p=60451"},"modified":"2021-06-13T15:00:40","modified_gmt":"2021-06-13T13:00:40","slug":"health-care-set","status":"publish","type":"product","link":"https:\/\/nefertiti-eg.com\/de\/shop\/oil-kits\/health-care-set\/","title":{"rendered":"Gesundheitspaket"},"content":{"rendered":"<p><span style=\"font-weight: 400;\">Eine spezielle Auswahl an \u00d6len, von denen jedes durch seine heilenden Eigenschaften, die bestimmte Krankheiten bek\u00e4mpfen k\u00f6nnen, die nat\u00fcrliche Gesundheit f\u00f6rdert. Diese \u00d6le wurden speziell ausgew\u00e4hlt, um den K\u00f6rper von innen heraus zu sch\u00fctzen. Sie k\u00f6nnen den Heilungsprozess bestehender Krankheiten unterst\u00fctzen und haben wunderbare Vorteile f\u00fcr die Haar- und Hautpflege.<\/span><\/p>\n<ul>\n<li><span style=\"color: #ff6600;\"><b>Schwarzk\u00fcmmel\u00f6l <\/b><\/span><span style=\"font-weight: 400;\">wirkt Wunder f\u00fcr Ihre Gesundheit! Verglichen mit den Top 5 Antibiotika von Wissenschaftlern ist die gesundheitsf\u00f6rdernde Verwendung enorm &#8211; sie zerquetscht Nierensteine, bek\u00e4mpft Krebs, senkt den Cholesterinspiegel im Blut, hilft bei Bronchialerkrankungen und verbessert das Verdauungssystem, um nur einige zu nennen. Schwarzk\u00fcmmel\u00f6l st\u00e4rkt insgesamt das Immunsystem. Dieses \u00d6l ist ein perfektes Mittel gegen Hauterkrankungen und Wunden und f\u00f6rdert das schnelle Wachstum von starkem, gesundem Haar. Ein gro\u00dfartiges Produkt f\u00fcr M\u00e4nner, um die intimen Momente zu verbessern.<\/span><\/li>\n<li><span style=\"color: #ff6600;\"><b>Walnuss\u00f6l <\/b><\/span><span style=\"font-weight: 400;\">ist reich an Fetts\u00e4uren und enth\u00e4lt viele Vitamine K und E, Phosphor und Zink. Entgiftend und pflegend stimuliert es das Gehirn, erh\u00f6ht den Fokus und verbessert das Ged\u00e4chtnis. Es reinigt die W\u00e4nde der Blutgef\u00e4\u00dfe, sch\u00fctzt das Herz und senkt den Cholesterinspiegel. Walnuss\u00f6l hat eine Antitumor Wirkung, hilft bei der Vorbeugung von Knochen- und Gelenkerkrankungen und hilft bei St\u00f6rungen des Verdauungssystems.<\/span><\/li>\n<li><span style=\"color: #ff6600;\"><b>Karotten Samen\u00f6l <\/b><\/span><span style=\"font-weight: 400;\">bietet antimikrobielle, antioxidative und entz\u00fcndungshemmende Eigenschaften, st\u00e4rkt das Immunsystem, reinigt das Blut- und Lymphsystem und ist ein wirksames Diuretikum. Es ist besonders vorteilhaft f\u00fcr die Augen. Karotten Samen\u00f6l heilt und lindert nicht nur Hautausschl\u00e4ge, sondern verj\u00fcngt und strafft die Haut. Die in diesem \u00d6l enthaltenen Vitamine A und E st\u00e4rken das Haar, beugen Haarausfall vor und verleihen ihm Glanz.<\/span><\/li>\n<\/ul>\n","protected":false},"excerpt":{"rendered":"<div>\n<ul>\n<li><span style=\"font-size: 12pt;\"><b>Schwarzk\u00fcmmel\u00f6l<\/b> \u00a0 \u00a0 \u00a0<span style=\"color: #ff6600;\"><strong>300ml<\/strong><\/span><\/span><\/li>\n<li><span style=\"font-size: 12pt;\"><b>Walnuss\u00f6l<\/b> \u00a0 \u00a0 \u00a0 \u00a0 \u00a0 \u00a0 \u00a0 \u00a0 \u00a0 \u00a0 \u00a0 <span style=\"color: #ff6600;\"><strong>200ml<\/strong><\/span><\/span><\/li>\n<li><span style=\"font-size: 12pt;\"><b>Karotten Samen\u00f6l<\/b> \u00a0 \u00a0 \u00a0 <span style=\"color: #ff6600;\"><strong>200ml<\/strong><\/span><\/span><\/li>\n<\/ul>\n<\/div>\n<p><span style=\"color: #ff6600;\"><strong style=\"font-size: 19.2px;\">\u00a0 + Kostenloser Versand<\/strong><\/span><\/p>\n","protected":false},"featured_media":282647,"comment_status":"open","ping_status":"closed","template":"","meta":[],"product_brand":[],"product_cat":[310],"product_tag":[],"class_list":{"0":"post-60451","1":"product","2":"type-product","3":"status-publish","4":"has-post-thumbnail","6":"product_cat-oil-kits","7":"product_shipping_class-free-shipping-de","9":"first","10":"outofstock","11":"sale","12":"shipping-taxable","13":"purchasable","14":"product-type-simple"},"_links":{"self":[{"href":"https:\/\/nefertiti-eg.com\/de\/wp-json\/wp\/v2\/product\/60451","targetHints":{"allow":["GET"]}}],"collection":[{"href":"https:\/\/nefertiti-eg.com\/de\/wp-json\/wp\/v2\/product"}],"about":[{"href":"https:\/\/nefertiti-eg.com\/de\/wp-json\/wp\/v2\/types\/product"}],"replies":[{"embeddable":true,"href":"https:\/\/nefertiti-eg.com\/de\/wp-json\/wp\/v2\/comments?post=60451"}],"wp:featuredmedia":[{"embeddable":true,"href":"https:\/\/nefertiti-eg.com\/de\/wp-json\/wp\/v2\/media\/282647"}],"wp:attachment":[{"href":"https:\/\/nefertiti-eg.com\/de\/wp-json\/wp\/v2\/media?parent=60451"}],"wp:term":[{"taxonomy":"product_brand","embeddable":true,"href":"https:\/\/nefertiti-eg.com\/de\/wp-json\/wp\/v2\/product_brand?post=60451"},{"taxonomy":"product_cat","embeddable":true,"href":"https:\/\/nefertiti-eg.com\/de\/wp-json\/wp\/v2\/product_cat?post=60451"},{"taxonomy":"product_tag","embeddable":true,"href":"https:\/\/nefertiti-eg.com\/de\/wp-json\/wp\/v2\/product_tag?post=60451"}],"curies":[{"name":"wp","href":"https:\/\/api.w.org\/{rel}","templated":true}]}}