{"id":69479,"date":"2020-08-29T17:25:08","date_gmt":"2020-08-29T15:25:08","guid":{"rendered":"https:\/\/nefertiti-eg.com\/shop\/unkategorisiert\/bergamot-oil\/"},"modified":"2022-06-12T16:34:05","modified_gmt":"2022-06-12T14:34:05","slug":"bergamot-oil","status":"publish","type":"product","link":"https:\/\/nefertiti-eg.com\/de\/shop\/aroma-oils\/bergamot-oil\/","title":{"rendered":"Bergamotten\u00f6l"},"content":{"rendered":"<p><span style=\"font-weight: 400;\"><br \/>\n<\/span><span style=\"font-weight: 400;\">Es gibt verschiedene Versionen \u00fcber die Herkunft des Namens Bergamotte. Die eindrucksvollste Erkl\u00e4rung ist, dass er vom t\u00fcrkischen &#8222;beg-armudi&#8220; abgeleitet ist, was \u201eBirne des Herrn\u201c oder \u201eBirnenprinz\u201c bedeutet. Es wird auch angenommen, dass der Name von der italienischen Stadt Bergamo stammt und das italienische Wort \u201eBergamotto\u201c davon abgeleitet ist. In jedem Fall ist die einzig sichere Tatsache, dass die Geschichte des Bergamotten\u00f6ls in Kalabrien, S\u00fcditalien, begann, wo diese Frucht noch immer weit verbreitet ist.<\/span><\/p>\n<h3><b>Bergamotte Herkunft und Eigenschaften<\/b><\/h3>\n<p><span style=\"font-weight: 400;\">Bergamotte (Citrus Bergamia) geh\u00f6rt zur Gattung der Zitrusfr\u00fcchte und zur Familie der Rutaceae. Die Fr\u00fcchte des immergr\u00fcnen Bergamotte-Baums \u00e4hneln Orangen, sind jedoch kleiner und rund bis birnenf\u00f6rmig. Ihre Farbe ist gr\u00fcn-gelb, sobald sie gereift sind. Bergamotte-Saft schmeckt weniger sauer als Zitrone, aber bitterer als Grapefruit.<\/span><span style=\"font-weight: 400;\"><br \/>\n<\/span><span style=\"font-weight: 400;\">Genetische Untersuchungen legen nahe, dass Bergamotte eine Hybride aus zwei anderen Zitrusfr\u00fcchten ist, eine ist eine Limetten Art, die andere ist die saure Orangensorte. Ob dies eine spontane, nat\u00fcrliche Hybride ist, ist unbekannt.<\/span><\/p>\n<p><span style=\"font-weight: 400;\">Der Bergamotte-Baum wird bis zu f\u00fcnf Meter hoch, hat glatte ovale Bl\u00e4tter und B\u00fcschel wei\u00dfer sternf\u00f6rmiger Bl\u00fcten, die im Winter bl\u00fchen. Es tr\u00e4gt erst nach 3 Jahren Veredelung Fr\u00fcchte. Sobald der Baum mit etwa 12 Jahren ausgewachsen ist, kann er st\u00e4ndig reichlich Fr\u00fcchte tragen, dies nimmt erst nach 70-80 Jahren ab.<\/span><\/p>\n<h3><b>Bergamotten\u00f6l &amp; Vorteile<\/b><\/h3>\n<p><span style=\"font-weight: 400;\">Die \u00e4lteste bekannte Verwendung von Bergamotten\u00f6l stammt aus italienischen Kr\u00e4uterheilmitteln, haupts\u00e4chlich wegen seiner antiseptischen Eigenschaften und zur Stimulierung der Verdauung. Die Italiener lieben Bergamotten\u00f6l immer noch als nat\u00fcrliches Hautpflege- und Verj\u00fcngung-mittel. Bei den ayurvedischen Behandlungsmethoden ist Bergamotten\u00f6l f\u00fcr seine F\u00e4higkeit bekannt, viele \u00e4u\u00dfere und innere Beschwerden wie Hautausschl\u00e4ge, Geschw\u00fcre, Psoriasis und Akne, Halsschmerzen, Husten und Erk\u00e4ltungen zu lindern und zu behandeln, um Fieber zu reduzieren und Angstzust\u00e4nde und Depressionen zu lindern. Bergamotte kann sogar f\u00fcr die Mundgesundheit verwendet werden.<\/span><\/p>\n<p><span style=\"font-weight: 400;\">Bergamotten\u00f6l, das aus der Schale der unreifen Frucht gewonnen wird, hat ein leicht frisches Zitrusaroma, kombiniert mit einigen blumigen Noten. Seine Farbe ist gr\u00fcn-orange, kann sich aber im Laufe der Zeit in olivgr\u00fcn \u00e4ndern, was die Qualit\u00e4t nicht beeintr\u00e4chtigt.<\/span><\/p>\n<p><span style=\"font-weight: 400;\">Bergamotten\u00f6l soll nicht nur heilende Eigenschaften haben, sondern wird auch h\u00e4ufig als Hauptbestandteil in Duftstoffen f\u00fcr Parfums und andere Kosmetika sowie als Aromastoff wie Earl Grey Tee verwendet. Bergamotten\u00f6l wird auch in der Aromatherapie als sehr vorteilhaft angesehen.<\/span><\/p>\n<p><span style=\"font-weight: 400;\">Die einzigartigen Bestandteile von Bergamotten\u00f6l sind die Quelle seiner analgetischen, antiseptischen, krampfl\u00f6senden, antimykotischen, entz\u00fcndungshemmenden, antidepressiven, verdauungsf\u00f6rdernden, beruhigenden und sogar aphrodisierenden Eigenschaften. Bei alternativen Therapien wird angenommen, dass Bergamotten\u00f6l eine Reihe von nicht verwandten Erkrankungen wie Akne, Angstzust\u00e4nde, chronisches M\u00fcdigkeitssyndrom, Depressionen, Ekzeme, Kopfschmerzen, Schlaflosigkeit, nicht allergische Rhinitis, arthritische Gelenkschmerzen und Psoriasis behandelt und verhindert.<\/span><\/p>\n<p><b>Bergamotten\u00f6l f\u00fcr die Haut<\/b><b><br \/>\n<\/b><span style=\"font-weight: 400;\">Bergamotten\u00f6l wird seit langem f\u00fcr seine antibakterielle und antimykotische Wirkung angepriesen, die Hautinfektionen und sogar solche, die den Mund betreffen, behandeln kann. Die desinfizierenden und antibiotischen Eigenschaften von Bergamotten\u00f6l k\u00f6nnen die Hautregeneration beschleunigen und kleinere Wunden, Ekzeme, Pickel und Psoriasis verbessern. Es reinigt die Poren und gleicht den Hautton aus. Aufgrund seiner verschiedenen Hautvorteile wird Bergamotten\u00f6l vielen Cremes und Lotionen zugesetzt, die f\u00fcr fettige Haut und Akne geeignet sind. Bergamotten\u00f6l erfrischt die Haut, pflegt und wirkt entw\u00e4ssernd und st\u00e4rkend auf die Haut. W\u00e4hrenddessen steigert der Duft Ihre Stimmung.<\/span><\/p>\n<p><span style=\"font-weight: 400;\">F\u00fcr die Gesichtspflege ist verd\u00fcnntes Bergamotten\u00f6l besonders ideal bei normaler bis empfindlicher trockener Haut. Bergamotten\u00f6l h\u00e4lt die Haut jung, indem es die Verteilung von Pigment und Melanin in der Haut homogenisiert. Ekzeme k\u00f6nnen verbessert werden und Pilzinfektionen, Pigmentverlust und Psoriasis k\u00f6nnen bei topischer Anwendung verhindert werden.<\/span><\/p>\n<p><span style=\"font-weight: 400;\">Bergamotten\u00f6l ist wie alle Zitrus\u00f6le Foto-toxisch. Dies f\u00fchrt dazu, dass die Haut empfindlicher gegen\u00fcber Sonnenlicht wird und sollte daher nicht beim Br\u00e4unen oder tropischer Sonneneinstrahlung verwendet werden. Verwenden Sie Bergamotten\u00f6l vorzugsweise abends vor dem Schlafengehen.<\/span><\/p>\n<p><b>Bergamotten\u00f6l als Deodorant<\/b><b><br \/>\n<\/b><span style=\"font-weight: 400;\">Bergamotten\u00f6l ist ein guter nat\u00fcrlicher Ersatz f\u00fcr Deodorant. Seine desinfizierenden Eigenschaften verhindern, dass Mikroben und andere Keime im K\u00f6rper wachsen. Bergamotten\u00f6l kann auch gegen L\u00e4use und Parasiten oder als Mundwasser zur Verbesserung der Mundgesundheit verwendet werden.<\/span><\/p>\n<p><b>Bergamotten\u00f6l zur Schmerzlinderung<\/b><b><br \/>\n<\/b><span style=\"font-weight: 400;\">Aufgrund seiner analgetischen Eigenschaften kann Bergamotten\u00f6l Schmerzen lindern, da es die Sekretion bestimmter Hormone stimuliert, die die Schmerzempfindlichkeit der Nerven verringern. Daher ist es sehr hilfreich, Kopfschmerzen, Verstauchungen und Muskelschmerzen zu lindern.<\/span><\/p>\n<h3><b>Bergamotten\u00f6l &amp; Aromatherapie<\/b><\/h3>\n<p><span style=\"font-weight: 400;\">Freude in einer Flasche! Das \u00e4therische \u00d6l der Bergamotte ist einzigartig f\u00fcr seine anregende und beruhigende Wirkung. Es kann verwendet werden, um Stressgef\u00fchle abzubauen, eine positive Stimmung zu stimulieren und um die Haut zu beruhigen und zu reinigen. Verjagen Sie dunkle und d\u00fcstere Gef\u00fchle mit den belebenden Eigenschaften von Bergamotten\u00f6l. Seine starke antidepressive Wirkung gibt Ihnen Kraft, Ruhe und Geduld, wenn Sie sich nerv\u00f6s oder unruhig f\u00fchlen. Bergamotten\u00f6l verbessert Ihre Stimmung und Ihr Selbstbewusstsein, Sie werden mehr Frieden und Freude erfahren.<\/span><\/p>\n<p><span style=\"font-weight: 400;\">Aromatherapie-Enthusiasten sind davon \u00fcberzeugt, dass beim Einatmen oder Absorbieren von \u00e4therischen \u00d6len \u00fcber die Haut Signale an das limbische System gesendet werden, den Bereich des Gehirns, der Emotionen und Erinnerungen reguliert. Dies kann physiologische Effekte wie einen verringerten Blutdruck, eine verringerte Herzfrequenz und eine verringerte Atmung verursachen, und gleichzeitig das Wohlf\u00fchl-Hormon Serotonin und den Neurotransmitter Dopamin erh\u00f6hen.<\/span><\/p>\n<p><span style=\"font-weight: 400;\">Die Alpha-Pinen und Limonen-Komponenten in Bergamotten\u00f6l sind Antidepressiva und nat\u00fcrliche Stimulanzien. Die verbesserte Durchblutung, die sie verursachen, erzeugt das Gef\u00fchl von Frische, Freude und Energie. Aber es gibt noch mehr: Die stimulierten hormonellen Sekrete f\u00f6rdern einen guten Stoffwechsel, was zu einer ordnungsgem\u00e4\u00dfen N\u00e4hrstoffaufnahme, Assimilation und Zersetzung des Zuckers und der daraus resultierenden Senkung des Blutzuckerspiegels f\u00fchrt.<\/span><\/p>\n<p><span style=\"font-weight: 400;\">Das \u00d6l l\u00e4sst sich hervorragend in Ihrem Wohnzimmer, \u00dcbungsraum oder Arbeitsplatz verdunsten. Es wird die Stimmung aller mit Freude beeinflussen.<\/span><span style=\"font-weight: 400;\"><br \/>\n<\/span><span style=\"font-weight: 400;\">Der Duft von Bergamotten\u00f6l l\u00e4sst sich gut mit einer Reihe von D\u00fcften kombinieren, die sich gegenseitig erg\u00e4nzen, beispielsweise Lavendel, Kamille, Jasmin, Geranie, Wacholder oder Zitrone. Bergamotten\u00f6l hat wie Lavendel die F\u00e4higkeit, die Wirkung anderer \u00e4therischer \u00d6le zu verst\u00e4rken.<\/span><\/p>\n<p><b>Bergamotten\u00f6l als nat\u00fcrliches Antidepressivum<\/b><b><br \/>\n<\/b><span style=\"font-weight: 400;\">Da Bergamotten\u00f6l als nat\u00fcrliches Antidepressivum und Stimulans wirkt, ist es ideal f\u00fcr die Aromatherapie geeignet. Angst und Stress k\u00f6nnen durch eine verbesserte Durchblutung reduziert werden. Eine Ver\u00e4nderung Ihres neurologischen und mentalen Zustands kann sich auch positiv auf den Schlaf auswirken. Bergamotten\u00f6l f\u00f6rdert die Hormonstimulation wie Dopamin und Serotonin und induziert so eine Entspannung. Einige Tropfen Bergamotten\u00f6l in hei\u00dfem Wasser oder Verdampfer k\u00f6nnen eingeatmet werden, um von seiner beruhigenden Wirkung zu profitieren. Dies kommt auch Erkrankungen der oberen Atemwege wie Erk\u00e4ltung und Grippe zugute.<\/span><\/p>\n<p><b>Bergamotten\u00f6l zur Massage<\/b><b><br \/>\n<\/b><span style=\"font-weight: 400;\">Bek\u00e4mpfen Sie M\u00fcdigkeit mit einer Mischung aus Bergamotte und Ylang-Ylang-\u00d6l (Verh\u00e4ltnis 1:1) mit einem Tr\u00e4ger\u00f6l f\u00fcr eine erhebende Massage.<\/span><span style=\"font-weight: 400;\"><br \/>\n<\/span><span style=\"font-weight: 400;\">Verdauungsprobleme k\u00f6nnen mit einer Bauchmassage behandelt werden, bei der einige Tropfen Bergamotten\u00f6l mit Mandel\u00f6l gemischt werden.<\/span><span style=\"font-weight: 400;\"><br \/>\n<\/span><span style=\"font-weight: 400;\">Magenkr\u00e4mpfe &#8211; Massieren Sie den Bereich nach Bedarf mit einem Tr\u00e4ger\u00f6l, gemischt mit Bergamotte, Lavendel, Kamille und Majoran.<\/span><\/p>\n<p><b>Bergamotten\u00f6l f\u00fcr ein heilendes Bad<\/b><b><br \/>\n<\/b><span style=\"font-weight: 400;\">Die regelm\u00e4\u00dfige Zugabe von Bergamotten\u00f6l zum Badewasser kann dazu beitragen, die Schutzf\u00e4higkeit des K\u00f6rpers zur Vorbeugung von Infektionen zu verbessern, indem das Wachstum von Bakterien, Viren und Pilzen gehemmt wird. W\u00e4hrenddessen f\u00fchren stimulierte Stoffwechsel- und Sekretdr\u00fcsen zu Schwitzen, was zur Ausscheidung von Giftstoffen aus dem K\u00f6rper beitr\u00e4gt.<\/span><span style=\"font-weight: 400;\"><br \/>\n<\/span><span style=\"font-weight: 400;\">Das Baden mit Bergamotten\u00f6l kann Fieber reduzieren und Husten, Grippe und andere Atemprobleme wie Bronchitis und Asthma lindern. Seine entspannende Wirkung auf die Muskeln und Schmerznerven lindert Kopfschmerzen, Muskelschmerzen, Kr\u00e4mpfe und Verstauchungen.<\/span><\/p>\n<p><b>Bergamotten\u00f6l f\u00fcr die Haarpflege<\/b><b><br \/>\n<\/b><span style=\"font-weight: 400;\">Bergamotten\u00f6l kann als Beruhigungsmittel bei gereizter Kopfhaut angewendet werden. Geben Sie ein paar Tropfen Bergamotten\u00f6l in Ihr Shampoo und massieren Sie es auf die Kopfhaut.<\/span><\/p>\n<p><b>Bergamotten\u00f6l verwenden <\/b><span style=\"font-weight: 400;\"><br \/>\n<\/span><span style=\"font-weight: 400;\">Bei Anwendung auf der Haut wird empfohlen, Bergamotten\u00f6l mit einem Tr\u00e4ger\u00f6l oder einem anderen Hautpflegeprodukt zu verd\u00fcnnen. Aufgrund der stark Foto-toxischen Verbindung sollte eine direkte Sonneneinstrahlung oder UV-Strahlung vermieden werden. Bergamotten\u00f6l sollte an dunklen Orten gelagert und vor direkter Sonneneinstrahlung gesch\u00fctzt werden.<\/span><\/p>\n","protected":false},"excerpt":{"rendered":"<p><b>Marke<\/b><span style=\"font-weight: 400;\">: Nefertiti for natural oils and herbs<\/span><b><br \/>\n<\/b><b>Herkunftsland<\/b><span style=\"font-weight: 400;\">: Mittlerer Osten<\/span><b><br \/>\n<\/b><b>Botanischer Name: <\/b><span style=\"font-weight: 400;\">Citrus Bergamia<\/span><span style=\"font-weight: 400;\"><br \/>\n<\/span><b>Familie<\/b><span style=\"font-weight: 400;\">: <\/span><span style=\"font-weight: 400;\">Rutaceae<\/span><span style=\"font-weight: 400;\"><br \/>\n<\/span><b>INCI<\/b><span style=\"font-weight: 400;\">: <\/span><span style=\"font-weight: 400;\">Citrus aurantium bergamia (Bergamotte) Frucht\u00f6l<\/span><span style=\"font-weight: 400;\"><br \/>\n<\/span><b>Verwendete Teile<\/b><span style=\"font-weight: 400;\">: Sch\u00e4len<\/span><span style=\"font-weight: 400;\"><br \/>\n<\/span><b>Extraktionsmethode<\/b><span style=\"font-weight: 400;\">: <\/span><span style=\"font-weight: 400;\">Wasserdampfdestillation<\/span><span style=\"font-weight: 400;\"><br \/>\n<\/span><b>Duft<\/b><span style=\"font-weight: 400;\">: leicht zitrisch mit blumigen Noten<\/span><span style=\"font-weight: 400;\"><br \/>\n<\/span><b>Aussehen<\/b><span style=\"font-weight: 400;\">: gr\u00fcn bis gr\u00fcnlich gelb<\/span><span style=\"font-weight: 400;\"><br \/>\n<\/span><b>Physikalischer Zustand<\/b><span style=\"font-weight: 400;\">: Fl\u00fcssigkeit<\/span><span style=\"font-weight: 400;\"><br \/>\n<\/span><b>Nat\u00fcrlich<\/b><span style=\"font-weight: 400;\">: Ja<\/span><span style=\"font-weight: 400;\"><br \/>\n<\/span><b>Reinheit<\/b><span style=\"font-weight: 400;\">: 100 % rein<\/span><span style=\"font-weight: 400;\"><br \/>\n<\/span><b>Zertifikate:<\/b> <span style=\"font-weight: 400;\">ISO &amp; MSDS<\/span><span style=\"font-weight: 400;\"><br \/>\n<\/span><b>Komposition:<\/b> <span style=\"font-weight: 400;\">reines Aroma\u00f6l<\/span><span style=\"font-weight: 400;\"><br \/>\n<\/span><b>Versand<\/b><span style=\"font-weight: 400;\">: Berechnet an der Kasse<\/span><\/p>\n","protected":false},"featured_media":275308,"comment_status":"open","ping_status":"closed","template":"","meta":[],"product_brand":[],"product_cat":[170],"product_tag":[],"class_list":{"0":"post-69479","1":"product","2":"type-product","3":"status-publish","4":"has-post-thumbnail","6":"product_cat-aroma-oils","7":"pa_bottle-size-50-ml","9":"first","10":"instock","11":"shipping-taxable","12":"purchasable","13":"product-type-variable","14":"has-default-attributes"},"_links":{"self":[{"href":"https:\/\/nefertiti-eg.com\/de\/wp-json\/wp\/v2\/product\/69479","targetHints":{"allow":["GET"]}}],"collection":[{"href":"https:\/\/nefertiti-eg.com\/de\/wp-json\/wp\/v2\/product"}],"about":[{"href":"https:\/\/nefertiti-eg.com\/de\/wp-json\/wp\/v2\/types\/product"}],"replies":[{"embeddable":true,"href":"https:\/\/nefertiti-eg.com\/de\/wp-json\/wp\/v2\/comments?post=69479"}],"wp:featuredmedia":[{"embeddable":true,"href":"https:\/\/nefertiti-eg.com\/de\/wp-json\/wp\/v2\/media\/275308"}],"wp:attachment":[{"href":"https:\/\/nefertiti-eg.com\/de\/wp-json\/wp\/v2\/media?parent=69479"}],"wp:term":[{"taxonomy":"product_brand","embeddable":true,"href":"https:\/\/nefertiti-eg.com\/de\/wp-json\/wp\/v2\/product_brand?post=69479"},{"taxonomy":"product_cat","embeddable":true,"href":"https:\/\/nefertiti-eg.com\/de\/wp-json\/wp\/v2\/product_cat?post=69479"},{"taxonomy":"product_tag","embeddable":true,"href":"https:\/\/nefertiti-eg.com\/de\/wp-json\/wp\/v2\/product_tag?post=69479"}],"curies":[{"name":"wp","href":"https:\/\/api.w.org\/{rel}","templated":true}]}}