{"id":72540,"date":"2019-05-28T23:12:44","date_gmt":"2019-05-28T21:12:44","guid":{"rendered":"https:\/\/nefertiti-eg.com\/shop\/unkategorisiert\/anti-wrinkle-shea-butter\/"},"modified":"2023-05-17T12:33:15","modified_gmt":"2023-05-17T09:33:15","slug":"anti-wrinkle-shea-butter","status":"publish","type":"product","link":"https:\/\/nefertiti-eg.com\/de\/shop\/butter-de\/anti-wrinkle-shea-butter\/","title":{"rendered":"Anti-Falten-Sheabutter"},"content":{"rendered":"<h3><b>Sheabutter gegen Falten<\/b><\/h3>\n<p><span style=\"font-weight: 400;\">Sheabutter wird aus den N\u00fcssen des Shea Baums gewonnen. Sheabutter enth\u00e4lt haupts\u00e4chlich Fett- und \u00d6ls\u00e4ure sowie Vitamin E. Dies macht es zu einem beliebten Hautpflegeprodukt, da es die Haut mit Feuchtigkeit versorgt und sch\u00fctzt. Sheabutter pflegt die Haut perfekt, dringt tief in sie ein und die Wirkstoffe sch\u00fctzen die Haut wirksam vor Trockenheit und Falten.<\/span><\/p>\n<p><span style=\"font-weight: 400;\">Um ein Anti-Falten-\u00d6l herzustellen, haben wir unsere 100 % nat\u00fcrliche Sheabutter mit \u00d6len wie Jojoba, Argan\u00f6l, Oliven\u00f6l, Karotten Samen\u00f6l, Nelken\u00f6l und Weizenkeim\u00f6l angereichert. Diese \u00d6le bereichern unser Anti-Falten-\u00d6l mit ihren jeweiligen Eigenschaften:<\/span><\/p>\n<p><b>Jojoba\u00f6l<\/b><span style=\"font-weight: 400;\"> wirkt straffend auf die Haut, stimuliert die Kollagenproduktion, verj\u00fcngt die Haut und reduziert Falten. Daher wird Jojoba\u00f6l als Anti-Aging-Hautpflegeprodukt hoch angesehen. Auch seine Verwendung tr\u00e4gt zur Verengung der Poren bei, die Haut wird weich und strahlend.<\/span><\/p>\n<p><b>Argan\u00f6l<\/b> <span style=\"font-weight: 400;\">enth\u00e4lt eine hohe Menge an Vitamin E, dass als Antioxidans bekannt ist. Es sch\u00fctzt vor freien Radikalen, verlangsamt den Alterungsprozess der Haut und erh\u00f6ht die Elastizit\u00e4t.<\/span><\/p>\n<p><b>Oliven\u00f6l<\/b> <span style=\"font-weight: 400;\">enth\u00e4lt Fette, die besonders f\u00fcr die Hautpflege von Vorteil sind. Die einfach und mehrfach unges\u00e4ttigten Fetts\u00e4uren verhindern Falten und gl\u00e4tten die Haut. Die Vitamine A und E sch\u00fctzen die Haut und reduzieren Entz\u00fcndungen.<\/span><\/p>\n<p><span style=\"font-weight: 400;\">Die antioxidativen Eigenschaften von Carotin in <\/span><span style=\"font-weight: 400;\"><strong>Karotten<\/strong> Samen\u00f6l<\/span><span style=\"font-weight: 400;\"> verhindern Zellsch\u00e4den, sch\u00fctzen die Haut vor sch\u00e4dlichen UV-Strahlen und sch\u00fctzen gleichzeitig vor Infektionen.<\/span><\/p>\n<p><b>Nelken\u00f6l<\/b> <span style=\"font-weight: 400;\">enth\u00e4lt Eugenol, dass als Desinfektionsmittel wirkt. Dies ist wirksam gegen Pilze, Bakterien und Viren. Das Beta-Caryophyllen in diesem \u00d6l wirkt als Antioxidans gegen freie Radikale, die zur Hautalterung beitragen. Die Polyphenole in Nelken\u00f6l sind ein starkes Antioxidans gegen Alterung und Hautkrankheiten.<\/span><\/p>\n<p><b>Weizenkeim\u00f6l<\/b> <span style=\"font-weight: 400;\">enth\u00e4lt Vitamin E, dass f\u00fcr eine gute Durchblutung der Hautgef\u00e4\u00dfe sorgt. Es befeuchtet die Haut, stellt den Wasserhaushalt wieder her und lindert Schuppenbildung. Dank seines hohen Vitamin E-Gehalts verhindert unser Anti-Falten-\u00d6l Schwangerschaftsstreifen und reduziert Narben nach der Operation.<\/span><\/p>\n","protected":false},"excerpt":{"rendered":"<p><span style=\"font-weight: 400;\">Ich habe diese Anti-Falten-Sheabutter ausprobiert, da ich ein t\u00e4gliches Produkt f\u00fcr mein Gesicht brauchte, das sowohl nat\u00fcrlich als auch wirksam ist, insbesondere als Anti-Aging-Mittel. Ich bin \u00fcbergl\u00fccklich: Meine Haut f\u00fchlt sich tief gen\u00e4hrt an und das Produkt hinterl\u00e4sst keine fettige Schicht. Ich kann dieses Produkt nur empfehlen, wenn Sie nur etwas brauchen, um die Zeiteffekte zu verlangsamen.<\/span><\/p>\n","protected":false},"featured_media":282602,"comment_status":"open","ping_status":"closed","template":"","meta":[],"product_brand":[],"product_cat":[715,1198,182],"product_tag":[],"class_list":{"0":"post-72540","1":"product","2":"type-product","3":"status-publish","4":"has-post-thumbnail","6":"product_cat-butter-de","7":"product_cat-creams-de","8":"product_cat-cosmetics","9":"pa_bottle-size-50-g-de","11":"first","12":"instock","13":"shipping-taxable","14":"purchasable","15":"product-type-variable","16":"has-default-attributes"},"_links":{"self":[{"href":"https:\/\/nefertiti-eg.com\/de\/wp-json\/wp\/v2\/product\/72540","targetHints":{"allow":["GET"]}}],"collection":[{"href":"https:\/\/nefertiti-eg.com\/de\/wp-json\/wp\/v2\/product"}],"about":[{"href":"https:\/\/nefertiti-eg.com\/de\/wp-json\/wp\/v2\/types\/product"}],"replies":[{"embeddable":true,"href":"https:\/\/nefertiti-eg.com\/de\/wp-json\/wp\/v2\/comments?post=72540"}],"wp:featuredmedia":[{"embeddable":true,"href":"https:\/\/nefertiti-eg.com\/de\/wp-json\/wp\/v2\/media\/282602"}],"wp:attachment":[{"href":"https:\/\/nefertiti-eg.com\/de\/wp-json\/wp\/v2\/media?parent=72540"}],"wp:term":[{"taxonomy":"product_brand","embeddable":true,"href":"https:\/\/nefertiti-eg.com\/de\/wp-json\/wp\/v2\/product_brand?post=72540"},{"taxonomy":"product_cat","embeddable":true,"href":"https:\/\/nefertiti-eg.com\/de\/wp-json\/wp\/v2\/product_cat?post=72540"},{"taxonomy":"product_tag","embeddable":true,"href":"https:\/\/nefertiti-eg.com\/de\/wp-json\/wp\/v2\/product_tag?post=72540"}],"curies":[{"name":"wp","href":"https:\/\/api.w.org\/{rel}","templated":true}]}}