{"id":72560,"date":"2019-05-27T21:44:40","date_gmt":"2019-05-27T19:44:40","guid":{"rendered":"https:\/\/nefertiti-eg.com\/shop\/unkategorisiert\/orange-shea-butter\/"},"modified":"2022-06-04T14:43:40","modified_gmt":"2022-06-04T12:43:40","slug":"orange-shea-butter","status":"publish","type":"product","link":"https:\/\/nefertiti-eg.com\/de\/shop\/butter-de\/orange-shea-butter\/","title":{"rendered":"Sheabutter mit Orangen\u00f6l"},"content":{"rendered":"<p><span style=\"font-weight: 400;\">Sheabutter wird aus den N\u00fcssen des Shea Baumes gewonnen. Es enth\u00e4lt haupts\u00e4chlich Fett- und \u00d6ls\u00e4ure sowie Vitamin E und ist damit ein beliebtes Hautpflegeprodukt, da es die Haut mit Feuchtigkeit versorgt und sch\u00fctzt. Sheabutter dringt tief in die Haut ein und die Wirkstoffe pflegen die Haut effektiv, f\u00f6rdern die Wundheilung und stimulieren die Zellaktivit\u00e4t, sch\u00fctzen die Haut vor dem Austrocknen und Faltenbildung. Ein hervorragender Rundumschutz gegen K\u00e4lte, Wind, Sonne und allt\u00e4gliche Umwelteinfl\u00fcsse.<\/span><\/p>\n<h3><b>Orangen\u00f6l<\/b><\/h3>\n<p><span style=\"font-weight: 400;\">Das \u00e4therische Orangen\u00f6l wird aus der Orangenschale kalt gepresst. Die Inhaltsstoffe Geraniol, Linalool, Citronellal, Vitamin C, Terpineol, Ester und Aldehyde machen dieses \u00d6l antiviral, antibakteriell, desinfizierend, straffend und beruhigend f\u00fcr die Haut.<\/span><\/p>\n<h3><b>Welche Wirkung hat die Kombination von Sheabutter mit Orangen\u00f6l?<\/b><\/h3>\n<p><span style=\"font-weight: 400;\">Sie erg\u00e4nzen sich gegenseitig in ihren therapeutischen Eigenschaften und heilen und reparieren gemeinsam Erkrankungen wie Akne, Ekzeme oder Psoriasis, w\u00e4hrend sie die Haut im Allgemeinen pflegen. Sowohl Sheabutter als auch Orangen\u00f6l sind starke Antioxidantien und k\u00f6nnen die Wirkung freier Radikale reduzieren und entgegenwirken und zum Schutz vor Hautsch\u00e4den, einschlie\u00dflich Entz\u00fcndungen und vorzeitiger Hautalterung, beitragen. Dies ist auch eine gute Kombination zur Reduzierung von Falten, Narben, Dehnungsstreifen, vergr\u00f6\u00dferten Poren und Hypopigmentierung.<\/span><\/p>\n<h3><b>Sheabutter mit Orangen\u00f6l zur Hautpflege<\/b><\/h3>\n<p><span style=\"font-weight: 400;\">Sheabutter mit Orangen\u00f6l strafft die Haut, reduziert F\u00e4ltchen und verj\u00fcngt die Gesichtshaut. Seine Verwendung f\u00f6rdert die Produktion von nat\u00fcrlichem Kollagen. Deshalb wird Sheabutter als Anti-Aging-Pflegeprodukt gesch\u00e4tzt. Durch die Kombination von Sheabutter mit Orangen\u00f6l werden vergr\u00f6\u00dferte Poren verkleinert und die Haut wird weicher und strahlender.<\/span><span style=\"font-weight: 400;\"><br \/>\n<\/span><span style=\"font-weight: 400;\">Ein weiterer positiver Effekt ist, dass Altersflecken durch die Bleichwirkung des Orangen\u00f6ls aufgehellt werden.<\/span><span style=\"font-weight: 400;\"><br \/>\n<\/span><span style=\"font-weight: 400;\">Dank der antibakteriellen Wirkung der Sheabutter mit Orangen\u00f6l lindert sie Akne und Mitesser und pflegt gleichzeitig die Haut.<\/span><\/p>\n<h3><b>Sheabutter mit Orangen\u00f6l zur Narbenbehandlung<\/b><\/h3>\n<p><span style=\"font-weight: 400;\">Verwenden Sie regelm\u00e4\u00dfig Sheabutter mit Orangen\u00f6l, um Narben nach Operationen oder Schwangerschaftsstreifen zu vermeiden. Sheabutter mit Orangen\u00f6l erh\u00e4lt die Elastizit\u00e4t der Haut und lindert so die Bildung von Dehnungsstreifen und rauen Narben.<\/span><\/p>\n<h3><b>Sheabutter mit Orangen\u00f6l zur Massage<\/b><\/h3>\n<p><span style=\"font-weight: 400;\">Sheabutter mit Orangen\u00f6l ist hervorragend gegen Cellulite. Nach dem Baden oder Duschen empfiehlt es sich, die noch warme, feuchte Haut mit Sheabutter mit Orangen\u00f6l zu massieren.<\/span><\/p>\n<h3><b>Sheabutter mit Orangen\u00f6l zur Haarpflege<\/b><\/h3>\n<p><span style=\"font-weight: 400;\">Da sich Sheabutter und Orangen\u00f6l ideal zur Haarpflege eignen, erg\u00e4nzen sich diese Produkte perfekt und helfen bei trockenem Haar und Spliss. Die Bestandteile in Sheabutter mit Orangen\u00f6l halten das Haar stark und gesund. Sie f\u00f6rdern die Durchblutung der Haut und sch\u00fctzen die Kopfhaut vor Schuppen. Nehmen Sie etwas Sheabutter mit Orangen\u00f6l in die H\u00e4nde, lassen Sie es mit Ihrer K\u00f6rperw\u00e4rme schmelzen und massieren Sie es in Kopfhaut und Haar ein. Fahren Sie mit den H\u00e4nden durch Ihr Haar und tragen Sie Sheabutter mit Orangen\u00f6l auf die Haarspitzen auf. Dieses Produkt am besten abends auftragen und \u00fcber Nacht einwirken lassen. Es wird empfohlen, Ihr Kissen mit einem Handtuch zu sch\u00fctzen.<\/span><\/p>\n","protected":false},"excerpt":{"rendered":"<p><span style=\"font-weight: 400;\">Die stimulierende Wirkung von Orangen\u00f6l auf die Kollagenproduktion macht es zur perfekten Erg\u00e4nzung zu den erstaunlichen Vorteilen von Sheabutter. Seine reinigenden Eigenschaften verj\u00fcngen die Haut und helfen gegen Cellulite, Narben, Dehnungsstreifen und Zeichen der Hautalterung.<br \/>\n<\/span><b>Marke:<\/b><span style=\"font-weight: 400;\"> Nefertiti f\u00fcr nat\u00fcrliche \u00d6le und Kr\u00e4uter<br \/>\n<\/span><b>Herkunftsland:<\/b><span style=\"font-weight: 400;\"> \u00c4gypten<br \/>\n<\/span><b>Botanischer Name:<\/b> <span style=\"font-weight: 400;\">Vitellaria paradoxa\/ Citrus \u00d7 Sinensis L<br \/>\n<\/span><b>Familie:<\/b> <span style=\"font-weight: 400;\">Sapotaceae\/Rutaceae<br \/>\n<\/span><b>Verwendete Teile:<\/b><span style=\"font-weight: 400;\"> Kerne und Schale<br \/>\n<\/span><b>Nat\u00fcrlich: <\/b><span style=\"font-weight: 400;\">ja<br \/>\n<\/span><b>Reinheit:<\/b><span style=\"font-weight: 400;\"> 100% rein<br \/>\n<\/span><b>Zertifizierung:<\/b><span style=\"font-weight: 400;\"> ISO, COA &amp; MSDS<br \/>\n<\/span><b>Botanische Zusammensetzung: <\/b><span style=\"font-weight: 400;\">Triterpene, Triterpenalkohole, Stearins\u00e4ure, Allantoin, Linolens\u00e4ure, Vitamin E, Palmitins\u00e4ure, Beta-Carotin\/Geraniol, Linalool, Citronellal, Vitamin C, Terpineol, Ester und Aldehyde<\/span><\/p>\n","protected":false},"featured_media":292568,"comment_status":"open","ping_status":"closed","template":"","meta":[],"product_brand":[],"product_cat":[715,182],"product_tag":[],"class_list":{"0":"post-72560","1":"product","2":"type-product","3":"status-publish","4":"has-post-thumbnail","6":"product_cat-butter-de","7":"product_cat-cosmetics","8":"pa_bottle-size-100-g-de","10":"first","11":"instock","12":"sale","13":"shipping-taxable","14":"purchasable","15":"product-type-variable"},"_links":{"self":[{"href":"https:\/\/nefertiti-eg.com\/de\/wp-json\/wp\/v2\/product\/72560","targetHints":{"allow":["GET"]}}],"collection":[{"href":"https:\/\/nefertiti-eg.com\/de\/wp-json\/wp\/v2\/product"}],"about":[{"href":"https:\/\/nefertiti-eg.com\/de\/wp-json\/wp\/v2\/types\/product"}],"replies":[{"embeddable":true,"href":"https:\/\/nefertiti-eg.com\/de\/wp-json\/wp\/v2\/comments?post=72560"}],"wp:featuredmedia":[{"embeddable":true,"href":"https:\/\/nefertiti-eg.com\/de\/wp-json\/wp\/v2\/media\/292568"}],"wp:attachment":[{"href":"https:\/\/nefertiti-eg.com\/de\/wp-json\/wp\/v2\/media?parent=72560"}],"wp:term":[{"taxonomy":"product_brand","embeddable":true,"href":"https:\/\/nefertiti-eg.com\/de\/wp-json\/wp\/v2\/product_brand?post=72560"},{"taxonomy":"product_cat","embeddable":true,"href":"https:\/\/nefertiti-eg.com\/de\/wp-json\/wp\/v2\/product_cat?post=72560"},{"taxonomy":"product_tag","embeddable":true,"href":"https:\/\/nefertiti-eg.com\/de\/wp-json\/wp\/v2\/product_tag?post=72560"}],"curies":[{"name":"wp","href":"https:\/\/api.w.org\/{rel}","templated":true}]}}