{"id":73779,"date":"2020-11-07T15:44:15","date_gmt":"2020-11-07T13:44:15","guid":{"rendered":"https:\/\/nefertiti-eg.com\/shop\/unkategorisiert\/woman-care-kit\/"},"modified":"2021-01-07T14:46:56","modified_gmt":"2021-01-07T12:46:56","slug":"woman-care-kit","status":"publish","type":"product","link":"https:\/\/nefertiti-eg.com\/de\/shop\/oil-kits\/woman-care-kit\/","title":{"rendered":"Frauenpflegeset"},"content":{"rendered":"<p><span style=\"font-weight: 400;\">Ein wundervolles \u00d6lset, das speziell entwickelt wurde, um K\u00f6rper, Geist und Seele zu verw\u00f6hnen und die nat\u00fcrliche Sch\u00f6nheit einer Frau von innen und au\u00dfen zu verbessern.<\/span><\/p>\n<ul>\n<li><span style=\"font-weight: 400;\"><span style=\"font-weight: 400;\"><span style=\"color: #ff6600;\"><b>Ylang-Ylang-\u00d6l <\/b><\/span><\/span><\/span><span style=\"font-weight: 400;\">mit dem exotischen romantischen Aroma ist ein Stimmungsverst\u00e4rker, der Depressionen und Angstzust\u00e4nde beseitigt. Reinigend und ausgleichend, ist es ein Kraftpaket auf der Haut, das Talg reguliert. Der sch\u00f6ne Duft wirkt auch als starkes Aphrodisiakum.<br \/>\n<\/span><b><\/b><\/li>\n<li><span style=\"color: #ff6600;\"><b>Geranien \u00d6l<\/b><\/span> reduziert Stress und M\u00fcdigkeit, beruhigt und sorgt f\u00fcr emotionales Gleichgewicht, beseitigt Selbstzweifel und stellt den Optimismus wieder her. Dieses \u00d6l kann auch verwendet werden, um schlaffes Muskelgewebe und Haut zu straffen und die Zeichen des Alterns zu verlangsamen.<\/li>\n<li><span style=\"color: #ff6600;\"><b>Bockshornklee \u00d6<\/b><\/span><span style=\"font-weight: 400;\"><span style=\"color: #ff6600;\">l<\/span> ist das Muss f\u00fcr jede Frau. Mit Diosgenin, das dem weiblichen Hormon \u00d6strogen \u00e4hnlich ist, gleicht es die Hormone aus, normalisiert den Menstruationszyklus, reduziert die mit PMS verbundenen Beschwerden und Schmerzen und hilft bekannterma\u00dfen bei der Geburt und erh\u00f6ht die Laktation bei stillenden M\u00fcttern. Weitere Vorteile sind die Verbesserung des Gesamtbildes und der Straffung der Br\u00fcste sowie die Steigerung der Libido.<br \/>\n<\/span><\/li>\n<li><span style=\"color: #ff6600;\"><b>Jasmin\u00f6l <\/b><\/span><span style=\"font-weight: 400;\">ist ein warmer, sinnlicher, erhebender Duft, der am besten als starkes Aphrodisiakum bekannt ist und das Gef\u00fchl von Liebe und Harmonie steigert. Es ist Anti-Aging und pflegend und hilft, Hautunreinheiten und Dehnungsstreifen zu verblassen.<\/span><\/li>\n<li><span style=\"color: #ff6600;\"><b>Schwarzk\u00fcmmel\u00f6l <\/b><\/span><span style=\"font-weight: 400;\">hat wunderbare Vorteile f\u00fcr Haut und Haar, behandelt Hautinfektionen und f\u00f6rdert das Wachstum und die Festigkeit Ihres Haares. Als nat\u00fcrliches Antioxidans hat dieses \u00d6l viele heilende Eigenschaften und ist daf\u00fcr bekannt, Krebs zu bek\u00e4mpfen, die Verdauung zu verbessern und viele andere Krankheiten wie Erk\u00e4ltungen und Allergien zu behandeln.<\/span><\/li>\n<\/ul>\n","protected":false},"excerpt":{"rendered":"<div>\n<ul>\n<li style=\"list-style-type: none;\">\n<ul>\n<li><strong><span style=\"font-size: 12pt;\">Ylang Ylang \u00d6l<\/span><span style=\"font-size: 12pt;\"> \u00a0<\/span><span style=\"font-size: 12pt;\">\u00a0 \u00a0 \u00a0 \u00a0 \u00a0 \u00a0 \u00a0 \u00a0 \u00a0 <span style=\"color: #ff6600;\">50ml\u00a0<\/span><\/span><\/strong><\/li>\n<li><strong><span style=\"font-size: 12pt;\"><b>Geranien \u00d6l<\/b> \u00a0 \u00a0 \u00a0 \u00a0 \u00a0 \u00a0 \u00a0 \u00a0 \u00a0 \u00a0 \u00a0 \u00a0 <span style=\"color: #ff6600;\">50ml<\/span><\/span><\/strong><\/li>\n<li><strong><span style=\"font-size: 12pt;\"><b>Bockshornklee \u00d6l<\/b>\u00a0 \u00a0 \u00a0 \u00a0 \u00a0 \u00a0 \u00a0 <span style=\"color: #ff6600;\">125ml\u00a0\u00a0<\/span><\/span><\/strong><\/li>\n<li><strong><span style=\"font-size: 12pt;\"><b>Jasmin\u00f6l<\/b> \u00a0 \u00a0 \u00a0 \u00a0 \u00a0 \u00a0 \u00a0 \u00a0 \u00a0 \u00a0 \u00a0 \u00a0 \u00a0 \u00a0 \u00a0 <span style=\"color: #ff6600;\">50ml\u00a0\u00a0<\/span><\/span><\/strong><\/li>\n<li><strong><span style=\"font-size: 12pt;\"><b>Schwarzk\u00fcmmel\u00f6l<\/b>\u00a0 \u00a0 \u00a0 \u00a0 \u00a0 \u00a0 \u00a0<span style=\"color: #ff6600;\">125ml<\/span><\/span><\/strong><\/li>\n<\/ul>\n<\/li>\n<\/ul>\n<p><strong style=\"color: #1fab4b; font-size: 19.2px;\">\u00a0 \u00a0 <span style=\"color: #ff6600;\"><strong style=\"font-size: 19.2px;\">+ <b>Kostenloser Versand<\/b><\/strong><\/span><\/strong><\/p>\n<div id=\"gtx-trans\">\n<div class=\"gtx-trans-icon\"><\/div>\n<\/div>\n<\/div>\n<div id=\"gtx-trans\" style=\"position: absolute; left: 166px; top: 123.979px;\">\n<div class=\"gtx-trans-icon\"><\/div>\n<\/div>\n","protected":false},"featured_media":276378,"comment_status":"open","ping_status":"closed","template":"","meta":[],"product_brand":[],"product_cat":[310],"product_tag":[],"class_list":{"0":"post-73779","1":"product","2":"type-product","3":"status-publish","4":"has-post-thumbnail","6":"product_cat-oil-kits","7":"product_shipping_class-free-shipping-de","9":"first","10":"instock","11":"sale","12":"shipping-taxable","13":"purchasable","14":"product-type-simple"},"_links":{"self":[{"href":"https:\/\/nefertiti-eg.com\/de\/wp-json\/wp\/v2\/product\/73779","targetHints":{"allow":["GET"]}}],"collection":[{"href":"https:\/\/nefertiti-eg.com\/de\/wp-json\/wp\/v2\/product"}],"about":[{"href":"https:\/\/nefertiti-eg.com\/de\/wp-json\/wp\/v2\/types\/product"}],"replies":[{"embeddable":true,"href":"https:\/\/nefertiti-eg.com\/de\/wp-json\/wp\/v2\/comments?post=73779"}],"wp:featuredmedia":[{"embeddable":true,"href":"https:\/\/nefertiti-eg.com\/de\/wp-json\/wp\/v2\/media\/276378"}],"wp:attachment":[{"href":"https:\/\/nefertiti-eg.com\/de\/wp-json\/wp\/v2\/media?parent=73779"}],"wp:term":[{"taxonomy":"product_brand","embeddable":true,"href":"https:\/\/nefertiti-eg.com\/de\/wp-json\/wp\/v2\/product_brand?post=73779"},{"taxonomy":"product_cat","embeddable":true,"href":"https:\/\/nefertiti-eg.com\/de\/wp-json\/wp\/v2\/product_cat?post=73779"},{"taxonomy":"product_tag","embeddable":true,"href":"https:\/\/nefertiti-eg.com\/de\/wp-json\/wp\/v2\/product_tag?post=73779"}],"curies":[{"name":"wp","href":"https:\/\/api.w.org\/{rel}","templated":true}]}}