{"id":73798,"date":"2020-11-09T17:43:33","date_gmt":"2020-11-09T15:43:33","guid":{"rendered":"https:\/\/nefertiti-eg.com\/shop\/unkategorisiert\/foot-care-kit\/"},"modified":"2021-05-05T16:53:51","modified_gmt":"2021-05-05T14:53:51","slug":"foot-care-kit","status":"publish","type":"product","link":"https:\/\/nefertiti-eg.com\/de\/shop\/oil-kits\/foot-care-kit\/","title":{"rendered":"Fu\u00dfpflegeset"},"content":{"rendered":"<p><span style=\"font-weight: 400;\" data-mce-style=\"font-weight: 400;\">Wir halten unsere F\u00fc\u00dfe oft f\u00fcr selbstverst\u00e4ndlich, missbrauchen und vernachl\u00e4ssigen sie regelm\u00e4\u00dfig und vergessen, dass F\u00fc\u00dfe f\u00fcr unsere Lebensqualit\u00e4t von entscheidender Bedeutung sind. Wir haben dieses unverzichtbare Set von \u00d6len zusammengestellt, um Probleme zu l\u00f6sen und zu verhindern, um sicherzustellen, dass Ihre F\u00fc\u00dfe gesund sind und immer bereit, uns gute Dienste zu leisten.<\/span><\/p>\n<ul>\n<li><span style=\"color: #ff6600;\" data-mce-style=\"color: #ff6600;\"><b>Eukalyptus\u00f6l <\/b><\/span><span style=\"font-weight: 400;\" data-mce-style=\"font-weight: 400;\">hilft, diese schmerzenden F\u00fc\u00dfe wiederzubeleben. Seine entz\u00fcndungshemmenden Eigenschaften lindern Schmerzen und Muskelschmerzen. Die Desodorierung F\u00e4higkeit von Eukalyptus\u00f6l sowie die antimikrobiellen und antibakteriellen Eigenschaften halten Geruchs- und Pilzst\u00f6rungen in Schach.<\/span><\/li>\n<li><span style=\"color: #ff6600;\" data-mce-style=\"color: #ff6600;\"><b>Lavendel\u00f6l <\/b><\/span><span style=\"font-weight: 400;\" data-mce-style=\"font-weight: 400;\">ist ein beruhigendes \u00d6l. In Kombination mit seinen antiseptischen, antimykotischen, wundheilenden und deodorierenden Eigenschaften ist es das perfekte \u00d6l, um die misshandelten F\u00fc\u00dfe zu verw\u00f6hnen. Dieses \u00d6l hilft auch, schmerzende Muskeln zu lindern und Nagel- oder Fu\u00dfinfektionen zu bek\u00e4mpfen.<\/span><\/li>\n<li><span style=\"color: #ff6600;\" data-mce-style=\"color: #ff6600;\"><b>Tea Tree \u00d6l <\/b><\/span><span style=\"font-weight: 400;\" data-mce-style=\"font-weight: 400;\">wird seit Jahrhunderten zur Bek\u00e4mpfung von Bakterien, Viren und Pilzen eingesetzt. Es hat entz\u00fcndungshemmende, antiseptische und beruhigende Wirkungen. Als nat\u00fcrliches Antiseptikum kann es chronische und akute Entz\u00fcndungen, Schwellungen, Juckreiz, R\u00f6tungen und Reizungen beseitigen. Lassen Sie die belebende Kraft dieses \u00d6ls Ihre F\u00fc\u00dfe wiederbeleben.<\/span><\/li>\n<li><span style=\"color: #ff6600;\" data-mce-style=\"color: #ff6600;\"><b>Weihrauch\u00f6l<\/b><\/span><span style=\"font-weight: 400;\" data-mce-style=\"font-weight: 400;\">, auch als \u201eK\u00f6nig der \u00d6le\u201c bekannt, f\u00f6rdert die Hauterneuerung, erh\u00f6ht die Regeneration Eigenschaften, heilt Wunden, Schnitte und Entz\u00fcndungen und verhindert das Wachstum von Mikroben auf der Haut. Tragen Sie es auf die Fu\u00dfsohlen auf, um eine sofortige W\u00e4rme zu erfahren, die die F\u00fc\u00dfe beruhigt und verj\u00fcngt und gleichzeitig K\u00f6rper und Geist entspannt.<\/span><\/li>\n<li><span style=\"color: #ff6600;\" data-mce-style=\"color: #ff6600;\"><b>Pfefferminz\u00f6l <\/b><\/span><span style=\"font-weight: 400;\" data-mce-style=\"font-weight: 400;\">sorgt f\u00fcr ein sofortiges k\u00fchlendes, beruhigendes und erfrischendes Gef\u00fchl bei schmerzenden, gereizten oder brennenden F\u00fc\u00dfen. Dieses \u00d6l hat analgetische, krampfl\u00f6sende und entz\u00fcndungshemmende Eigenschaften und ist ein nat\u00fcrliches Schmerzmittel gegen schmerzende F\u00fc\u00dfe und Muskeln.<\/span><\/li>\n<\/ul>\n","protected":false},"excerpt":{"rendered":"<div>\n<ul>\n<li style=\"list-style-type: none;\" data-mce-style=\"list-style-type: none;\">\n<ul>\n<li><strong><span style=\"font-size: 12pt;\" data-mce-style=\"font-size: 12pt;\">Eukalyptus\u00f6l <\/span><span style=\"font-size: 12pt;\" data-mce-style=\"font-size: 12pt;\">&nbsp; &nbsp; &nbsp; &nbsp; &nbsp; &nbsp; <span style=\"color: #ff6600;\" data-mce-style=\"color: #ff6600;\">50ml&nbsp;<\/span><\/span><\/strong><\/li>\n<li><strong><span style=\"font-size: 12pt;\" data-mce-style=\"font-size: 12pt;\">Lavendel\u00f6l<\/span><span style=\"font-size: 12pt;\" data-mce-style=\"font-size: 12pt;\">&nbsp;<\/span><span style=\"font-size: 12pt;\" data-mce-style=\"font-size: 12pt;\"> &nbsp; &nbsp; &nbsp; &nbsp; &nbsp; &nbsp; &nbsp; &nbsp; <span style=\"color: #ff6600;\" data-mce-style=\"color: #ff6600;\">50ml<\/span><\/span><\/strong><\/li>\n<li><strong><span style=\"font-size: 12pt;\" data-mce-style=\"font-size: 12pt;\">Tea Tree \u00d6l<\/span> <span style=\"font-size: 12pt;\" data-mce-style=\"font-size: 12pt;\">&nbsp; &nbsp; &nbsp; &nbsp; &nbsp; &nbsp; &nbsp; &nbsp; <span style=\"color: #ff6600;\" data-mce-style=\"color: #ff6600;\">50ml<\/span><\/span><\/strong><\/li>\n<li><strong>Weihrauch\u00f6l&nbsp; &nbsp; &nbsp; &nbsp; &nbsp; &nbsp; &nbsp; <span style=\"font-size: 12pt;\" data-mce-style=\"font-size: 12pt;\"><span style=\"color: #ff6600;\" data-mce-style=\"color: #ff6600;\">50ml<\/span><\/span><\/strong><\/li>\n<li><strong>Pfefferminz\u00f6l&nbsp; &nbsp; &nbsp; &nbsp; &nbsp; &nbsp; <span style=\"font-size: 12pt;\" data-mce-style=\"font-size: 12pt;\"><span style=\"color: #ff6600;\" data-mce-style=\"color: #ff6600;\">50ml<\/span><\/span><\/strong><\/li>\n<li><span style=\"font-weight: 400;\" data-mce-style=\"font-weight: 400;\"><strong>Rosmarin\u00f6l &nbsp; &nbsp; &nbsp; &nbsp; &nbsp; &nbsp; &nbsp; &nbsp;<span style=\"font-size: 12pt;\" data-mce-style=\"font-size: 12pt;\"><span style=\"color: #ff6600;\" data-mce-style=\"color: #ff6600;\">50ml<\/span><\/span><\/strong><\/span><\/li>\n<li><strong>Zitronengras\u00f6l &nbsp; &nbsp; &nbsp; &nbsp; <span style=\"font-size: 12pt;\" data-mce-style=\"font-size: 12pt;\"><span style=\"color: #ff6600;\" data-mce-style=\"color: #ff6600;\">60ml<\/span><\/span><\/strong><\/li>\n<\/ul>\n<\/li>\n<\/ul>\n<p><span style=\"color: #ff6600;\" data-mce-style=\"color: #ff6600;\"><strong style=\"font-size: 19.2px;\" data-mce-style=\"font-size: 19.2px;\">+ Kostenloser Versand<\/strong><\/span><\/p>\n<p><strong><span style=\"font-size: 12pt;\" data-mce-style=\"font-size: 12pt;\"><span style=\"color: #ff6600;\" data-mce-style=\"color: #ff6600;\">&nbsp;<\/span><\/span><\/strong><\/p>\n<\/div>\n","protected":false},"featured_media":288456,"comment_status":"open","ping_status":"closed","template":"","meta":[],"product_brand":[],"product_cat":[310],"product_tag":[],"class_list":{"0":"post-73798","1":"product","2":"type-product","3":"status-publish","4":"has-post-thumbnail","6":"product_cat-oil-kits","7":"product_shipping_class-free-shipping-de","9":"first","10":"instock","11":"sale","12":"shipping-taxable","13":"purchasable","14":"product-type-simple"},"_links":{"self":[{"href":"https:\/\/nefertiti-eg.com\/de\/wp-json\/wp\/v2\/product\/73798","targetHints":{"allow":["GET"]}}],"collection":[{"href":"https:\/\/nefertiti-eg.com\/de\/wp-json\/wp\/v2\/product"}],"about":[{"href":"https:\/\/nefertiti-eg.com\/de\/wp-json\/wp\/v2\/types\/product"}],"replies":[{"embeddable":true,"href":"https:\/\/nefertiti-eg.com\/de\/wp-json\/wp\/v2\/comments?post=73798"}],"wp:featuredmedia":[{"embeddable":true,"href":"https:\/\/nefertiti-eg.com\/de\/wp-json\/wp\/v2\/media\/288456"}],"wp:attachment":[{"href":"https:\/\/nefertiti-eg.com\/de\/wp-json\/wp\/v2\/media?parent=73798"}],"wp:term":[{"taxonomy":"product_brand","embeddable":true,"href":"https:\/\/nefertiti-eg.com\/de\/wp-json\/wp\/v2\/product_brand?post=73798"},{"taxonomy":"product_cat","embeddable":true,"href":"https:\/\/nefertiti-eg.com\/de\/wp-json\/wp\/v2\/product_cat?post=73798"},{"taxonomy":"product_tag","embeddable":true,"href":"https:\/\/nefertiti-eg.com\/de\/wp-json\/wp\/v2\/product_tag?post=73798"}],"curies":[{"name":"wp","href":"https:\/\/api.w.org\/{rel}","templated":true}]}}