{"id":74225,"date":"2020-11-10T17:55:56","date_gmt":"2020-11-10T15:55:56","guid":{"rendered":"https:\/\/nefertiti-eg.com\/shop\/unkategorisiert\/massage-kit\/"},"modified":"2021-01-07T14:57:56","modified_gmt":"2021-01-07T12:57:56","slug":"massage-kit","status":"publish","type":"product","link":"https:\/\/nefertiti-eg.com\/de\/shop\/oil-kits\/massage-kit\/","title":{"rendered":"Massageset"},"content":{"rendered":"<p><span style=\"font-weight: 400;\">Unsere besten Massage\u00f6le sind in dieser handverlesenen Auswahl zusammengestellt und passen zu jeder Stimmung und Laune. Ob es Entspannung ist, die Sie brauchen, oder einfach nur verw\u00f6hnt und gest\u00e4rkt werden m\u00f6chten\u2026. Mit dieser wunderbaren \u00d6lauswahl haben Sie definitiv gefunden, wonach Sie gesucht haben!<\/span><\/p>\n<ul>\n<li><span style=\"color: #ff6600;\"><b>Sandelholz\u00f6l <\/b><\/span><span style=\"font-weight: 400;\">mit seinem tiefen Holzaroma wirkt sich angenehm auf K\u00f6rper und Geist aus und lindert Angstzust\u00e4nde und M\u00fcdigkeit. Hilfreich bei Hauterkrankungen und damit verbundenen Entz\u00fcndungen.<\/span><\/li>\n<li><span style=\"color: #ff6600;\"><b>Jojoba\u00f6l <\/b><\/span><span style=\"font-weight: 400;\">ist f\u00fcr alle Hauttypen in jedem Alter geeignet. Dieses \u00d6l ahmt das nat\u00fcrliche Talg der Haut nach und gleicht die Haut aus und pflegt sie, da es voller essentieller Vitamine &#8211; einschlie\u00dflich Vitamin E &#8211; und Mineralien ist. Dieses Schutz\u00f6l ist sogar bei Hauterkrankungen wie Ekzemen eine gro\u00dfe Hilfe und kann durch Sonnenbrand verursachte Schmerzen und Verspannungen der Haut lindern.<\/span><\/li>\n<li><span style=\"color: #ff6600;\"><b>Rosen\u00f6l <\/b><\/span><span style=\"font-weight: 400;\">als Massage\u00f6l ist bekannt f\u00fcr seinen Wohlf\u00fchlfaktor und sein nat\u00fcrliches Antidepressivum. Das berauschende Aroma von Rosen\u00f6l beseitigt Stress, Angst und Schmerzen. Seine krampfl\u00f6senden Eigenschaften machen es zu einem idealen \u00d6l, um sowohl Muskelkr\u00e4mpfe zu lindern als auch Kr\u00e4mpfe in den Atemwegen zu reduzieren. Dar\u00fcber hinaus kann es Schmerzen im Zusammenhang mit Rheuma, Arthritis und Gicht lindern.<\/span><\/li>\n<li><span style=\"color: #ff6600;\"><strong>Schmerzlinderndes <\/strong><\/span><span style=\"font-weight: 400;\"><span style=\"color: #ff6600;\"><strong>\u00d6l<\/strong><\/span> ist eine starke entz\u00fcndungshemmende Mischung aus Eukalyptus\u00f6l, Majoran\u00f6l, Schwarzk\u00fcmmel\u00f6l, Fenchel\u00f6l und Sandelholz \u00d6l. Das perfekte \u00d6l f\u00fcr eine wohltuende Massage zur Linderung von Schmerzen, Entz\u00fcndungen oder Gelenkerkrankungen. Dar\u00fcber hinaus hilft es bei degenerativen Erkrankungen, Schmerzen, Muskelschmerzen und Verstauchungen aufgrund von Sportverletzungen und lindert Bluterg\u00fcsse oder Luxationen. Durch die Erh\u00f6hung der Durchblutung lindert dieses \u00d6l Schmerzen und Verspannungen im ganzen K\u00f6rper.<\/span><\/li>\n<li><span style=\"color: #ff6600;\"><b>Pfefferminz\u00f6l <\/b><\/span><span style=\"font-weight: 400;\">wirkt beruhigend und entspannend, erh\u00f6ht das Bewusstsein und lindert Angstzust\u00e4nde. Es ist ein nat\u00fcrliches Mittel gegen Kopfschmerzen, befreit die Atemwege von Verstopfungen und kann das Schnarchen reduzieren. Die k\u00fchlenden und erfrischenden Eigenschaften von Pfefferminz\u00f6l tragen zur Schmerzlinderung bei, beruhigen und entspannen die schmerzenden Muskeln und Gelenke.<\/span><\/li>\n<\/ul>\n","protected":false},"excerpt":{"rendered":"<div>\n<ul>\n<li style=\"list-style-type: none;\">\n<ul>\n<li><strong><span style=\"font-weight: 400;\"><strong>Sandelholz\u00f6l<\/strong>\u00a0 \u00a0 \u00a0<\/span> \u00a0 \u00a0 \u00a0 \u00a0 \u00a0<span style=\"color: #ff6600;\">125ml<\/span><\/strong><\/li>\n<li><strong><b>Jojoba\u00f6l<\/b> \u00a0 \u00a0 \u00a0 \u00a0 \u00a0 \u00a0 \u00a0 \u00a0 \u00a0 \u00a0 \u00a0 \u00a0<span style=\"color: #ff6600;\">125ml<\/span><\/strong><\/li>\n<li><strong><b>Rosen\u00f6l <\/b> \u00a0 \u00a0 \u00a0 \u00a0 \u00a0 \u00a0 \u00a0 \u00a0 \u00a0 \u00a0 \u00a0 \u00a0 \u00a0 <span style=\"color: #ff6600;\">50ml<\/span><\/strong><\/li>\n<li><strong><b>Schmerzmittel<\/b> \u00d6l \u00a0 \u00a0 \u00a0 <span style=\"color: #ff6600;\">125ml<\/span><\/strong><\/li>\n<li><strong><b>Pfefferminz \u00d6l<\/b> \u00a0 \u00a0 \u00a0 \u00a0 \u00a0 \u00a0 \u00a0<span style=\"color: #ff6600;\">50ml<\/span><\/strong><\/li>\n<\/ul>\n<\/li>\n<\/ul>\n<p><span style=\"color: #ff6600;\"><strong style=\"font-size: 19.2px;\">+ Kostenloser Versand<\/strong><\/span><\/p>\n<\/div>\n","protected":false},"featured_media":276412,"comment_status":"open","ping_status":"closed","template":"","meta":[],"product_brand":[],"product_cat":[310],"product_tag":[],"class_list":{"0":"post-74225","1":"product","2":"type-product","3":"status-publish","4":"has-post-thumbnail","6":"product_cat-oil-kits","7":"product_shipping_class-free-shipping-de","9":"first","10":"instock","11":"sale","12":"shipping-taxable","13":"purchasable","14":"product-type-simple"},"_links":{"self":[{"href":"https:\/\/nefertiti-eg.com\/de\/wp-json\/wp\/v2\/product\/74225","targetHints":{"allow":["GET"]}}],"collection":[{"href":"https:\/\/nefertiti-eg.com\/de\/wp-json\/wp\/v2\/product"}],"about":[{"href":"https:\/\/nefertiti-eg.com\/de\/wp-json\/wp\/v2\/types\/product"}],"replies":[{"embeddable":true,"href":"https:\/\/nefertiti-eg.com\/de\/wp-json\/wp\/v2\/comments?post=74225"}],"wp:featuredmedia":[{"embeddable":true,"href":"https:\/\/nefertiti-eg.com\/de\/wp-json\/wp\/v2\/media\/276412"}],"wp:attachment":[{"href":"https:\/\/nefertiti-eg.com\/de\/wp-json\/wp\/v2\/media?parent=74225"}],"wp:term":[{"taxonomy":"product_brand","embeddable":true,"href":"https:\/\/nefertiti-eg.com\/de\/wp-json\/wp\/v2\/product_brand?post=74225"},{"taxonomy":"product_cat","embeddable":true,"href":"https:\/\/nefertiti-eg.com\/de\/wp-json\/wp\/v2\/product_cat?post=74225"},{"taxonomy":"product_tag","embeddable":true,"href":"https:\/\/nefertiti-eg.com\/de\/wp-json\/wp\/v2\/product_tag?post=74225"}],"curies":[{"name":"wp","href":"https:\/\/api.w.org\/{rel}","templated":true}]}}