{"id":75788,"date":"2020-12-30T11:28:47","date_gmt":"2020-12-30T09:28:47","guid":{"rendered":"https:\/\/nefertiti-eg.com\/?post_type=product&#038;p=75788"},"modified":"2026-05-01T05:12:12","modified_gmt":"2026-05-01T02:12:12","slug":"amun-ra-oil","status":"publish","type":"product","link":"https:\/\/nefertiti-eg.com\/de\/shop\/aroma-oils\/amun-ra-oil\/","title":{"rendered":"Amun Ra \u00d6l"},"content":{"rendered":"<h3><b>Anwendung &amp; Wirkung<\/b><\/h3>\n<p><b>Kopfnote<\/b><b><br \/>\n<\/b><span style=\"font-weight: 400;\">Bei Verwendung dieses Duftes entsteht ein frischer, s\u00e4uerlicher Duft nach Grapefruit, begleitet von w\u00fcrzigem Kardamom und Rosmarin.<\/span><\/p>\n<p><b>Herznote<\/b><b><br \/>\n<\/b><span style=\"font-weight: 400;\">Nach einer Weile entwickelt die Herznote einen facettenreiches Aroma. Der Weihrauch verleiht dem Duft Eleganz und das unmittelbare Zusammenspiel der Tuberose bildet eine leicht bezaubernde Note.<\/span><\/p>\n<p><b>Basisnote<\/b><b><br \/>\n<\/b><span style=\"font-weight: 400;\">Der holzige, m\u00e4nnliche Duft von Zeder im Grundton verleiht Amun Ra eine scharfe Note und verleiht ihm und seinem Tr\u00e4ger eine ausgepr\u00e4gte Eleganz.<\/span><\/p>\n<p><span style=\"font-weight: 400;\">Amun Ra streichelt die Geruchssensoren, es ist ein angenehmer, frisch zitroniger, dennoch holziges Aroma, der einen deutlichen Unterton von M\u00e4nnlichkeit verleiht. Es ist ein junger Duft, der perfekt zu hei\u00dfen Sommertagen passt und den ganzen Tag anh\u00e4lt.<\/span><\/p>\n<h3><b>Anwendung von Nefertiti Aroma Mischung<\/b><\/h3>\n<p><b>Parf\u00fcmherstellung mit Aroma Mischung<\/b><b><br \/>\n<\/b><span style=\"font-weight: 400;\">Unsere Nefertiti Aroma Mischungen sind die perfekte Basis, um Ihr eigenes Parf\u00fcm herzustellen.<\/span><\/p>\n<p><span style=\"font-weight: 400;\">W\u00e4hlen Sie Ihr Lieblings Nefertiti Aroma\u00f6l und mischen Sie es mit 96 % Alkohol im Verh\u00e4ltnis 1:1 um Ihr eigenes Parf\u00fcm zu kreieren.<\/span><\/p>\n<p><span style=\"font-weight: 400;\">Seien Sie sich bewusst, wenn Sie Ihren Lieblingsduft in seiner reinen Form verwenden, ihn nur in kleinen Mengen zu verwenden. Ein kleiner Tropfen reicht aus, um mit einem Finger topisch gerieben zu werden. Zum Beispiel hinter dem Ohr.<\/span><\/p>\n<p><span style=\"font-weight: 400;\">Stellen Sie sicher, dass Sie es niemals unverd\u00fcnnt auf Kleidung auftragen, da reine Aroma\u00f6le Flecken verursachen k\u00f6nnen!<\/span><\/p>\n<h3><b>Andere Anwendungen<\/b><\/h3>\n<p><b>Aromatherapie mit Aroma Mischungen<\/b><b><br \/>\n<\/b><span style=\"font-weight: 400;\">Geben Sie ein paar Tropfen des aromatischen \u00d6ls in einen Diffusor.<\/span><\/p>\n<p><b>Raumerfrischung mit Aroma Mischungen<\/b><b><br \/>\n<\/b><span style=\"font-weight: 400;\">Mischen Sie 1: 2 Aroma\u00f6l Mischung (1) mit destilliertem Wasser (2).<\/span><\/p>\n<p><b>Badezusatz mit Aroma Mischungen<\/b><b><br \/>\n<\/b><span style=\"font-weight: 400;\">Umgeben Sie sich komplett mit Ihrem Lieblingsduft! F\u00fcgen Sie Ihrem Badewasser ein paar Tropfen Ihrer bevorzugten aromatischen \u00d6lmischung hinzu.<\/span><\/p>\n<h3><b>Wussten Sie das schon?<\/b><\/h3>\n<p><span style=\"font-weight: 400;\">\u00c4gypten ist der Hauptlieferant von Aroma\u00f6len f\u00fcr alle bekannten Parf\u00fcmmarken weltweit.<\/span><\/p>\n<p><span style=\"font-weight: 400;\">Nefertiti Aroma\u00f6le werden aus den Essenzen von Blumen und Kr\u00e4utern gewonnen, die unter dem Einfluss der \u00e4gyptischen Sonne in unserem eigenen Anbaugebiet in Fayum wachsen. Diese Aroma\u00f6le werden durch Kaltpressen oder durch Destillation der Ernte in unserer eigenen Fabrik in Fayum, \u00c4gypten, gewonnen und dort abgef\u00fcllt. Unsere landwirtschaftlichen Produkte sind daher zu 100 % von h\u00f6chster Qualit\u00e4t und bilden die gesunde Basis f\u00fcr ein hervorragendes Endprodukt. Nefertiti Aroma\u00f6le eignen sich zur Verwendung in der Aromatherapie und zur Herstellung feiner Parfums.<\/span><\/p>\n","protected":false},"excerpt":{"rendered":"<h3><b>Herrenduft<\/b><\/h3>\n<p><b>Duft:<\/b><span style=\"font-weight: 400;\"> frisch, fruchtig, s\u00e4uerlich<br \/>\n<\/span><span style=\"font-weight: 400;\">Amun Ra ist ein Herrenduft, der mit seiner lang anhaltenden Frische und leicht s\u00e4uerlichen Note der ideale Duft f\u00fcr den Alltag ist. Dieses Parf\u00fcm wird den Mann, der ihn tr\u00e4gt, den ganzen Tag begleiten.<\/span><span style=\"font-weight: 400;\"><br \/>\n<\/span><b>Kopfnote: <\/b><span style=\"font-weight: 400;\">Grapefruit, Kardamom, Rosmarin, Zedern Blatt<\/span><span style=\"font-weight: 400;\"><br \/>\n<\/span><b>Herznote: <\/b><span style=\"font-weight: 400;\">Tuberose, Weihrauch, Ylang-Ylang<\/span><span style=\"font-weight: 400;\"><br \/>\n<\/span><b>Basisnote:<\/b><span style=\"font-weight: 400;\"> Georgywood\u00ae, Vetiver, Wildleder, Zedernholz<\/span><\/p>\n","protected":false},"featured_media":275291,"comment_status":"open","ping_status":"closed","template":"","meta":[],"product_brand":[],"product_cat":[170],"product_tag":[],"class_list":{"0":"post-75788","1":"product","2":"type-product","3":"status-publish","4":"has-post-thumbnail","6":"product_cat-aroma-oils","7":"pa_bottle-size-1000-ml-de-2","8":"pa_bottle-size-125-ml-de","9":"pa_bottle-size-250-ml","10":"pa_bottle-size-50-ml","11":"pa_bottle-size-500-ml","13":"first","14":"instock","15":"shipping-taxable","16":"purchasable","17":"product-type-variable","18":"has-default-attributes"},"_links":{"self":[{"href":"https:\/\/nefertiti-eg.com\/de\/wp-json\/wp\/v2\/product\/75788","targetHints":{"allow":["GET"]}}],"collection":[{"href":"https:\/\/nefertiti-eg.com\/de\/wp-json\/wp\/v2\/product"}],"about":[{"href":"https:\/\/nefertiti-eg.com\/de\/wp-json\/wp\/v2\/types\/product"}],"replies":[{"embeddable":true,"href":"https:\/\/nefertiti-eg.com\/de\/wp-json\/wp\/v2\/comments?post=75788"}],"wp:featuredmedia":[{"embeddable":true,"href":"https:\/\/nefertiti-eg.com\/de\/wp-json\/wp\/v2\/media\/275291"}],"wp:attachment":[{"href":"https:\/\/nefertiti-eg.com\/de\/wp-json\/wp\/v2\/media?parent=75788"}],"wp:term":[{"taxonomy":"product_brand","embeddable":true,"href":"https:\/\/nefertiti-eg.com\/de\/wp-json\/wp\/v2\/product_brand?post=75788"},{"taxonomy":"product_cat","embeddable":true,"href":"https:\/\/nefertiti-eg.com\/de\/wp-json\/wp\/v2\/product_cat?post=75788"},{"taxonomy":"product_tag","embeddable":true,"href":"https:\/\/nefertiti-eg.com\/de\/wp-json\/wp\/v2\/product_tag?post=75788"}],"curies":[{"name":"wp","href":"https:\/\/api.w.org\/{rel}","templated":true}]}}