{"id":75792,"date":"2020-12-30T11:50:21","date_gmt":"2020-12-30T09:50:21","guid":{"rendered":"https:\/\/nefertiti-eg.com\/?post_type=product&#038;p=75792"},"modified":"2022-04-17T20:57:35","modified_gmt":"2022-04-17T18:57:35","slug":"omar-al-khayyam-oil","status":"publish","type":"product","link":"https:\/\/nefertiti-eg.com\/de\/shop\/aroma-oils\/omar-al-khayyam-oil\/","title":{"rendered":"Omar Al Khayyam \u00d6l"},"content":{"rendered":"<h3><b>Anwendung &amp; Wirkung<\/b><\/h3>\n<p><b>Kopfnote<\/b><b><br \/>\n<\/b><span style=\"font-weight: 400;\">Die Kopfnote beginnt sofort mit einer w\u00fcrzigen Note. Der bittere Birkenblattduft wird vom Lavendel gefangen und bietet den besten Start f\u00fcr einen herrlichen Abendduft &#8211; M\u00e4nnlichkeit pur!<\/span><\/p>\n<p><b>Herznote<\/b><b><br \/>\n<\/b><span style=\"font-weight: 400;\">Kurz darauf f\u00e4llt die Herznote und l\u00e4sst Jasmin und Veilchen erscheinen, die schnell vom w\u00fcrzigen Duft von Kardamom umh\u00fcllt werden. Allm\u00e4hlich entwickelt sich der volle Duft.<\/span><\/p>\n<p><b>Basisnote<\/b><b><br \/>\n<\/b><span style=\"font-weight: 400;\">Dann kommt Sandelholz ins Spiel und verleiht diesem auff\u00e4lligen Duft eine holzige Note, abgerundet durch den weichen, schweren Moschus.<\/span><\/p>\n<p><span style=\"font-weight: 400;\">Kurz gesagt, der selbstbewusste Mann liebt diesen Duft, der sein m\u00e4nnliches Aussehen unterst\u00fctzt. Abends verwendet, h\u00e4lt der Duft bis zum n\u00e4chsten Morgen an. Omar Al Khayyam umh\u00fcllt seinen Tr\u00e4ger mit einem unwiderstehlichen Aroma.<\/span><\/p>\n<h3><b>Anwendung von Nefertiti Aroma Mischung<\/b><\/h3>\n<p><b>Parf\u00fcmherstellung mit Aroma Mischung<\/b><b><br \/>\n<\/b><span style=\"font-weight: 400;\">Unsere Nefertiti Aroma Mischungen sind die perfekte Basis, um Ihr eigenes Parf\u00fcm herzustellen.<\/span><\/p>\n<p><span style=\"font-weight: 400;\">W\u00e4hlen Sie Ihr Lieblings Nefertiti Aroma\u00f6l und mischen Sie es mit 96 % Alkohol im Verh\u00e4ltnis 1:1 um Ihr eigenes Parf\u00fcm zu kreieren.<\/span><\/p>\n<p><span style=\"font-weight: 400;\">Seien Sie sich bewusst, wenn Sie Ihren Lieblingsduft in seiner reinen Form verwenden, ihn nur in kleinen Mengen zu verwenden. Ein kleiner Tropfen reicht aus, um mit einem Finger topisch gerieben zu werden. Zum Beispiel hinter dem Ohr.<\/span><\/p>\n<p><span style=\"font-weight: 400;\">Stellen Sie sicher, dass Sie es niemals unverd\u00fcnnt auf Kleidung auftragen, da reine Aroma\u00f6le Flecken verursachen k\u00f6nnen!<\/span><\/p>\n<h3><b>Andere Anwendungen<\/b><\/h3>\n<p><b>Aromatherapie mit Aroma Mischungen<\/b><b><br \/>\n<\/b><span style=\"font-weight: 400;\">Geben Sie ein paar Tropfen des aromatischen \u00d6ls in einen Diffusor.<\/span><\/p>\n<p><b>Raumerfrischung mit Aroma Mischungen<\/b><b><br \/>\n<\/b><span style=\"font-weight: 400;\">Mischen Sie 1: 2 Aroma\u00f6l Mischung (1) mit destilliertem Wasser (2).<\/span><\/p>\n<p><b>Badezusatz mit Aroma Mischungen<\/b><b><br \/>\n<\/b><span style=\"font-weight: 400;\">Umgeben Sie sich komplett mit Ihrem Lieblingsduft! F\u00fcgen Sie Ihrem Badewasser ein paar Tropfen Ihrer bevorzugten aromatischen \u00d6lmischung hinzu.<\/span><\/p>\n<h3><b>Wussten Sie das schon?<\/b><\/h3>\n<p><span style=\"font-weight: 400;\">\u00c4gypten ist der Hauptlieferant von Aroma\u00f6len f\u00fcr alle bekannten Parf\u00fcmmarken weltweit.<\/span><\/p>\n<p><span style=\"font-weight: 400;\">Nefertiti Aroma\u00f6le werden aus den Essenzen von Blumen und Kr\u00e4utern gewonnen, die unter dem Einfluss der \u00e4gyptischen Sonne in unserem eigenen Anbaugebiet in Fayum wachsen. Diese Aroma\u00f6le werden durch Kaltpressen oder durch Destillation der Ernte in unserer eigenen Fabrik in Fayum, \u00c4gypten, gewonnen und dort abgef\u00fcllt. Unsere landwirtschaftlichen Produkte sind daher zu 100 % von h\u00f6chster Qualit\u00e4t und bilden die gesunde Basis f\u00fcr ein hervorragendes Endprodukt. Nefertiti Aroma\u00f6le eignen sich zur Verwendung in der Aromatherapie und zur Herstellung feiner Parfums.<\/span><\/p>\n","protected":false},"excerpt":{"rendered":"<p><b>Duft: <\/b><span style=\"font-weight: 400;\">w\u00fcrzig, holzig, schwer<\/span><span style=\"font-weight: 400;\"><br \/>\n<\/span><span style=\"font-weight: 400;\">Omar Al Khayyam, ein verf\u00fchrerischer M\u00e4nnerduft, ideal f\u00fcr lange Disco Abende. Dieser elegante Herrenduft richtet sich an den offenen, zielgerichteten Mann, der ihn mit einer unwiderstehlichen Aura umgeben wird.<\/span><b><br \/>\n<\/b><b>Kopfnote: <\/b><span style=\"font-weight: 400;\">Birkenblatt, Lavendel<\/span><span style=\"font-weight: 400;\"><br \/>\n<\/span><b>Herznote: <\/b><span style=\"font-weight: 400;\">Kardamom, Jasmin, afrikanisches Veilchen<\/span><span style=\"font-weight: 400;\"><br \/>\n<\/span><b>Basisnote:<\/b><span style=\"font-weight: 400;\"> Lorbeerholz, Moschus Noten, Sandelholz<\/span><span style=\"font-weight: 400;\"><br \/>\n<\/span><\/p>\n","protected":false},"featured_media":275559,"comment_status":"open","ping_status":"closed","template":"","meta":[],"product_brand":[],"product_cat":[170],"product_tag":[],"class_list":{"0":"post-75792","1":"product","2":"type-product","3":"status-publish","4":"has-post-thumbnail","6":"product_cat-aroma-oils","7":"pa_bottle-size-125-ml-de","8":"pa_bottle-size-250-ml","9":"pa_bottle-size-50-ml","11":"first","12":"instock","13":"sale","14":"shipping-taxable","15":"purchasable","16":"product-type-variable","17":"has-default-attributes"},"_links":{"self":[{"href":"https:\/\/nefertiti-eg.com\/de\/wp-json\/wp\/v2\/product\/75792","targetHints":{"allow":["GET"]}}],"collection":[{"href":"https:\/\/nefertiti-eg.com\/de\/wp-json\/wp\/v2\/product"}],"about":[{"href":"https:\/\/nefertiti-eg.com\/de\/wp-json\/wp\/v2\/types\/product"}],"replies":[{"embeddable":true,"href":"https:\/\/nefertiti-eg.com\/de\/wp-json\/wp\/v2\/comments?post=75792"}],"wp:featuredmedia":[{"embeddable":true,"href":"https:\/\/nefertiti-eg.com\/de\/wp-json\/wp\/v2\/media\/275559"}],"wp:attachment":[{"href":"https:\/\/nefertiti-eg.com\/de\/wp-json\/wp\/v2\/media?parent=75792"}],"wp:term":[{"taxonomy":"product_brand","embeddable":true,"href":"https:\/\/nefertiti-eg.com\/de\/wp-json\/wp\/v2\/product_brand?post=75792"},{"taxonomy":"product_cat","embeddable":true,"href":"https:\/\/nefertiti-eg.com\/de\/wp-json\/wp\/v2\/product_cat?post=75792"},{"taxonomy":"product_tag","embeddable":true,"href":"https:\/\/nefertiti-eg.com\/de\/wp-json\/wp\/v2\/product_tag?post=75792"}],"curies":[{"name":"wp","href":"https:\/\/api.w.org\/{rel}","templated":true}]}}