{"id":97196,"date":"2020-12-30T10:42:49","date_gmt":"2020-12-30T08:42:49","guid":{"rendered":"https:\/\/nefertiti-eg.com\/shop\/unkategorisiert\/ilang-lang-oil\/"},"modified":"2021-09-19T14:34:06","modified_gmt":"2021-09-19T12:34:06","slug":"ilang-lang-oil","status":"publish","type":"product","link":"https:\/\/nefertiti-eg.com\/de\/shop\/aroma-oils\/ilang-lang-oil\/","title":{"rendered":"Ylang Ylang \u00d6l"},"content":{"rendered":"<h3><b>Herkunft und Eigenschaften von Ylang Ylang<\/b><\/h3>\n<p><span style=\"font-weight: 400;\">Ylang Ylang ist ein immergr\u00fcner Baum, der eine H\u00f6he von 40 Metern erreicht und einen Stamm von bis zu 75 Zentimetern Durchmesser hat. Die Bl\u00fcten bl\u00fchen in Trauben an einem Stiel, der eine L\u00e4nge von bis zu 7,5 Zentimetern hat. Die Bl\u00fcten sind gelbgr\u00fcn mit sechs Bl\u00fctenbl\u00e4ttern und einem violetten Fleck auf der Innenseite. Ylang Ylang bl\u00fcht fast das ganze Jahr \u00fcber. Die Bl\u00fcten werden bei Sonnenaufgang geerntet, wenn sie die maximale Menge an \u00e4therischen \u00d6len enthalten und der Duft am intensivsten ist. Das \u00d6l des Ylang Ylangs wird durch Wasserdampfdestillation gewonnen.<\/span><\/p>\n<p><span style=\"font-weight: 400;\">Der unvergleichliche Duft der Ylang Ylang Bl\u00fcten wird verwendet, um viele weltber\u00fchmte Parfums zu kreieren. Das Aroma von Ylang Ylang wird auch in der Aromatherapie und in der Kosmetikindustrie zur Herstellung von Duftstoffen f\u00fcr Seife, Creme und andere Pflegeprodukte verwendet.<\/span><\/p>\n<h3><b>Ylang Ylang \u00d6l &amp; Vorteile<\/b><\/h3>\n<p><span style=\"font-weight: 400;\">Ylang Ylang \u00d6l ist ein weit verbreiteter Duftstoff in Aromatherapie-Behandlungen und Parf\u00fcms. In der Aromatherapie wird dieser Duft verwendet, um Verspannungen und Stress abzubauen und eine positive Stimmung zu erzeugen. Es ist indiziert bei Depression, Apathie und erh\u00f6hter Nervosit\u00e4t. Es hilft, den Bluthochdruck zu senken und die Schlafqualit\u00e4t zu verbessern. Dar\u00fcber hinaus ist es wirksam gegen Kopfschmerzen und Impotenz.<\/span><\/p>\n<p><span style=\"font-weight: 400;\">Ylang Ylang \u00d6l ist wegen seines angenehmen Aromas, aber auch wegen seiner pflegenden und sch\u00fctzenden Eigenschaften in einer Vielzahl von Haut- und Haarpflegeprodukten enthalten. Als wichtiger Bestandteil der wohltuenden Eigenschaften kosmetischer Produkte gleicht es die Funktion der Talgdr\u00fcsen aus, bek\u00e4mpft Akne und andere Formen von Hautausschl\u00e4gen, beugt vorzeitiger Hautalterung vor und stimuliert die Bildung von Epidermiszellen.<\/span><\/p>\n<p><span style=\"font-weight: 400;\">In Haarpflegeprodukten stellt es die Haarstruktur wieder her und beugt Haarausfall vor.<\/span><\/p>\n<p><span style=\"font-weight: 400;\">Es ist als Heilmittel gegen Insekten- und Schlangenbisse bekannt.<\/span><\/p>\n<p><span style=\"font-weight: 400;\">Die chemischen Hauptbestandteile des \u00e4therischen Ylang Ylang \u00d6ls sind Linalool, Geranylacetat, Germaren-D, Beta-Caryophyllen, Benzylacetat, Geraniol, Methylbenzoat, Farnesen, Efgenol, Benzylbenzoat. Es enth\u00e4lt au\u00dferdem S\u00e4uren wie Ameisens\u00e4ure, Essigs\u00e4ure, Benzoes\u00e4ure und Baldrian. Diese Inhaltsstoffe verleihen dem Ylang Ylang \u00d6l folgende Eigenschaften:<\/span><\/p>\n<ul>\n<li style=\"font-weight: 400;\" aria-level=\"1\"><span style=\"font-weight: 400;\">Nervensystem beruhigend, antidepressiv, angstl\u00f6send und energetisierend.<\/span><\/li>\n<li style=\"font-weight: 400;\" aria-level=\"1\"><span style=\"font-weight: 400;\">Entz\u00fcndungshemmend und schmerzstillend.<\/span><\/li>\n<li style=\"font-weight: 400;\" aria-level=\"1\"><span style=\"font-weight: 400;\">Antimykotisch, antiviral, antimikrobiell, antibakteriell, abschwellend.<\/span><\/li>\n<li style=\"font-weight: 400;\" aria-level=\"1\"><span style=\"font-weight: 400;\">Insektizid.<\/span><\/li>\n<li style=\"font-weight: 400;\" aria-level=\"1\"><span style=\"font-weight: 400;\">Krampfl\u00f6send.<\/span><\/li>\n<li style=\"font-weight: 400;\" aria-level=\"1\"><span style=\"font-weight: 400;\">Desinfektion.<\/span><\/li>\n<li style=\"font-weight: 400;\" aria-level=\"1\"><span style=\"font-weight: 400;\">Aromatherapeutikum<\/span><\/li>\n<\/ul>\n<h3><b>Aromatherapie mit Ylang Ylang \u00d6l<\/b><\/h3>\n<p><span style=\"font-weight: 400;\">Das Einatmen des Aromas von Ylang Ylang \u00d6l hat eine positive Wirkung auf Schlaflosigkeit, Depressionen, Apathie, nerv\u00f6se Anspannung und hilft, die Stimmung zu verbessern. Die Wirkung dieses \u00d6ls wurde auch bei Zust\u00e4nden nachgewiesen, die durch Nerven \u00fcberlastung verursacht werden &#8211; Asthma, Stress, Energieverlust und \u00fcberm\u00e4\u00dfige Schl\u00e4frigkeit.<\/span><\/p>\n<p><span style=\"font-weight: 400;\">Es wurde festgestellt, dass das Einatmen dieses Duftes den Blutdruck und den Stresshormonspiegel senkt. Eine Studie verglich den Duft von Ylang Ylang mit dem von Pfefferminze. Es zeigte sich, dass Pfefferminze das Ged\u00e4chtnis verbessert und Ylang Ylang die Nerven beruhigt, aber gleichzeitig die Funktion des Ged\u00e4chtnisses reduziert und die Geschwindigkeit der Informationsverarbeitung verlangsamt. Obwohl Ylang Ylang eine entspannende Wirkung hat, ist es am besten, es nicht direkt vor einer Pr\u00fcfung zu verwenden.<\/span><\/p>\n<h3><b>Fungizide und antibakterielle Eigenschaften<\/b><\/h3>\n<p><span style=\"font-weight: 400;\">Das Geranylacetat im Ylang Ylang \u00d6l hat antimykotische und antimikrobielle Eigenschaften, was es bei der Behandlung von Hefepilzinfektionen wirksam macht.<\/span><span style=\"font-weight: 400;\"><br \/>\n<\/span><span style=\"font-weight: 400;\">Dieses \u00d6l wird auch als zus\u00e4tzliches Heilmittel bei Dermatitis und Ekzemen verwendet.<\/span><\/p>\n<p><span style=\"font-weight: 400;\">Dank seiner entz\u00fcndungshemmenden und antimikrobiellen Eigenschaften hilft das \u00e4therische Ylang Ylang \u00d6l bei der Bek\u00e4mpfung von Akne und anderen Hautausschl\u00e4gen, reguliert die Talgsekretion, spendet trockener Haut Feuchtigkeit und fettige Haut verliert ihren fettigen Glanz. Die Haut sieht erfrischt und mattiert aus.<\/span><\/p>\n<h3><b>Anti-Aging-Eigenschaften<\/b><\/h3>\n<p><span style=\"font-weight: 400;\">Ylang Ylang ist gut f\u00fcr die Gesichtshaut. Die Verwendung dieses \u00d6ls beugt vorzeitiger Hautalterung vor, stimuliert das Wachstum neuer Zellen in der Epidermis und reduziert das Auftreten von Falten und vergr\u00f6\u00dferten Poren. Es normalisiert die Funktion der Talgdr\u00fcsen, strafft die Poren, spendet Feuchtigkeit, strafft und gl\u00e4ttet Falten, beugt dem Auftreten neuer Falten vor, verbessert die Festigkeit und Elastizit\u00e4t der Haut.<\/span><\/p>\n<h3><b>Schmerzlindernde Eigenschaften<\/b><\/h3>\n<p><span style=\"font-weight: 400;\">Beseitigt Migr\u00e4ne, Kopfschmerzen und Schmerzen im Zusammenhang mit Koliken und Verletzungen. Erleichtert die Atmung, normalisiert den Zustand des bronchopulmonalen Systems nach entz\u00fcndlichen Erkrankungen, lindert Raucherhusten. Es wirkt krampfl\u00f6send und schmerzlindernd. Reduziert Menstruationsschmerzen, normalisiert den Menstruationszyklus, lindert Symptome in den Wechseljahren.<\/span><\/p>\n<h3><b>Normalisiert den Blutdruck<\/b><\/h3>\n<p><span style=\"font-weight: 400;\">Das Einatmen des Ylang Ylang Aromas verbessert die Durchblutung, normalisiert den Blutdruck und die Herzfrequenz. Es ist vorteilhaft, dieses \u00d6l dreimal t\u00e4glich eine halbe Stunde lang zu inhalieren. Auch eine Mischung aus Ylang Ylang \u00d6l mit Zitronen- und Lavendel\u00f6l ist von Vorteil.<\/span><\/p>\n<h3><b>Vorteile f\u00fcr das Haar<\/b><\/h3>\n<p><span style=\"font-weight: 400;\">Ylang Ylang \u00d6l, das Shampoos, Conditionern oder Haarmasken zugesetzt wird, macht das Haar glatt, gl\u00e4nzend und k\u00e4mmbar. F\u00fcr eine tiefe Haarpflege empfiehlt es sich, Ylang Ylang \u00d6l mit Kokos\u00f6l oder Jojoba\u00f6l zu mischen.<\/span><\/p>\n<h3><b>Vorteile f\u00fcr N\u00e4gel<\/b><\/h3>\n<p><span style=\"font-weight: 400;\">Jeder m\u00f6chte sch\u00f6ne und starke N\u00e4gel. Ylang Ylang \u00d6l st\u00e4rkt die N\u00e4gel, durch regelm\u00e4\u00dfiges Einreiben von \u00d6l sowohl auf die Nagelplatte als auch auf die Nagelhaut werden die N\u00e4gel gl\u00e4nzend und stark, und verhindert, dass sie leicht brechen oder rei\u00dfen..<\/span><\/p>\n<h3><b>Aphrodisiakum<\/b><\/h3>\n<p><span style=\"font-weight: 400;\">Ylang Ylang \u00d6l ist das Aroma der Flitterwochen und des Liebesspiels.<\/span><span style=\"font-weight: 400;\"><br \/>\n<\/span><span style=\"font-weight: 400;\">L\u00e4sst Minderwertigkeitsgef\u00fchle verschwinden, bringt Menschen zusammen. Es hilft, aufkommende Konfliktsituationen zu \u00fcberwinden, und Harmonie wiederherzustellen. Ein erotisches Stimulans, das die sexuelle Intensit\u00e4t f\u00f6rdert.<\/span><\/p>\n<p><span style=\"font-weight: 400;\">Der angenehme Duft von Ylang Ylang wird viele begeistern. Es hat ein breites Anwendungsspektrum, von beruhigend bis erhebend. Probieren Sie diese Funktionen selbst aus und finden Sie neue Verwendungsm\u00f6glichkeiten f\u00fcr sich. Kreieren Sie eine einzigartige Komposition, indem Sie dieses \u00d6l mit Ihrer Lieblings Creme oder Lotion mischen.<\/span><\/p>\n<p><span style=\"font-weight: 400;\">Wie jedes \u00e4therische \u00d6l sollte Ylang Ylang \u00d6l nur verd\u00fcnnt auf der Haut verwendet werden, um Hautreizungen durch \u00fcberm\u00e4\u00dfige Konzentration zu vermeiden.<\/span><\/p>\n<p><span style=\"font-weight: 400;\">Im Allgemeinen halten Sie das Verh\u00e4ltnis von 2 Tropfen pro 5 ml eines geeigneten Basis\u00f6ls (wie Kokos-, Mandel- oder Jojoba\u00f6l) ein.<\/span><\/p>\n","protected":false},"excerpt":{"rendered":"<h3><b>Women&#8217;s fragrance<\/b><\/h3>\n<p><b>Fragrance:<\/b><span style=\"font-weight: 400;\"> fruity-floral<br \/>\n<\/span><span style=\"font-weight: 400;\">Lotus is a beautiful perfume that captivates with its fruity, floral and intense notes. Lotus was created as a day and night fragrance for women. The intense scent arises from a sea of flowers.<\/span><span style=\"font-weight: 400;\"><br \/>\n<\/span><b>Top note:<\/b><span style=\"font-weight: 400;\"> ylang-ylang, bergamot<br \/>\n<\/span><b>Heart note:<\/b><span style=\"font-weight: 400;\"> Damascene Rose<br \/>\n<\/span><b>Base note:<\/b><span style=\"font-weight: 400;\"> jasmine sambac, sandalwood<\/span><\/p>\n","protected":false},"featured_media":275672,"comment_status":"open","ping_status":"closed","template":"","meta":[],"product_brand":[],"product_cat":[170],"product_tag":[],"class_list":{"0":"post-97196","1":"product","2":"type-product","3":"status-publish","4":"has-post-thumbnail","6":"product_cat-aroma-oils","7":"pa_bottle-size-10-ml-de","8":"pa_bottle-size-1000-ml-de-2","9":"pa_bottle-size-125-ml-de","10":"pa_bottle-size-250-ml","11":"pa_bottle-size-50-ml","12":"pa_bottle-size-500-ml","14":"first","15":"instock","16":"shipping-taxable","17":"purchasable","18":"product-type-variable","19":"has-default-attributes"},"_links":{"self":[{"href":"https:\/\/nefertiti-eg.com\/de\/wp-json\/wp\/v2\/product\/97196","targetHints":{"allow":["GET"]}}],"collection":[{"href":"https:\/\/nefertiti-eg.com\/de\/wp-json\/wp\/v2\/product"}],"about":[{"href":"https:\/\/nefertiti-eg.com\/de\/wp-json\/wp\/v2\/types\/product"}],"replies":[{"embeddable":true,"href":"https:\/\/nefertiti-eg.com\/de\/wp-json\/wp\/v2\/comments?post=97196"}],"wp:featuredmedia":[{"embeddable":true,"href":"https:\/\/nefertiti-eg.com\/de\/wp-json\/wp\/v2\/media\/275672"}],"wp:attachment":[{"href":"https:\/\/nefertiti-eg.com\/de\/wp-json\/wp\/v2\/media?parent=97196"}],"wp:term":[{"taxonomy":"product_brand","embeddable":true,"href":"https:\/\/nefertiti-eg.com\/de\/wp-json\/wp\/v2\/product_brand?post=97196"},{"taxonomy":"product_cat","embeddable":true,"href":"https:\/\/nefertiti-eg.com\/de\/wp-json\/wp\/v2\/product_cat?post=97196"},{"taxonomy":"product_tag","embeddable":true,"href":"https:\/\/nefertiti-eg.com\/de\/wp-json\/wp\/v2\/product_tag?post=97196"}],"curies":[{"name":"wp","href":"https:\/\/api.w.org\/{rel}","templated":true}]}}