{"id":97555,"date":"2021-09-21T14:08:33","date_gmt":"2021-09-21T12:08:33","guid":{"rendered":"https:\/\/nefertiti-eg.com\/?post_type=product&#038;p=97555"},"modified":"2022-06-04T14:02:48","modified_gmt":"2022-06-04T12:02:48","slug":"sheabutter-mit-erdbeeroel","status":"publish","type":"product","link":"https:\/\/nefertiti-eg.com\/de\/shop\/butter-de\/sheabutter-mit-erdbeeroel\/","title":{"rendered":"Sheabutter mit Erdbeer\u00f6l"},"content":{"rendered":"<p><span style=\"font-weight: 400;\">F\u00fcr die gesamte Hautpflege. Reinigt, n\u00e4hrt und st\u00e4rkt die Haut. Beruhigt und heilt Hauterkrankungen. Stellt die Elastizit\u00e4t wieder her, um das Auftreten von feinen Linien, Narben und Dehnungsstreifen zu reduzieren.<\/span><\/p>\n<h3><b>Erdbeer\u00f6l<\/b><\/h3>\n<p><span style=\"font-weight: 400;\">Erdbeer\u00f6l wird durch Kaltpressung aus Erdbeersamen gewonnen. Es ist eines der st\u00e4rksten antioxidativen \u00d6le, reich an Omega-3 und Linols\u00e4ure und ist ein 100% nat\u00fcrlicher Feuchtigkeitsspender. Erdbeer \u00d6l ist reich an Vitamin A, B, C, K und E und enth\u00e4lt essentielle Fols\u00e4ure. Es ist ideal f\u00fcr die Hautpflege in allen Bereichen, da es schnell von der Haut aufgenommen wird. Die heilende Wirkung der Inhaltsstoffe ist bei der Behandlung verschiedener Hauterkrankungen wichtig.<\/span><\/p>\n<h3><b>Welche Wirkung hat die Kombination von Sheabutter mit Erdbeer\u00f6l?<\/b><\/h3>\n<p><span style=\"font-weight: 400;\">Sie erg\u00e4nzen sich gegenseitig in ihren therapeutischen Eigenschaften und heilen und reparieren gemeinsam Erkrankungen wie Akne, Ekzeme oder Psoriasis, w\u00e4hrend sie die Haut im Allgemeinen pflegen. Sowohl Sheabutter als auch Erdbeer\u00f6l sind starke Antioxidantien und k\u00f6nnen die Auswirkungen freier Radikale reduzieren und entgegenwirken und zum Schutz vor Hautsch\u00e4den, einschlie\u00dflich Entz\u00fcndungen und vorzeitiger Hautalterung, beitragen. Dies ist auch eine gute Kombination, um feine Linien, Narben und Dehnungsstreifen zu reduzieren.<\/span><\/p>\n<h3><b>Sheabutter mit Erdbeer\u00f6l zur Hautpflege<\/b><\/h3>\n<p><span style=\"font-weight: 400;\">Die Schutzfunktion der Sheabutter mit Erdbeer\u00f6l bietet der Haut eine nat\u00fcrliche Barriere gegen Umweltgefahren und Bakterien. Seine feuchtigkeitsspendenden Eigenschaften machen es zu einem Anti-Aging-Produkt, da die Haut mit zunehmendem Alter aktiver an Feuchtigkeit und Elastizit\u00e4t verliert und die regelm\u00e4\u00dfige Anwendung von Sheabutter mit Erdbeer\u00f6l hilft, dies zu verhindern. Erdbeer\u00f6l versorgt die Haut mit der n\u00f6tigen Feuchtigkeit. Diese Mischung ist wirksam bei Hauterkrankungen wie Akne, Psoriasis, Ekzemen und Dermatitis sowie bei Hautsch\u00e4den durch Sonnenbrand. Durch die Wiederherstellung der Elastizit\u00e4t der Haut hilft Sheabutter mit Erdbeer\u00f6l bei Dehnungsstreifen und Narben. Dazu etwas Sheabutter mit Erdbeer\u00f6l in die Handfl\u00e4che geben und anschlie\u00dfend auf die Haut auftragen.<\/span><\/p>\n<h3><b>Sheabutter mit Erdbeer\u00f6l zur Haarpflege<\/b><\/h3>\n<p><span style=\"font-weight: 400;\">Sheabutter mit Erdbeer\u00f6l wird zur Haarpflege verwendet, die das Haar feucht und geschmeidig macht. Bei sehr trockenem Haar und sehr trockener Kopfhaut empfiehlt es sich, etwas Sheabutter mit Erdbeer\u00f6l auf die Fingerkuppen aufzutragen, in die Kopfhaut einmassieren und anschlie\u00dfend auf das Haar auftragen. Um Spliss zu vermeiden, reiben Sie die Haarspitzen nach dem Waschen und Trocknen leicht.<\/span><\/p>\n<h3><b>Sheabutter mit Erdbeer\u00f6l zur Nagelpflege<\/b><\/h3>\n<p><span style=\"font-weight: 400;\">Bei br\u00fcchigen N\u00e4geln empfiehlt es sich, die N\u00e4gel regelm\u00e4\u00dfig mit dieser Mischung zu f\u00fcttern, um die N\u00e4gel mit N\u00e4hrstoffen und Feuchtigkeit zu versorgen (zumindest vor dem Schlafengehen).<\/span><\/p>\n<h3><b>Sheabutter mit Erdbeer\u00f6l zur kosmetischen Pflege<\/b><\/h3>\n<p><span style=\"font-weight: 400;\">Sheabutter mit Erdbeer\u00f6l wurde f\u00fcr die t\u00e4gliche Pflege entwickelt. Seine pflegenden und reinigenden Eigenschaften sind die beste t\u00e4gliche K\u00f6rperpflege und sch\u00fctzen die Haut nach dem Duschen.<\/span><\/p>\n","protected":false},"excerpt":{"rendered":"<p><b>Marke:<\/b><span style=\"font-weight: 400;\"> Nefertiti f\u00fcr nat\u00fcrliche \u00d6le und Kr\u00e4uter<br \/>\n<\/span><b>Herkunftsland:<\/b><span style=\"font-weight: 400;\"> \u00c4gypten<br \/>\n<\/span><b>Botanischer Name:<\/b><span style=\"font-weight: 400;\"> Vitellaria paradoxa\/Fragaria ananassa<br \/>\n<\/span><b>Familie:<\/b><span style=\"font-weight: 400;\"> Sapotaceae\/Rosaceae<br \/>\n<\/span><b>Verwendete Teile:<\/b><span style=\"font-weight: 400;\"> Kerne\/Fr\u00fcchte<br \/>\n<\/span><b>Nat\u00fcrlich: <\/b><span style=\"font-weight: 400;\">ja<br \/>\n<\/span><b>Reinheit:<\/b><span style=\"font-weight: 400;\"> 100% rein<br \/>\n<\/span><b>Zertifizierung:<\/b><span style=\"font-weight: 400;\"> ISO, COA &amp; MSDS<br \/>\n<\/span><b>Botanische Zusammensetzung:<\/b><span style=\"font-weight: 400;\">Sheabutter wird aus den N\u00fcssen des Shea Baumes gewonnen. Es enth\u00e4lt haupts\u00e4chlich Fett- und \u00d6ls\u00e4ure sowie Vitamin E und ist damit ein beliebtes Hautpflegeprodukt, da es die Haut mit Feuchtigkeit versorgt und sch\u00fctzt. Sheabutter dringt tief in die Haut ein und die Wirkstoffe pflegen die Haut effektiv, f\u00f6rdern die Wundheilung und stimulieren die Zellaktivit\u00e4t, sch\u00fctzen die Haut vor dem Austrocknen und Faltenbildung. Ein hervorragender Rundumschutz gegen K\u00e4lte, Wind, Sonne und allt\u00e4gliche Umwelteinfl\u00fcsse.<\/span><\/p>\n","protected":false},"featured_media":292516,"comment_status":"open","ping_status":"closed","template":"","meta":[],"product_brand":[],"product_cat":[715,182],"product_tag":[],"class_list":{"0":"post-97555","1":"product","2":"type-product","3":"status-publish","4":"has-post-thumbnail","6":"product_cat-butter-de","7":"product_cat-cosmetics","8":"pa_bottle-size-100-g-de","10":"first","11":"instock","12":"sale","13":"shipping-taxable","14":"purchasable","15":"product-type-variable"},"_links":{"self":[{"href":"https:\/\/nefertiti-eg.com\/de\/wp-json\/wp\/v2\/product\/97555","targetHints":{"allow":["GET"]}}],"collection":[{"href":"https:\/\/nefertiti-eg.com\/de\/wp-json\/wp\/v2\/product"}],"about":[{"href":"https:\/\/nefertiti-eg.com\/de\/wp-json\/wp\/v2\/types\/product"}],"replies":[{"embeddable":true,"href":"https:\/\/nefertiti-eg.com\/de\/wp-json\/wp\/v2\/comments?post=97555"}],"wp:featuredmedia":[{"embeddable":true,"href":"https:\/\/nefertiti-eg.com\/de\/wp-json\/wp\/v2\/media\/292516"}],"wp:attachment":[{"href":"https:\/\/nefertiti-eg.com\/de\/wp-json\/wp\/v2\/media?parent=97555"}],"wp:term":[{"taxonomy":"product_brand","embeddable":true,"href":"https:\/\/nefertiti-eg.com\/de\/wp-json\/wp\/v2\/product_brand?post=97555"},{"taxonomy":"product_cat","embeddable":true,"href":"https:\/\/nefertiti-eg.com\/de\/wp-json\/wp\/v2\/product_cat?post=97555"},{"taxonomy":"product_tag","embeddable":true,"href":"https:\/\/nefertiti-eg.com\/de\/wp-json\/wp\/v2\/product_tag?post=97555"}],"curies":[{"name":"wp","href":"https:\/\/api.w.org\/{rel}","templated":true}]}}