{"id":98054,"date":"2021-09-12T17:48:10","date_gmt":"2021-09-12T15:48:10","guid":{"rendered":"https:\/\/nefertiti-eg.com\/shop\/unkategorisiert\/wheat-germ-oil-hair-conditioner\/"},"modified":"2022-07-24T15:11:31","modified_gmt":"2022-07-24T13:11:31","slug":"wheat-germ-oil-hair-conditioner","status":"publish","type":"product","link":"https:\/\/nefertiti-eg.com\/de\/shop\/conditioner\/wheat-germ-oil-hair-conditioner\/","title":{"rendered":"Sp\u00fclung mit Weizenkeim\u00f6l"},"content":{"rendered":"<h3><b>Vorteile von Conditioner mit Weizenkeim\u00f6l<\/b><\/h3>\n<ul>\n<li style=\"font-weight: 400;\" aria-level=\"1\"><span style=\"font-weight: 400;\">Weizenkeim\u00f6l-Conditioner enth\u00e4lt eine hohe Konzentration an Vitamin E sowie Carotinoiden, mehrfach unges\u00e4ttigten Fetts\u00e4uren, Vitaminen und Mineralstoffen. Dadurch eignet sich Conditioner mit Weizenkeim\u00f6l hervorragend f\u00fcr alle Haartypen.<\/span><\/li>\n<li style=\"font-weight: 400;\" aria-level=\"1\"><span style=\"font-weight: 400;\">F\u00fcttert die Zellen mit Sauerstoff, n\u00e4hrt die Haarfollikel tief.<\/span><\/li>\n<li style=\"font-weight: 400;\" aria-level=\"1\"><span style=\"font-weight: 400;\">Stellt die Struktur und Elastizit\u00e4t von trockenem Haar wieder her.<\/span><\/li>\n<li style=\"font-weight: 400;\" aria-level=\"1\"><span style=\"font-weight: 400;\">St\u00e4rkt die Wurzeln und beugt Haarausfall vor.<\/span><\/li>\n<li style=\"font-weight: 400;\" aria-level=\"1\"><span style=\"font-weight: 400;\">Spendet Feuchtigkeit und pflegt das Haar.<\/span><\/li>\n<li style=\"font-weight: 400;\" aria-level=\"1\"><span style=\"font-weight: 400;\">Sch\u00fctzt vor sch\u00e4dlichen Umwelteinfl\u00fcssen, einschlie\u00dflich UV-Strahlen.<\/span><\/li>\n<\/ul>\n<h3><b>Verwendung von Conditioner mit Weizenkeim\u00f6l<\/b><\/h3>\n<p><span style=\"font-weight: 400;\">Tragen Sie nach der Haarw\u00e4sche den Nofretete Conditioner mit Weizenkeim\u00f6l auf das Haar und die Kopfhaut auf. Es wird empfohlen, das Haar w\u00e4hrend des Einwirkens der Sp\u00fclung in ein Handtuch zu wickeln.<\/span><\/p>\n<p><span style=\"font-weight: 400;\">Sp\u00fclen Sie den Conditioner nach 5-10 Minuten gr\u00fcndlich aus.<\/span><\/p>\n<p><span style=\"font-weight: 400;\">Empfohlene Behandlung: 2 mal pro Woche.<\/span><\/p>\n<h3><b><i>Ergebnis<\/i><\/b><\/h3>\n<p><span style=\"font-weight: 400;\">Kr\u00e4ftiges, gesundes, lebendiges und gl\u00e4nzendes Haar.<\/span><\/p>\n<h3><b><i>Wirkstoffe<\/i><\/b><\/h3>\n<p><span style=\"font-weight: 400;\">PH-S\u00e4ureregulator, Weizenkeim\u00f6l, Protein, Keratin, \u00e4therische \u00d6le<\/span><\/p>\n","protected":false},"excerpt":{"rendered":"<p><span style=\"font-weight: 400;\">Perfekt f\u00fcr alle Haartypen.<\/span><\/p>\n","protected":false},"featured_media":276063,"comment_status":"open","ping_status":"closed","template":"","meta":[],"product_brand":[],"product_cat":[1022,182],"product_tag":[],"class_list":{"0":"post-98054","1":"product","2":"type-product","3":"status-publish","4":"has-post-thumbnail","6":"product_cat-conditioner","7":"product_cat-cosmetics","9":"first","10":"outofstock","11":"shipping-taxable","12":"purchasable","13":"product-type-simple"},"_links":{"self":[{"href":"https:\/\/nefertiti-eg.com\/de\/wp-json\/wp\/v2\/product\/98054","targetHints":{"allow":["GET"]}}],"collection":[{"href":"https:\/\/nefertiti-eg.com\/de\/wp-json\/wp\/v2\/product"}],"about":[{"href":"https:\/\/nefertiti-eg.com\/de\/wp-json\/wp\/v2\/types\/product"}],"replies":[{"embeddable":true,"href":"https:\/\/nefertiti-eg.com\/de\/wp-json\/wp\/v2\/comments?post=98054"}],"wp:featuredmedia":[{"embeddable":true,"href":"https:\/\/nefertiti-eg.com\/de\/wp-json\/wp\/v2\/media\/276063"}],"wp:attachment":[{"href":"https:\/\/nefertiti-eg.com\/de\/wp-json\/wp\/v2\/media?parent=98054"}],"wp:term":[{"taxonomy":"product_brand","embeddable":true,"href":"https:\/\/nefertiti-eg.com\/de\/wp-json\/wp\/v2\/product_brand?post=98054"},{"taxonomy":"product_cat","embeddable":true,"href":"https:\/\/nefertiti-eg.com\/de\/wp-json\/wp\/v2\/product_cat?post=98054"},{"taxonomy":"product_tag","embeddable":true,"href":"https:\/\/nefertiti-eg.com\/de\/wp-json\/wp\/v2\/product_tag?post=98054"}],"curies":[{"name":"wp","href":"https:\/\/api.w.org\/{rel}","templated":true}]}}