{"id":98057,"date":"2021-09-12T17:52:50","date_gmt":"2021-09-12T15:52:50","guid":{"rendered":"https:\/\/nefertiti-eg.com\/shop\/unkategorisiert\/rucola-hair-seed-oil-conditioner\/"},"modified":"2022-07-24T14:32:42","modified_gmt":"2022-07-24T12:32:42","slug":"rucola-hair-seed-oil-conditioner","status":"publish","type":"product","link":"https:\/\/nefertiti-eg.com\/de\/shop\/conditioner\/rucola-hair-seed-oil-conditioner\/","title":{"rendered":"Sp\u00fclung mit Rucola \u00d6l"},"content":{"rendered":"<h3><b>Vorteile der Sp\u00fclung mit Rucola \u00d6l<\/b><\/h3>\n<ul>\n<li style=\"font-weight: 400;\" aria-level=\"1\"><span style=\"font-weight: 400;\">Rucola \u00d6l ist reich an Vitaminen, Mineralstoffen, Antioxidantien und Fetts\u00e4uren. Das macht Conditioner mit Rucola \u00d6l zur perfekten Pflege f\u00fcr alle Haartypen, insbesondere aber f\u00fcr trockenes und strapaziertes Haar und gegen Haarausfall.<\/span><\/li>\n<li style=\"font-weight: 400;\" aria-level=\"1\"><span style=\"font-weight: 400;\">St\u00e4rkt die Haarfollikel, beugt Haarausfall vor.<\/span><\/li>\n<li style=\"font-weight: 400;\" aria-level=\"1\"><span style=\"font-weight: 400;\">Verbessert die Durchblutung der Kopfhaut, stimuliert das Haarwachstum.<\/span><\/li>\n<li style=\"font-weight: 400;\" aria-level=\"1\"><span style=\"font-weight: 400;\">Macht das Haar weich und geschmeidig.<\/span><\/li>\n<li style=\"font-weight: 400;\" aria-level=\"1\"><span style=\"font-weight: 400;\">Reduziert Spliss, spendet Feuchtigkeit und pflegt das Haar.<\/span><\/li>\n<li style=\"font-weight: 400;\" aria-level=\"1\"><span style=\"font-weight: 400;\">Sch\u00fctzt das Haar vor Umwelteinfl\u00fcssen.<\/span><\/li>\n<li style=\"font-weight: 400;\" aria-level=\"1\"><span style=\"font-weight: 400;\">Verwendung von Conditioner mit Rucola \u00d6l<\/span><\/li>\n<\/ul>\n<h3><b>Verwendung von Conditioner mit Rucola \u00d6l<\/b><\/h3>\n<p><span style=\"font-weight: 400;\">Nach dem Waschen Nefertiti Conditioner mit Rucola \u00d6l auf das Haar auftragen<\/span><\/p>\n<p><span style=\"font-weight: 400;\">und Kopfhaut. Es wird empfohlen, das Haar w\u00e4hrend des Einwirkens der Sp\u00fclung in ein Handtuch zu wickeln.<\/span><\/p>\n<p><span style=\"font-weight: 400;\">Sp\u00fclen Sie den Conditioner nach 5-10 Minuten gr\u00fcndlich aus.<\/span><\/p>\n<p><span style=\"font-weight: 400;\">Empfohlene Behandlung: 2 mal pro Woche.<\/span><\/p>\n<h3><b><i>Ergebnis<\/i><\/b><\/h3>\n<p><span style=\"font-weight: 400;\">Haar, das lebendig, stark, gen\u00e4hrt, elastisch ist und einen nat\u00fcrlich gesunden Glanz hat.<\/span><\/p>\n<h3><b><i>Wirkstoffe<\/i><\/b><\/h3>\n<p><span style=\"font-weight: 400;\">PH-S\u00e4ureregulator, Rucola \u00d6l, Eiwei\u00df, Keratin, \u00e4therische \u00d6le.<\/span><\/p>\n","protected":false},"excerpt":{"rendered":"<p><span style=\"font-weight: 400;\">Ideal zur Behandlung von trockenem und strapaziertem Haar und gegen Haarausfall.<\/span><\/p>\n<p><b>\u00a0<\/b><\/p>\n","protected":false},"featured_media":276055,"comment_status":"open","ping_status":"closed","template":"","meta":[],"product_brand":[],"product_cat":[1022,182],"product_tag":[],"class_list":{"0":"post-98057","1":"product","2":"type-product","3":"status-publish","4":"has-post-thumbnail","6":"product_cat-conditioner","7":"product_cat-cosmetics","9":"first","10":"instock","11":"shipping-taxable","12":"purchasable","13":"product-type-simple"},"_links":{"self":[{"href":"https:\/\/nefertiti-eg.com\/de\/wp-json\/wp\/v2\/product\/98057","targetHints":{"allow":["GET"]}}],"collection":[{"href":"https:\/\/nefertiti-eg.com\/de\/wp-json\/wp\/v2\/product"}],"about":[{"href":"https:\/\/nefertiti-eg.com\/de\/wp-json\/wp\/v2\/types\/product"}],"replies":[{"embeddable":true,"href":"https:\/\/nefertiti-eg.com\/de\/wp-json\/wp\/v2\/comments?post=98057"}],"wp:featuredmedia":[{"embeddable":true,"href":"https:\/\/nefertiti-eg.com\/de\/wp-json\/wp\/v2\/media\/276055"}],"wp:attachment":[{"href":"https:\/\/nefertiti-eg.com\/de\/wp-json\/wp\/v2\/media?parent=98057"}],"wp:term":[{"taxonomy":"product_brand","embeddable":true,"href":"https:\/\/nefertiti-eg.com\/de\/wp-json\/wp\/v2\/product_brand?post=98057"},{"taxonomy":"product_cat","embeddable":true,"href":"https:\/\/nefertiti-eg.com\/de\/wp-json\/wp\/v2\/product_cat?post=98057"},{"taxonomy":"product_tag","embeddable":true,"href":"https:\/\/nefertiti-eg.com\/de\/wp-json\/wp\/v2\/product_tag?post=98057"}],"curies":[{"name":"wp","href":"https:\/\/api.w.org\/{rel}","templated":true}]}}