{"id":98059,"date":"2021-09-13T12:45:48","date_gmt":"2021-09-13T10:45:48","guid":{"rendered":"https:\/\/nefertiti-eg.com\/shop\/unkategorisiert\/cobra-oil-snake-oil-conditioner\/"},"modified":"2022-07-24T14:30:16","modified_gmt":"2022-07-24T12:30:16","slug":"cobra-oil-snake-oil-conditioner","status":"publish","type":"product","link":"https:\/\/nefertiti-eg.com\/de\/shop\/conditioner\/cobra-oil-snake-oil-conditioner\/","title":{"rendered":"Sp\u00fclung mit King Cobra \u00d6l"},"content":{"rendered":"<h3><b>Vorteile der Sp\u00fclung mit King Cobra \u00d6l<\/b><\/h3>\n<ul>\n<li style=\"font-weight: 400;\" aria-level=\"1\"><span style=\"font-weight: 400;\">King Cobra Oil enth\u00e4lt einen Komplex aus essentiellen Fetts\u00e4uren, wodurch King Cobra \u00d6l Conditioner ideal f\u00fcr alle Haartypen ist.<\/span><\/li>\n<li style=\"font-weight: 400;\" aria-level=\"1\"><span style=\"font-weight: 400;\">Repariert gesch\u00e4digtes Haar und verbessert die Haarstruktur.<\/span><\/li>\n<li style=\"font-weight: 400;\" aria-level=\"1\"><span style=\"font-weight: 400;\">N\u00e4hrt die Haarfollikel, stimuliert das Haarwachstum.<\/span><\/li>\n<li style=\"font-weight: 400;\" aria-level=\"1\"><span style=\"font-weight: 400;\">Verj\u00fcngt die Kopfhaut, spendet Feuchtigkeit und n\u00e4hrt das Haar.<\/span><\/li>\n<li style=\"font-weight: 400;\" aria-level=\"1\"><span style=\"font-weight: 400;\">Verhindert Haarausfall und Kahlheit.<\/span><\/li>\n<li style=\"font-weight: 400;\" aria-level=\"1\"><span style=\"font-weight: 400;\">Beschleunigt biochemische Prozesse in Haarzellen.<\/span><\/li>\n<li style=\"font-weight: 400;\" aria-level=\"1\"><span style=\"font-weight: 400;\">Sch\u00fctzt das Haar vor sch\u00e4dlichen Umwelteinfl\u00fcssen.<\/span><\/li>\n<\/ul>\n<h3><b>Verwendung von Conditioner mit King Cobra \u00d6l<\/b><\/h3>\n<p><span style=\"font-weight: 400;\">Nach dem Waschen Nefertiti Conditioner mit King Cobra \u00d6l auftragen. auf den haaren<\/span><\/p>\n<p><span style=\"font-weight: 400;\">und Kopfhaut. Es wird empfohlen, das Haar w\u00e4hrend des Einwirkens der Sp\u00fclung in ein Handtuch zu wickeln.<\/span><\/p>\n<p><span style=\"font-weight: 400;\">Sp\u00fclen Sie den Conditioner nach 5-10 Minuten gr\u00fcndlich aus.<\/span><\/p>\n<p><span style=\"font-weight: 400;\">Empfohlene Behandlung: 2 mal pro Woche.<\/span><\/p>\n<h3><b><i>Ergebnis<\/i><\/b><\/h3>\n<p><span style=\"font-weight: 400;\">Lebendiges, kr\u00e4ftiges, gl\u00e4nzendes und elastisches Haar mit sichtbar mehr Volumen.<\/span><\/p>\n<h3><b><i>Wirkstoffe<\/i><\/b><\/h3>\n<p><span style=\"font-weight: 400;\">PH-S\u00e4ureregulator, King Cobra \u00d6l, Protein, Keratin, \u00e4therische \u00d6le.<\/span><\/p>\n","protected":false},"excerpt":{"rendered":"<p><span style=\"font-weight: 400;\">F\u00fcr alle Haartypen geeignet.<\/span><\/p>\n","protected":false},"featured_media":276047,"comment_status":"open","ping_status":"closed","template":"","meta":[],"product_brand":[],"product_cat":[1022,182],"product_tag":[],"class_list":{"0":"post-98059","1":"product","2":"type-product","3":"status-publish","4":"has-post-thumbnail","6":"product_cat-conditioner","7":"product_cat-cosmetics","8":"pa_bottle-size-500-g-de","10":"first","11":"instock","12":"shipping-taxable","13":"purchasable","14":"product-type-variable","15":"has-default-attributes"},"_links":{"self":[{"href":"https:\/\/nefertiti-eg.com\/de\/wp-json\/wp\/v2\/product\/98059","targetHints":{"allow":["GET"]}}],"collection":[{"href":"https:\/\/nefertiti-eg.com\/de\/wp-json\/wp\/v2\/product"}],"about":[{"href":"https:\/\/nefertiti-eg.com\/de\/wp-json\/wp\/v2\/types\/product"}],"replies":[{"embeddable":true,"href":"https:\/\/nefertiti-eg.com\/de\/wp-json\/wp\/v2\/comments?post=98059"}],"wp:featuredmedia":[{"embeddable":true,"href":"https:\/\/nefertiti-eg.com\/de\/wp-json\/wp\/v2\/media\/276047"}],"wp:attachment":[{"href":"https:\/\/nefertiti-eg.com\/de\/wp-json\/wp\/v2\/media?parent=98059"}],"wp:term":[{"taxonomy":"product_brand","embeddable":true,"href":"https:\/\/nefertiti-eg.com\/de\/wp-json\/wp\/v2\/product_brand?post=98059"},{"taxonomy":"product_cat","embeddable":true,"href":"https:\/\/nefertiti-eg.com\/de\/wp-json\/wp\/v2\/product_cat?post=98059"},{"taxonomy":"product_tag","embeddable":true,"href":"https:\/\/nefertiti-eg.com\/de\/wp-json\/wp\/v2\/product_tag?post=98059"}],"curies":[{"name":"wp","href":"https:\/\/api.w.org\/{rel}","templated":true}]}}