{"id":98065,"date":"2021-08-26T11:06:13","date_gmt":"2021-08-26T09:06:13","guid":{"rendered":"https:\/\/nefertiti-eg.com\/shop\/unkategorisiert\/handal-ointment-colocynth\/"},"modified":"2022-07-24T13:10:45","modified_gmt":"2022-07-24T11:10:45","slug":"handal-ointment-colocynth","status":"publish","type":"product","link":"https:\/\/nefertiti-eg.com\/de\/shop\/butter-de\/handal-ointment-colocynth\/","title":{"rendered":"Handal Creme (Colocynth)"},"content":{"rendered":"<h3><b>Verwenden Sie es bei<\/b><\/h3>\n<ul>\n<li style=\"font-weight: 400;\" aria-level=\"1\"><span style=\"font-weight: 400;\">Entz\u00fcndliche Erkrankungen der Gelenke (Arthritis, Polyarthritis, Arthrose, Gicht, Arthrose, Osteochondrose).<\/span><\/li>\n<li style=\"font-weight: 400;\" aria-level=\"1\"><span style=\"font-weight: 400;\">Ischias und Hexenschuss.<\/span><\/li>\n<li style=\"font-weight: 400;\" aria-level=\"1\"><span style=\"font-weight: 400;\">Erkrankungen des extraartikul\u00e4ren Gewebes (Tendovaginitis, Bursitis, rheumatische Weichteill\u00e4sionen) und Nervenschmerzen.<\/span><\/li>\n<li style=\"font-weight: 400;\" aria-level=\"1\"><span style=\"font-weight: 400;\">Zwischenwirbel Hernie.<\/span><\/li>\n<li style=\"font-weight: 400;\" aria-level=\"1\"><span style=\"font-weight: 400;\">Sportverletzungen (Verstauchungen, Verstauchungen, B\u00e4nderrisse, Prellungen).<\/span><\/li>\n<li style=\"font-weight: 400;\" aria-level=\"1\"><span style=\"font-weight: 400;\">Muskelschmerzen und Kr\u00e4mpfe.<\/span><\/li>\n<li style=\"font-weight: 400;\" aria-level=\"1\"><span style=\"font-weight: 400;\">M\u00fcdigkeit nach gro\u00dfer k\u00f6rperlicher Anstrengung.<\/span><\/li>\n<\/ul>\n<h3><b>Anweisungen<\/b><\/h3>\n<p><span style=\"font-weight: 400;\">Auf die betroffene Stelle auftragen und einige Minuten einmassieren.<\/span><\/p>\n<p><span style=\"font-weight: 400;\">Empfohlene Behandlung: 2 bis 3 mal t\u00e4glich.<\/span><\/p>\n<h3><b>Wirkstoffe<\/b><\/h3>\n<p><span style=\"font-weight: 400;\">Handal (Colocynth, Coloquint), Sheabutter, Schwarzk\u00fcmmel\u00f6l, Majoran\u00f6l, Eukalyptus\u00f6l, Fenchel\u00f6l, Senf\u00f6l, Chili-Pfeffer \u00d6l.<\/span><\/p>\n","protected":false},"excerpt":{"rendered":"<p><span style=\"font-weight: 400;\">Colocynth ist eine Pflanze, deren Fr\u00fcchte kleinen K\u00fcrbissen \u00e4hneln. Die Pflanze ist giftig und nur zur \u00e4u\u00dferlichen Anwendung geeignet.<br \/>\n<\/span><span style=\"font-weight: 400;\">Die aus dieser Pflanze gewonnene Creme ist ein 100% nat\u00fcrliches Produkt mit ausschlie\u00dflich nat\u00fcrlichen und \u00e4therischen \u00d6len. Es ist ein sehr wirksames Mittel zur Linderung von Schmerzen und Entz\u00fcndungen in Gelenken und Muskeln.<\/span><\/p>\n","protected":false},"featured_media":282590,"comment_status":"open","ping_status":"closed","template":"","meta":[],"product_brand":[],"product_cat":[715,1198,182],"product_tag":[],"class_list":{"0":"post-98065","1":"product","2":"type-product","3":"status-publish","4":"has-post-thumbnail","6":"product_cat-butter-de","7":"product_cat-creams-de","8":"product_cat-cosmetics","9":"pa_bottle-size-50-g-de","11":"first","12":"instock","13":"shipping-taxable","14":"purchasable","15":"product-type-variable","16":"has-default-attributes"},"_links":{"self":[{"href":"https:\/\/nefertiti-eg.com\/de\/wp-json\/wp\/v2\/product\/98065","targetHints":{"allow":["GET"]}}],"collection":[{"href":"https:\/\/nefertiti-eg.com\/de\/wp-json\/wp\/v2\/product"}],"about":[{"href":"https:\/\/nefertiti-eg.com\/de\/wp-json\/wp\/v2\/types\/product"}],"replies":[{"embeddable":true,"href":"https:\/\/nefertiti-eg.com\/de\/wp-json\/wp\/v2\/comments?post=98065"}],"wp:featuredmedia":[{"embeddable":true,"href":"https:\/\/nefertiti-eg.com\/de\/wp-json\/wp\/v2\/media\/282590"}],"wp:attachment":[{"href":"https:\/\/nefertiti-eg.com\/de\/wp-json\/wp\/v2\/media?parent=98065"}],"wp:term":[{"taxonomy":"product_brand","embeddable":true,"href":"https:\/\/nefertiti-eg.com\/de\/wp-json\/wp\/v2\/product_brand?post=98065"},{"taxonomy":"product_cat","embeddable":true,"href":"https:\/\/nefertiti-eg.com\/de\/wp-json\/wp\/v2\/product_cat?post=98065"},{"taxonomy":"product_tag","embeddable":true,"href":"https:\/\/nefertiti-eg.com\/de\/wp-json\/wp\/v2\/product_tag?post=98065"}],"curies":[{"name":"wp","href":"https:\/\/api.w.org\/{rel}","templated":true}]}}