{"id":58031,"date":"2019-11-18T04:56:11","date_gmt":"2019-11-18T02:56:11","guid":{"rendered":"https:\/\/wordpress-237795-1094026.cloudwaysapps.com\/contactez-nous\/"},"modified":"2021-01-04T02:57:59","modified_gmt":"2021-01-04T00:57:59","slug":"contactez-nous","status":"publish","type":"page","link":"https:\/\/nefertiti-eg.com\/fr\/contactez-nous\/","title":{"rendered":"Contactez-nous"},"content":{"rendered":"\t\t<div data-elementor-type=\"wp-page\" data-elementor-id=\"58031\" class=\"elementor elementor-58031 elementor-267\">\n\t\t\t\t\t\t<section class=\"elementor-section elementor-top-section elementor-element elementor-element-6e72712 elementor-section-boxed elementor-section-height-default elementor-section-height-default\" data-id=\"6e72712\" data-element_type=\"section\" data-e-type=\"section\">\n\t\t\t\t\t\t<div class=\"elementor-container elementor-column-gap-default\">\n\t\t\t\t\t<div class=\"elementor-column elementor-col-100 elementor-top-column elementor-element elementor-element-69568f5\" data-id=\"69568f5\" data-element_type=\"column\" data-e-type=\"column\">\n\t\t\t<div class=\"elementor-widget-wrap elementor-element-populated\">\n\t\t\t\t\t\t<div class=\"elementor-element elementor-element-d7151da elementor-widget elementor-widget-heading\" data-id=\"d7151da\" data-element_type=\"widget\" data-e-type=\"widget\" data-widget_type=\"heading.default\">\n\t\t\t\t<div class=\"elementor-widget-container\">\n\t\t\t\t\t<h2 class=\"elementor-heading-title elementor-size-default\">Contactez-nous\n<\/h2>\t\t\t\t<\/div>\n\t\t\t\t<\/div>\n\t\t\t\t\t<\/div>\n\t\t<\/div>\n\t\t\t\t\t<\/div>\n\t\t<\/section>\n\t\t\t\t<section class=\"elementor-section elementor-top-section elementor-element elementor-element-f2cd8da elementor-section-boxed elementor-section-height-default elementor-section-height-default\" data-id=\"f2cd8da\" data-element_type=\"section\" data-e-type=\"section\">\n\t\t\t\t\t\t<div class=\"elementor-container elementor-column-gap-default\">\n\t\t\t\t\t<div class=\"elementor-column elementor-col-25 elementor-top-column elementor-element elementor-element-727a42e\" data-id=\"727a42e\" data-element_type=\"column\" data-e-type=\"column\">\n\t\t\t<div class=\"elementor-widget-wrap elementor-element-populated\">\n\t\t\t\t\t\t<div class=\"elementor-element elementor-element-4d9d899 elementor-widget elementor-widget-text-editor\" data-id=\"4d9d899\" data-element_type=\"widget\" data-e-type=\"widget\" data-widget_type=\"text-editor.default\">\n\t\t\t\t<div class=\"elementor-widget-container\">\n\t\t\t\t\t\t\t\t\t<div class=\"wpb_text_column wpb_content_element box-inner\"><div class=\"wpb_wrapper\"><div class=\"wpb_text_column wpb_content_element  box-inner\"><div class=\"wpb_wrapper\"><h4><strong>Adresse<\/strong><\/h4><div class=\"content\"><p>Localisation : Rue Al fondok, Qesm Hurghada, Redsea, \u00c9gypte.<br \/><br \/><\/p><\/div><\/div><\/div><div class=\"wpb_text_column wpb_content_element  box-inner\"><div class=\"wpb_wrapper\"><h4><strong>Demande t\u00e9l\u00e9phonique<\/strong><\/h4><p>Mobile: +20 106 162 5790<br \/>Office:\u00a0 \u00a0+20 65 348 3189<\/p><\/div><\/div><\/div><\/div>\t\t\t\t\t\t\t\t<\/div>\n\t\t\t\t<\/div>\n\t\t\t\t\t<\/div>\n\t\t<\/div>\n\t\t\t\t<div class=\"elementor-column elementor-col-25 elementor-top-column elementor-element elementor-element-90b19f5\" data-id=\"90b19f5\" data-element_type=\"column\" data-e-type=\"column\">\n\t\t\t<div class=\"elementor-widget-wrap elementor-element-populated\">\n\t\t\t\t\t\t<div class=\"elementor-element elementor-element-643f5b7 elementor-widget elementor-widget-text-editor\" data-id=\"643f5b7\" data-element_type=\"widget\" data-e-type=\"widget\" data-widget_type=\"text-editor.default\">\n\t\t\t\t<div class=\"elementor-widget-container\">\n\t\t\t\t\t\t\t\t\t<div class=\"wpb_text_column wpb_content_element box-inner\"><div class=\"wpb_wrapper\"><div class=\"wpb_text_column wpb_content_element  box-inner\"><div class=\"wpb_wrapper\"><h4><strong>Adresse Email<\/strong><\/h4><div class=\"content\">customer-care@nefertiti-eg.com<br \/>info@nefertiti-eg.com<\/div><\/div><\/div><div class=\"wpb_text_column wpb_content_element  box-inner\"><div class=\"wpb_wrapper\"><h4><strong>Horaires<\/strong><\/h4><div class=\"content\"><p>Ouvert:<strong>10:00<\/strong>\u00a0AM \u2013 Ferme:\u00a0<strong>08:00<\/strong>\u00a0PM<\/p><\/div><\/div><\/div><\/div><\/div>\t\t\t\t\t\t\t\t<\/div>\n\t\t\t\t<\/div>\n\t\t\t\t\t<\/div>\n\t\t<\/div>\n\t\t\t\t<div class=\"elementor-column elementor-col-50 elementor-top-column elementor-element elementor-element-429de16\" data-id=\"429de16\" data-element_type=\"column\" data-e-type=\"column\">\n\t\t\t<div class=\"elementor-widget-wrap elementor-element-populated\">\n\t\t\t\t\t\t<div class=\"elementor-element elementor-element-6ce5be9 elementor-widget elementor-widget-google_maps\" data-id=\"6ce5be9\" data-element_type=\"widget\" data-e-type=\"widget\" data-widget_type=\"google_maps.default\">\n\t\t\t\t<div class=\"elementor-widget-container\">\n\t\t\t\t\t\t\t<div class=\"elementor-custom-embed\">\n\t\t\t<iframe loading=\"lazy\"\n\t\t\t\t\tsrc=\"https:\/\/maps.google.com\/maps?q=Nefertiti%20For%20Natural%20Oils%20And%20Herbs%2C%20Al%20Kawthar%20District%20Abu%20Ashra%20Street%2C%20Hurghada%2C%20Red%20Sea%20Governorate&#038;t=m&#038;z=10&#038;output=embed&#038;iwloc=near\"\n\t\t\t\t\ttitle=\"Nefertiti For Natural Oils And Herbs, Al Kawthar District Abu Ashra Street, Hurghada, Red Sea Governorate\"\n\t\t\t\t\taria-label=\"Nefertiti For Natural Oils And Herbs, Al Kawthar District Abu Ashra Street, Hurghada, Red Sea Governorate\"\n\t\t\t><\/iframe>\n\t\t<\/div>\n\t\t\t\t\t\t<\/div>\n\t\t\t\t<\/div>\n\t\t\t\t\t<\/div>\n\t\t<\/div>\n\t\t\t\t\t<\/div>\n\t\t<\/section>\n\t\t\t\t<section class=\"elementor-section elementor-top-section elementor-element elementor-element-decf390 elementor-section-boxed elementor-section-height-default elementor-section-height-default\" data-id=\"decf390\" data-element_type=\"section\" data-e-type=\"section\">\n\t\t\t\t\t\t<div class=\"elementor-container elementor-column-gap-default\">\n\t\t\t\t\t<div class=\"elementor-column elementor-col-100 elementor-top-column elementor-element elementor-element-4c02814\" data-id=\"4c02814\" data-element_type=\"column\" data-e-type=\"column\">\n\t\t\t<div class=\"elementor-widget-wrap elementor-element-populated\">\n\t\t\t\t\t\t<div class=\"elementor-element elementor-element-e12dcae elementor-widget elementor-widget-heading\" data-id=\"e12dcae\" data-element_type=\"widget\" data-e-type=\"widget\" data-widget_type=\"heading.default\">\n\t\t\t\t<div class=\"elementor-widget-container\">\n\t\t\t\t\t<h2 class=\"elementor-heading-title elementor-size-default\">Avez-vous une question ?<\/h2>\t\t\t\t<\/div>\n\t\t\t\t<\/div>\n\t\t\t\t\t<\/div>\n\t\t<\/div>\n\t\t\t\t\t<\/div>\n\t\t<\/section>\n\t\t\t\t<\/div>\n\t\t","protected":false},"excerpt":{"rendered":"<p>Contactez-nous Adresse Localisation : Rue Al fondok, Qesm Hurghada, Redsea, \u00c9gypte. Demande t\u00e9l\u00e9phonique Mobile: +20 106 162 5790Office:\u00a0 \u00a0+20 65 348 3189 Adresse Email customer-care@nefertiti-eg.cominfo@nefertiti-eg.com Horaires Ouvert:10:00\u00a0AM \u2013 Ferme:\u00a008:00\u00a0PM Avez-vous une question ? Your Name (required) Your Email (required) Subject Your Message<\/p>\n","protected":false},"author":5,"featured_media":0,"parent":0,"menu_order":0,"comment_status":"closed","ping_status":"closed","template":"","meta":{"footnotes":""},"class_list":["post-58031","page","type-page","status-publish","hentry"],"_links":{"self":[{"href":"https:\/\/nefertiti-eg.com\/fr\/wp-json\/wp\/v2\/pages\/58031","targetHints":{"allow":["GET"]}}],"collection":[{"href":"https:\/\/nefertiti-eg.com\/fr\/wp-json\/wp\/v2\/pages"}],"about":[{"href":"https:\/\/nefertiti-eg.com\/fr\/wp-json\/wp\/v2\/types\/page"}],"author":[{"embeddable":true,"href":"https:\/\/nefertiti-eg.com\/fr\/wp-json\/wp\/v2\/users\/5"}],"replies":[{"embeddable":true,"href":"https:\/\/nefertiti-eg.com\/fr\/wp-json\/wp\/v2\/comments?post=58031"}],"version-history":[{"count":0,"href":"https:\/\/nefertiti-eg.com\/fr\/wp-json\/wp\/v2\/pages\/58031\/revisions"}],"wp:attachment":[{"href":"https:\/\/nefertiti-eg.com\/fr\/wp-json\/wp\/v2\/media?parent=58031"}],"curies":[{"name":"wp","href":"https:\/\/api.w.org\/{rel}","templated":true}]}}