{"id":58113,"date":"2019-11-21T18:39:45","date_gmt":"2019-11-21T16:39:45","guid":{"rendered":"https:\/\/wordpress-237795-1094026.cloudwaysapps.com\/politique-dannulation\/"},"modified":"2021-08-07T17:01:17","modified_gmt":"2021-08-07T15:01:17","slug":"politique-dannulation","status":"publish","type":"page","link":"https:\/\/nefertiti-eg.com\/fr\/politique-dannulation\/","title":{"rendered":"Politique d&rsquo;annulation"},"content":{"rendered":"<p>Si nous recevons un avis d&rsquo;annulation et que la commande n&rsquo;a pas \u00e9t\u00e9 exp\u00e9di\u00e9e par nos soins, nous annulerons la commande et rembourserons la totalit\u00e9 du montant. Les commandes d\u00e9j\u00e0 exp\u00e9di\u00e9es ne seront pas annul\u00e9es.<\/p>\n<p>Dans certaines circonstances, il peut ne pas nous \u00eatre possible d&rsquo;accepter une commande et nous pouvons \u00eatre contraints de l&rsquo;annuler. Nous nous r\u00e9servons le droit de refuser ou d&rsquo;annuler toute commande pour quelque raison que ce soit \u00e0 notre seule discr\u00e9tion. Certaines situations pouvant entra\u00eener l&rsquo;annulation de votre commande peuvent inclure\u00a0:<br \/>\n&#8211; Limitations des quantit\u00e9s disponibles \u00e0 l&rsquo;achat<br \/>\n&#8211; Inexactitudes ou erreurs dans les informations sur les produits ou les prix<br \/>\n&#8211; Probl\u00e8mes identifi\u00e9s par notre service cr\u00e9dit et pr\u00e9vention des fraudes<\/p>\n<p>Nous pouvons \u00e9galement demander une v\u00e9rification ou des informations suppl\u00e9mentaires avant d&rsquo;accepter et de traiter toute commande. Notre service client vous contactera si tout ou partie de votre commande est annul\u00e9e ou si nous avons besoin d&rsquo;informations suppl\u00e9mentaires pour accepter votre commande.<\/p>\n<p>Si votre commande est annul\u00e9e apr\u00e8s que votre carte de cr\u00e9dit\/carte de d\u00e9bit a d\u00e9j\u00e0 \u00e9t\u00e9 d\u00e9bit\u00e9e, le montant d\u00e9bit\u00e9 sera alors revers\u00e9 sur votre compte de carte. Le client s&rsquo;engage \u00e0 ne pas contester la d\u00e9cision prise par nous et \u00e0 accepter notre d\u00e9cision concernant l&rsquo;annulation.<\/p>\n<h3>POLITIQUE D&rsquo;EXP\u00c9DITION ET DE LIVRAISON<\/h3>\n<p>Nefertiti pour les huiles et herbes naturelles exp\u00e9die et livre ses produits dans presque toutes les r\u00e9gions du monde.<br \/>\nToutes les commandes pr\u00e9pay\u00e9es seront exp\u00e9di\u00e9es dans les 3 \u00e0 4 jours suivant la r\u00e9ception du paiement. Il est assur\u00e9 que les produits frais sont exp\u00e9di\u00e9s.<br \/>\nNous exp\u00e9dions tous les jours sauf le vendredi et les jours f\u00e9ri\u00e9s.<br \/>\nIndisponibilit\u00e9 \u00e0 la livraison : Nos partenaires de livraison tenteront de livrer le colis trois fois avant qu&rsquo;il ne soit renvoy\u00e9 \u00e0 notre entrep\u00f4t. Nous vous recommandons de fournir l&rsquo;adresse compl\u00e8te ainsi qu&rsquo;un num\u00e9ro de t\u00e9l\u00e9phone portable dans l&rsquo;adresse de livraison pour assurer une livraison plus rapide.<\/p>\n<h3><strong>Tarifs et d\u00e9lais d&rsquo;exp\u00e9dition<\/strong><\/h3>\n<p>Pour toutes les zones desservies, le d\u00e9lai de livraison serait d&rsquo;environ 5 \u00e0 9 jours ouvrables une fois que nous aurons trait\u00e9 l&rsquo;exp\u00e9dition.<\/p>\n<h3><strong>POLITIQUE DE PAIEMENT<\/strong><\/h3>\n<p>Votre panier est h\u00e9berg\u00e9 et s\u00e9curis\u00e9 par PayPal. Vous pouvez r\u00e9gler vos achats :<\/p>\n<p>Par carte de cr\u00e9dit, sans avoir besoin de poss\u00e9der un compte PayPal.<\/p>\n<p>Le module de paiement PayPal permet de prot\u00e9ger les informations de votre carte de cr\u00e9dit en utilisant les meilleurs syst\u00e8mes disponibles sur le march\u00e9 pour la s\u00e9curit\u00e9 et la pr\u00e9vention contre la fraude. Lorsque vous utilisez PayPal, vos informations financi\u00e8res ne sont jamais partag\u00e9es avec le marchand.<\/p>\n<p>En utilisant votre compte PayPal. La transaction appara\u00eetra dans votre compte.<\/p>\n<p>Si vous ne poss\u00e9dez pas de carte de cr\u00e9dit ni de compte PayPal, vous pouvez utiliser la m\u00e9thode de virement bancaire pour payer le co\u00fbt de votre commande, dans ce cas, les frais de transfert sont \u00e0 la charge du client.<\/p>\n","protected":false},"excerpt":{"rendered":"<p>Si nous recevons un avis d&rsquo;annulation et que la commande n&rsquo;a pas \u00e9t\u00e9 exp\u00e9di\u00e9e par nos soins, nous annulerons la commande et rembourserons la totalit\u00e9 du montant. Les commandes d\u00e9j\u00e0 exp\u00e9di\u00e9es ne seront pas annul\u00e9es. Dans certaines circonstances, il peut ne pas nous \u00eatre possible d&rsquo;accepter une commande et nous pouvons \u00eatre contraints de l&rsquo;annuler. [&hellip;]<\/p>\n","protected":false},"author":5,"featured_media":0,"parent":0,"menu_order":0,"comment_status":"closed","ping_status":"closed","template":"","meta":{"footnotes":""},"class_list":["post-58113","page","type-page","status-publish","hentry"],"_links":{"self":[{"href":"https:\/\/nefertiti-eg.com\/fr\/wp-json\/wp\/v2\/pages\/58113","targetHints":{"allow":["GET"]}}],"collection":[{"href":"https:\/\/nefertiti-eg.com\/fr\/wp-json\/wp\/v2\/pages"}],"about":[{"href":"https:\/\/nefertiti-eg.com\/fr\/wp-json\/wp\/v2\/types\/page"}],"author":[{"embeddable":true,"href":"https:\/\/nefertiti-eg.com\/fr\/wp-json\/wp\/v2\/users\/5"}],"replies":[{"embeddable":true,"href":"https:\/\/nefertiti-eg.com\/fr\/wp-json\/wp\/v2\/comments?post=58113"}],"version-history":[{"count":0,"href":"https:\/\/nefertiti-eg.com\/fr\/wp-json\/wp\/v2\/pages\/58113\/revisions"}],"wp:attachment":[{"href":"https:\/\/nefertiti-eg.com\/fr\/wp-json\/wp\/v2\/media?parent=58113"}],"curies":[{"name":"wp","href":"https:\/\/api.w.org\/{rel}","templated":true}]}}