{"id":110850,"date":"2019-05-28T23:12:44","date_gmt":"2019-05-28T21:12:44","guid":{"rendered":"https:\/\/nefertiti-eg.com\/shop\/non%20class\u00e9\/anti-wrinkle-shea-butter\/"},"modified":"2022-07-23T16:39:01","modified_gmt":"2022-07-23T14:39:01","slug":"anti-wrinkle-shea-butter","status":"publish","type":"product","link":"https:\/\/nefertiti-eg.com\/fr\/shop\/butter\/anti-wrinkle-shea-butter\/","title":{"rendered":"Beurre de karit\u00e9 anti-rides"},"content":{"rendered":"<h3><b>Beurre de karit\u00e9 anti-rides\u00a0<\/b><\/h3>\n<p><span style=\"font-weight: 400;\">Le beurre de karit\u00e9 est extrait des noix de l&rsquo;arbre de karit\u00e9. Il contient principalement des acides gras et ol\u00e9iques ainsi que de la vitamine E, ce qui en fait un produit de soin de la peau appr\u00e9ci\u00e9 car il hydrate et prot\u00e8ge la peau. Le beurre de karit\u00e9 p\u00e9n\u00e8tre profond\u00e9ment dans la peau et ses ingr\u00e9dients actifs nourrissent efficacement la peau, favorisent la cicatrisation des plaies et stimulent l&rsquo;activit\u00e9 cellulaire, prot\u00e9geant la peau de la d\u00e9shydratation et de la formation de rides. Excellente protection globale contre le froid, le vent, le soleil et les facteurs quotidiens.<\/span><\/p>\n<p><span style=\"font-weight: 400;\">Pour cr\u00e9er un effet anti-rides sup\u00e9rieur, nous avons enrichi notre beurre de karit\u00e9 100% naturel avec des huiles telles que l&rsquo;huile de jojoba, l&rsquo;huile d&rsquo;argan, l&rsquo;huile d&rsquo;olive, l&rsquo;huile de graines de carotte, l&rsquo;huile de clou de girofle et l&rsquo;huile de germe de bl\u00e9.<\/span><\/p>\n<h3><b>L&rsquo;huile de jojoba enrichit notre huile anti-rides avec les propri\u00e9t\u00e9s suivantes :<\/b><\/h3>\n<p><span style=\"font-weight: 400;\">L&rsquo;effet tenseur de la peau de l&rsquo;huile de jojoba r\u00e9duit les rides et rajeunit la peau du visage. L&rsquo;huile de jojoba est tr\u00e8s appr\u00e9ci\u00e9e en tant que produit de soin de la peau anti-\u00e2ge car elle favorise la formation de collag\u00e8ne et rajeunit la peau. Son utilisation contribue \u00e9galement au r\u00e9tr\u00e9cissement des pores et la peau devient douce et \u00e9clatante.<\/span><\/p>\n<h3><b>L&rsquo;huile d&rsquo;argan enrichit notre huile anti-rides avec les propri\u00e9t\u00e9s suivantes :<\/b><\/h3>\n<p><span style=\"font-weight: 400;\">La teneur \u00e9lev\u00e9e en vitamine E antioxydante dans l&rsquo;huile d&rsquo;argan, assure une protection contre les radicaux libres et ralentit le processus de vieillissement de la peau et augmente son \u00e9lasticit\u00e9<\/span><\/p>\n<h3><b>L&rsquo;huile d&rsquo;olive enrichit notre huile anti-rides avec les propri\u00e9t\u00e9s suivantes :<\/b><\/h3>\n<p><span style=\"font-weight: 400;\">Les graisses pr\u00e9sentes dans l&rsquo;huile d&rsquo;olive sont particuli\u00e8rement adapt\u00e9es aux soins de la peau. Ses acides gras monoinsatur\u00e9s et polyinsatur\u00e9s pr\u00e9viennent les rides et lissent la peau. Les vitamines A et E prot\u00e8gent la peau et aident \u00e0 soulager l&rsquo;inflammation.<\/span><\/p>\n<h3><b>L&rsquo;huile de p\u00e9pins de carotte enrichit notre huile anti-rides avec les propri\u00e9t\u00e9s suivantes :<\/b><\/h3>\n<p><span style=\"font-weight: 400;\">Le carot\u00e8ne contenu dans l&rsquo;huile de graines de carotte prot\u00e8ge des rayons UV nocifs gr\u00e2ce \u00e0 ses propri\u00e9t\u00e9s antioxydantes et pr\u00e9vient les dommages cellulaires, tout en prot\u00e9geant simultan\u00e9ment des infections.<\/span><\/p>\n<h3><b>L&rsquo;huile de clou de girofle enrichit notre huile anti-rides avec les propri\u00e9t\u00e9s suivantes<\/b><span style=\"font-weight: 400;\"> :<\/span><\/h3>\n<p><span style=\"font-weight: 400;\">L&rsquo;huile de clou de girofle agit comme un d\u00e9sinfectant naturel en raison de la pr\u00e9sence d&rsquo;eug\u00e9nol qui prot\u00e8ge contre les champignons, les bact\u00e9ries et les virus. Le b\u00eata-caryophyll\u00e8ne agit \u00e9galement comme un antioxydant contre les radicaux libres qui contribuent au vieillissement cutan\u00e9. Les polyph\u00e9nols contenus dans l&rsquo;huile de clou de girofle sont les antioxydants les plus puissants contre le vieillissement et les maladies de la peau.<\/span><\/p>\n<h3><b>L&rsquo;huile de germe de bl\u00e9 enrichit notre huile anti-rides avec les propri\u00e9t\u00e9s suivantes :<\/b><\/h3>\n<p><span style=\"font-weight: 400;\">La vitamine E contenue dans l&rsquo;huile de germe de bl\u00e9, assure une bonne circulation sanguine dans les vaisseaux cutan\u00e9s. Il renforce la barri\u00e8re cutan\u00e9e et assure le maintien de l&rsquo;hydratation des cellules de la peau, soulageant ainsi la peau s\u00e8che et squameuse. Gr\u00e2ce \u00e0 sa teneur \u00e9lev\u00e9e en vitamine E, notre huile anti-rides peut pr\u00e9venir les vergetures pendant la grossesse et r\u00e9duire les cicatrices apr\u00e8s une intervention chirurgicale.<\/span><\/p>\n","protected":false},"excerpt":{"rendered":"<p><span style=\"font-weight: 400;\">Beurre de karit\u00e9 \u00e0 faible teneur enrichi d&rsquo;un m\u00e9lange unique d&rsquo;huiles pour cr\u00e9er un beurre anti-rides sup\u00e9rieur. Prot\u00e8ge la peau des \u00e9l\u00e9ments, de la pollution, du stress et des changements hormonaux pour la garder dynamique et jeune. Sp\u00e9cialement formul\u00e9 pour activer de nouvelles cellules cutan\u00e9es, lisser les rides et ridules et r\u00e9duire le vieillissement.<br \/>\n<\/span><b>Marque<\/b><span style=\"font-weight: 400;\"> : Nefertiti pour les huiles et herbes naturelles<br \/>\n<\/span><b>Pays d&rsquo;origine<\/b><span style=\"font-weight: 400;\"> : Egypte<br \/>\n<\/span><b>Composition<\/b><span style=\"font-weight: 400;\"> : Beurre de karit\u00e9, huile de jojoba, huile d&rsquo;argan, huile d&rsquo;olive, huile de graines de carotte, huile de clou de girofle, huile de germe de bl\u00e9, huiles essentielles.<br \/>\n<\/span><b>Utilisation<\/b><span style=\"font-weight: 400;\"> : Cosm\u00e9tique, anti-\u00e2ge, anti-rides<br \/>\n<\/span><b>INCI <\/b><span style=\"font-weight: 400;\">: M\u00e9lange naturel de beurre et d&rsquo;huile anti-\u00e2ge<br \/>\n<\/span><b>Naturel<\/b><span style=\"font-weight: 400;\"> : Oui<br \/>\n<\/span><b>Certifi\u00e9 ISO<\/b><span style=\"font-weight: 400;\"> : ISO, COA et MSDS<br \/>\n<\/span><b>Exp\u00e9dition<\/b><span style=\"font-weight: 400;\"> : Calcul\u00e9 \u00e0 la caisse<\/span><\/p>\n","protected":false},"featured_media":282601,"comment_status":"open","ping_status":"closed","template":"","meta":[],"product_brand":[],"product_cat":[661,1199,275],"product_tag":[],"class_list":{"0":"post-110850","1":"product","2":"type-product","3":"status-publish","4":"has-post-thumbnail","6":"product_cat-butter","7":"product_cat-creams-fr","8":"product_cat-cosmetics","9":"pa_bottle-size-50-g-fr","11":"first","12":"instock","13":"shipping-taxable","14":"purchasable","15":"product-type-variable","16":"has-default-attributes"},"_links":{"self":[{"href":"https:\/\/nefertiti-eg.com\/fr\/wp-json\/wp\/v2\/product\/110850","targetHints":{"allow":["GET"]}}],"collection":[{"href":"https:\/\/nefertiti-eg.com\/fr\/wp-json\/wp\/v2\/product"}],"about":[{"href":"https:\/\/nefertiti-eg.com\/fr\/wp-json\/wp\/v2\/types\/product"}],"replies":[{"embeddable":true,"href":"https:\/\/nefertiti-eg.com\/fr\/wp-json\/wp\/v2\/comments?post=110850"}],"wp:featuredmedia":[{"embeddable":true,"href":"https:\/\/nefertiti-eg.com\/fr\/wp-json\/wp\/v2\/media\/282601"}],"wp:attachment":[{"href":"https:\/\/nefertiti-eg.com\/fr\/wp-json\/wp\/v2\/media?parent=110850"}],"wp:term":[{"taxonomy":"product_brand","embeddable":true,"href":"https:\/\/nefertiti-eg.com\/fr\/wp-json\/wp\/v2\/product_brand?post=110850"},{"taxonomy":"product_cat","embeddable":true,"href":"https:\/\/nefertiti-eg.com\/fr\/wp-json\/wp\/v2\/product_cat?post=110850"},{"taxonomy":"product_tag","embeddable":true,"href":"https:\/\/nefertiti-eg.com\/fr\/wp-json\/wp\/v2\/product_tag?post=110850"}],"curies":[{"name":"wp","href":"https:\/\/api.w.org\/{rel}","templated":true}]}}