{"id":110853,"date":"2020-12-26T13:02:57","date_gmt":"2020-12-26T11:02:57","guid":{"rendered":"https:\/\/nefertiti-eg.com\/shop\/non%20class\u00e9\/chocolate-cream\/"},"modified":"2022-05-25T16:22:56","modified_gmt":"2022-05-25T14:22:56","slug":"chocolate-cream","status":"publish","type":"product","link":"https:\/\/nefertiti-eg.com\/fr\/shop\/creams-fr\/chocolate-cream\/","title":{"rendered":"Cr\u00e8me au chocolat"},"content":{"rendered":"<h3><b>Cr\u00e8me au chocolat<\/b><\/h3>\n<p><span style=\"font-weight: 400;\">Le chocolat est fabriqu\u00e9 \u00e0 partir de f\u00e8ves de cacao, qui sont les graines s\u00e9ch\u00e9es et ferment\u00e9es du cacaoyer (Theobroma cacao).<\/span><\/p>\n<p><span style=\"font-weight: 400;\">Rempli de vitamines B1, B2, B3, B5, B9 et E, de min\u00e9raux essentiels dont le magn\u00e9sium, le calcium, le soufre, le zinc, le fer, le cuivre, le potassium, ainsi que le b\u00eata-carot\u00e8ne, les acides gras om\u00e9ga 6 et les polyph\u00e9nols appel\u00e9s flavono\u00efdes (avec d&rsquo;\u00e9normes propri\u00e9t\u00e9s antioxydantes ), le chocolat n&rsquo;est pas seulement un super aliment pour le corps, mais aussi une centrale \u00e9lectrique pour la peau.<\/span><\/p>\n<p><span style=\"font-weight: 400;\">Particuli\u00e8rement bien adapt\u00e9 aux peaux s\u00e8ches, utilisez du chocolat avec ses ingr\u00e9dients qui aiment la peau pour aider \u00e0 nourrir la peau vers une sant\u00e9 compl\u00e8te.<\/span><\/p>\n<p><span style=\"font-weight: 400;\">L&rsquo;ar\u00f4me est un stimulant du syst\u00e8me nerveux, r\u00e9duisant les hormones de stress et apportant une sensation de bien-\u00eatre.<\/span><\/p>\n<h3><b>Hydrater et raviver la peau terne<\/b><\/h3>\n<p><span style=\"font-weight: 400;\">Charg\u00e9 d&rsquo;acides gras pour nourrir la peau de l&rsquo;int\u00e9rieur, la circulation sanguine est augment\u00e9e, le renouvellement cutan\u00e9 stimul\u00e9 et ses propri\u00e9t\u00e9s \u00e9mollientes pr\u00e9serveront l&rsquo;\u00e9quilibre hydrique et renforceront la barri\u00e8re cutan\u00e9e, laissant la peau douce, choy\u00e9e et \u00e9clatante .<\/span><\/p>\n<h3><b>R\u00e9duire l&rsquo;apparence de la cellulite<\/b><\/h3>\n<p><span style=\"font-weight: 400;\">L&rsquo;augmentation du flux sanguin vers la peau raffermit la peau et aide \u00e0 d\u00e9composer le tissu adipeux, r\u00e9duisant ainsi l&rsquo;apparence de la cellulite.<\/span><\/p>\n<h3><b>Apaiser les irritations cutan\u00e9es<\/b><\/h3>\n<p><span style=\"font-weight: 400;\">Anti-inflammatoire naturel, le chocolat convient aux peaux les plus sensibles et peut aider \u00e0 apaiser les irritations. La vitamine E naturelle \u00e9quilibre et hydrate, aidant \u00e0 gu\u00e9rir la peau ravag\u00e9e par l&rsquo;ecz\u00e9ma ou la dermatite. Le magn\u00e9sium aidera \u00e0 calmer les rougeurs et le zinc est connu pour ses propri\u00e9t\u00e9s apaisantes pour la peau, donc l&rsquo;acn\u00e9 ou les \u00e9ruptions cutan\u00e9es sont \u00e9galement bien trait\u00e9s.<\/span><\/p>\n<h3><b>Un puissant antioxydant<\/b><\/h3>\n<p><span style=\"font-weight: 400;\">L&rsquo;une des sources les plus riches d&rsquo;antioxydants, le chocolat prot\u00e9gera la peau des dommages caus\u00e9s par les radicaux libres, pr\u00e9venant les dommages aux cellules de la peau, l&rsquo;\u00e9lastine, stimulant la circulation sanguine et la r\u00e9g\u00e9n\u00e9ration de nouvelles cellules cutan\u00e9es, et r\u00e9tablissant une apparence saine. Le cacao, \u00e0 partir duquel est fabriqu\u00e9 le chocolat, est \u00e9galement meilleur que d&rsquo;autres antioxydants pour prot\u00e9ger la peau de la lumi\u00e8re bleue (la lumi\u00e8re \u00e9mise par nos t\u00e9l\u00e9phones, ordinateurs, tablettes, t\u00e9l\u00e9viseurs, etc.).<\/span><\/p>\n<h3><b>Prot\u00e8ge contre les dommages du soleil\u00a0<\/b><\/h3>\n<p><span style=\"font-weight: 400;\">Les flavonaux offrent une protection naturelle contre les rayons UV nocifs, limitant les dommages, notamment les taches pigmentaires, les cancers, les br\u00fblures et le vieillissement.<\/span><\/p>\n<h3><b>Anti-\u00e2ge<\/b><\/h3>\n<p><span style=\"font-weight: 400;\">Aide \u00e0 pr\u00e9venir le vieillissement pr\u00e9matur\u00e9 et \u00e0 lutter contre les dommages d\u00e9j\u00e0 inflig\u00e9s. Le chocolat favorise la croissance cellulaire, la production de collag\u00e8ne et d&rsquo;\u00e9lastine, r\u00e9duit les ridules et les rides, et agit \u00e9galement comme un vasodilatateur qui aide \u00e0 augmenter le flux sanguin vers la surface de la peau favorisant la gu\u00e9rison et le renouvellement, donnant une apparence plus radieuse et plus jeune. Une \u00e9tude men\u00e9e par des scientifiques de l&rsquo;Universit\u00e9 nationale de S\u00e9oul en Cor\u00e9e, pour tester la capacit\u00e9 du cacao \u00e0 aider \u00e0 pr\u00e9venir les rides, a trouv\u00e9 des r\u00e9sultats tr\u00e8s positifs qui ont \u00e9t\u00e9 publi\u00e9s dans le Journal of Investigative Dermatology, confirmant qu&rsquo;il peut aider \u00e0 r\u00e9guler la sant\u00e9 de la peau et r\u00e9duire consid\u00e9rablement les rides. . De plus, ils ont confirm\u00e9 qu&rsquo;il augmentait le flux sanguin et am\u00e9liorait la densit\u00e9 et l&rsquo;hydratation de la peau.<\/span><\/p>\n<h3><b>R\u00e9duit la pigmentation, les cicatrices et les vergetures<\/b><span style=\"font-weight: 400;\">.<\/span><\/h3>\n<p><span style=\"font-weight: 400;\">La stimulation du renouvellement cellulaire aide \u00e0 r\u00e9g\u00e9n\u00e9rer la surface de la peau, r\u00e9duisant efficacement la pigmentation, les cicatrices et les vergetures.<\/span><\/p>\n","protected":false},"excerpt":{"rendered":"<p><span style=\"font-weight: 400;\">Chocolate, un v\u00e9ritable concentr\u00e9 de produits de soins de la peau, charg\u00e9 de vitamines, de min\u00e9raux et d&rsquo;ingr\u00e9dients qui aiment la peau. Agissant comme un stimulant pour le syst\u00e8me nerveux, abaissant les hormones de stress et favorisant un sentiment de bien-\u00eatre, le tout est parfait.<\/span><\/p>\n","protected":false},"featured_media":276078,"comment_status":"open","ping_status":"closed","template":"","meta":[],"product_brand":[],"product_cat":[1199,275],"product_tag":[],"class_list":{"0":"post-110853","1":"product","2":"type-product","3":"status-publish","4":"has-post-thumbnail","6":"product_cat-creams-fr","7":"product_cat-cosmetics","8":"pa_bottle-size-1000-ml-2-fr","9":"pa_bottle-size-500-ml","10":"pa_bottle-size-75-g-fr","12":"first","13":"instock","14":"shipping-taxable","15":"purchasable","16":"product-type-variable","17":"has-default-attributes"},"_links":{"self":[{"href":"https:\/\/nefertiti-eg.com\/fr\/wp-json\/wp\/v2\/product\/110853","targetHints":{"allow":["GET"]}}],"collection":[{"href":"https:\/\/nefertiti-eg.com\/fr\/wp-json\/wp\/v2\/product"}],"about":[{"href":"https:\/\/nefertiti-eg.com\/fr\/wp-json\/wp\/v2\/types\/product"}],"replies":[{"embeddable":true,"href":"https:\/\/nefertiti-eg.com\/fr\/wp-json\/wp\/v2\/comments?post=110853"}],"wp:featuredmedia":[{"embeddable":true,"href":"https:\/\/nefertiti-eg.com\/fr\/wp-json\/wp\/v2\/media\/276078"}],"wp:attachment":[{"href":"https:\/\/nefertiti-eg.com\/fr\/wp-json\/wp\/v2\/media?parent=110853"}],"wp:term":[{"taxonomy":"product_brand","embeddable":true,"href":"https:\/\/nefertiti-eg.com\/fr\/wp-json\/wp\/v2\/product_brand?post=110853"},{"taxonomy":"product_cat","embeddable":true,"href":"https:\/\/nefertiti-eg.com\/fr\/wp-json\/wp\/v2\/product_cat?post=110853"},{"taxonomy":"product_tag","embeddable":true,"href":"https:\/\/nefertiti-eg.com\/fr\/wp-json\/wp\/v2\/product_tag?post=110853"}],"curies":[{"name":"wp","href":"https:\/\/api.w.org\/{rel}","templated":true}]}}