{"id":110858,"date":"2019-05-27T23:45:22","date_gmt":"2019-05-27T21:45:22","guid":{"rendered":"https:\/\/nefertiti-eg.com\/shop\/non%20class\u00e9\/coconut-shea-butter\/"},"modified":"2022-05-26T13:12:35","modified_gmt":"2022-05-26T11:12:35","slug":"coconut-shea-butter","status":"publish","type":"product","link":"https:\/\/nefertiti-eg.com\/fr\/shop\/butter\/coconut-shea-butter\/","title":{"rendered":"La Noix De Coco De Beurre De Karit\u00e9"},"content":{"rendered":"<h3><b>L&rsquo;Origine du Beurre de Coco\u00a0<\/b><\/h3>\n<p><span style=\"font-weight: 400;\">Le beurre de coco est extrait du tissu nutritif de la noix de coco, le coprah. C&rsquo;est le noyau brillant de la noix de coco. La noix de coco, fruit du cocotier, a pris de l&rsquo;importance au 19\u00e8me si\u00e8cle. La plus grande zone de culture du cocotier se trouve en Indon\u00e9sie, aux Philippines et en Inde. L&rsquo;huile de coco et le beurre de coco couvrent d\u00e9sormais une partie des besoins mondiaux en huile v\u00e9g\u00e9tale. Sa consommation a doubl\u00e9 depuis 1980.<\/span><\/p>\n<h3><b>Application du beurre de coco<\/b><\/h3>\n<p><span style=\"font-weight: 400;\">Le beurre de coco est aussi appel\u00e9 graisse de coco. Contrairement \u00e0 l&rsquo;huile de coco, le beurre de coco contient des fibres. Le beurre de coco contient une teneur tr\u00e8s \u00e9lev\u00e9e en acides gras satur\u00e9s. Il est utilis\u00e9 en cuisine, en confiserie et dans l&rsquo;industrie cosm\u00e9tique.<\/span><\/p>\n<h3><b>Le beurre de coco dans les cosm\u00e9tiques<\/b><\/h3>\n<p><span style=\"font-weight: 400;\">Le beurre de coco est connu depuis longtemps non seulement comme aliment, mais aussi comme produit de soin de beaut\u00e9. D\u00e9j\u00e0 dans l&rsquo;antiquit\u00e9, l&rsquo;effet du beurre de coco sur la peau et les cheveux. les soins ont \u00e9t\u00e9 pleinement appr\u00e9ci\u00e9s. La teneur en mati\u00e8res grasses donne une peau souple et donne aux cheveux un \u00e9clat naturel.<\/span><\/p>\n<h3><b>Beurre de noix de coco pour le soin des cheveux<\/b><\/h3>\n<p><span style=\"font-weight: 400;\">\u00c9tant donn\u00e9 que le beurre de noix de coco hydrate beaucoup les cheveux, vous devez r\u00e9guli\u00e8rement utiliser du beurre de noix de coco comme rem\u00e8de pour les cheveux secs et ternes. Ceci est r\u00e9alis\u00e9 en frottant le beurre de noix de coco dans vos mains jusqu&rsquo;\u00e0 ce qu&rsquo;il fonde, puis en le massant dans votre cuir chevelu et vos cheveux. Le beurre de coco stimule la pousse des cheveux et combat m\u00eame la chute des cheveux. Il nourrit les cheveux et les rend souples et brillants.<\/span><\/p>\n<h3><b>Beurre de noix de coco pour les soins de la peau<\/b><\/h3>\n<p><span style=\"font-weight: 400;\">En raison de ses propri\u00e9t\u00e9s anti-inflammatoires, le beurre de noix de coco est un rem\u00e8de id\u00e9al pour traiter l&rsquo;acn\u00e9 et d&rsquo;autres maladies inflammatoires de la peau. Son acide laurique d\u00e9truit les germes, virus et bact\u00e9ries. L&rsquo;effet apaisant du beurre de noix de coco garantit \u00e9galement que les d\u00e9mangeaisons de ces maladies de la peau sont supprim\u00e9es.<\/span><\/p>\n<p><span style=\"font-weight: 400;\">\u00c9tant donn\u00e9 que le beurre de noix de coco hydrate la peau, minimisant les rides li\u00e9es \u00e0 l&rsquo;\u00e2ge, il est consid\u00e9r\u00e9 comme l&rsquo;agent anti-\u00e2ge parfait. Il forme un film protecteur sur la peau qui la prot\u00e8ge des influences n\u00e9fastes de l&rsquo;environnement.<\/span><\/p>\n<p><span style=\"font-weight: 400;\">Il est conseill\u00e9 de frotter la peau avec du beurre de noix de coco apr\u00e8s un bain ou une douche chaude, car il se liqu\u00e9fie avec la chaleur du corps et est ensuite bien absorb\u00e9.<\/span><\/p>\n<h3><b>Le beurre de coco dans la cuisine<\/b><\/h3>\n<p><span style=\"font-weight: 400;\">En tant qu&rsquo;aliment, le beurre de coco apporte des nutriments avec ses acides gras essentiels et surtout l&rsquo;acide linol\u00e9ique pour le maintien de la sant\u00e9 du corps.<\/span><\/p>\n<p><span style=\"font-weight: 400;\">Comme l&rsquo;huile de noix de coco, le beurre de noix de coco est une graisse populaire dans la cuisine pour la friture et la cuisson, m\u00eame la friture, car il a un point de fusion bas.<\/span><\/p>\n<p><span style=\"font-weight: 400;\">Son acide linol\u00e9ique en tant qu&rsquo;acide gras insatur\u00e9 est sain pour notre corps. Le beurre de coco peut \u00eatre utilis\u00e9 comme substitut du beurre conventionnel et constitue une alternative saine et vari\u00e9e. Avec le beurre de noix de coco, il est possible de cr\u00e9er de superbes d\u00e9corations \u00e0 utiliser sur des g\u00e2teaux ou des desserts car ils peuvent \u00eatre r\u00e9alis\u00e9s dans des moules \u00e0 l&rsquo;\u00e9tat liquide et se solidifieront imm\u00e9diatement au contact du froid ou de la glace.<\/span><\/p>\n<h3><b>Beurre de noix de coco dans l&rsquo;industrie de la confiserie<\/b><\/h3>\n<p><span style=\"font-weight: 400;\">Le beurre de noix de coco est utilis\u00e9 pour produire des chocolats sp\u00e9ciaux, tels que des confiseries glac\u00e9es. Ce chocolat doit \u00eatre conserv\u00e9 au r\u00e9frig\u00e9rateur pour ressentir l&rsquo;effet rafra\u00eechissant de la consommation du chocolat. Une fois en bouche, cette vari\u00e9t\u00e9 de chocolat fond tr\u00e8s rapidement en raison de son faible point de fusion. Le beurre de coco est \u00e9galement utilis\u00e9 pour r\u00e9aliser des sauces au chocolat qui se solidifient imm\u00e9diatement au contact de la glace et forment une belle nappe chocolat\u00e9e.<\/span><\/p>\n<h3><b>Les constituants du beurre de coco<\/b><\/h3>\n<p><span style=\"font-weight: 400;\">Acides amin\u00e9s<br \/>\n<\/span><span style=\"font-weight: 400;\">Vitamine E<br \/>\n<\/span><span style=\"font-weight: 400;\">Lactones<br \/>\n<\/span><span style=\"font-weight: 400;\">Min\u00e9raux<br \/>\n<\/span><span style=\"font-weight: 400;\">Acide linol\u00e9ique (acide gras essentiel)<br \/>\n<\/span><span style=\"font-weight: 400;\">Triglyc\u00e9rides (graisses neutres contenant des r\u00e9sidus d&rsquo;acides gras insatur\u00e9s)<\/span><\/p>\n","protected":false},"excerpt":{"rendered":"<p><span style=\"font-weight: 400;\">L&rsquo;association du beurre de karit\u00e9 et de l&rsquo;huile de coco poss\u00e8de de nombreuses propri\u00e9t\u00e9s nourrissantes et hydratantes aussi bien pour la peau que pour les cheveux. Il laisse la peau douce et souple, et convient particuli\u00e8rement aux peaux s\u00e8ches.<br \/>\n<\/span><b>Marque<\/b><span style=\"font-weight: 400;\"> : Nefertiti pour les huiles et herbes naturelles<br \/>\n<\/span><b>Pays d&rsquo;origine<\/b><span style=\"font-weight: 400;\"> : \u00c9gypte<br \/>\n<\/span><b>Nom botanique<\/b><span style=\"font-weight: 400;\"> : Cocos nucifera<br \/>\n<\/span><b>Famille <\/b><span style=\"font-weight: 400;\">: Arecaceae<br \/>\n<\/span><b>Parties utilis\u00e9es<\/b><span style=\"font-weight: 400;\"> : pulpe de fruit<br \/>\n<\/span><b>Naturel<\/b><span style=\"font-weight: 400;\"> : Oui<br \/>\n<\/span><b>Puret\u00e9 <\/b><span style=\"font-weight: 400;\">: 100 % pur<br \/>\n<\/span><b>Certifi\u00e9<\/b><span style=\"font-weight: 400;\"> ISO : ISO, COA &amp; MSDS<br \/>\n<\/span><b>Composition botanique<\/b><span style=\"font-weight: 400;\"> : triglyc\u00e9rides, min\u00e9raux, amino acides, vitamine E et lactones.<\/span><\/p>\n","protected":false},"featured_media":292536,"comment_status":"open","ping_status":"closed","template":"","meta":[],"product_brand":[],"product_cat":[661,275],"product_tag":[],"class_list":{"0":"post-110858","1":"product","2":"type-product","3":"status-publish","4":"has-post-thumbnail","6":"product_cat-butter","7":"product_cat-cosmetics","8":"pa_bottle-size-100-g-fr","10":"first","11":"instock","12":"sale","13":"shipping-taxable","14":"purchasable","15":"product-type-variable"},"_links":{"self":[{"href":"https:\/\/nefertiti-eg.com\/fr\/wp-json\/wp\/v2\/product\/110858","targetHints":{"allow":["GET"]}}],"collection":[{"href":"https:\/\/nefertiti-eg.com\/fr\/wp-json\/wp\/v2\/product"}],"about":[{"href":"https:\/\/nefertiti-eg.com\/fr\/wp-json\/wp\/v2\/types\/product"}],"replies":[{"embeddable":true,"href":"https:\/\/nefertiti-eg.com\/fr\/wp-json\/wp\/v2\/comments?post=110858"}],"wp:featuredmedia":[{"embeddable":true,"href":"https:\/\/nefertiti-eg.com\/fr\/wp-json\/wp\/v2\/media\/292536"}],"wp:attachment":[{"href":"https:\/\/nefertiti-eg.com\/fr\/wp-json\/wp\/v2\/media?parent=110858"}],"wp:term":[{"taxonomy":"product_brand","embeddable":true,"href":"https:\/\/nefertiti-eg.com\/fr\/wp-json\/wp\/v2\/product_brand?post=110858"},{"taxonomy":"product_cat","embeddable":true,"href":"https:\/\/nefertiti-eg.com\/fr\/wp-json\/wp\/v2\/product_cat?post=110858"},{"taxonomy":"product_tag","embeddable":true,"href":"https:\/\/nefertiti-eg.com\/fr\/wp-json\/wp\/v2\/product_tag?post=110858"}],"curies":[{"name":"wp","href":"https:\/\/api.w.org\/{rel}","templated":true}]}}