{"id":110863,"date":"2021-09-12T17:43:19","date_gmt":"2021-09-12T15:43:19","guid":{"rendered":"https:\/\/nefertiti-eg.com\/shop\/non%20class\u00e9\/jojoba-oil-hair-conditioner\/"},"modified":"2022-07-24T14:58:04","modified_gmt":"2022-07-24T12:58:04","slug":"jojoba-oil-hair-conditioner","status":"publish","type":"product","link":"https:\/\/nefertiti-eg.com\/fr\/shop\/conditioner\/jojoba-oil-hair-conditioner\/","title":{"rendered":"REVITALISANT A L&rsquo;HUILE DE JOJOBA NEFERTITI"},"content":{"rendered":"<h3><b>Avantages du revitalisant capillaire \u00e0 l&rsquo;huile de jojoba<\/b><\/h3>\n<p><span style=\"font-weight: 400;\">\u00a0&#8211; L&rsquo;huile de jojoba est riche en vitamine E, ce qui rend le revitalisant \u00e0 l&rsquo;huile de jojoba Nefertiti id\u00e9al pour tous les types de cheveux.<\/span><\/p>\n<p><span style=\"font-weight: 400;\">&#8211; Cet apr\u00e8s-shampoing est particuli\u00e8rement adapt\u00e9 au soin des pointes s\u00e8ches et fourchues.<\/span><\/p>\n<p><span style=\"font-weight: 400;\">&#8211; Il aide \u00e0 prot\u00e9ger les cheveux de la d\u00e9coloration et du dess\u00e8chement.<\/span><\/p>\n<p><span style=\"font-weight: 400;\">&#8211; R\u00e9duit les d\u00e9mangeaisons chroniques du cuir chevelu et aide \u00e0 \u00e9liminer les pellicules.<\/span><\/p>\n<p><span style=\"font-weight: 400;\">&#8211; Favorise la croissance des cheveux et arr\u00eate la chute des cheveux.<\/span><\/p>\n<p><span style=\"font-weight: 400;\">&#8211; Restaure la structure des cheveux ab\u00eem\u00e9s, hydrate et nourrit les cheveux.<\/span><\/p>\n<p><span style=\"font-weight: 400;\">&#8211; Prot\u00e8ge contre les influences n\u00e9fastes de l&rsquo;environnement.<\/span><\/p>\n<h3><b>Comment utiliser le revitalisant \u00e0 l&rsquo;huile de jojoba Nefertiti<\/b><\/h3>\n<p><span style=\"font-weight: 400;\">Apr\u00e8s le shampooing, appliquez le revitalisant \u00e0 l&rsquo;huile de jojoba Nefertiti sur les cheveux et le cuir chevelu. Il est utile d&rsquo;envelopper les cheveux dans une serviette pendant l&rsquo;exposition. Rincez abondamment le revitalisant apr\u00e8s 5 \u00e0 10 minutes. Recommand\u00e9 d&rsquo;appliquer 2 fois par semaine.<\/span><\/p>\n<h3><b>R\u00e9sultat<\/b><\/h3>\n<p><span style=\"font-weight: 400;\">Les cheveux sont hydrat\u00e9s, forts, sains, doux et soyeux.<\/span><\/p>\n<h3><b>Actifs r\u00e9gulateurs<\/b><\/h3>\n<p><span style=\"font-weight: 400;\">\u00a0D&rsquo;acidit\u00e9 PH, huile de jojoba, prot\u00e9ines, k\u00e9ratine, huiles essentielles.<\/span><\/p>\n","protected":false},"excerpt":{"rendered":"<p><span style=\"font-weight: 400;\">Id\u00e9al pour les cheveux secs, ab\u00eem\u00e9s, color\u00e9s et sujets \u00e0 la chute des cheveux.<\/span><\/p>\n","protected":false},"featured_media":276038,"comment_status":"open","ping_status":"closed","template":"","meta":[],"product_brand":[],"product_cat":[1028,275],"product_tag":[],"class_list":{"0":"post-110863","1":"product","2":"type-product","3":"status-publish","4":"has-post-thumbnail","6":"product_cat-conditioner","7":"product_cat-cosmetics","9":"first","10":"instock","11":"shipping-taxable","12":"purchasable","13":"product-type-simple"},"_links":{"self":[{"href":"https:\/\/nefertiti-eg.com\/fr\/wp-json\/wp\/v2\/product\/110863","targetHints":{"allow":["GET"]}}],"collection":[{"href":"https:\/\/nefertiti-eg.com\/fr\/wp-json\/wp\/v2\/product"}],"about":[{"href":"https:\/\/nefertiti-eg.com\/fr\/wp-json\/wp\/v2\/types\/product"}],"replies":[{"embeddable":true,"href":"https:\/\/nefertiti-eg.com\/fr\/wp-json\/wp\/v2\/comments?post=110863"}],"wp:featuredmedia":[{"embeddable":true,"href":"https:\/\/nefertiti-eg.com\/fr\/wp-json\/wp\/v2\/media\/276038"}],"wp:attachment":[{"href":"https:\/\/nefertiti-eg.com\/fr\/wp-json\/wp\/v2\/media?parent=110863"}],"wp:term":[{"taxonomy":"product_brand","embeddable":true,"href":"https:\/\/nefertiti-eg.com\/fr\/wp-json\/wp\/v2\/product_brand?post=110863"},{"taxonomy":"product_cat","embeddable":true,"href":"https:\/\/nefertiti-eg.com\/fr\/wp-json\/wp\/v2\/product_cat?post=110863"},{"taxonomy":"product_tag","embeddable":true,"href":"https:\/\/nefertiti-eg.com\/fr\/wp-json\/wp\/v2\/product_tag?post=110863"}],"curies":[{"name":"wp","href":"https:\/\/api.w.org\/{rel}","templated":true}]}}