{"id":110865,"date":"2021-09-12T17:48:10","date_gmt":"2021-09-12T15:48:10","guid":{"rendered":"https:\/\/nefertiti-eg.com\/shop\/non%20class\u00e9\/wheat-germ-oil-hair-conditioner\/"},"modified":"2022-07-24T15:11:25","modified_gmt":"2022-07-24T13:11:25","slug":"wheat-germ-oil-hair-conditioner","status":"publish","type":"product","link":"https:\/\/nefertiti-eg.com\/fr\/shop\/conditioner\/wheat-germ-oil-hair-conditioner\/","title":{"rendered":"REVITALISANT \u00c0 L&rsquo;HUILE DE GERME DE BL\u00c9 NEFERTITI"},"content":{"rendered":"<h3><b>Avantages du revitalisant capillaire \u00e0 l&rsquo;huile degerme de bl\u00e9<\/b><\/h3>\n<p><span style=\"font-weight: 400;\">\u00a0&#8211; Le revitalisant aux germes de bl\u00e9 contient une concentration \u00e9lev\u00e9e de vitamine E ainsi que des carot\u00e9no\u00efdes, des acides gras polyinsatur\u00e9s, des vitamines et des min\u00e9raux, ce qui rend le revitalisant aux germes de bl\u00e9 Nefertiti id\u00e9al pour tous les types de cheveux.<\/span><\/p>\n<p><span style=\"font-weight: 400;\">&#8211; Sature les cellules en oxyg\u00e8ne, nourrit en profondeur les follicules pileux.<\/span><\/p>\n<p><span style=\"font-weight: 400;\">&#8211; Restaure la structure et l&rsquo;\u00e9lasticit\u00e9 des cheveux secs.<\/span><\/p>\n<p><span style=\"font-weight: 400;\">&#8211; Renforce les racines et pr\u00e9vient la chute des cheveux.<\/span><\/p>\n<p><span style=\"font-weight: 400;\">&#8211; Hydrate et nourrit les cheveux.<\/span><\/p>\n<p><span style=\"font-weight: 400;\">&#8211; Prot\u00e8ge contre les influences environnementales nocives, y compris les rayons UV.<\/span><\/p>\n<h3><b>Comment utiliser le revitalisant \u00e0 l&rsquo;huile de germe de bl\u00e9 Nefertiti<\/b><\/h3>\n<p><span style=\"font-weight: 400;\">Apr\u00e8s avoir lav\u00e9 vos cheveux, appliquez le revitalisant \u00e0 l&rsquo;huile de germe de bl\u00e9 Nefertiti sur vos cheveux et votre cuir chevelu. Il est utile d&rsquo;envelopper les cheveux dans une serviette pendant l&rsquo;exposition. Rincez abondamment le revitalisant apr\u00e8s 5 \u00e0 10 minutes. Recommand\u00e9 d&rsquo;appliquer 2 fois par semaine<\/span><\/p>\n<h3><b>R\u00e9sultat<\/b><\/h3>\n<p><span style=\"font-weight: 400;\">\u00a0Les cheveux sont forts, sains, \u00e9clatants et brillants.<\/span><\/p>\n<h3><b>Actifs r\u00e9gulateurs\u00a0<\/b><\/h3>\n<p><span style=\"font-weight: 400;\">D&rsquo;acidit\u00e9 PH, huile de germe de bl\u00e9, prot\u00e9ines, k\u00e9ratine, huiles essentielles.<\/span><\/p>\n","protected":false},"excerpt":{"rendered":"<p><span style=\"font-weight: 400;\">Id\u00e9al pour tous les types de cheveux.<\/span><\/p>\n","protected":false},"featured_media":276062,"comment_status":"open","ping_status":"closed","template":"","meta":[],"product_brand":[],"product_cat":[1028,275],"product_tag":[],"class_list":{"0":"post-110865","1":"product","2":"type-product","3":"status-publish","4":"has-post-thumbnail","6":"product_cat-conditioner","7":"product_cat-cosmetics","9":"first","10":"outofstock","11":"shipping-taxable","12":"purchasable","13":"product-type-simple"},"_links":{"self":[{"href":"https:\/\/nefertiti-eg.com\/fr\/wp-json\/wp\/v2\/product\/110865","targetHints":{"allow":["GET"]}}],"collection":[{"href":"https:\/\/nefertiti-eg.com\/fr\/wp-json\/wp\/v2\/product"}],"about":[{"href":"https:\/\/nefertiti-eg.com\/fr\/wp-json\/wp\/v2\/types\/product"}],"replies":[{"embeddable":true,"href":"https:\/\/nefertiti-eg.com\/fr\/wp-json\/wp\/v2\/comments?post=110865"}],"wp:featuredmedia":[{"embeddable":true,"href":"https:\/\/nefertiti-eg.com\/fr\/wp-json\/wp\/v2\/media\/276062"}],"wp:attachment":[{"href":"https:\/\/nefertiti-eg.com\/fr\/wp-json\/wp\/v2\/media?parent=110865"}],"wp:term":[{"taxonomy":"product_brand","embeddable":true,"href":"https:\/\/nefertiti-eg.com\/fr\/wp-json\/wp\/v2\/product_brand?post=110865"},{"taxonomy":"product_cat","embeddable":true,"href":"https:\/\/nefertiti-eg.com\/fr\/wp-json\/wp\/v2\/product_cat?post=110865"},{"taxonomy":"product_tag","embeddable":true,"href":"https:\/\/nefertiti-eg.com\/fr\/wp-json\/wp\/v2\/product_tag?post=110865"}],"curies":[{"name":"wp","href":"https:\/\/api.w.org\/{rel}","templated":true}]}}