{"id":110866,"date":"2021-09-12T17:52:50","date_gmt":"2021-09-12T15:52:50","guid":{"rendered":"https:\/\/nefertiti-eg.com\/shop\/non%20class\u00e9\/rucola-hair-seed-oil-conditioner\/"},"modified":"2022-07-24T14:32:36","modified_gmt":"2022-07-24T12:32:36","slug":"rucola-hair-seed-oil-conditioner","status":"publish","type":"product","link":"https:\/\/nefertiti-eg.com\/fr\/shop\/conditioner\/rucola-hair-seed-oil-conditioner\/","title":{"rendered":"REVITALISANT \u00c0 L&rsquo;HUILE DE GRAINES DE RUCOLA  HAIR"},"content":{"rendered":"<h3><b>Avantages du revitalisant capillaire \u00e0 l&rsquo;huile de graines de roquette\u00a0<\/b><\/h3>\n<p><span style=\"font-weight: 400;\">&#8211; L&rsquo;huile de graines de roquette est riche en vitamines, min\u00e9raux, antioxydants et acides gras, ce qui rend le revitalisant \u00e0 l&rsquo;huile de graines de rucola Nefertiti id\u00e9al pour tous les types de cheveux, mais surtout pour les cheveux sans vie, faibles et sujets \u00e0 la chute des cheveux.<\/span><\/p>\n<p><span style=\"font-weight: 400;\">&#8211; Renforce les follicules pileux, \u00e9limine la chute des cheveux.<\/span><\/p>\n<p><span style=\"font-weight: 400;\">&#8211; Am\u00e9liore la circulation sanguine du cuir chevelu, stimule la croissance des cheveux.<\/span><\/p>\n<p><span style=\"font-weight: 400;\">&#8211; Laisse les cheveux doux et souples.<\/span><\/p>\n<p><span style=\"font-weight: 400;\">&#8211; R\u00e9duit les pointes fourchues, hydrate et nourrit les cheveux.<\/span><\/p>\n<p><span style=\"font-weight: 400;\">&#8211; Prot\u00e8ge les cheveux des influences n\u00e9gatives de l&rsquo;environnement.<\/span><\/p>\n<h3><b>Comment utiliser le revitalisant \u00e0 l&rsquo;huile de graines de rucola Nefertiti<\/b><\/h3>\n<p><span style=\"font-weight: 400;\">Apr\u00e8s le shampooing, appliquez le revitalisant \u00e0 l&rsquo;huile de graines de rucola Nefertiti sur les cheveux et le cuir chevelu. Il est utile d&rsquo;envelopper les cheveux dans une serviette pendant l&rsquo;exposition. Rincez abondamment le revitalisant apr\u00e8s 5 \u00e0 10 minutes. Recommand\u00e9 d&rsquo;appliquer 2 fois par semaine.<\/span><\/p>\n<h3><strong>R\u00e9sultat Les<\/strong><\/h3>\n<p><span style=\"font-weight: 400;\">cheveux sont \u00e9clatants, hydrat\u00e9s, forts, \u00e9lastiques, avec une brillance naturelle.<\/span><\/p>\n<h3><strong>Ingr\u00e9dients actifs<\/strong><\/h3>\n<p><span style=\"font-weight: 400;\">R\u00e9gulateur d&rsquo;acidit\u00e9 du PH, huile de graines de roquette, prot\u00e9ines, k\u00e9ratine, huiles essentielles<\/span><\/p>\n","protected":false},"excerpt":{"rendered":"<p><span style=\"font-weight: 400;\">Id\u00e9al pour traiter les cheveux secs et ab\u00eem\u00e9s, et les cheveux sujets \u00e0 la chute des cheveux.<\/span><\/p>\n<p><b>\u00a0<\/b><\/p>\n","protected":false},"featured_media":276054,"comment_status":"open","ping_status":"closed","template":"","meta":[],"product_brand":[],"product_cat":[1028,275],"product_tag":[],"class_list":{"0":"post-110866","1":"product","2":"type-product","3":"status-publish","4":"has-post-thumbnail","6":"product_cat-conditioner","7":"product_cat-cosmetics","9":"first","10":"instock","11":"shipping-taxable","12":"purchasable","13":"product-type-simple"},"_links":{"self":[{"href":"https:\/\/nefertiti-eg.com\/fr\/wp-json\/wp\/v2\/product\/110866","targetHints":{"allow":["GET"]}}],"collection":[{"href":"https:\/\/nefertiti-eg.com\/fr\/wp-json\/wp\/v2\/product"}],"about":[{"href":"https:\/\/nefertiti-eg.com\/fr\/wp-json\/wp\/v2\/types\/product"}],"replies":[{"embeddable":true,"href":"https:\/\/nefertiti-eg.com\/fr\/wp-json\/wp\/v2\/comments?post=110866"}],"wp:featuredmedia":[{"embeddable":true,"href":"https:\/\/nefertiti-eg.com\/fr\/wp-json\/wp\/v2\/media\/276054"}],"wp:attachment":[{"href":"https:\/\/nefertiti-eg.com\/fr\/wp-json\/wp\/v2\/media?parent=110866"}],"wp:term":[{"taxonomy":"product_brand","embeddable":true,"href":"https:\/\/nefertiti-eg.com\/fr\/wp-json\/wp\/v2\/product_brand?post=110866"},{"taxonomy":"product_cat","embeddable":true,"href":"https:\/\/nefertiti-eg.com\/fr\/wp-json\/wp\/v2\/product_cat?post=110866"},{"taxonomy":"product_tag","embeddable":true,"href":"https:\/\/nefertiti-eg.com\/fr\/wp-json\/wp\/v2\/product_tag?post=110866"}],"curies":[{"name":"wp","href":"https:\/\/api.w.org\/{rel}","templated":true}]}}