{"id":110868,"date":"2021-09-13T12:45:48","date_gmt":"2021-09-13T10:45:48","guid":{"rendered":"https:\/\/nefertiti-eg.com\/shop\/non%20class\u00e9\/cobra-oil-snake-oil-conditioner\/"},"modified":"2022-07-24T14:30:12","modified_gmt":"2022-07-24T12:30:12","slug":"cobra-oil-snake-oil-conditioner","status":"publish","type":"product","link":"https:\/\/nefertiti-eg.com\/fr\/shop\/conditioner\/cobra-oil-snake-oil-conditioner\/","title":{"rendered":"CONDITIONNEUR \u00c0 L&rsquo;HUILE DE COBRA NEFERTITI (HUILE DE SERPENT)"},"content":{"rendered":"<h3><b>Avantages du revitalisant capillaire \u00e0 l&rsquo; HUILE DE COBRA<\/b><\/h3>\n<p><span style=\"font-weight: 400;\">&#8211; L&rsquo;huile de cobra contient un complexe d&rsquo;acides gras essentiels, ce qui rend le revitalisant \u00e0 l&rsquo;huile de cobra Nefertiti id\u00e9al pour tous les types de cheveux.<\/span><\/p>\n<p><span style=\"font-weight: 400;\">&#8211; R\u00e9pare les cheveux ab\u00eem\u00e9s et am\u00e9liore la structure des cheveux.<\/span><\/p>\n<p><span style=\"font-weight: 400;\">&#8211; Nourrit les follicules pileux, am\u00e9liore la croissance des cheveux.<\/span><\/p>\n<p><span style=\"font-weight: 400;\">&#8211; Rajeunit le cuir chevelu, hydrate et nourrit les cheveux.<\/span><\/p>\n<p><span style=\"font-weight: 400;\">&#8211; Arr\u00eate la chute des cheveux, aide \u00e0 la calvitie.<\/span><\/p>\n<p><span style=\"font-weight: 400;\">&#8211; Acc\u00e9l\u00e8re les processus biochimiques dans les cellules cili\u00e9es.<\/span><\/p>\n<p><span style=\"font-weight: 400;\">&#8211; Prot\u00e8ge les cheveux des influences n\u00e9fastes de l&rsquo;environnement.<\/span><\/p>\n<p><span style=\"font-weight: 400;\">tilisation du revitalisant \u00e0 l&rsquo;huile Nefertiti Cobra<\/span><\/p>\n<p><span style=\"font-weight: 400;\">Apr\u00e8s le shampooing, appliquez le revitalisant \u00e0 l&rsquo;huile Nefertiti Cobra sur les cheveux et le cuir chevelu. Il est utile d&rsquo;envelopper les cheveux dans une serviette pendant l&rsquo;exposition. Rincez abondamment le revitalisant apr\u00e8s 5 \u00e0 10 minutes. Recommand\u00e9 d&rsquo;appliquer 2 fois par semaine.<\/span><\/p>\n<h3><b>R\u00e9sultat\u00a0<\/b><\/h3>\n<p><span style=\"font-weight: 400;\">Les cheveux sont brillants, \u00e9lastiques, vibrants, forts et visuelment plus volumineux.<\/span><\/p>\n<h3><b>Ingr\u00e9dients actifs<\/b><\/h3>\n<p><span style=\"font-weight: 400;\">R\u00e9gulateur d&rsquo;acidit\u00e9 PH, huile de cobra, prot\u00e9ine, k\u00e9ratine, huiles essentielles<\/span><\/p>\n","protected":false},"excerpt":{"rendered":"<p><span style=\"font-weight: 400;\">Id\u00e9al pour tous les types de cheveux<\/span><\/p>\n","protected":false},"featured_media":276046,"comment_status":"open","ping_status":"closed","template":"","meta":[],"product_brand":[],"product_cat":[1028,275],"product_tag":[],"class_list":{"0":"post-110868","1":"product","2":"type-product","3":"status-publish","4":"has-post-thumbnail","6":"product_cat-conditioner","7":"product_cat-cosmetics","8":"pa_bottle-size-500-g-fr","10":"first","11":"instock","12":"shipping-taxable","13":"purchasable","14":"product-type-variable","15":"has-default-attributes"},"_links":{"self":[{"href":"https:\/\/nefertiti-eg.com\/fr\/wp-json\/wp\/v2\/product\/110868","targetHints":{"allow":["GET"]}}],"collection":[{"href":"https:\/\/nefertiti-eg.com\/fr\/wp-json\/wp\/v2\/product"}],"about":[{"href":"https:\/\/nefertiti-eg.com\/fr\/wp-json\/wp\/v2\/types\/product"}],"replies":[{"embeddable":true,"href":"https:\/\/nefertiti-eg.com\/fr\/wp-json\/wp\/v2\/comments?post=110868"}],"wp:featuredmedia":[{"embeddable":true,"href":"https:\/\/nefertiti-eg.com\/fr\/wp-json\/wp\/v2\/media\/276046"}],"wp:attachment":[{"href":"https:\/\/nefertiti-eg.com\/fr\/wp-json\/wp\/v2\/media?parent=110868"}],"wp:term":[{"taxonomy":"product_brand","embeddable":true,"href":"https:\/\/nefertiti-eg.com\/fr\/wp-json\/wp\/v2\/product_brand?post=110868"},{"taxonomy":"product_cat","embeddable":true,"href":"https:\/\/nefertiti-eg.com\/fr\/wp-json\/wp\/v2\/product_cat?post=110868"},{"taxonomy":"product_tag","embeddable":true,"href":"https:\/\/nefertiti-eg.com\/fr\/wp-json\/wp\/v2\/product_tag?post=110868"}],"curies":[{"name":"wp","href":"https:\/\/api.w.org\/{rel}","templated":true}]}}