{"id":110870,"date":"2021-09-13T12:54:45","date_gmt":"2021-09-13T10:54:45","guid":{"rendered":"https:\/\/nefertiti-eg.com\/shop\/non%20class\u00e9\/coconut-oil-hair-conditioner\/"},"modified":"2022-07-24T14:59:16","modified_gmt":"2022-07-24T12:59:16","slug":"coconut-oil-hair-conditioner","status":"publish","type":"product","link":"https:\/\/nefertiti-eg.com\/fr\/shop\/conditioner\/coconut-oil-hair-conditioner\/","title":{"rendered":"APR\u00c8S-SHAMPOOING \u00c0 L&rsquo;HUILE DE COCO NEFERTITI"},"content":{"rendered":"<h3><b>Bienfaits de l&rsquo;apr\u00e8s-shampoing \u00e0 l&rsquo;HUILE DE COCO\u00a0<\/b><\/h3>\n<p><span style=\"font-weight: 400;\">&#8211; L&rsquo;huile de noix de coco est riche en acides gras, ce qui rend le revitalisant \u00e0 l&rsquo;huile de noix de coco Nefertiti id\u00e9al pour r\u00e9parer et prot\u00e9ger la surface des cheveux, en leur donnant une belle brillance saine.<\/span><\/p>\n<p><span style=\"font-weight: 400;\">&#8211; Adoucit, hydrate et nourrit les cheveux<\/span><\/p>\n<p><span style=\"font-weight: 400;\">&#8211; Restaure la structure poreuse des cheveux, id\u00e9ale pour le soin des cheveux boucl\u00e9s.<\/span><\/p>\n<p><span style=\"font-weight: 400;\">&#8211; Prot\u00e8ge les cheveux des effets n\u00e9gatifs des rayons UV, du vent, des temp\u00e9ratures froides et de l&rsquo;eau de mer.<\/span><\/p>\n<p><span style=\"font-weight: 400;\">&#8211; Acc\u00e9l\u00e8re les processus chimiques dans les cellules cili\u00e9es.<\/span><\/p>\n<p><span style=\"font-weight: 400;\">&#8211; Donne aux cheveux une r\u00e9sistance aux dommages m\u00e9caniques.<\/span><\/p>\n<h3><b>Utilisation du revitalisant \u00e0 l&rsquo;huile de noix de coco Nefertiti<\/b><\/h3>\n<p><span style=\"font-weight: 400;\">Apr\u00e8s le shampooing, appliquez le revitalisant \u00e0 l&rsquo;huile de noix de coco Nefertiti sur les cheveux et le cuir chevelu. Il est utile d&rsquo;envelopper les cheveux dans une serviette pendant l&rsquo;exposition. Rincez abondamment le revitalisant apr\u00e8s 5 \u00e0 10 minutes. Recommand\u00e9 d&rsquo;appliquer 2 fois par semaine.<\/span><\/p>\n<h3><b>R\u00e9sultat\u00a0<\/b><\/h3>\n<p><span style=\"font-weight: 400;\">Les cheveux sont \u00e9lastiques, vifs et brillants.<\/span><\/p>\n<h3><b>Ingr\u00e9dients actifs<\/b><\/h3>\n<p><span style=\"font-weight: 400;\">R\u00e9gulateur d&rsquo;acidit\u00e9 du PH, huile de coco, prot\u00e9ines, k\u00e9ratine, huiles essentielles.<\/span><\/p>\n","protected":false},"excerpt":{"rendered":"<p><span style=\"font-weight: 400;\">Convient aux cheveux tr\u00e8s secs, ab\u00eem\u00e9s et boucl\u00e9s, indisciplin\u00e9s.<\/span><\/p>\n","protected":false},"featured_media":276030,"comment_status":"open","ping_status":"closed","template":"","meta":[],"product_brand":[],"product_cat":[1028,275],"product_tag":[],"class_list":{"0":"post-110870","1":"product","2":"type-product","3":"status-publish","4":"has-post-thumbnail","6":"product_cat-conditioner","7":"product_cat-cosmetics","9":"first","10":"instock","11":"shipping-taxable","12":"purchasable","13":"product-type-simple"},"_links":{"self":[{"href":"https:\/\/nefertiti-eg.com\/fr\/wp-json\/wp\/v2\/product\/110870","targetHints":{"allow":["GET"]}}],"collection":[{"href":"https:\/\/nefertiti-eg.com\/fr\/wp-json\/wp\/v2\/product"}],"about":[{"href":"https:\/\/nefertiti-eg.com\/fr\/wp-json\/wp\/v2\/types\/product"}],"replies":[{"embeddable":true,"href":"https:\/\/nefertiti-eg.com\/fr\/wp-json\/wp\/v2\/comments?post=110870"}],"wp:featuredmedia":[{"embeddable":true,"href":"https:\/\/nefertiti-eg.com\/fr\/wp-json\/wp\/v2\/media\/276030"}],"wp:attachment":[{"href":"https:\/\/nefertiti-eg.com\/fr\/wp-json\/wp\/v2\/media?parent=110870"}],"wp:term":[{"taxonomy":"product_brand","embeddable":true,"href":"https:\/\/nefertiti-eg.com\/fr\/wp-json\/wp\/v2\/product_brand?post=110870"},{"taxonomy":"product_cat","embeddable":true,"href":"https:\/\/nefertiti-eg.com\/fr\/wp-json\/wp\/v2\/product_cat?post=110870"},{"taxonomy":"product_tag","embeddable":true,"href":"https:\/\/nefertiti-eg.com\/fr\/wp-json\/wp\/v2\/product_tag?post=110870"}],"curies":[{"name":"wp","href":"https:\/\/api.w.org\/{rel}","templated":true}]}}