{"id":110874,"date":"2020-12-26T12:57:58","date_gmt":"2020-12-26T10:57:58","guid":{"rendered":"https:\/\/nefertiti-eg.com\/shop\/non%20class\u00e9\/lemon-cream\/"},"modified":"2022-05-26T13:17:23","modified_gmt":"2022-05-26T11:17:23","slug":"lemon-cream","status":"publish","type":"product","link":"https:\/\/nefertiti-eg.com\/fr\/shop\/creams-fr\/lemon-cream\/","title":{"rendered":"Cr\u00e8me de citron"},"content":{"rendered":"<h3><b>Cr\u00e8me de citron<\/b><span style=\"font-weight: 400;\">\u00a0<\/span><\/h3>\n<p><span style=\"font-weight: 400;\">Le citron est une combinaison magique de vitamines et de min\u00e9raux essentiels, contenant des d\u00e9lices tels que le b\u00eata-carot\u00e8ne, les vitamines B, C, K, l&rsquo;acide folique, le potassium, le calcium, le sodium, le phosphore, le magn\u00e9sium, le zinc, le fer, le mangan\u00e8se, le cuivre et le s\u00e9l\u00e9nium , et du citronol, du camph\u00e8ne, du citral, des ald\u00e9hydes, du terpin\u00e9ol, du limon\u00e8ne et de l&rsquo;ac\u00e9tate de linalyle, essentiels pour une peau \u00e9clatante de sant\u00e9. Ensemble, ils offrent des avantages anti-inflammatoires, antimicrobiens, antibact\u00e9riens, antiseptiques, antirhumatismaux, antiviraux et antiscl\u00e9rotiques.<\/span><\/p>\n<p><span style=\"font-weight: 400;\">Parfait pour les peaux grasses, il r\u00e9gule la production de s\u00e9bum et agit comme un astringent naturel, fermant les pores et \u00e9liminant les pores obstru\u00e9s &#8211; un parfait anti-acn\u00e9. Convient \u00e9galement \u00e0 tous les types de peau, les propri\u00e9t\u00e9s magiques du citron \u00e9quilibreront le pH de la peau, am\u00e9lioreront l&rsquo;\u00e9lasticit\u00e9 de la peau, combattront les radicaux libres pour am\u00e9liorer l&rsquo;oxyg\u00e8ne dans la peau, diminueront la pigmentation et les cicatrices de la peau, apaiser et tonifier la peau, y compris l&rsquo;apparence de la cellulite , varices et varicosit\u00e9s, et agit comme un tonique anti-vieillissement.<\/span><\/p>\n<h3><b>Acne and Spot Buster<\/b><\/h3>\n<p><span style=\"font-weight: 400;\">Lemon est un astringent naturel aux propri\u00e9t\u00e9s antibact\u00e9riennes et antifongiques. r\u00e9duisant ainsi le risque d&rsquo;obstruction et d&rsquo;infection des pores, tout en tuant les bact\u00e9ries d\u00e9j\u00e0 pr\u00e9sentes dans la peau, en apprivoisant l&rsquo;inflammation et en \u00e9liminant les cellules mortes de la peau. Les propri\u00e9t\u00e9s antifongiques traitent \u00e9galement les \u00e9ruptions cutan\u00e9es dues au candida.<\/span><\/p>\n<h3><b>Gu\u00e9rison de la peau\u00a0<\/b><\/h3>\n<p><span style=\"font-weight: 400;\">La gu\u00e9rison de la peau est augment\u00e9e en renfor\u00e7ant radicalement la circulation sanguine juste sous la peau, encourageant la cicatrisation des plaies, particuli\u00e8rement b\u00e9n\u00e9fique pour les personnes souffrant de douleurs et d&rsquo;ulc\u00e8res du pied diab\u00e9tique.<\/span><\/p>\n<h3><b>\u00c9limine les imperfections, les cicatrices et la pigmentation<\/b><\/h3>\n<p><span style=\"font-weight: 400;\">La vitamine C et l&rsquo;acide citrique sont une excellente combinaison pour \u00e9claircir et \u00e9claircir la peau, estomper les taches de rousseur et estomper les taches pigmentaires caus\u00e9es par l&rsquo;\u00e2ge ou le soleil. Antioxydant, la vitamine C neutralise les radicaux libres et stimule la production de collag\u00e8ne, favorisant le rajeunissement de la peau, tandis que l&rsquo;acide citrique exfolie, unifie le teint.<\/span><\/p>\n<h3><b>Anti-\u00e2ge<\/b><\/h3>\n<p><span style=\"font-weight: 400;\">Les propri\u00e9t\u00e9s exfoliantes et stimulantes du collag\u00e8ne de la vitamine C et de l&rsquo;acide citrique sont \u00e9galement de puissants ingr\u00e9dients anti-\u00e2ge, r\u00e9parant et renouvelant la peau pour raffermir et lifter, raffermir la peau du visage, du cou, de la poitrine, des jambes et des bras.<\/span><\/p>\n<h3><b>Combat la cellulite, apaise les varicosit\u00e9s et les varices<\/b><span style=\"font-weight: 400;\">\u00a0<\/span><\/h3>\n<p><span style=\"font-weight: 400;\">Le citron stimule la circulation et acc\u00e9l\u00e8re le processus lipolytique, stimulant activement la d\u00e9gradation des d\u00e9p\u00f4ts de cellulite pour une peau d&rsquo;apparence plus ferme et plus lisse. La vitamine K aidera \u00e0 att\u00e9nuer l&rsquo;apparence des varicosit\u00e9s. Il peut \u00e9galement soulager l&rsquo;apparence des varices.<\/span><\/p>\n","protected":false},"excerpt":{"rendered":"<p><span style=\"font-weight: 400;\">Le citron est un astringent naturel qui stimule la circulation sanguine et r\u00e9gule la production de s\u00e9bum. Favorise la cicatrisation des plaies, tandis que l&rsquo;effet peeling unifie le teint de la peau. Favorise le rajeunissement de la peau en raffermissant, liftant et raffermissant la peau.<\/span><\/p>\n","protected":false},"featured_media":274837,"comment_status":"open","ping_status":"closed","template":"","meta":[],"product_brand":[],"product_cat":[1199,275],"product_tag":[],"class_list":{"0":"post-110874","1":"product","2":"type-product","3":"status-publish","4":"has-post-thumbnail","6":"product_cat-creams-fr","7":"product_cat-cosmetics","9":"first","10":"instock","11":"shipping-taxable","12":"purchasable","13":"product-type-simple"},"_links":{"self":[{"href":"https:\/\/nefertiti-eg.com\/fr\/wp-json\/wp\/v2\/product\/110874","targetHints":{"allow":["GET"]}}],"collection":[{"href":"https:\/\/nefertiti-eg.com\/fr\/wp-json\/wp\/v2\/product"}],"about":[{"href":"https:\/\/nefertiti-eg.com\/fr\/wp-json\/wp\/v2\/types\/product"}],"replies":[{"embeddable":true,"href":"https:\/\/nefertiti-eg.com\/fr\/wp-json\/wp\/v2\/comments?post=110874"}],"wp:featuredmedia":[{"embeddable":true,"href":"https:\/\/nefertiti-eg.com\/fr\/wp-json\/wp\/v2\/media\/274837"}],"wp:attachment":[{"href":"https:\/\/nefertiti-eg.com\/fr\/wp-json\/wp\/v2\/media?parent=110874"}],"wp:term":[{"taxonomy":"product_brand","embeddable":true,"href":"https:\/\/nefertiti-eg.com\/fr\/wp-json\/wp\/v2\/product_brand?post=110874"},{"taxonomy":"product_cat","embeddable":true,"href":"https:\/\/nefertiti-eg.com\/fr\/wp-json\/wp\/v2\/product_cat?post=110874"},{"taxonomy":"product_tag","embeddable":true,"href":"https:\/\/nefertiti-eg.com\/fr\/wp-json\/wp\/v2\/product_tag?post=110874"}],"curies":[{"name":"wp","href":"https:\/\/api.w.org\/{rel}","templated":true}]}}